{"id":11779,"date":"2023-11-24T19:46:26","date_gmt":"2023-11-24T19:46:26","guid":{"rendered":"https:\/\/aplv.21.edu.ar\/?post_type=product&#038;p=11779"},"modified":"2024-12-23T18:59:05","modified_gmt":"2024-12-23T18:59:05","slug":"curso-basico-de-seguridad-privada-nivel-ii","status":"publish","type":"product","link":"https:\/\/aplv.21.edu.ar\/en\/product\/curso-basico-de-seguridad-privada-nivel-ii\/","title":{"rendered":"CURSO B\u00c1SICO DE SEGURIDAD PRIVADA &#8211; NIVEL II"},"content":{"rendered":"<p>contenido<\/p>\n","protected":false},"excerpt":{"rendered":"<p>excerpt<\/p>\n","protected":false},"author":3,"featured_media":0,"comment_status":"open","ping_status":"closed","template":"","meta":{"_acf_changed":false,"footnotes":""},"categories":[22],"class_list":["post-11779","product","type-product","status-publish","hentry","category-negocios-y-management-en"],"acf":{"external_id":"2030","precio":"143.683 ","impartido_en":["es"],"hubspot_product_id":"2431969616","imagen_destacada":11780,"header_image":"https:\/\/static.capabiliaserver.com\/frontend\/clients\/cloud21\/wp_prod\/wp-content\/uploads\/2023\/11\/6b12d333-header-4-1.png","precio_en_cuotas":"","precio_de_lista":"221.050 ","mostrar_form":false,"promocion_vigente":"","duracion_del_curso":"1 mes","tipo_de_programa":"Curso","nivel_del_curso":"B\u00e1sico","modalidad":"Online","dedicacion":"6 a 8 horas semanales","titulo":"Curso b\u00e1sico de seguridad privada Nivel II","contenido":"<p>La seguridad es un fen\u00f3meno complejo y multifac\u00e9tico, que ocupa un lugar de gran importancia en las agendas de los gobiernos de todos los pa\u00edses del mundo. Como toda manifestaci\u00f3n social es cambiante y din\u00e1mica, de modo que evoluciona en consonancia con los cambios de la mentalidad colectiva, por lo que en las \u00faltimas d\u00e9cadas se ha visto una progresiva y constante delegaci\u00f3n de competencias que anteriormente pertenec\u00edan exclusivamente a los organismos de seguridad p\u00fablica hacia las empresas prestadoras de seguridad privada.<\/p>\n<p>En consecuencia, el sector de la seguridad privada fue experimentando un alto crecimiento por lo que el mercado se fue volviendo cada vez m\u00e1s competitivo y, para poder mantener cautivos a sus clientes, las empresas debieron redoblar sus esfuerzos para satisfacer sus expectativas, a trav\u00e9s de la prestaci\u00f3n de un buen servicio y de la confiabilidad de sus propios trabajadores. Ante la creciente demanda de los servicios de seguridad privada, los gobiernos de diversas jurisdicciones provinciales sancionaron leyes que regulan el sector y donde se establece expresamente la obligaci\u00f3n de los operadores de seguridad privada en capacitarse en su \u00e1rea de actuaci\u00f3n, como el caso de la Ley 10.571 de la Provincia de C\u00f3rdoba.<\/p>\n<p>Las organizaciones y los prestadores de seguridad privada tienen como objetivo garantizar la protecci\u00f3n de las personas, bienes, inmuebles, valores y el normal funcionamiento de empresas, por lo que el Curso B\u00e1sico de Seguridad Privada Nivel II constituye la continuidad de una propuesta acad\u00e9mica que se orienta a brindar lineamientos fundamentales para una formaci\u00f3n interdisciplinaria en materia de seguridad privada, mediante la integraci\u00f3n de los aspectos te\u00f3ricos y pr\u00e1cticos de este campo disciplinar, desde un modelo din\u00e1mico e innovador, donde se asociar\u00e1n los conceptos generales referidos a la seguridad y la legislaci\u00f3n aplicable con las t\u00e9cnicas de intervenci\u00f3n operativa, la actuaci\u00f3n eficaz en situaciones de riesgos y cat\u00e1strofes, el desarrollo de las habilidades blandas necesarias para la buena atenci\u00f3n de los usuario\/clientes, diversas t\u00e9cnicas de gesti\u00f3n emocional, la negociaci\u00f3n y la resoluci\u00f3n de conflictos. Un punto fundamental a resaltar acerca de los contenidos es su car\u00e1cter de movilidad, es decir que no constituyen un saber r\u00edgido, sino por el contrario invitan a la capacitaci\u00f3n permanente y a la constante revisi\u00f3n, en pos de los vertiginosos avances en la tecnolog\u00eda y en el conocimiento que se suceden a diario. Vale destacar que esta propuesta de formaci\u00f3n profesional podr\u00e1 articularse con otros espacios formativos de especializaci\u00f3n y actualizaci\u00f3n en materia de seguridad.<\/p>\n","avalado_por":false,"pdf_brochure":false,"cursos_que_lo_componen":[{"nombre_del_curso":"Seguridad privada Nivel II","descripcion_del_curso":"<p>M\u00f3dulo 1: Seguridad y vigilancia II<br \/>\nM\u00f3dulo 2: Primer interventor II<br \/>\nM\u00f3dulo 3: Uso racional de la fuerza\/defensa personal<br \/>\nM\u00f3dulo 4: Legislaci\u00f3n aplicada a la seguridad privada II<\/p>\n"}],"preguntas_frecuentes":false,"docentes_expertos":false},"yoast_head":"<!-- This site is optimized with the Yoast SEO plugin v23.0 - https:\/\/yoast.com\/wordpress\/plugins\/seo\/ -->\n<title>CURSO B\u00c1SICO DE SEGURIDAD PRIVADA - NIVEL II - Siglo 21<\/title>\n<meta name=\"robots\" content=\"index, follow, max-snippet:-1, max-image-preview:large, max-video-preview:-1\" \/>\n<link rel=\"canonical\" href=\"https:\/\/aplv.21.edu.ar\/en\/product\/curso-basico-de-seguridad-privada-nivel-ii\/\" \/>\n<meta property=\"og:locale\" content=\"en_US\" \/>\n<meta property=\"og:type\" content=\"article\" \/>\n<meta property=\"og:title\" content=\"CURSO B\u00c1SICO DE SEGURIDAD PRIVADA - NIVEL II - Siglo 21\" \/>\n<meta property=\"og:description\" content=\"excerpt\" \/>\n<meta property=\"og:url\" content=\"https:\/\/aplv.21.edu.ar\/en\/product\/curso-basico-de-seguridad-privada-nivel-ii\/\" \/>\n<meta property=\"og:site_name\" content=\"Siglo 21\" \/>\n<meta property=\"article:modified_time\" content=\"2024-12-23T18:59:05+00:00\" \/>\n<meta name=\"twitter:card\" content=\"summary_large_image\" \/>\n<meta name=\"twitter:label1\" content=\"Est. reading time\" \/>\n\t<meta name=\"twitter:data1\" content=\"1 minute\" \/>\n<script type=\"application\/ld+json\" class=\"yoast-schema-graph\">{\"@context\":\"https:\/\/schema.org\",\"@graph\":[{\"@type\":\"WebPage\",\"@id\":\"https:\/\/aplv.21.edu.ar\/en\/product\/curso-basico-de-seguridad-privada-nivel-ii\/\",\"url\":\"https:\/\/aplv.21.edu.ar\/en\/product\/curso-basico-de-seguridad-privada-nivel-ii\/\",\"name\":\"CURSO B\u00c1SICO DE SEGURIDAD PRIVADA - NIVEL II - Siglo 21\",\"isPartOf\":{\"@id\":\"https:\/\/aplv.21.edu.ar\/#website\"},\"datePublished\":\"2023-11-24T19:46:26+00:00\",\"dateModified\":\"2024-12-23T18:59:05+00:00\",\"breadcrumb\":{\"@id\":\"https:\/\/aplv.21.edu.ar\/en\/product\/curso-basico-de-seguridad-privada-nivel-ii\/#breadcrumb\"},\"inLanguage\":\"en-US\",\"potentialAction\":[{\"@type\":\"ReadAction\",\"target\":[\"https:\/\/aplv.21.edu.ar\/en\/product\/curso-basico-de-seguridad-privada-nivel-ii\/\"]}]},{\"@type\":\"BreadcrumbList\",\"@id\":\"https:\/\/aplv.21.edu.ar\/en\/product\/curso-basico-de-seguridad-privada-nivel-ii\/#breadcrumb\",\"itemListElement\":[{\"@type\":\"ListItem\",\"position\":1,\"name\":\"Home\",\"item\":\"https:\/\/aplv.21.edu.ar\/\"},{\"@type\":\"ListItem\",\"position\":2,\"name\":\"Productos\",\"item\":\"https:\/\/aplv.21.edu.ar\/product\/\"},{\"@type\":\"ListItem\",\"position\":3,\"name\":\"CURSO B\u00c1SICO DE SEGURIDAD PRIVADA &#8211; NIVEL II\"}]},{\"@type\":\"WebSite\",\"@id\":\"https:\/\/aplv.21.edu.ar\/#website\",\"url\":\"https:\/\/aplv.21.edu.ar\/\",\"name\":\"Siglo 21\",\"description\":\"Siglo 21\",\"potentialAction\":[{\"@type\":\"SearchAction\",\"target\":{\"@type\":\"EntryPoint\",\"urlTemplate\":\"https:\/\/aplv.21.edu.ar\/?s={search_term_string}\"},\"query-input\":\"required name=search_term_string\"}],\"inLanguage\":\"en-US\"}]}<\/script>\n<!-- \/ Yoast SEO plugin. -->","yoast_head_json":{"title":"CURSO B\u00c1SICO DE SEGURIDAD PRIVADA - NIVEL II - Siglo 21","robots":{"index":"index","follow":"follow","max-snippet":"max-snippet:-1","max-image-preview":"max-image-preview:large","max-video-preview":"max-video-preview:-1"},"canonical":"https:\/\/aplv.21.edu.ar\/en\/product\/curso-basico-de-seguridad-privada-nivel-ii\/","og_locale":"en_US","og_type":"article","og_title":"CURSO B\u00c1SICO DE SEGURIDAD PRIVADA - NIVEL II - Siglo 21","og_description":"excerpt","og_url":"https:\/\/aplv.21.edu.ar\/en\/product\/curso-basico-de-seguridad-privada-nivel-ii\/","og_site_name":"Siglo 21","article_modified_time":"2024-12-23T18:59:05+00:00","twitter_card":"summary_large_image","twitter_misc":{"Est. reading time":"1 minute"},"schema":{"@context":"https:\/\/schema.org","@graph":[{"@type":"WebPage","@id":"https:\/\/aplv.21.edu.ar\/en\/product\/curso-basico-de-seguridad-privada-nivel-ii\/","url":"https:\/\/aplv.21.edu.ar\/en\/product\/curso-basico-de-seguridad-privada-nivel-ii\/","name":"CURSO B\u00c1SICO DE SEGURIDAD PRIVADA - NIVEL II - Siglo 21","isPartOf":{"@id":"https:\/\/aplv.21.edu.ar\/#website"},"datePublished":"2023-11-24T19:46:26+00:00","dateModified":"2024-12-23T18:59:05+00:00","breadcrumb":{"@id":"https:\/\/aplv.21.edu.ar\/en\/product\/curso-basico-de-seguridad-privada-nivel-ii\/#breadcrumb"},"inLanguage":"en-US","potentialAction":[{"@type":"ReadAction","target":["https:\/\/aplv.21.edu.ar\/en\/product\/curso-basico-de-seguridad-privada-nivel-ii\/"]}]},{"@type":"BreadcrumbList","@id":"https:\/\/aplv.21.edu.ar\/en\/product\/curso-basico-de-seguridad-privada-nivel-ii\/#breadcrumb","itemListElement":[{"@type":"ListItem","position":1,"name":"Home","item":"https:\/\/aplv.21.edu.ar\/"},{"@type":"ListItem","position":2,"name":"Productos","item":"https:\/\/aplv.21.edu.ar\/product\/"},{"@type":"ListItem","position":3,"name":"CURSO B\u00c1SICO DE SEGURIDAD PRIVADA &#8211; NIVEL II"}]},{"@type":"WebSite","@id":"https:\/\/aplv.21.edu.ar\/#website","url":"https:\/\/aplv.21.edu.ar\/","name":"Siglo 21","description":"Siglo 21","potentialAction":[{"@type":"SearchAction","target":{"@type":"EntryPoint","urlTemplate":"https:\/\/aplv.21.edu.ar\/?s={search_term_string}"},"query-input":"required name=search_term_string"}],"inLanguage":"en-US"}]}},"idiomas":{"en":11779,"es":11778},"_links":{"self":[{"href":"https:\/\/aplv.21.edu.ar\/en\/wp-json\/wp\/v2\/products\/11779"}],"collection":[{"href":"https:\/\/aplv.21.edu.ar\/en\/wp-json\/wp\/v2\/products"}],"about":[{"href":"https:\/\/aplv.21.edu.ar\/en\/wp-json\/wp\/v2\/types\/product"}],"author":[{"embeddable":true,"href":"https:\/\/aplv.21.edu.ar\/en\/wp-json\/wp\/v2\/users\/3"}],"replies":[{"embeddable":true,"href":"https:\/\/aplv.21.edu.ar\/en\/wp-json\/wp\/v2\/comments?post=11779"}],"version-history":[{"count":3,"href":"https:\/\/aplv.21.edu.ar\/en\/wp-json\/wp\/v2\/products\/11779\/revisions"}],"predecessor-version":[{"id":12338,"href":"https:\/\/aplv.21.edu.ar\/en\/wp-json\/wp\/v2\/products\/11779\/revisions\/12338"}],"wp:attachment":[{"href":"https:\/\/aplv.21.edu.ar\/en\/wp-json\/wp\/v2\/media?parent=11779"}],"wp:term":[{"taxonomy":"category","embeddable":true,"href":"https:\/\/aplv.21.edu.ar\/en\/wp-json\/wp\/v2\/categories?post=11779"}],"curies":[{"name":"wp","href":"https:\/\/api.w.org\/{rel}","templated":true}]}}