{"id":12673,"date":"2024-02-07T16:48:25","date_gmt":"2024-02-07T16:48:25","guid":{"rendered":"https:\/\/aplv.21.edu.ar\/?post_type=product&#038;p=12673"},"modified":"2025-02-03T18:46:46","modified_gmt":"2025-02-03T18:46:46","slug":"certificado-en-inteligencia-digital-e-informativa-para-la-toma-de-decisiones","status":"publish","type":"product","link":"https:\/\/aplv.21.edu.ar\/en\/product\/certificado-en-inteligencia-digital-e-informativa-para-la-toma-de-decisiones\/","title":{"rendered":"CERTIFICADO EN INTELIGENCIA DIGITAL E INFORMATIVA PARA LA TOMA DE DECISIONES"},"content":{"rendered":"<p>contenido<\/p>\n","protected":false},"excerpt":{"rendered":"<p>excerpt<\/p>\n","protected":false},"author":3,"featured_media":0,"comment_status":"open","ping_status":"closed","template":"","meta":{"_acf_changed":false,"footnotes":""},"categories":[11],"class_list":["post-12673","product","type-product","status-publish","hentry","category-desarrollo-profesional-en"],"acf":{"external_id":"2170","precio":"536.757 ","impartido_en":["es"],"hubspot_product_id":"2544219312","imagen_destacada":12884,"header_image":"https:\/\/static.capabiliaserver.com\/frontend\/clients\/aplv\/wp_prod\/wp-content\/uploads\/8fcd9cc5-header-certificado-en-inteligencia-digital-e-informativa-para-la-toma-de-decisiones.jpg","precio_en_cuotas":"","precio_de_lista":" 825.780 ","mostrar_form":false,"promocion_vigente":"","duracion_del_curso":"4 meses","tipo_de_programa":"Certificado","nivel_del_curso":"B\u00e1sico","modalidad":"Online","dedicacion":"","titulo":"Certificado en Inteligencia Digital e Informativa para la Toma de Decisiones","contenido":"<p>Las grandes transformaciones culturales ocurren porque se derriban barreras que modifican los contextos y los escenarios. Cuando esto sucede, lo que se requiere son nuevas reglas de juego acordes a las nuevas realidades y desaf\u00edos. Con el avance de las tecnolog\u00edas emergentes &#8211; Inteligencia Artificial, IA Generativa blockchain, robotizaci\u00f3n, \u2018XR\u2019, o realidad extendida, entre otras &#8211; las barreras derribadas son tan multiples, que resulta dif\u00edcil entender el alcance del cambio. No solo se han modificado las condiciones externas, f\u00e1ciles de detectar, sino tambi\u00e9n se ha visto y se ve afectado nuestro comportamiento sin que seamos del todo conscientes de ello, ya que estas tecnolog\u00edas tienen, por primera vez en la historia, la capacidad de conocer al individuo m\u00e1s que lo que \u00e9l mismo se conoce a s\u00ed mismo.<\/p>\n<p>&nbsp;<\/p>\n<p>Ante esta nueva realidad, surge la necesidad de un nuevo ciudadano consciente, dotado de nuevas capacidades y habilidades que le permitan entender las profundas transformaciones que ha atravesado el ecosistema de la informaci\u00f3n y c\u00f3mo estas inciden en las bases mismas de nuestras democracias.<\/p>\n<p>&nbsp;<\/p>\n<p>Hoy vivimos inmersos en un mundo de datos e informaci\u00f3n. Nada parece ser m\u00e1s relevante ni cobra mayor valor que aquella informaci\u00f3n que voluntariamente entregamos en cada movimiento que realizamos, a pesar de la sensaci\u00f3n de libertad y autonom\u00eda que sentimos mientras lo hacemos. Cada d\u00eda escuchamos palabras y conceptos nuevos: infodemia, infocracia, inf\u00f3matas, data\u00edstas, burbujas informativas, desinformaci\u00f3n, radicalizaci\u00f3n del pensamiento, h\u00edper-segmentaci\u00f3n, stress informativo y detox digital, entre otros. \u00bfEstamos preparados? \u00bfHemos desarrollado las habilidades que requiere este nuevo escenario? En definitiva, \u00bfcontamos con la inteligencia digital y la inteligencia informativa que nos permitir\u00eda tener un mayor control sobre nuestras decisiones y acciones?<\/p>\n<p>&nbsp;<\/p>\n<p>Este curso se propone realizar un aporte en cada uno de estos puntos, con el objetivo principal de que los estudiantes conozcan las principales herramientas que les permitir\u00e1n convertirse en ciudadanos, profesionales y l\u00edderes conscientemente informados y tener una mayor autonom\u00eda sobre sus elecciones y decisiones.<\/p>\n","avalado_por":false,"pdf_brochure":false,"cursos_que_lo_componen":[{"nombre_del_curso":"Nuevas Tecnolog\u00edas, Informaci\u00f3n y Pensamiento","descripcion_del_curso":"<p>M\u00f3dulo 1: Transformaci\u00f3n digital en un mundo de urgencias: un marco y un horizonte.<br \/>\nM\u00f3dulo 2: Ecosistema de la informaci\u00f3n: \u00bfD\u00f3nde estamos hoy?<br \/>\nM\u00f3dulo 3: Tecnolog\u00edas emergentes como aliadas o enemigas.<br \/>\nM\u00f3dulo 4: Problem\u00e1ticas asociadas a la automatizaci\u00f3n de los contenidos.<\/p>\n"},{"nombre_del_curso":"Viejos Desaf\u00edos y Nuevas Problem\u00e1ticas: Sesgos Cognitivos, Desinformaci\u00f3n, la IA y el Metaverso","descripcion_del_curso":"<p>M\u00f3dulo 1: Sesgos cognitivos y algoritmos<br \/>\nM\u00f3dulo 2: Desinformaci\u00f3n, noticias falsas y ultra falsas<br \/>\nM\u00f3dulo 3: Nuevas fronteras tecnol\u00f3gicas<br \/>\nM\u00f3dulo 4: La inteligencia artificial y sus implicancias. La promesa del metaverso.<\/p>\n"},{"nombre_del_curso":"Impacto de la Digitalizaci\u00f3n y las Tecnolog\u00edas Emergentes en la Sociedad","descripcion_del_curso":"<p>M\u00f3dulo 1: Polarizaci\u00f3n y radicalizaci\u00f3n del pensamiento<br \/>\nM\u00f3dulo 2: Infodemia: origen, funcionamiento y caminos posibles<br \/>\nM\u00f3dulo 3: Impacto, consecuencias y desaf\u00edos para la democracia<br \/>\nM\u00f3dulo 4: Intolerancia: C\u00f3mo pensar con otros?<\/p>\n"},{"nombre_del_curso":"Pensamiento Cr\u00edtico, Alfabetizaci\u00f3n Informativa y Estrategias para la Era Digital","descripcion_del_curso":"<p>M\u00f3dulo 1: La informaci\u00f3n como consumo<br \/>\nM\u00f3dulo 2: Inteligencia y ciudadan\u00eda digital<br \/>\nM\u00f3dulo 3: Alfabetizaci\u00f3n informativa<br \/>\nM\u00f3dulo 4: Modelos regulatorios y principales tendencias<\/p>\n"}],"preguntas_frecuentes":false,"docentes_expertos":false},"yoast_head":"<!-- This site is optimized with the Yoast SEO plugin v23.0 - https:\/\/yoast.com\/wordpress\/plugins\/seo\/ -->\n<title>CERTIFICADO EN INTELIGENCIA DIGITAL E INFORMATIVA PARA LA TOMA DE DECISIONES - Siglo 21<\/title>\n<meta name=\"robots\" content=\"index, follow, max-snippet:-1, max-image-preview:large, max-video-preview:-1\" \/>\n<link rel=\"canonical\" href=\"https:\/\/aplv.21.edu.ar\/en\/product\/certificado-en-inteligencia-digital-e-informativa-para-la-toma-de-decisiones\/\" \/>\n<meta property=\"og:locale\" content=\"en_US\" \/>\n<meta property=\"og:type\" content=\"article\" \/>\n<meta property=\"og:title\" content=\"CERTIFICADO EN INTELIGENCIA DIGITAL E INFORMATIVA PARA LA TOMA DE DECISIONES - Siglo 21\" \/>\n<meta property=\"og:description\" content=\"excerpt\" \/>\n<meta property=\"og:url\" content=\"https:\/\/aplv.21.edu.ar\/en\/product\/certificado-en-inteligencia-digital-e-informativa-para-la-toma-de-decisiones\/\" \/>\n<meta property=\"og:site_name\" content=\"Siglo 21\" \/>\n<meta property=\"article:modified_time\" content=\"2025-02-03T18:46:46+00:00\" \/>\n<meta name=\"twitter:card\" content=\"summary_large_image\" \/>\n<meta name=\"twitter:label1\" content=\"Est. reading time\" \/>\n\t<meta name=\"twitter:data1\" content=\"1 minute\" \/>\n<script type=\"application\/ld+json\" class=\"yoast-schema-graph\">{\"@context\":\"https:\/\/schema.org\",\"@graph\":[{\"@type\":\"WebPage\",\"@id\":\"https:\/\/aplv.21.edu.ar\/en\/product\/certificado-en-inteligencia-digital-e-informativa-para-la-toma-de-decisiones\/\",\"url\":\"https:\/\/aplv.21.edu.ar\/en\/product\/certificado-en-inteligencia-digital-e-informativa-para-la-toma-de-decisiones\/\",\"name\":\"CERTIFICADO EN INTELIGENCIA DIGITAL E INFORMATIVA PARA LA TOMA DE DECISIONES - Siglo 21\",\"isPartOf\":{\"@id\":\"https:\/\/aplv.21.edu.ar\/#website\"},\"datePublished\":\"2024-02-07T16:48:25+00:00\",\"dateModified\":\"2025-02-03T18:46:46+00:00\",\"breadcrumb\":{\"@id\":\"https:\/\/aplv.21.edu.ar\/en\/product\/certificado-en-inteligencia-digital-e-informativa-para-la-toma-de-decisiones\/#breadcrumb\"},\"inLanguage\":\"en-US\",\"potentialAction\":[{\"@type\":\"ReadAction\",\"target\":[\"https:\/\/aplv.21.edu.ar\/en\/product\/certificado-en-inteligencia-digital-e-informativa-para-la-toma-de-decisiones\/\"]}]},{\"@type\":\"BreadcrumbList\",\"@id\":\"https:\/\/aplv.21.edu.ar\/en\/product\/certificado-en-inteligencia-digital-e-informativa-para-la-toma-de-decisiones\/#breadcrumb\",\"itemListElement\":[{\"@type\":\"ListItem\",\"position\":1,\"name\":\"Home\",\"item\":\"https:\/\/aplv.21.edu.ar\/\"},{\"@type\":\"ListItem\",\"position\":2,\"name\":\"Productos\",\"item\":\"https:\/\/aplv.21.edu.ar\/product\/\"},{\"@type\":\"ListItem\",\"position\":3,\"name\":\"CERTIFICADO EN INTELIGENCIA DIGITAL E INFORMATIVA PARA LA TOMA DE DECISIONES\"}]},{\"@type\":\"WebSite\",\"@id\":\"https:\/\/aplv.21.edu.ar\/#website\",\"url\":\"https:\/\/aplv.21.edu.ar\/\",\"name\":\"Siglo 21\",\"description\":\"Siglo 21\",\"potentialAction\":[{\"@type\":\"SearchAction\",\"target\":{\"@type\":\"EntryPoint\",\"urlTemplate\":\"https:\/\/aplv.21.edu.ar\/?s={search_term_string}\"},\"query-input\":\"required name=search_term_string\"}],\"inLanguage\":\"en-US\"}]}<\/script>\n<!-- \/ Yoast SEO plugin. -->","yoast_head_json":{"title":"CERTIFICADO EN INTELIGENCIA DIGITAL E INFORMATIVA PARA LA TOMA DE DECISIONES - Siglo 21","robots":{"index":"index","follow":"follow","max-snippet":"max-snippet:-1","max-image-preview":"max-image-preview:large","max-video-preview":"max-video-preview:-1"},"canonical":"https:\/\/aplv.21.edu.ar\/en\/product\/certificado-en-inteligencia-digital-e-informativa-para-la-toma-de-decisiones\/","og_locale":"en_US","og_type":"article","og_title":"CERTIFICADO EN INTELIGENCIA DIGITAL E INFORMATIVA PARA LA TOMA DE DECISIONES - Siglo 21","og_description":"excerpt","og_url":"https:\/\/aplv.21.edu.ar\/en\/product\/certificado-en-inteligencia-digital-e-informativa-para-la-toma-de-decisiones\/","og_site_name":"Siglo 21","article_modified_time":"2025-02-03T18:46:46+00:00","twitter_card":"summary_large_image","twitter_misc":{"Est. reading time":"1 minute"},"schema":{"@context":"https:\/\/schema.org","@graph":[{"@type":"WebPage","@id":"https:\/\/aplv.21.edu.ar\/en\/product\/certificado-en-inteligencia-digital-e-informativa-para-la-toma-de-decisiones\/","url":"https:\/\/aplv.21.edu.ar\/en\/product\/certificado-en-inteligencia-digital-e-informativa-para-la-toma-de-decisiones\/","name":"CERTIFICADO EN INTELIGENCIA DIGITAL E INFORMATIVA PARA LA TOMA DE DECISIONES - Siglo 21","isPartOf":{"@id":"https:\/\/aplv.21.edu.ar\/#website"},"datePublished":"2024-02-07T16:48:25+00:00","dateModified":"2025-02-03T18:46:46+00:00","breadcrumb":{"@id":"https:\/\/aplv.21.edu.ar\/en\/product\/certificado-en-inteligencia-digital-e-informativa-para-la-toma-de-decisiones\/#breadcrumb"},"inLanguage":"en-US","potentialAction":[{"@type":"ReadAction","target":["https:\/\/aplv.21.edu.ar\/en\/product\/certificado-en-inteligencia-digital-e-informativa-para-la-toma-de-decisiones\/"]}]},{"@type":"BreadcrumbList","@id":"https:\/\/aplv.21.edu.ar\/en\/product\/certificado-en-inteligencia-digital-e-informativa-para-la-toma-de-decisiones\/#breadcrumb","itemListElement":[{"@type":"ListItem","position":1,"name":"Home","item":"https:\/\/aplv.21.edu.ar\/"},{"@type":"ListItem","position":2,"name":"Productos","item":"https:\/\/aplv.21.edu.ar\/product\/"},{"@type":"ListItem","position":3,"name":"CERTIFICADO EN INTELIGENCIA DIGITAL E INFORMATIVA PARA LA TOMA DE DECISIONES"}]},{"@type":"WebSite","@id":"https:\/\/aplv.21.edu.ar\/#website","url":"https:\/\/aplv.21.edu.ar\/","name":"Siglo 21","description":"Siglo 21","potentialAction":[{"@type":"SearchAction","target":{"@type":"EntryPoint","urlTemplate":"https:\/\/aplv.21.edu.ar\/?s={search_term_string}"},"query-input":"required name=search_term_string"}],"inLanguage":"en-US"}]}},"idiomas":{"en":12673,"es":12672},"_links":{"self":[{"href":"https:\/\/aplv.21.edu.ar\/en\/wp-json\/wp\/v2\/products\/12673"}],"collection":[{"href":"https:\/\/aplv.21.edu.ar\/en\/wp-json\/wp\/v2\/products"}],"about":[{"href":"https:\/\/aplv.21.edu.ar\/en\/wp-json\/wp\/v2\/types\/product"}],"author":[{"embeddable":true,"href":"https:\/\/aplv.21.edu.ar\/en\/wp-json\/wp\/v2\/users\/3"}],"replies":[{"embeddable":true,"href":"https:\/\/aplv.21.edu.ar\/en\/wp-json\/wp\/v2\/comments?post=12673"}],"version-history":[{"count":4,"href":"https:\/\/aplv.21.edu.ar\/en\/wp-json\/wp\/v2\/products\/12673\/revisions"}],"predecessor-version":[{"id":12904,"href":"https:\/\/aplv.21.edu.ar\/en\/wp-json\/wp\/v2\/products\/12673\/revisions\/12904"}],"wp:attachment":[{"href":"https:\/\/aplv.21.edu.ar\/en\/wp-json\/wp\/v2\/media?parent=12673"}],"wp:term":[{"taxonomy":"category","embeddable":true,"href":"https:\/\/aplv.21.edu.ar\/en\/wp-json\/wp\/v2\/categories?post=12673"}],"curies":[{"name":"wp","href":"https:\/\/api.w.org\/{rel}","templated":true}]}}