{"id":12677,"date":"2024-02-07T16:53:23","date_gmt":"2024-02-07T16:53:23","guid":{"rendered":"https:\/\/aplv.21.edu.ar\/?post_type=product&#038;p=12677"},"modified":"2025-03-10T17:22:44","modified_gmt":"2025-03-10T17:22:44","slug":"curso-prompt-engineering","status":"publish","type":"product","link":"https:\/\/aplv.21.edu.ar\/en\/product\/curso-prompt-engineering\/","title":{"rendered":"CURSO PROMPT ENGINEERING"},"content":{"rendered":"<p>contenido<\/p>\n","protected":false},"excerpt":{"rendered":"<p>excerpt<\/p>\n","protected":false},"author":3,"featured_media":0,"comment_status":"open","ping_status":"closed","template":"","meta":{"_acf_changed":false,"footnotes":""},"categories":[11],"class_list":["post-12677","product","type-product","status-publish","hentry","category-desarrollo-profesional-en"],"acf":{"external_id":"2172","precio":"149.970 ","impartido_en":["es"],"hubspot_product_id":"2544292945","imagen_destacada":12905,"header_image":"https:\/\/static.capabiliaserver.com\/frontend\/clients\/aplv\/wp_prod\/wp-content\/uploads\/9ec8e0a8-header-curso-prompt-engeneering.jpg","precio_en_cuotas":"","precio_de_lista":"249.950 ","mostrar_form":false,"promocion_vigente":"","duracion_del_curso":"2 meses","tipo_de_programa":"Curso","nivel_del_curso":"B\u00e1sico","modalidad":"Online","dedicacion":"","titulo":"Curso Prompt Engeneering","contenido":"<p>Herramientas como ChatGPT no aprendieron solas ni trabajan por s\u00ed mismas. Detr\u00e1s de su funcionamiento y de los textos e im\u00e1genes que producen, existe todo un trabajo de desarrollo y prueba de los sistemas, as\u00ed como personas que hacen solicitudes para que el sistema responda y arroje un resultado. Esa es la labor de los prompt engineers.<\/p>\n<p>Estos profesionales forman parte del \u00e1rea de la ciencia de datos, una disciplina que se espera crezca en un 36% antes del 2031. En espa\u00f1ol, el t\u00e9rmino prompt significa aviso, sugerencia o r\u00e9plica. Esto significa que el prompt engineering es la ingenier\u00eda de las r\u00e9plicas o respuestas que da un sistema inteligente. Por tanto, su principal objetivo es encontrar la receta correcta para obtener un buen resultado de estas tecnolog\u00edas con un desarrollo que avanza a ritmos vertiginosos.<\/p>\n<p>Conocer sobre prompts (instrucciones o est\u00edmulos) es beneficioso para los estudiantes y cualquier persona interesada en la comunicaci\u00f3n efectiva con sistemas de inteligencia artificial (IA).<\/p>\n","avalado_por":false,"pdf_brochure":false,"cursos_que_lo_componen":[{"nombre_del_curso":"Fundamentos de Prompt Engineering","descripcion_del_curso":"<p>M\u00f3dulo 1: Prompts<br \/>\nM\u00f3dulo 2: Dise\u00f1o efectivo de Prompts<br \/>\nM\u00f3dulo 3: Optimizaci\u00f3n y Ajuste de Prompts<br \/>\nM\u00f3dulo 4: Customizaci\u00f3n de Modelos con Prompts <\/p>\n"},{"nombre_del_curso":"Aplicaciones Avanzadas con Prompt Engineering","descripcion_del_curso":"<p>M\u00f3dulo 1: Generaci\u00f3n de Texto Controlada con Prompts<br \/>\nM\u00f3dulo 2: Conversaciones con Modelos<br \/>\nM\u00f3dulo 3: Extracci\u00f3n de Informaci\u00f3n<br \/>\nM\u00f3dulo 4: Evoluci\u00f3n de Prompt Engineering <\/p>\n"}],"preguntas_frecuentes":false,"docentes_expertos":false},"yoast_head":"<!-- This site is optimized with the Yoast SEO plugin v23.0 - https:\/\/yoast.com\/wordpress\/plugins\/seo\/ -->\n<title>CURSO PROMPT ENGINEERING - Siglo 21<\/title>\n<meta name=\"robots\" content=\"index, follow, max-snippet:-1, max-image-preview:large, max-video-preview:-1\" \/>\n<link rel=\"canonical\" href=\"https:\/\/aplv.21.edu.ar\/en\/product\/curso-prompt-engineering\/\" \/>\n<meta property=\"og:locale\" content=\"en_US\" \/>\n<meta property=\"og:type\" content=\"article\" \/>\n<meta property=\"og:title\" content=\"CURSO PROMPT ENGINEERING - Siglo 21\" \/>\n<meta property=\"og:description\" content=\"excerpt\" \/>\n<meta property=\"og:url\" content=\"https:\/\/aplv.21.edu.ar\/en\/product\/curso-prompt-engineering\/\" \/>\n<meta property=\"og:site_name\" content=\"Siglo 21\" \/>\n<meta property=\"article:modified_time\" content=\"2025-03-10T17:22:44+00:00\" \/>\n<meta name=\"twitter:card\" content=\"summary_large_image\" \/>\n<meta name=\"twitter:label1\" content=\"Est. reading time\" \/>\n\t<meta name=\"twitter:data1\" content=\"1 minute\" \/>\n<script type=\"application\/ld+json\" class=\"yoast-schema-graph\">{\"@context\":\"https:\/\/schema.org\",\"@graph\":[{\"@type\":\"WebPage\",\"@id\":\"https:\/\/aplv.21.edu.ar\/en\/product\/curso-prompt-engineering\/\",\"url\":\"https:\/\/aplv.21.edu.ar\/en\/product\/curso-prompt-engineering\/\",\"name\":\"CURSO PROMPT ENGINEERING - Siglo 21\",\"isPartOf\":{\"@id\":\"https:\/\/aplv.21.edu.ar\/#website\"},\"datePublished\":\"2024-02-07T16:53:23+00:00\",\"dateModified\":\"2025-03-10T17:22:44+00:00\",\"breadcrumb\":{\"@id\":\"https:\/\/aplv.21.edu.ar\/en\/product\/curso-prompt-engineering\/#breadcrumb\"},\"inLanguage\":\"en-US\",\"potentialAction\":[{\"@type\":\"ReadAction\",\"target\":[\"https:\/\/aplv.21.edu.ar\/en\/product\/curso-prompt-engineering\/\"]}]},{\"@type\":\"BreadcrumbList\",\"@id\":\"https:\/\/aplv.21.edu.ar\/en\/product\/curso-prompt-engineering\/#breadcrumb\",\"itemListElement\":[{\"@type\":\"ListItem\",\"position\":1,\"name\":\"Home\",\"item\":\"https:\/\/aplv.21.edu.ar\/\"},{\"@type\":\"ListItem\",\"position\":2,\"name\":\"Productos\",\"item\":\"https:\/\/aplv.21.edu.ar\/product\/\"},{\"@type\":\"ListItem\",\"position\":3,\"name\":\"CURSO PROMPT ENGINEERING\"}]},{\"@type\":\"WebSite\",\"@id\":\"https:\/\/aplv.21.edu.ar\/#website\",\"url\":\"https:\/\/aplv.21.edu.ar\/\",\"name\":\"Siglo 21\",\"description\":\"Siglo 21\",\"potentialAction\":[{\"@type\":\"SearchAction\",\"target\":{\"@type\":\"EntryPoint\",\"urlTemplate\":\"https:\/\/aplv.21.edu.ar\/?s={search_term_string}\"},\"query-input\":\"required name=search_term_string\"}],\"inLanguage\":\"en-US\"}]}<\/script>\n<!-- \/ Yoast SEO plugin. -->","yoast_head_json":{"title":"CURSO PROMPT ENGINEERING - Siglo 21","robots":{"index":"index","follow":"follow","max-snippet":"max-snippet:-1","max-image-preview":"max-image-preview:large","max-video-preview":"max-video-preview:-1"},"canonical":"https:\/\/aplv.21.edu.ar\/en\/product\/curso-prompt-engineering\/","og_locale":"en_US","og_type":"article","og_title":"CURSO PROMPT ENGINEERING - Siglo 21","og_description":"excerpt","og_url":"https:\/\/aplv.21.edu.ar\/en\/product\/curso-prompt-engineering\/","og_site_name":"Siglo 21","article_modified_time":"2025-03-10T17:22:44+00:00","twitter_card":"summary_large_image","twitter_misc":{"Est. reading time":"1 minute"},"schema":{"@context":"https:\/\/schema.org","@graph":[{"@type":"WebPage","@id":"https:\/\/aplv.21.edu.ar\/en\/product\/curso-prompt-engineering\/","url":"https:\/\/aplv.21.edu.ar\/en\/product\/curso-prompt-engineering\/","name":"CURSO PROMPT ENGINEERING - Siglo 21","isPartOf":{"@id":"https:\/\/aplv.21.edu.ar\/#website"},"datePublished":"2024-02-07T16:53:23+00:00","dateModified":"2025-03-10T17:22:44+00:00","breadcrumb":{"@id":"https:\/\/aplv.21.edu.ar\/en\/product\/curso-prompt-engineering\/#breadcrumb"},"inLanguage":"en-US","potentialAction":[{"@type":"ReadAction","target":["https:\/\/aplv.21.edu.ar\/en\/product\/curso-prompt-engineering\/"]}]},{"@type":"BreadcrumbList","@id":"https:\/\/aplv.21.edu.ar\/en\/product\/curso-prompt-engineering\/#breadcrumb","itemListElement":[{"@type":"ListItem","position":1,"name":"Home","item":"https:\/\/aplv.21.edu.ar\/"},{"@type":"ListItem","position":2,"name":"Productos","item":"https:\/\/aplv.21.edu.ar\/product\/"},{"@type":"ListItem","position":3,"name":"CURSO PROMPT ENGINEERING"}]},{"@type":"WebSite","@id":"https:\/\/aplv.21.edu.ar\/#website","url":"https:\/\/aplv.21.edu.ar\/","name":"Siglo 21","description":"Siglo 21","potentialAction":[{"@type":"SearchAction","target":{"@type":"EntryPoint","urlTemplate":"https:\/\/aplv.21.edu.ar\/?s={search_term_string}"},"query-input":"required name=search_term_string"}],"inLanguage":"en-US"}]}},"idiomas":{"en":12677,"es":12676},"_links":{"self":[{"href":"https:\/\/aplv.21.edu.ar\/en\/wp-json\/wp\/v2\/products\/12677"}],"collection":[{"href":"https:\/\/aplv.21.edu.ar\/en\/wp-json\/wp\/v2\/products"}],"about":[{"href":"https:\/\/aplv.21.edu.ar\/en\/wp-json\/wp\/v2\/types\/product"}],"author":[{"embeddable":true,"href":"https:\/\/aplv.21.edu.ar\/en\/wp-json\/wp\/v2\/users\/3"}],"replies":[{"embeddable":true,"href":"https:\/\/aplv.21.edu.ar\/en\/wp-json\/wp\/v2\/comments?post=12677"}],"version-history":[{"count":5,"href":"https:\/\/aplv.21.edu.ar\/en\/wp-json\/wp\/v2\/products\/12677\/revisions"}],"predecessor-version":[{"id":14237,"href":"https:\/\/aplv.21.edu.ar\/en\/wp-json\/wp\/v2\/products\/12677\/revisions\/14237"}],"wp:attachment":[{"href":"https:\/\/aplv.21.edu.ar\/en\/wp-json\/wp\/v2\/media?parent=12677"}],"wp:term":[{"taxonomy":"category","embeddable":true,"href":"https:\/\/aplv.21.edu.ar\/en\/wp-json\/wp\/v2\/categories?post=12677"}],"curies":[{"name":"wp","href":"https:\/\/api.w.org\/{rel}","templated":true}]}}