{"id":12685,"date":"2024-02-09T14:49:02","date_gmt":"2024-02-09T14:49:02","guid":{"rendered":"https:\/\/aplv.21.edu.ar\/?post_type=product&#038;p=12685"},"modified":"2025-03-10T17:54:16","modified_gmt":"2025-03-10T17:54:16","slug":"diplomatura-en-diseno-de-ciudades-sustentables-e-inteligentes-smart-cities","status":"publish","type":"product","link":"https:\/\/aplv.21.edu.ar\/en\/product\/diplomatura-en-diseno-de-ciudades-sustentables-e-inteligentes-smart-cities\/","title":{"rendered":"DIPLOMATURA EN DISE\u00d1O DE CIUDADES SUSTENTABLES E INTELIGENTES (SMART CITIES)"},"content":{"rendered":"<p>contenido<\/p>\n","protected":false},"excerpt":{"rendered":"<p>excerpt<\/p>\n","protected":false},"author":3,"featured_media":0,"comment_status":"open","ping_status":"closed","template":"","meta":{"_acf_changed":false,"footnotes":""},"categories":[11],"class_list":["post-12685","product","type-product","status-publish","hentry","category-desarrollo-profesional-en"],"acf":{"external_id":"2176","precio":"909.648 ","impartido_en":["es"],"hubspot_product_id":"2544293786","imagen_destacada":12961,"header_image":"https:\/\/static.capabiliaserver.com\/frontend\/clients\/aplv\/wp_prod\/wp-content\/uploads\/297fd412-header-diplomatura-en-diseno-de-ciudades-inteligentes-smart-cities.jpg","precio_en_cuotas":"","precio_de_lista":"1.516.080 ","mostrar_form":false,"promocion_vigente":"","duracion_del_curso":"8 meses","tipo_de_programa":"Diplomado","nivel_del_curso":"B\u00e1sico","modalidad":"Online","dedicacion":"","titulo":"Diplomatura en Dise\u00f1o de Ciudades Inteligentes (Smart Cities)","contenido":"<p>El crecimiento de la poblaci\u00f3n mundial en ciudades especialmente de Latinoam\u00e9rica y el Caribe, impone a sus gobiernos la necesidad de dar respuesta econ\u00f3mica, pol\u00edtica y t\u00e9cnica a este desaf\u00edo, brindando a sus habitantes, mejoras que les permitan asegurar su bienestar.<\/p>\n<p>&nbsp;<\/p>\n<p>Las ciudades inteligentes y sostenibles, son aquellas que responden a esta demanda con infraestructura eficiente y durable, de suministro de agua, electricidad, telecomunicaciones, gas, transporte, servicios de urgencia y seguridad, equipamientos p\u00fablicos, edificaciones inteligentes de oficinas y de residencias, etc. y est\u00e1n orientadas a mejorar el confort de los ciudadanos y el uso prudente &#8211; y en declive- de los recursos naturales no renovables.<\/p>\n<p>&nbsp;<\/p>\n<p>Tanto en nuestro pa\u00eds como en toda la regi\u00f3n latinoamericana y el Caribe, muy pocas ciudades aplican soluciones inteligentes para la energ\u00eda, los residuos s\u00f3lidos urbanos, el saneamiento del agua, la iluminaci\u00f3n p\u00fablica, el transporte, entre otros servicios. La finalidad de esta Diplomatura, es formar a nuevos ciudadanos que sean capaces de incentivar con acciones propias o con proyectos pol\u00edticos, la realizaci\u00f3n de estas acciones, para mejorar la vida de las personas de su comunidad, ya sea como protagonistas de gobiernos locales o colaborando para que estas acciones se realicen.<\/p>\n","avalado_por":false,"pdf_brochure":false,"cursos_que_lo_componen":[{"nombre_del_curso":"Gobierno Inteligente (Smart Government)","descripcion_del_curso":"<p>M\u00f3dulo 1: Gobernanza Inteligente: Liderazgo y decisiones pol\u00edticas de largo<br \/>\nplazo. Capacitaci\u00f3n a funcionarios de todos los niveles.<\/p>\n<p>M\u00f3dulo 2: Participaci\u00f3n Ciudadana, Rol del ciudadano Digital en la<br \/>\nadministraci\u00f3n p\u00fablica. Gobierno abierto, datos abiertos.<\/p>\n<p>M\u00f3dulo 3: Modernizaci\u00f3n del estado. Aplicaciones integradas para los<br \/>\nciudadanas y funcionarios \u2013 Base de datos unificada \u2013 Servicios Digitales \u201cOn<br \/>\nLine\u201d,<\/p>\n<p>M\u00f3dulo 4: Comunicaci\u00f3n efectiva entre Ciudadano y Gobierno. La ciudad<br \/>\nque escucha y tracciona. El funcionario cerca de la ciudadan\u00eda. Tecnolog\u00edas<br \/>\nasociadas que ayudan.<\/p>\n"},{"nombre_del_curso":"Planeamiento Inteligente (Smart Plan)","descripcion_del_curso":"<p>M\u00f3dulo 1: Uso del Espacio P\u00fablico y Privado. Catastro digital. Proyecci\u00f3n<br \/>\nespacial Sistemas GIS, Obras de infraestructura necesarias y otras que<br \/>\nagregan valor.<\/p>\n<p>M\u00f3dulo 2: Planear el crecimiento sostenible, Utilizaci\u00f3n racional de los<br \/>\nrecursos, Uso del suelo, Tecnolog\u00edas asociadas \u2013 Noci\u00f3n de BIM y Obra<br \/>\np\u00fablica<\/p>\n<p>M\u00f3dulo 3: Movilidad, Red vial y Bicisendas, Matriz de \u201cOrigen \u2013 Destino\u201d,<br \/>\ndensidad de parque automotor. Controladores de tr\u00e1nsito. M\u00e9todos estad\u00edsticos<\/p>\n<p>M\u00f3dulo 4: Transporte p\u00fablico: Multimodal, El\u00e9ctrico, Elevado o Subterr\u00e1neo,<br \/>\nInteligente y sostenible. Taxis, Remises, Aplicaciones.<\/p>\n"},{"nombre_del_curso":"Ambiente Sostenible (Smart Environment) ","descripcion_del_curso":"<p>M\u00f3dulo 1: Origen y ciclo de la energ\u00eda y el agua: Importancia de su uso<br \/>\nracional. Reducci\u00f3n de la contaminaci\u00f3n y mejora del medio ambiente. Huella<br \/>\nde carbono<\/p>\n<p>M\u00f3dulo 2: Econom\u00eda Circular - GIRSU: Gesti\u00f3n Integral de los Residuos<br \/>\nS\u00f3lidos Urbanos: 3R, Separaci\u00f3n y Recolecci\u00f3n diferenciada de residuos<br \/>\ndomiciliarios e industriales. Cooperativas. Educaci\u00f3n para la ciudadan\u00eda.<\/p>\n<p>M\u00f3dulo 3: Eliminaci\u00f3n del Enterramiento Sanitario. Plantas de generaci\u00f3n de<br \/>\nenerg\u00eda con residuos org\u00e1nicos. Proceso y modelo de plantas. Estudio de<br \/>\nfactibilidad<\/p>\n<p>M\u00f3dulo 4: Objetivos de Desarrollo Sostenible ODS de la ONU. Historia.<br \/>\nOrigen y estado de situaci\u00f3n en pa\u00edses latinoamericanos. Procesos Inteligentes<br \/>\npara alcanzar los Objetivos y m\u00e9todos de medici\u00f3n de avances.<\/p>\n"},{"nombre_del_curso":"Desarrollo Humano (Smart Development) ","descripcion_del_curso":"<p>M\u00f3dulo 1: Educaci\u00f3n: tradicional y Digital. Unificaci\u00f3n de criterios en<br \/>\nescuelas y formaci\u00f3n para la universidad. Rol del estado en la formaci\u00f3n y<br \/>\nfomento para el trabajo.<\/p>\n<p>M\u00f3dulo 2: Salud P\u00fablica, Atenci\u00f3n temprana de enfermedades y<br \/>\nemergencias. Bases de Datos e Historia Cl\u00ednica Digital unificada. Relaci\u00f3n con<br \/>\nObras Sociales.<\/p>\n<p>M\u00f3dulo 3: Seguridad. Centro de Atenci\u00f3n de Emergencia Ciudadana<br \/>\nMunicipal, Despacho de emergencias, M\u00e9todos Agiles de denuncias y<br \/>\npesquisa. Sociedad y responsabilidad de la Seguridad P\u00fablica \u2013 Sistema 911.<\/p>\n<p>M\u00f3dulo 4: Sociedad: Poblaci\u00f3n econ\u00f3micamente activa - Tercera edad e<br \/>\nInfancia. Habitat y tratamiento de asentamientos informales. Relaciones entre<br \/>\nel estado, el trabajador y la empresa - Formaci\u00f3n para el Trabajo; Oficios.<br \/>\nOficina de empleo.<\/p>\n"},{"nombre_del_curso":"Desarrollo Econ\u00f3mico - Competitividad (Smart Economy)","descripcion_del_curso":"<p>M\u00f3dulo 1: Ciudad competitiva. El Capital humano y nivel de educaci\u00f3n de la<br \/>\npoblaci\u00f3n. Nivel de Conectividad a Internet. Oferta educativa de calidad.<br \/>\nCreaci\u00f3n de trabajos de calidad.<\/p>\n<p>M\u00f3dulo 2: Econom\u00edas y empresas Exponenciales. Industria 4.0. Desarrollo<br \/>\nde parques industriales. La Exportaci\u00f3n como base para el crecimiento<br \/>\necon\u00f3mico y el empleo: Enlace, Apoyo y Tecnolog\u00edas para Pymes<br \/>\nexportadoras.<\/p>\n<p>M\u00f3dulo 3: Incentivos para la inversi\u00f3n a capitales internacionales. Desarrollo<br \/>\ndel emprendedor y apoyo econ\u00f3mico, educativo y log\u00edstico para el<br \/>\ncuentapropismo y creaci\u00f3n de empresas. Atractivos de inversi\u00f3n. Ayuda estatal<br \/>\ninicial.<\/p>\n<p>M\u00f3dulo 4: Turismo Inteligente (Smart Tourism). Incentivo al turismo de<br \/>\nreuniones. Creaci\u00f3n de nuevos atractivos tur\u00edsticos: competencias locales e<br \/>\ninternacionales. Promoci\u00f3n de la Smart City como atractivo tur\u00edstico in\u00e9dito y<br \/>\nexponencial.<\/p>\n"},{"nombre_del_curso":"Tecnolog\u00edas para las Smart City (Smart Technology)","descripcion_del_curso":"<p>M\u00f3dulo 1: Infraestructura b\u00e1sica de la Smart City: Red de comunicaciones<br \/>\nde datos de alta velocidad y confiabilidad: Fibra \u00d3ptica, Tecnolog\u00eda<br \/>\ninal\u00e1mbrica: 4G, 5G<br \/>\nM\u00f3dulo 2: Centros de Control como cerebro de la Smart City. Internet de las<br \/>\ncosas (IoT), sensores de todos los par\u00e1metros.<\/p>\n<p>M\u00f3dulo 3: Aplicaciones y tableros de control ciudadano y de gobierno.<br \/>\nSistemas de control de luminarias, red Peer to Peer.<\/p>\n<p>M\u00f3dulo 4: Sistemas de Transporte Inteligente (ITS) \u2013 Estacionamiento.<br \/>\nSistemas de posicionamiento, Congesti\u00f3n, Controladores de tr\u00e1nsito, Carteles<br \/>\nde Informaci\u00f3n Variable, Normas y protocolos.<\/p>\n"},{"nombre_del_curso":"Desarrollo de Proyectos de Smart City","descripcion_del_curso":"<p>M\u00f3dulo 1: Formulaci\u00f3n de proyectos. M\u00e9todos para identificar los<br \/>\nproblemas<\/p>\n<p>M\u00f3dulo 2: Procesos iniciales. Ejemplos locales y mundiales. Pasos para<br \/>\nconcretar las soluciones en cada caso.<\/p>\n<p>M\u00f3dulo 3: Planes, Proyectos y Programas. C\u00f3mo comenzar a planificar a<br \/>\ncorto, mediano y largo plazo.<\/p>\n<p>M\u00f3dulo 4: Presentaci\u00f3n de los proyectos: M\u00e9todos, c\u00e1lculos, impacto, etc.<\/p>\n"},{"nombre_del_curso":"Proyecto Final","descripcion_del_curso":"<p>M\u00f3dulo 1: Presentaci\u00f3n consignas de trabajo final.<\/p>\n<p>M\u00f3dulo 2: Ejes tem\u00e1ticos: gobernanza, desarrollo humano \u2013 planificaci\u00f3n<br \/>\nurbana \u2013 competitividad y ambiente.<\/p>\n<p>M\u00f3dulo 3: Tecnolog\u00edas aplicables a nuevos proyectos.<\/p>\n<p>M\u00f3dulo 4: Presentaci\u00f3n y defensa de Proyecto Smart Cities.<\/p>\n"}],"preguntas_frecuentes":false,"docentes_expertos":false},"yoast_head":"<!-- This site is optimized with the Yoast SEO plugin v23.0 - https:\/\/yoast.com\/wordpress\/plugins\/seo\/ -->\n<title>DIPLOMATURA EN DISE\u00d1O DE CIUDADES SUSTENTABLES E INTELIGENTES (SMART CITIES) - Siglo 21<\/title>\n<meta name=\"robots\" content=\"index, follow, max-snippet:-1, max-image-preview:large, max-video-preview:-1\" \/>\n<link rel=\"canonical\" href=\"https:\/\/aplv.21.edu.ar\/en\/product\/diplomatura-en-diseno-de-ciudades-sustentables-e-inteligentes-smart-cities\/\" \/>\n<meta property=\"og:locale\" content=\"en_US\" \/>\n<meta property=\"og:type\" content=\"article\" \/>\n<meta property=\"og:title\" content=\"DIPLOMATURA EN DISE\u00d1O DE CIUDADES SUSTENTABLES E INTELIGENTES (SMART CITIES) - Siglo 21\" \/>\n<meta property=\"og:description\" content=\"excerpt\" \/>\n<meta property=\"og:url\" content=\"https:\/\/aplv.21.edu.ar\/en\/product\/diplomatura-en-diseno-de-ciudades-sustentables-e-inteligentes-smart-cities\/\" \/>\n<meta property=\"og:site_name\" content=\"Siglo 21\" \/>\n<meta property=\"article:modified_time\" content=\"2025-03-10T17:54:16+00:00\" \/>\n<meta name=\"twitter:card\" content=\"summary_large_image\" \/>\n<meta name=\"twitter:label1\" content=\"Est. reading time\" \/>\n\t<meta name=\"twitter:data1\" content=\"1 minute\" \/>\n<script type=\"application\/ld+json\" class=\"yoast-schema-graph\">{\"@context\":\"https:\/\/schema.org\",\"@graph\":[{\"@type\":\"WebPage\",\"@id\":\"https:\/\/aplv.21.edu.ar\/en\/product\/diplomatura-en-diseno-de-ciudades-sustentables-e-inteligentes-smart-cities\/\",\"url\":\"https:\/\/aplv.21.edu.ar\/en\/product\/diplomatura-en-diseno-de-ciudades-sustentables-e-inteligentes-smart-cities\/\",\"name\":\"DIPLOMATURA EN DISE\u00d1O DE CIUDADES SUSTENTABLES E INTELIGENTES (SMART CITIES) - Siglo 21\",\"isPartOf\":{\"@id\":\"https:\/\/aplv.21.edu.ar\/#website\"},\"datePublished\":\"2024-02-09T14:49:02+00:00\",\"dateModified\":\"2025-03-10T17:54:16+00:00\",\"breadcrumb\":{\"@id\":\"https:\/\/aplv.21.edu.ar\/en\/product\/diplomatura-en-diseno-de-ciudades-sustentables-e-inteligentes-smart-cities\/#breadcrumb\"},\"inLanguage\":\"en-US\",\"potentialAction\":[{\"@type\":\"ReadAction\",\"target\":[\"https:\/\/aplv.21.edu.ar\/en\/product\/diplomatura-en-diseno-de-ciudades-sustentables-e-inteligentes-smart-cities\/\"]}]},{\"@type\":\"BreadcrumbList\",\"@id\":\"https:\/\/aplv.21.edu.ar\/en\/product\/diplomatura-en-diseno-de-ciudades-sustentables-e-inteligentes-smart-cities\/#breadcrumb\",\"itemListElement\":[{\"@type\":\"ListItem\",\"position\":1,\"name\":\"Home\",\"item\":\"https:\/\/aplv.21.edu.ar\/\"},{\"@type\":\"ListItem\",\"position\":2,\"name\":\"Productos\",\"item\":\"https:\/\/aplv.21.edu.ar\/product\/\"},{\"@type\":\"ListItem\",\"position\":3,\"name\":\"DIPLOMATURA EN DISE\u00d1O DE CIUDADES SUSTENTABLES E INTELIGENTES (SMART CITIES)\"}]},{\"@type\":\"WebSite\",\"@id\":\"https:\/\/aplv.21.edu.ar\/#website\",\"url\":\"https:\/\/aplv.21.edu.ar\/\",\"name\":\"Siglo 21\",\"description\":\"Siglo 21\",\"potentialAction\":[{\"@type\":\"SearchAction\",\"target\":{\"@type\":\"EntryPoint\",\"urlTemplate\":\"https:\/\/aplv.21.edu.ar\/?s={search_term_string}\"},\"query-input\":\"required name=search_term_string\"}],\"inLanguage\":\"en-US\"}]}<\/script>\n<!-- \/ Yoast SEO plugin. -->","yoast_head_json":{"title":"DIPLOMATURA EN DISE\u00d1O DE CIUDADES SUSTENTABLES E INTELIGENTES (SMART CITIES) - Siglo 21","robots":{"index":"index","follow":"follow","max-snippet":"max-snippet:-1","max-image-preview":"max-image-preview:large","max-video-preview":"max-video-preview:-1"},"canonical":"https:\/\/aplv.21.edu.ar\/en\/product\/diplomatura-en-diseno-de-ciudades-sustentables-e-inteligentes-smart-cities\/","og_locale":"en_US","og_type":"article","og_title":"DIPLOMATURA EN DISE\u00d1O DE CIUDADES SUSTENTABLES E INTELIGENTES (SMART CITIES) - Siglo 21","og_description":"excerpt","og_url":"https:\/\/aplv.21.edu.ar\/en\/product\/diplomatura-en-diseno-de-ciudades-sustentables-e-inteligentes-smart-cities\/","og_site_name":"Siglo 21","article_modified_time":"2025-03-10T17:54:16+00:00","twitter_card":"summary_large_image","twitter_misc":{"Est. reading time":"1 minute"},"schema":{"@context":"https:\/\/schema.org","@graph":[{"@type":"WebPage","@id":"https:\/\/aplv.21.edu.ar\/en\/product\/diplomatura-en-diseno-de-ciudades-sustentables-e-inteligentes-smart-cities\/","url":"https:\/\/aplv.21.edu.ar\/en\/product\/diplomatura-en-diseno-de-ciudades-sustentables-e-inteligentes-smart-cities\/","name":"DIPLOMATURA EN DISE\u00d1O DE CIUDADES SUSTENTABLES E INTELIGENTES (SMART CITIES) - Siglo 21","isPartOf":{"@id":"https:\/\/aplv.21.edu.ar\/#website"},"datePublished":"2024-02-09T14:49:02+00:00","dateModified":"2025-03-10T17:54:16+00:00","breadcrumb":{"@id":"https:\/\/aplv.21.edu.ar\/en\/product\/diplomatura-en-diseno-de-ciudades-sustentables-e-inteligentes-smart-cities\/#breadcrumb"},"inLanguage":"en-US","potentialAction":[{"@type":"ReadAction","target":["https:\/\/aplv.21.edu.ar\/en\/product\/diplomatura-en-diseno-de-ciudades-sustentables-e-inteligentes-smart-cities\/"]}]},{"@type":"BreadcrumbList","@id":"https:\/\/aplv.21.edu.ar\/en\/product\/diplomatura-en-diseno-de-ciudades-sustentables-e-inteligentes-smart-cities\/#breadcrumb","itemListElement":[{"@type":"ListItem","position":1,"name":"Home","item":"https:\/\/aplv.21.edu.ar\/"},{"@type":"ListItem","position":2,"name":"Productos","item":"https:\/\/aplv.21.edu.ar\/product\/"},{"@type":"ListItem","position":3,"name":"DIPLOMATURA EN DISE\u00d1O DE CIUDADES SUSTENTABLES E INTELIGENTES (SMART CITIES)"}]},{"@type":"WebSite","@id":"https:\/\/aplv.21.edu.ar\/#website","url":"https:\/\/aplv.21.edu.ar\/","name":"Siglo 21","description":"Siglo 21","potentialAction":[{"@type":"SearchAction","target":{"@type":"EntryPoint","urlTemplate":"https:\/\/aplv.21.edu.ar\/?s={search_term_string}"},"query-input":"required name=search_term_string"}],"inLanguage":"en-US"}]}},"idiomas":{"en":12685,"es":12684},"_links":{"self":[{"href":"https:\/\/aplv.21.edu.ar\/en\/wp-json\/wp\/v2\/products\/12685"}],"collection":[{"href":"https:\/\/aplv.21.edu.ar\/en\/wp-json\/wp\/v2\/products"}],"about":[{"href":"https:\/\/aplv.21.edu.ar\/en\/wp-json\/wp\/v2\/types\/product"}],"author":[{"embeddable":true,"href":"https:\/\/aplv.21.edu.ar\/en\/wp-json\/wp\/v2\/users\/3"}],"replies":[{"embeddable":true,"href":"https:\/\/aplv.21.edu.ar\/en\/wp-json\/wp\/v2\/comments?post=12685"}],"version-history":[{"count":1,"href":"https:\/\/aplv.21.edu.ar\/en\/wp-json\/wp\/v2\/products\/12685\/revisions"}],"predecessor-version":[{"id":12967,"href":"https:\/\/aplv.21.edu.ar\/en\/wp-json\/wp\/v2\/products\/12685\/revisions\/12967"}],"wp:attachment":[{"href":"https:\/\/aplv.21.edu.ar\/en\/wp-json\/wp\/v2\/media?parent=12685"}],"wp:term":[{"taxonomy":"category","embeddable":true,"href":"https:\/\/aplv.21.edu.ar\/en\/wp-json\/wp\/v2\/categories?post=12685"}],"curies":[{"name":"wp","href":"https:\/\/api.w.org\/{rel}","templated":true}]}}