{"id":13651,"date":"2024-04-19T14:20:36","date_gmt":"2024-04-19T14:20:36","guid":{"rendered":"https:\/\/aplv.21.edu.ar\/?post_type=product&#038;p=13651"},"modified":"2025-03-10T17:32:42","modified_gmt":"2025-03-10T17:32:42","slug":"curso-explotacion-de-datos-desde-moviles-y-wearables","status":"publish","type":"product","link":"https:\/\/aplv.21.edu.ar\/en\/product\/curso-explotacion-de-datos-desde-moviles-y-wearables\/","title":{"rendered":"CURSO EXPLOTACI\u00d3N DE DATOS DESDE M\u00d3VILES Y WEARABLES"},"content":{"rendered":"<p>contenido<\/p>\n","protected":false},"excerpt":{"rendered":"<p>excerpt<\/p>\n","protected":false},"author":3,"featured_media":0,"comment_status":"open","ping_status":"closed","template":"","meta":{"_acf_changed":false,"footnotes":""},"categories":[22],"class_list":["post-13651","product","type-product","status-publish","hentry","category-negocios-y-management-en"],"acf":{"external_id":"2203","precio":"149.970 ","impartido_en":["es"],"hubspot_product_id":"2707054621","imagen_destacada":14101,"header_image":"https:\/\/static.capabiliaserver.com\/frontend\/clients\/aplv\/wp_prod\/wp-content\/uploads\/446da47e-diseno-sin-titulo-5-2.png","precio_en_cuotas":"","precio_de_lista":"249.950 ","mostrar_form":false,"promocion_vigente":"","duracion_del_curso":"1 mes","tipo_de_programa":"Curso","nivel_del_curso":"B\u00e1sico","modalidad":"Online","dedicacion":"","titulo":"Curso Explotaci\u00f3n de Datos desde M\u00f3viles y Wearables","contenido":"<p>En los \u00faltimos a\u00f1os se ha visto un incremento constante en la cantidad y complejidad tecnol\u00f3gica de dispositivos IOT, m\u00f3viles y wearables, tales como smartphones, smartwatches. Esta tendencia se ve tambi\u00e9n reflejada en el aumento del volumen y diversidad de datos generados por tales dispositivos, conteniendo informaci\u00f3n sobre salud, geo-localizaci\u00f3n, usos y consumos, rutinas y h\u00e1bitos del usuario, actividad f\u00edsica realizada, etc. La capacidad de obtener y generar nuevo conocimiento a partir de los datos generados y contenidos en este tipo de dispositivo, tanto a trav\u00e9s del procesamiento en lotes como en tiempo real, es una herramienta de vital importancia para el profesional, permiti\u00e9ndole interactuar y agregar valor en casos de uso de industrias muy diversas, incluyendo marketing, econom\u00eda, salud, nutrici\u00f3n, entre otras.<\/p>\n<p><strong>Las Microcredenciales se obtienen a trav\u00e9s de cursos breves, y las mismas te sirven para reconocer tramos formativos en carreras de pregrado, grado o posgrado que elijas seguir.<\/strong><\/p>\n<p>Adem\u00e1s de adquirir conocimientos espec\u00edficos y actualizados, estos cursos que otorgan Microcredenciales te permiten avanzar en tu carrera acad\u00e9mica de manera flexible y personalizada.<\/p>\n","avalado_por":"https:\/\/static.capabiliaserver.com\/frontend\/clients\/aplv\/wp_prod\/wp-content\/uploads\/229ce2d6-microcredenciales.png","pdf_brochure":false,"cursos_que_lo_componen":[{"nombre_del_curso":"Explotaci\u00f3n de datos desde m\u00f3viles y wearables","descripcion_del_curso":"<p>M\u00f3dulo 1: Conceptos b\u00e1sicos y arquitectura de un proyecto de IOT,<br \/>\nM\u00f3dulo 2: Wearables: concepto y uso cotidiano, impacto en la salud.<br \/>\nM\u00f3dulo 3: Soluciones basadas en IoT.<br \/>\nM\u00f3dulo 4: Explotaci\u00f3n de datos con herramienta anal\u00edtica para procesamiento de grandes vol\u00famenes.<\/p>\n"}],"preguntas_frecuentes":false,"docentes_expertos":false},"yoast_head":"<!-- This site is optimized with the Yoast SEO plugin v23.0 - https:\/\/yoast.com\/wordpress\/plugins\/seo\/ -->\n<title>CURSO EXPLOTACI\u00d3N DE DATOS DESDE M\u00d3VILES Y WEARABLES - Siglo 21<\/title>\n<meta name=\"robots\" content=\"index, follow, max-snippet:-1, max-image-preview:large, max-video-preview:-1\" \/>\n<link rel=\"canonical\" href=\"https:\/\/aplv.21.edu.ar\/en\/product\/curso-explotacion-de-datos-desde-moviles-y-wearables\/\" \/>\n<meta property=\"og:locale\" content=\"en_US\" \/>\n<meta property=\"og:type\" content=\"article\" \/>\n<meta property=\"og:title\" content=\"CURSO EXPLOTACI\u00d3N DE DATOS DESDE M\u00d3VILES Y WEARABLES - Siglo 21\" \/>\n<meta property=\"og:description\" content=\"excerpt\" \/>\n<meta property=\"og:url\" content=\"https:\/\/aplv.21.edu.ar\/en\/product\/curso-explotacion-de-datos-desde-moviles-y-wearables\/\" \/>\n<meta property=\"og:site_name\" content=\"Siglo 21\" \/>\n<meta property=\"article:modified_time\" content=\"2025-03-10T17:32:42+00:00\" \/>\n<meta name=\"twitter:card\" content=\"summary_large_image\" \/>\n<meta name=\"twitter:label1\" content=\"Est. reading time\" \/>\n\t<meta name=\"twitter:data1\" content=\"1 minute\" \/>\n<script type=\"application\/ld+json\" class=\"yoast-schema-graph\">{\"@context\":\"https:\/\/schema.org\",\"@graph\":[{\"@type\":\"WebPage\",\"@id\":\"https:\/\/aplv.21.edu.ar\/en\/product\/curso-explotacion-de-datos-desde-moviles-y-wearables\/\",\"url\":\"https:\/\/aplv.21.edu.ar\/en\/product\/curso-explotacion-de-datos-desde-moviles-y-wearables\/\",\"name\":\"CURSO EXPLOTACI\u00d3N DE DATOS DESDE M\u00d3VILES Y WEARABLES - Siglo 21\",\"isPartOf\":{\"@id\":\"https:\/\/aplv.21.edu.ar\/#website\"},\"datePublished\":\"2024-04-19T14:20:36+00:00\",\"dateModified\":\"2025-03-10T17:32:42+00:00\",\"breadcrumb\":{\"@id\":\"https:\/\/aplv.21.edu.ar\/en\/product\/curso-explotacion-de-datos-desde-moviles-y-wearables\/#breadcrumb\"},\"inLanguage\":\"en-US\",\"potentialAction\":[{\"@type\":\"ReadAction\",\"target\":[\"https:\/\/aplv.21.edu.ar\/en\/product\/curso-explotacion-de-datos-desde-moviles-y-wearables\/\"]}]},{\"@type\":\"BreadcrumbList\",\"@id\":\"https:\/\/aplv.21.edu.ar\/en\/product\/curso-explotacion-de-datos-desde-moviles-y-wearables\/#breadcrumb\",\"itemListElement\":[{\"@type\":\"ListItem\",\"position\":1,\"name\":\"Home\",\"item\":\"https:\/\/aplv.21.edu.ar\/\"},{\"@type\":\"ListItem\",\"position\":2,\"name\":\"Productos\",\"item\":\"https:\/\/aplv.21.edu.ar\/product\/\"},{\"@type\":\"ListItem\",\"position\":3,\"name\":\"CURSO EXPLOTACI\u00d3N DE DATOS DESDE M\u00d3VILES Y WEARABLES\"}]},{\"@type\":\"WebSite\",\"@id\":\"https:\/\/aplv.21.edu.ar\/#website\",\"url\":\"https:\/\/aplv.21.edu.ar\/\",\"name\":\"Siglo 21\",\"description\":\"Siglo 21\",\"potentialAction\":[{\"@type\":\"SearchAction\",\"target\":{\"@type\":\"EntryPoint\",\"urlTemplate\":\"https:\/\/aplv.21.edu.ar\/?s={search_term_string}\"},\"query-input\":\"required name=search_term_string\"}],\"inLanguage\":\"en-US\"}]}<\/script>\n<!-- \/ Yoast SEO plugin. -->","yoast_head_json":{"title":"CURSO EXPLOTACI\u00d3N DE DATOS DESDE M\u00d3VILES Y WEARABLES - Siglo 21","robots":{"index":"index","follow":"follow","max-snippet":"max-snippet:-1","max-image-preview":"max-image-preview:large","max-video-preview":"max-video-preview:-1"},"canonical":"https:\/\/aplv.21.edu.ar\/en\/product\/curso-explotacion-de-datos-desde-moviles-y-wearables\/","og_locale":"en_US","og_type":"article","og_title":"CURSO EXPLOTACI\u00d3N DE DATOS DESDE M\u00d3VILES Y WEARABLES - Siglo 21","og_description":"excerpt","og_url":"https:\/\/aplv.21.edu.ar\/en\/product\/curso-explotacion-de-datos-desde-moviles-y-wearables\/","og_site_name":"Siglo 21","article_modified_time":"2025-03-10T17:32:42+00:00","twitter_card":"summary_large_image","twitter_misc":{"Est. reading time":"1 minute"},"schema":{"@context":"https:\/\/schema.org","@graph":[{"@type":"WebPage","@id":"https:\/\/aplv.21.edu.ar\/en\/product\/curso-explotacion-de-datos-desde-moviles-y-wearables\/","url":"https:\/\/aplv.21.edu.ar\/en\/product\/curso-explotacion-de-datos-desde-moviles-y-wearables\/","name":"CURSO EXPLOTACI\u00d3N DE DATOS DESDE M\u00d3VILES Y WEARABLES - Siglo 21","isPartOf":{"@id":"https:\/\/aplv.21.edu.ar\/#website"},"datePublished":"2024-04-19T14:20:36+00:00","dateModified":"2025-03-10T17:32:42+00:00","breadcrumb":{"@id":"https:\/\/aplv.21.edu.ar\/en\/product\/curso-explotacion-de-datos-desde-moviles-y-wearables\/#breadcrumb"},"inLanguage":"en-US","potentialAction":[{"@type":"ReadAction","target":["https:\/\/aplv.21.edu.ar\/en\/product\/curso-explotacion-de-datos-desde-moviles-y-wearables\/"]}]},{"@type":"BreadcrumbList","@id":"https:\/\/aplv.21.edu.ar\/en\/product\/curso-explotacion-de-datos-desde-moviles-y-wearables\/#breadcrumb","itemListElement":[{"@type":"ListItem","position":1,"name":"Home","item":"https:\/\/aplv.21.edu.ar\/"},{"@type":"ListItem","position":2,"name":"Productos","item":"https:\/\/aplv.21.edu.ar\/product\/"},{"@type":"ListItem","position":3,"name":"CURSO EXPLOTACI\u00d3N DE DATOS DESDE M\u00d3VILES Y WEARABLES"}]},{"@type":"WebSite","@id":"https:\/\/aplv.21.edu.ar\/#website","url":"https:\/\/aplv.21.edu.ar\/","name":"Siglo 21","description":"Siglo 21","potentialAction":[{"@type":"SearchAction","target":{"@type":"EntryPoint","urlTemplate":"https:\/\/aplv.21.edu.ar\/?s={search_term_string}"},"query-input":"required name=search_term_string"}],"inLanguage":"en-US"}]}},"idiomas":{"en":13651,"es":13650},"_links":{"self":[{"href":"https:\/\/aplv.21.edu.ar\/en\/wp-json\/wp\/v2\/products\/13651"}],"collection":[{"href":"https:\/\/aplv.21.edu.ar\/en\/wp-json\/wp\/v2\/products"}],"about":[{"href":"https:\/\/aplv.21.edu.ar\/en\/wp-json\/wp\/v2\/types\/product"}],"author":[{"embeddable":true,"href":"https:\/\/aplv.21.edu.ar\/en\/wp-json\/wp\/v2\/users\/3"}],"replies":[{"embeddable":true,"href":"https:\/\/aplv.21.edu.ar\/en\/wp-json\/wp\/v2\/comments?post=13651"}],"version-history":[{"count":4,"href":"https:\/\/aplv.21.edu.ar\/en\/wp-json\/wp\/v2\/products\/13651\/revisions"}],"predecessor-version":[{"id":14251,"href":"https:\/\/aplv.21.edu.ar\/en\/wp-json\/wp\/v2\/products\/13651\/revisions\/14251"}],"wp:attachment":[{"href":"https:\/\/aplv.21.edu.ar\/en\/wp-json\/wp\/v2\/media?parent=13651"}],"wp:term":[{"taxonomy":"category","embeddable":true,"href":"https:\/\/aplv.21.edu.ar\/en\/wp-json\/wp\/v2\/categories?post=13651"}],"curies":[{"name":"wp","href":"https:\/\/api.w.org\/{rel}","templated":true}]}}