{"id":13655,"date":"2024-04-19T14:23:30","date_gmt":"2024-04-19T14:23:30","guid":{"rendered":"https:\/\/aplv.21.edu.ar\/?post_type=product&#038;p=13655"},"modified":"2025-03-10T17:27:43","modified_gmt":"2025-03-10T17:27:43","slug":"curso-en-inteligencia-de-negocios-bi","status":"publish","type":"product","link":"https:\/\/aplv.21.edu.ar\/en\/product\/curso-en-inteligencia-de-negocios-bi\/","title":{"rendered":"CURSO EN INTELIGENCIA DE NEGOCIOS (BI)"},"content":{"rendered":"<p>contenido<\/p>\n\n\n<p><\/p>\n","protected":false},"excerpt":{"rendered":"<p>excerpt<\/p>\n","protected":false},"author":3,"featured_media":0,"comment_status":"open","ping_status":"closed","template":"","meta":{"_acf_changed":false,"footnotes":""},"categories":[22],"class_list":["post-13655","product","type-product","status-publish","hentry","category-negocios-y-management-en"],"acf":{"external_id":"2208","precio":"149.970 ","impartido_en":["es"],"hubspot_product_id":"2707039115","imagen_destacada":14110,"header_image":"https:\/\/static.capabiliaserver.com\/frontend\/clients\/aplv\/wp_prod\/wp-content\/uploads\/dacfcefa-diseno-sin-titulo-5.png","precio_en_cuotas":"","precio_de_lista":"249.950 ","mostrar_form":false,"promocion_vigente":"","duracion_del_curso":"1 mes","tipo_de_programa":"Curso","nivel_del_curso":"B\u00e1sico","modalidad":"Online","dedicacion":"","titulo":"Curso en Inteligencia de Negocios (BI)","contenido":"<p>Los profesionales de hoy deben estar preparados para dise\u00f1ar alternativas, innovar, gestionar conocimiento y tomar decisiones. Para que estas decisiones sean correctas deben estar sustentadas en la tecnolog\u00edas y teor\u00eda adecuadas para que la informaci\u00f3n sea confiable y oportuna. El uso adecuado y oportuno de la informaci\u00f3n permite a las organizaciones reaccionar m\u00e1s r\u00e1pidamente y generar mayor valor. La implementaci\u00f3n de soluciones de Inteligencia de negocios o Business Intelligence (BI) es la explotaci\u00f3n de los datos de la mejor manera posible, creando informaci\u00f3n y soportando la toma de decisiones. Este curso permite al alumno comprender el ciclo de vida de desarrollo de una soluci\u00f3n de Inteligencia de Negocios, desde la obtenci\u00f3n de los datos en los sistemas de or\u00edgenes, hasta su posterior explotaci\u00f3n desde las distintas aplicaciones por parte de los usuarios finales.<\/p>\n<p><strong>Las Microcredenciales se obtienen a trav\u00e9s de cursos breves, y las mismas te sirven para reconocer tramos formativos en carreras de pregrado, grado o posgrado que elijas seguir.<\/strong><\/p>\n<p>Adem\u00e1s de adquirir conocimientos espec\u00edficos y actualizados, estos cursos que otorgan Microcredenciales te permiten avanzar en tu carrera acad\u00e9mica de manera flexible y personalizada.<\/p>\n","avalado_por":"https:\/\/static.capabiliaserver.com\/frontend\/clients\/aplv\/wp_prod\/wp-content\/uploads\/229ce2d6-microcredenciales.png","pdf_brochure":false,"cursos_que_lo_componen":[{"nombre_del_curso":"Inteligencia de negocios (BI)","descripcion_del_curso":"<p>M\u00f3dulo 1: Fundamentos de la inteligencia de negocios.<br \/>\nM\u00f3dulo 2: Datawarehousing.<br \/>\nM\u00f3dulo 3: Explotaci\u00f3n del Datawarehouse.<br \/>\nM\u00f3dulo 4: Ciclo de vida y conceptos relacionados del BI.<\/p>\n"}],"preguntas_frecuentes":false,"docentes_expertos":false},"yoast_head":"<!-- This site is optimized with the Yoast SEO plugin v23.0 - https:\/\/yoast.com\/wordpress\/plugins\/seo\/ -->\n<title>CURSO EN INTELIGENCIA DE NEGOCIOS (BI) - Siglo 21<\/title>\n<meta name=\"robots\" content=\"index, follow, max-snippet:-1, max-image-preview:large, max-video-preview:-1\" \/>\n<link rel=\"canonical\" href=\"https:\/\/aplv.21.edu.ar\/en\/product\/curso-en-inteligencia-de-negocios-bi\/\" \/>\n<meta property=\"og:locale\" content=\"en_US\" \/>\n<meta property=\"og:type\" content=\"article\" \/>\n<meta property=\"og:title\" content=\"CURSO EN INTELIGENCIA DE NEGOCIOS (BI) - Siglo 21\" \/>\n<meta property=\"og:description\" content=\"excerpt\" \/>\n<meta property=\"og:url\" content=\"https:\/\/aplv.21.edu.ar\/en\/product\/curso-en-inteligencia-de-negocios-bi\/\" \/>\n<meta property=\"og:site_name\" content=\"Siglo 21\" \/>\n<meta property=\"article:modified_time\" content=\"2025-03-10T17:27:43+00:00\" \/>\n<meta name=\"twitter:card\" content=\"summary_large_image\" \/>\n<meta name=\"twitter:label1\" content=\"Est. reading time\" \/>\n\t<meta name=\"twitter:data1\" content=\"1 minute\" \/>\n<script type=\"application\/ld+json\" class=\"yoast-schema-graph\">{\"@context\":\"https:\/\/schema.org\",\"@graph\":[{\"@type\":\"WebPage\",\"@id\":\"https:\/\/aplv.21.edu.ar\/en\/product\/curso-en-inteligencia-de-negocios-bi\/\",\"url\":\"https:\/\/aplv.21.edu.ar\/en\/product\/curso-en-inteligencia-de-negocios-bi\/\",\"name\":\"CURSO EN INTELIGENCIA DE NEGOCIOS (BI) - Siglo 21\",\"isPartOf\":{\"@id\":\"https:\/\/aplv.21.edu.ar\/#website\"},\"datePublished\":\"2024-04-19T14:23:30+00:00\",\"dateModified\":\"2025-03-10T17:27:43+00:00\",\"breadcrumb\":{\"@id\":\"https:\/\/aplv.21.edu.ar\/en\/product\/curso-en-inteligencia-de-negocios-bi\/#breadcrumb\"},\"inLanguage\":\"en-US\",\"potentialAction\":[{\"@type\":\"ReadAction\",\"target\":[\"https:\/\/aplv.21.edu.ar\/en\/product\/curso-en-inteligencia-de-negocios-bi\/\"]}]},{\"@type\":\"BreadcrumbList\",\"@id\":\"https:\/\/aplv.21.edu.ar\/en\/product\/curso-en-inteligencia-de-negocios-bi\/#breadcrumb\",\"itemListElement\":[{\"@type\":\"ListItem\",\"position\":1,\"name\":\"Home\",\"item\":\"https:\/\/aplv.21.edu.ar\/\"},{\"@type\":\"ListItem\",\"position\":2,\"name\":\"Productos\",\"item\":\"https:\/\/aplv.21.edu.ar\/product\/\"},{\"@type\":\"ListItem\",\"position\":3,\"name\":\"CURSO EN INTELIGENCIA DE NEGOCIOS (BI)\"}]},{\"@type\":\"WebSite\",\"@id\":\"https:\/\/aplv.21.edu.ar\/#website\",\"url\":\"https:\/\/aplv.21.edu.ar\/\",\"name\":\"Siglo 21\",\"description\":\"Siglo 21\",\"potentialAction\":[{\"@type\":\"SearchAction\",\"target\":{\"@type\":\"EntryPoint\",\"urlTemplate\":\"https:\/\/aplv.21.edu.ar\/?s={search_term_string}\"},\"query-input\":\"required name=search_term_string\"}],\"inLanguage\":\"en-US\"}]}<\/script>\n<!-- \/ Yoast SEO plugin. -->","yoast_head_json":{"title":"CURSO EN INTELIGENCIA DE NEGOCIOS (BI) - Siglo 21","robots":{"index":"index","follow":"follow","max-snippet":"max-snippet:-1","max-image-preview":"max-image-preview:large","max-video-preview":"max-video-preview:-1"},"canonical":"https:\/\/aplv.21.edu.ar\/en\/product\/curso-en-inteligencia-de-negocios-bi\/","og_locale":"en_US","og_type":"article","og_title":"CURSO EN INTELIGENCIA DE NEGOCIOS (BI) - Siglo 21","og_description":"excerpt","og_url":"https:\/\/aplv.21.edu.ar\/en\/product\/curso-en-inteligencia-de-negocios-bi\/","og_site_name":"Siglo 21","article_modified_time":"2025-03-10T17:27:43+00:00","twitter_card":"summary_large_image","twitter_misc":{"Est. reading time":"1 minute"},"schema":{"@context":"https:\/\/schema.org","@graph":[{"@type":"WebPage","@id":"https:\/\/aplv.21.edu.ar\/en\/product\/curso-en-inteligencia-de-negocios-bi\/","url":"https:\/\/aplv.21.edu.ar\/en\/product\/curso-en-inteligencia-de-negocios-bi\/","name":"CURSO EN INTELIGENCIA DE NEGOCIOS (BI) - Siglo 21","isPartOf":{"@id":"https:\/\/aplv.21.edu.ar\/#website"},"datePublished":"2024-04-19T14:23:30+00:00","dateModified":"2025-03-10T17:27:43+00:00","breadcrumb":{"@id":"https:\/\/aplv.21.edu.ar\/en\/product\/curso-en-inteligencia-de-negocios-bi\/#breadcrumb"},"inLanguage":"en-US","potentialAction":[{"@type":"ReadAction","target":["https:\/\/aplv.21.edu.ar\/en\/product\/curso-en-inteligencia-de-negocios-bi\/"]}]},{"@type":"BreadcrumbList","@id":"https:\/\/aplv.21.edu.ar\/en\/product\/curso-en-inteligencia-de-negocios-bi\/#breadcrumb","itemListElement":[{"@type":"ListItem","position":1,"name":"Home","item":"https:\/\/aplv.21.edu.ar\/"},{"@type":"ListItem","position":2,"name":"Productos","item":"https:\/\/aplv.21.edu.ar\/product\/"},{"@type":"ListItem","position":3,"name":"CURSO EN INTELIGENCIA DE NEGOCIOS (BI)"}]},{"@type":"WebSite","@id":"https:\/\/aplv.21.edu.ar\/#website","url":"https:\/\/aplv.21.edu.ar\/","name":"Siglo 21","description":"Siglo 21","potentialAction":[{"@type":"SearchAction","target":{"@type":"EntryPoint","urlTemplate":"https:\/\/aplv.21.edu.ar\/?s={search_term_string}"},"query-input":"required name=search_term_string"}],"inLanguage":"en-US"}]}},"idiomas":{"en":13655,"es":13654},"_links":{"self":[{"href":"https:\/\/aplv.21.edu.ar\/en\/wp-json\/wp\/v2\/products\/13655"}],"collection":[{"href":"https:\/\/aplv.21.edu.ar\/en\/wp-json\/wp\/v2\/products"}],"about":[{"href":"https:\/\/aplv.21.edu.ar\/en\/wp-json\/wp\/v2\/types\/product"}],"author":[{"embeddable":true,"href":"https:\/\/aplv.21.edu.ar\/en\/wp-json\/wp\/v2\/users\/3"}],"replies":[{"embeddable":true,"href":"https:\/\/aplv.21.edu.ar\/en\/wp-json\/wp\/v2\/comments?post=13655"}],"version-history":[{"count":4,"href":"https:\/\/aplv.21.edu.ar\/en\/wp-json\/wp\/v2\/products\/13655\/revisions"}],"predecessor-version":[{"id":14407,"href":"https:\/\/aplv.21.edu.ar\/en\/wp-json\/wp\/v2\/products\/13655\/revisions\/14407"}],"wp:attachment":[{"href":"https:\/\/aplv.21.edu.ar\/en\/wp-json\/wp\/v2\/media?parent=13655"}],"wp:term":[{"taxonomy":"category","embeddable":true,"href":"https:\/\/aplv.21.edu.ar\/en\/wp-json\/wp\/v2\/categories?post=13655"}],"curies":[{"name":"wp","href":"https:\/\/api.w.org\/{rel}","templated":true}]}}