{"id":15870,"date":"2024-08-30T20:17:01","date_gmt":"2024-08-30T20:17:01","guid":{"rendered":"https:\/\/aplv.21.edu.ar\/?post_type=product&#038;p=15870"},"modified":"2025-03-10T18:11:19","modified_gmt":"2025-03-10T18:11:19","slug":"curso-de-sociologia-familiar","status":"publish","type":"product","link":"https:\/\/aplv.21.edu.ar\/en\/product\/curso-de-sociologia-familiar\/","title":{"rendered":"CURSO DE SOCIOLOGIA FAMILIAR"},"content":{"rendered":"<p>contenido<\/p>\n","protected":false},"excerpt":{"rendered":"<p>excerpt<\/p>\n","protected":false},"author":3,"featured_media":0,"comment_status":"open","ping_status":"closed","template":"","meta":{"_acf_changed":false,"footnotes":""},"categories":[22],"class_list":["post-15870","product","type-product","status-publish","hentry","category-negocios-y-management-en"],"acf":{"external_id":"2283","precio":"149.970 ","impartido_en":["es"],"hubspot_product_id":"2962322833","imagen_destacada":15992,"header_image":"https:\/\/static.capabiliaserver.com\/frontend\/clients\/aplv\/wp_prod\/wp-content\/uploads\/7a0ce08c-diseno-sin-titulo-16-1.png","precio_en_cuotas":"","precio_de_lista":"249.950 ","mostrar_form":false,"promocion_vigente":"","duracion_del_curso":"1 mes","tipo_de_programa":"Curso","nivel_del_curso":"B\u00e1sico","modalidad":"Online","dedicacion":"","titulo":"CURSO DE SOCIOLOGIA FAMILIAR","contenido":"<p>El abordaje de la familia desde la perspectiva sociol\u00f3gica da cuenta de la coexistencia de la multiplicidad de formas familiares, muchas veces borrada en el marco del sostenimiento de un modelo de familia \u201cideal\u201d. Esto implica entender a la familia en t\u00e9rminos de una ficci\u00f3n social realizada, en la cual el Estado tiene un papel central (Bourdieu, 1993). En este sentido, desde una mirada estructural, Torrado (2007) indica la necesidad de focalizar en las pol\u00edticas p\u00fablicas relativas a la reproducci\u00f3n y disciplinamiento de la poblaci\u00f3n y sus efectos en las din\u00e1micas familiares. A su vez, los cambios tecnol\u00f3gicos como aquellos ligados a los procesos de individuaci\u00f3n de la modernidad tard\u00eda, ponen en tensi\u00f3n los determinantes sociales y culturales que estructuran las relaciones instituidas. La comprensi\u00f3n de estas cuestiones resulta valiosa para quienes se desempe\u00f1an profesionalmente como operadores jur\u00eddicos, siendo que \u201cel campo jur\u00eddico es el lugar de una concurrencia por el monopolio del derecho de decir el derecho\u201d (Bourdieu, 2000, p.169). Las concepciones\/construcciones sobre las familias y las cuestiones espec\u00edficas de la ni\u00f1ez, adolescencia y juventud, como las relaciones instituidas entre lo privado y lo p\u00fablico son analizadas como producto de un largo trabajo de construcci\u00f3n social-jur\u00eddico-pol\u00edtica atravesado por el sistema sexo-g\u00e9nero en intersecci\u00f3n con categor\u00edas de clase, sexualidad, edad, etnia y raza.<\/p>\n","avalado_por":"https:\/\/static.capabiliaserver.com\/frontend\/clients\/aplv\/wp_prod\/wp-content\/uploads\/75f5c34c-microcredenciales.png","pdf_brochure":false,"cursos_que_lo_componen":[{"nombre_del_curso":"SOCIOLOGIA FAMILIAR","descripcion_del_curso":"<p>M\u00f3dulo 1. Introducci\u00f3n a las perspectivas sociol\u00f3gicas. Sociolog\u00eda de las familias<br \/>\nM\u00f3dulo 2. G\u00e9nero(s) y familias<br \/>\nM\u00f3dulo 3. Desigualdades sociales y familias<br \/>\nM\u00f3dulo 4. Cuestiones espec\u00edficas de la ni\u00f1ez, adolescencia y juventud<\/p>\n"}],"preguntas_frecuentes":false,"docentes_expertos":false},"yoast_head":"<!-- This site is optimized with the Yoast SEO plugin v23.0 - https:\/\/yoast.com\/wordpress\/plugins\/seo\/ -->\n<title>CURSO DE SOCIOLOGIA FAMILIAR - Siglo 21<\/title>\n<meta name=\"robots\" content=\"index, follow, max-snippet:-1, max-image-preview:large, max-video-preview:-1\" \/>\n<link rel=\"canonical\" href=\"https:\/\/aplv.21.edu.ar\/en\/product\/curso-de-sociologia-familiar\/\" \/>\n<meta property=\"og:locale\" content=\"en_US\" \/>\n<meta property=\"og:type\" content=\"article\" \/>\n<meta property=\"og:title\" content=\"CURSO DE SOCIOLOGIA FAMILIAR - Siglo 21\" \/>\n<meta property=\"og:description\" content=\"excerpt\" \/>\n<meta property=\"og:url\" content=\"https:\/\/aplv.21.edu.ar\/en\/product\/curso-de-sociologia-familiar\/\" \/>\n<meta property=\"og:site_name\" content=\"Siglo 21\" \/>\n<meta property=\"article:modified_time\" content=\"2025-03-10T18:11:19+00:00\" \/>\n<meta name=\"twitter:card\" content=\"summary_large_image\" \/>\n<meta name=\"twitter:label1\" content=\"Est. reading time\" \/>\n\t<meta name=\"twitter:data1\" content=\"1 minute\" \/>\n<script type=\"application\/ld+json\" class=\"yoast-schema-graph\">{\"@context\":\"https:\/\/schema.org\",\"@graph\":[{\"@type\":\"WebPage\",\"@id\":\"https:\/\/aplv.21.edu.ar\/en\/product\/curso-de-sociologia-familiar\/\",\"url\":\"https:\/\/aplv.21.edu.ar\/en\/product\/curso-de-sociologia-familiar\/\",\"name\":\"CURSO DE SOCIOLOGIA FAMILIAR - Siglo 21\",\"isPartOf\":{\"@id\":\"https:\/\/aplv.21.edu.ar\/#website\"},\"datePublished\":\"2024-08-30T20:17:01+00:00\",\"dateModified\":\"2025-03-10T18:11:19+00:00\",\"breadcrumb\":{\"@id\":\"https:\/\/aplv.21.edu.ar\/en\/product\/curso-de-sociologia-familiar\/#breadcrumb\"},\"inLanguage\":\"en-US\",\"potentialAction\":[{\"@type\":\"ReadAction\",\"target\":[\"https:\/\/aplv.21.edu.ar\/en\/product\/curso-de-sociologia-familiar\/\"]}]},{\"@type\":\"BreadcrumbList\",\"@id\":\"https:\/\/aplv.21.edu.ar\/en\/product\/curso-de-sociologia-familiar\/#breadcrumb\",\"itemListElement\":[{\"@type\":\"ListItem\",\"position\":1,\"name\":\"Home\",\"item\":\"https:\/\/aplv.21.edu.ar\/\"},{\"@type\":\"ListItem\",\"position\":2,\"name\":\"Productos\",\"item\":\"https:\/\/aplv.21.edu.ar\/product\/\"},{\"@type\":\"ListItem\",\"position\":3,\"name\":\"CURSO DE SOCIOLOGIA FAMILIAR\"}]},{\"@type\":\"WebSite\",\"@id\":\"https:\/\/aplv.21.edu.ar\/#website\",\"url\":\"https:\/\/aplv.21.edu.ar\/\",\"name\":\"Siglo 21\",\"description\":\"Siglo 21\",\"potentialAction\":[{\"@type\":\"SearchAction\",\"target\":{\"@type\":\"EntryPoint\",\"urlTemplate\":\"https:\/\/aplv.21.edu.ar\/?s={search_term_string}\"},\"query-input\":\"required name=search_term_string\"}],\"inLanguage\":\"en-US\"}]}<\/script>\n<!-- \/ Yoast SEO plugin. -->","yoast_head_json":{"title":"CURSO DE SOCIOLOGIA FAMILIAR - Siglo 21","robots":{"index":"index","follow":"follow","max-snippet":"max-snippet:-1","max-image-preview":"max-image-preview:large","max-video-preview":"max-video-preview:-1"},"canonical":"https:\/\/aplv.21.edu.ar\/en\/product\/curso-de-sociologia-familiar\/","og_locale":"en_US","og_type":"article","og_title":"CURSO DE SOCIOLOGIA FAMILIAR - Siglo 21","og_description":"excerpt","og_url":"https:\/\/aplv.21.edu.ar\/en\/product\/curso-de-sociologia-familiar\/","og_site_name":"Siglo 21","article_modified_time":"2025-03-10T18:11:19+00:00","twitter_card":"summary_large_image","twitter_misc":{"Est. reading time":"1 minute"},"schema":{"@context":"https:\/\/schema.org","@graph":[{"@type":"WebPage","@id":"https:\/\/aplv.21.edu.ar\/en\/product\/curso-de-sociologia-familiar\/","url":"https:\/\/aplv.21.edu.ar\/en\/product\/curso-de-sociologia-familiar\/","name":"CURSO DE SOCIOLOGIA FAMILIAR - Siglo 21","isPartOf":{"@id":"https:\/\/aplv.21.edu.ar\/#website"},"datePublished":"2024-08-30T20:17:01+00:00","dateModified":"2025-03-10T18:11:19+00:00","breadcrumb":{"@id":"https:\/\/aplv.21.edu.ar\/en\/product\/curso-de-sociologia-familiar\/#breadcrumb"},"inLanguage":"en-US","potentialAction":[{"@type":"ReadAction","target":["https:\/\/aplv.21.edu.ar\/en\/product\/curso-de-sociologia-familiar\/"]}]},{"@type":"BreadcrumbList","@id":"https:\/\/aplv.21.edu.ar\/en\/product\/curso-de-sociologia-familiar\/#breadcrumb","itemListElement":[{"@type":"ListItem","position":1,"name":"Home","item":"https:\/\/aplv.21.edu.ar\/"},{"@type":"ListItem","position":2,"name":"Productos","item":"https:\/\/aplv.21.edu.ar\/product\/"},{"@type":"ListItem","position":3,"name":"CURSO DE SOCIOLOGIA FAMILIAR"}]},{"@type":"WebSite","@id":"https:\/\/aplv.21.edu.ar\/#website","url":"https:\/\/aplv.21.edu.ar\/","name":"Siglo 21","description":"Siglo 21","potentialAction":[{"@type":"SearchAction","target":{"@type":"EntryPoint","urlTemplate":"https:\/\/aplv.21.edu.ar\/?s={search_term_string}"},"query-input":"required name=search_term_string"}],"inLanguage":"en-US"}]}},"idiomas":{"en":15870,"es":15869},"_links":{"self":[{"href":"https:\/\/aplv.21.edu.ar\/en\/wp-json\/wp\/v2\/products\/15870"}],"collection":[{"href":"https:\/\/aplv.21.edu.ar\/en\/wp-json\/wp\/v2\/products"}],"about":[{"href":"https:\/\/aplv.21.edu.ar\/en\/wp-json\/wp\/v2\/types\/product"}],"author":[{"embeddable":true,"href":"https:\/\/aplv.21.edu.ar\/en\/wp-json\/wp\/v2\/users\/3"}],"replies":[{"embeddable":true,"href":"https:\/\/aplv.21.edu.ar\/en\/wp-json\/wp\/v2\/comments?post=15870"}],"version-history":[{"count":1,"href":"https:\/\/aplv.21.edu.ar\/en\/wp-json\/wp\/v2\/products\/15870\/revisions"}],"predecessor-version":[{"id":15995,"href":"https:\/\/aplv.21.edu.ar\/en\/wp-json\/wp\/v2\/products\/15870\/revisions\/15995"}],"wp:attachment":[{"href":"https:\/\/aplv.21.edu.ar\/en\/wp-json\/wp\/v2\/media?parent=15870"}],"wp:term":[{"taxonomy":"category","embeddable":true,"href":"https:\/\/aplv.21.edu.ar\/en\/wp-json\/wp\/v2\/categories?post=15870"}],"curies":[{"name":"wp","href":"https:\/\/api.w.org\/{rel}","templated":true}]}}