{"id":15884,"date":"2024-09-04T19:26:29","date_gmt":"2024-09-04T19:26:29","guid":{"rendered":"https:\/\/aplv.21.edu.ar\/?post_type=product&#038;p=15884"},"modified":"2025-03-10T17:21:37","modified_gmt":"2025-03-10T17:21:37","slug":"curso-gestion-del-aseguramiento-de-beneficios-en-proyectos-brm","status":"publish","type":"product","link":"https:\/\/aplv.21.edu.ar\/en\/product\/curso-gestion-del-aseguramiento-de-beneficios-en-proyectos-brm\/","title":{"rendered":"CURSO GESTI\u00d3N DEL ASEGURAMIENTO DE BENEFICIOS EN PROYECTOS (BRM)"},"content":{"rendered":"<p>contenido<\/p>\n","protected":false},"excerpt":{"rendered":"<p>excerpt<\/p>\n","protected":false},"author":3,"featured_media":0,"comment_status":"open","ping_status":"closed","template":"","meta":{"_acf_changed":false,"footnotes":""},"categories":[22],"class_list":["post-15884","product","type-product","status-publish","hentry","category-negocios-y-management-en"],"acf":{"external_id":"2286","precio":"149.970 ","impartido_en":["es"],"hubspot_product_id":"2964593218","imagen_destacada":16010,"header_image":"https:\/\/static.capabiliaserver.com\/frontend\/clients\/aplv\/wp_prod\/wp-content\/uploads\/52b03602-diseno-sin-titulo-23.png","precio_en_cuotas":"","precio_de_lista":"249.950 ","mostrar_form":true,"promocion_vigente":"","duracion_del_curso":"1 mes","tipo_de_programa":"Curso","nivel_del_curso":"B\u00e1sico","modalidad":"Online","dedicacion":"","titulo":"CURSO GESTI\u00d3N DEL ASEGURAMIENTO DE BENEFICIOS EN PROYECTOS (BRM)","contenido":"<p>La gesti\u00f3n de obtenci\u00f3n de beneficios (BRM, Benefits Realization Management) es el proceso por el cual se asegura que los beneficios se identifiquen, definan y vinculen con los resultados estrat\u00e9gicos, se entreguen y materialicen. Busca lograr resultados m\u00e1s exitosos y una mejor alineaci\u00f3n estrat\u00e9gica en la organizaci\u00f3n. Asegura que los objetivos de un portafolio, programa o proyecto sean logrados tal como fueron planificados y sean sustentables. Disminuye el riesgo de obtener resultados que no satisfagan los objetivos perseguidos y\/o que la organizaci\u00f3n no pueda sostenerlos en el futuro. Este curso est\u00e1 basado en las buenas pr\u00e1cticas propuestas por el Project Management Institute (PMI).<\/p>\n","avalado_por":"https:\/\/static.capabiliaserver.com\/frontend\/clients\/aplv\/wp_prod\/wp-content\/uploads\/75f5c34c-microcredenciales.png","pdf_brochure":false,"cursos_que_lo_componen":[{"nombre_del_curso":"GESTI\u00d3N DEL ASEGURAMIENTO DE BENEFICIOS EN PROYECTOS (BRM)","descripcion_del_curso":"<p>M\u00f3dulo1: Introducci\u00f3n a la Gesti\u00f3n de la Obtenci\u00f3n de Beneficios<br \/>\nGesti\u00f3n de la Obtenci\u00f3n de Beneficios y el contexto organizacional (1a. Parte)<br \/>\nM\u00f3dulo2: Gesti\u00f3n de la Obtenci\u00f3n de Beneficios y el contexto organizacional (2a. Parte)<br \/>\nM\u00f3dulo3: El marco de referencia Gesti\u00f3n de la Obtenci\u00f3n de Beneficios<br \/>\nM\u00f3dulo4: Gu\u00eda para la gesti\u00f3n del portafolio, programas y proyectos en el contexto Gesti\u00f3n de la Obtenci\u00f3n de Beneficios<\/p>\n"}],"preguntas_frecuentes":false,"docentes_expertos":false},"yoast_head":"<!-- This site is optimized with the Yoast SEO plugin v23.0 - https:\/\/yoast.com\/wordpress\/plugins\/seo\/ -->\n<title>CURSO GESTI\u00d3N DEL ASEGURAMIENTO DE BENEFICIOS EN PROYECTOS (BRM) - Siglo 21<\/title>\n<meta name=\"robots\" content=\"index, follow, max-snippet:-1, max-image-preview:large, max-video-preview:-1\" \/>\n<link rel=\"canonical\" href=\"https:\/\/aplv.21.edu.ar\/en\/product\/curso-gestion-del-aseguramiento-de-beneficios-en-proyectos-brm\/\" \/>\n<meta property=\"og:locale\" content=\"en_US\" \/>\n<meta property=\"og:type\" content=\"article\" \/>\n<meta property=\"og:title\" content=\"CURSO GESTI\u00d3N DEL ASEGURAMIENTO DE BENEFICIOS EN PROYECTOS (BRM) - Siglo 21\" \/>\n<meta property=\"og:description\" content=\"excerpt\" \/>\n<meta property=\"og:url\" content=\"https:\/\/aplv.21.edu.ar\/en\/product\/curso-gestion-del-aseguramiento-de-beneficios-en-proyectos-brm\/\" \/>\n<meta property=\"og:site_name\" content=\"Siglo 21\" \/>\n<meta property=\"article:modified_time\" content=\"2025-03-10T17:21:37+00:00\" \/>\n<meta name=\"twitter:card\" content=\"summary_large_image\" \/>\n<meta name=\"twitter:label1\" content=\"Est. reading time\" \/>\n\t<meta name=\"twitter:data1\" content=\"1 minute\" \/>\n<script type=\"application\/ld+json\" class=\"yoast-schema-graph\">{\"@context\":\"https:\/\/schema.org\",\"@graph\":[{\"@type\":\"WebPage\",\"@id\":\"https:\/\/aplv.21.edu.ar\/en\/product\/curso-gestion-del-aseguramiento-de-beneficios-en-proyectos-brm\/\",\"url\":\"https:\/\/aplv.21.edu.ar\/en\/product\/curso-gestion-del-aseguramiento-de-beneficios-en-proyectos-brm\/\",\"name\":\"CURSO GESTI\u00d3N DEL ASEGURAMIENTO DE BENEFICIOS EN PROYECTOS (BRM) - Siglo 21\",\"isPartOf\":{\"@id\":\"https:\/\/aplv.21.edu.ar\/#website\"},\"datePublished\":\"2024-09-04T19:26:29+00:00\",\"dateModified\":\"2025-03-10T17:21:37+00:00\",\"breadcrumb\":{\"@id\":\"https:\/\/aplv.21.edu.ar\/en\/product\/curso-gestion-del-aseguramiento-de-beneficios-en-proyectos-brm\/#breadcrumb\"},\"inLanguage\":\"en-US\",\"potentialAction\":[{\"@type\":\"ReadAction\",\"target\":[\"https:\/\/aplv.21.edu.ar\/en\/product\/curso-gestion-del-aseguramiento-de-beneficios-en-proyectos-brm\/\"]}]},{\"@type\":\"BreadcrumbList\",\"@id\":\"https:\/\/aplv.21.edu.ar\/en\/product\/curso-gestion-del-aseguramiento-de-beneficios-en-proyectos-brm\/#breadcrumb\",\"itemListElement\":[{\"@type\":\"ListItem\",\"position\":1,\"name\":\"Home\",\"item\":\"https:\/\/aplv.21.edu.ar\/\"},{\"@type\":\"ListItem\",\"position\":2,\"name\":\"Productos\",\"item\":\"https:\/\/aplv.21.edu.ar\/product\/\"},{\"@type\":\"ListItem\",\"position\":3,\"name\":\"CURSO GESTI\u00d3N DEL ASEGURAMIENTO DE BENEFICIOS EN PROYECTOS (BRM)\"}]},{\"@type\":\"WebSite\",\"@id\":\"https:\/\/aplv.21.edu.ar\/#website\",\"url\":\"https:\/\/aplv.21.edu.ar\/\",\"name\":\"Siglo 21\",\"description\":\"Siglo 21\",\"potentialAction\":[{\"@type\":\"SearchAction\",\"target\":{\"@type\":\"EntryPoint\",\"urlTemplate\":\"https:\/\/aplv.21.edu.ar\/?s={search_term_string}\"},\"query-input\":\"required name=search_term_string\"}],\"inLanguage\":\"en-US\"}]}<\/script>\n<!-- \/ Yoast SEO plugin. -->","yoast_head_json":{"title":"CURSO GESTI\u00d3N DEL ASEGURAMIENTO DE BENEFICIOS EN PROYECTOS (BRM) - Siglo 21","robots":{"index":"index","follow":"follow","max-snippet":"max-snippet:-1","max-image-preview":"max-image-preview:large","max-video-preview":"max-video-preview:-1"},"canonical":"https:\/\/aplv.21.edu.ar\/en\/product\/curso-gestion-del-aseguramiento-de-beneficios-en-proyectos-brm\/","og_locale":"en_US","og_type":"article","og_title":"CURSO GESTI\u00d3N DEL ASEGURAMIENTO DE BENEFICIOS EN PROYECTOS (BRM) - Siglo 21","og_description":"excerpt","og_url":"https:\/\/aplv.21.edu.ar\/en\/product\/curso-gestion-del-aseguramiento-de-beneficios-en-proyectos-brm\/","og_site_name":"Siglo 21","article_modified_time":"2025-03-10T17:21:37+00:00","twitter_card":"summary_large_image","twitter_misc":{"Est. reading time":"1 minute"},"schema":{"@context":"https:\/\/schema.org","@graph":[{"@type":"WebPage","@id":"https:\/\/aplv.21.edu.ar\/en\/product\/curso-gestion-del-aseguramiento-de-beneficios-en-proyectos-brm\/","url":"https:\/\/aplv.21.edu.ar\/en\/product\/curso-gestion-del-aseguramiento-de-beneficios-en-proyectos-brm\/","name":"CURSO GESTI\u00d3N DEL ASEGURAMIENTO DE BENEFICIOS EN PROYECTOS (BRM) - Siglo 21","isPartOf":{"@id":"https:\/\/aplv.21.edu.ar\/#website"},"datePublished":"2024-09-04T19:26:29+00:00","dateModified":"2025-03-10T17:21:37+00:00","breadcrumb":{"@id":"https:\/\/aplv.21.edu.ar\/en\/product\/curso-gestion-del-aseguramiento-de-beneficios-en-proyectos-brm\/#breadcrumb"},"inLanguage":"en-US","potentialAction":[{"@type":"ReadAction","target":["https:\/\/aplv.21.edu.ar\/en\/product\/curso-gestion-del-aseguramiento-de-beneficios-en-proyectos-brm\/"]}]},{"@type":"BreadcrumbList","@id":"https:\/\/aplv.21.edu.ar\/en\/product\/curso-gestion-del-aseguramiento-de-beneficios-en-proyectos-brm\/#breadcrumb","itemListElement":[{"@type":"ListItem","position":1,"name":"Home","item":"https:\/\/aplv.21.edu.ar\/"},{"@type":"ListItem","position":2,"name":"Productos","item":"https:\/\/aplv.21.edu.ar\/product\/"},{"@type":"ListItem","position":3,"name":"CURSO GESTI\u00d3N DEL ASEGURAMIENTO DE BENEFICIOS EN PROYECTOS (BRM)"}]},{"@type":"WebSite","@id":"https:\/\/aplv.21.edu.ar\/#website","url":"https:\/\/aplv.21.edu.ar\/","name":"Siglo 21","description":"Siglo 21","potentialAction":[{"@type":"SearchAction","target":{"@type":"EntryPoint","urlTemplate":"https:\/\/aplv.21.edu.ar\/?s={search_term_string}"},"query-input":"required name=search_term_string"}],"inLanguage":"en-US"}]}},"idiomas":{"en":15884,"es":15883},"_links":{"self":[{"href":"https:\/\/aplv.21.edu.ar\/en\/wp-json\/wp\/v2\/products\/15884"}],"collection":[{"href":"https:\/\/aplv.21.edu.ar\/en\/wp-json\/wp\/v2\/products"}],"about":[{"href":"https:\/\/aplv.21.edu.ar\/en\/wp-json\/wp\/v2\/types\/product"}],"author":[{"embeddable":true,"href":"https:\/\/aplv.21.edu.ar\/en\/wp-json\/wp\/v2\/users\/3"}],"replies":[{"embeddable":true,"href":"https:\/\/aplv.21.edu.ar\/en\/wp-json\/wp\/v2\/comments?post=15884"}],"version-history":[{"count":1,"href":"https:\/\/aplv.21.edu.ar\/en\/wp-json\/wp\/v2\/products\/15884\/revisions"}],"predecessor-version":[{"id":16016,"href":"https:\/\/aplv.21.edu.ar\/en\/wp-json\/wp\/v2\/products\/15884\/revisions\/16016"}],"wp:attachment":[{"href":"https:\/\/aplv.21.edu.ar\/en\/wp-json\/wp\/v2\/media?parent=15884"}],"wp:term":[{"taxonomy":"category","embeddable":true,"href":"https:\/\/aplv.21.edu.ar\/en\/wp-json\/wp\/v2\/categories?post=15884"}],"curies":[{"name":"wp","href":"https:\/\/api.w.org\/{rel}","templated":true}]}}