{"id":16268,"date":"2024-09-23T18:38:24","date_gmt":"2024-09-23T18:38:24","guid":{"rendered":"https:\/\/aplv.21.edu.ar\/?post_type=product&#038;p=16268"},"modified":"2025-03-10T18:16:24","modified_gmt":"2025-03-10T18:16:24","slug":"curso-en-branding","status":"publish","type":"product","link":"https:\/\/aplv.21.edu.ar\/en\/product\/curso-en-branding\/","title":{"rendered":"CURSO EN BRANDING"},"content":{"rendered":"<p>contenido<\/p>\n","protected":false},"excerpt":{"rendered":"<p>excerpt<\/p>\n","protected":false},"author":3,"featured_media":0,"comment_status":"open","ping_status":"closed","template":"","meta":{"_acf_changed":false,"footnotes":""},"categories":[22],"class_list":["post-16268","product","type-product","status-publish","hentry","category-negocios-y-management-en"],"acf":{"external_id":"2298","precio":"149.970 ","impartido_en":["es"],"hubspot_product_id":"3263562821","imagen_destacada":16402,"header_image":"https:\/\/static.capabiliaserver.com\/frontend\/clients\/aplv\/wp_prod\/wp-content\/uploads\/7db2b735-diseno-sin-titulo-8.png","precio_en_cuotas":"","precio_de_lista":"249.950 ","mostrar_form":false,"promocion_vigente":"","duracion_del_curso":"1 Mes","tipo_de_programa":"Curso","nivel_del_curso":"B\u00e1sico","modalidad":"Online","dedicacion":"","titulo":"CURSO EN BRANDING","contenido":"<p><span data-sheets-root=\"1\">Las marcas son los principales activos de las empresas. En una situaci\u00f3n competitiva cada vez m\u00e1s complicada con mercados atestados de una innumerable cantidad de productos y servicios, la creaci\u00f3n y gesti\u00f3n de las marcas (branding) es una herramienta fundamental para evitar la comoditizaci\u00f3n y generar un diferencial sobre los competidores, al mismo tiempo que se agrega valor a los accionistas.<br \/>\nNo es casualidad que las empresas que m\u00e1s prosperan y perduran y que mayor rentabilidad generan son aquellas que cuentan con marcas fuertes y con un s\u00f3lido posicionamiento. Lograr un elevado capital de marca no es producto de la casualidad, sino que es el resultado de llevar a cabo un plan sistem\u00e1tico, perdurable en el tiempo, con el compromiso de la direcci\u00f3n e integrado perfectamente al plan estrat\u00e9gico de la empresa. <\/span><\/p>\n","avalado_por":"https:\/\/static.capabiliaserver.com\/frontend\/clients\/aplv\/wp_prod\/wp-content\/uploads\/75f5c34c-microcredenciales.png","pdf_brochure":false,"cursos_que_lo_componen":[{"nombre_del_curso":"MATERIA 1: BRANDING ","descripcion_del_curso":"<p>M\u00f3dulo 1: Conceptos fundamentales del branding<br \/>\nM\u00f3dulo 2: Posicionamiento y construcci\u00f3n de marcas<br \/>\nM\u00f3dulo 3: Gesti\u00f3n y desarrollo de la marca<br \/>\nM\u00f3dulo 4: Gesti\u00f3n y desarrollo de las marcas<\/p>\n"}],"preguntas_frecuentes":false,"docentes_expertos":false},"yoast_head":"<!-- This site is optimized with the Yoast SEO plugin v23.0 - https:\/\/yoast.com\/wordpress\/plugins\/seo\/ -->\n<title>CURSO EN BRANDING - Siglo 21<\/title>\n<meta name=\"robots\" content=\"index, follow, max-snippet:-1, max-image-preview:large, max-video-preview:-1\" \/>\n<link rel=\"canonical\" href=\"https:\/\/aplv.21.edu.ar\/en\/product\/curso-en-branding\/\" \/>\n<meta property=\"og:locale\" content=\"en_US\" \/>\n<meta property=\"og:type\" content=\"article\" \/>\n<meta property=\"og:title\" content=\"CURSO EN BRANDING - Siglo 21\" \/>\n<meta property=\"og:description\" content=\"excerpt\" \/>\n<meta property=\"og:url\" content=\"https:\/\/aplv.21.edu.ar\/en\/product\/curso-en-branding\/\" \/>\n<meta property=\"og:site_name\" content=\"Siglo 21\" \/>\n<meta property=\"article:modified_time\" content=\"2025-03-10T18:16:24+00:00\" \/>\n<meta name=\"twitter:card\" content=\"summary_large_image\" \/>\n<meta name=\"twitter:label1\" content=\"Est. reading time\" \/>\n\t<meta name=\"twitter:data1\" content=\"1 minute\" \/>\n<script type=\"application\/ld+json\" class=\"yoast-schema-graph\">{\"@context\":\"https:\/\/schema.org\",\"@graph\":[{\"@type\":\"WebPage\",\"@id\":\"https:\/\/aplv.21.edu.ar\/en\/product\/curso-en-branding\/\",\"url\":\"https:\/\/aplv.21.edu.ar\/en\/product\/curso-en-branding\/\",\"name\":\"CURSO EN BRANDING - Siglo 21\",\"isPartOf\":{\"@id\":\"https:\/\/aplv.21.edu.ar\/#website\"},\"datePublished\":\"2024-09-23T18:38:24+00:00\",\"dateModified\":\"2025-03-10T18:16:24+00:00\",\"breadcrumb\":{\"@id\":\"https:\/\/aplv.21.edu.ar\/en\/product\/curso-en-branding\/#breadcrumb\"},\"inLanguage\":\"en-US\",\"potentialAction\":[{\"@type\":\"ReadAction\",\"target\":[\"https:\/\/aplv.21.edu.ar\/en\/product\/curso-en-branding\/\"]}]},{\"@type\":\"BreadcrumbList\",\"@id\":\"https:\/\/aplv.21.edu.ar\/en\/product\/curso-en-branding\/#breadcrumb\",\"itemListElement\":[{\"@type\":\"ListItem\",\"position\":1,\"name\":\"Home\",\"item\":\"https:\/\/aplv.21.edu.ar\/\"},{\"@type\":\"ListItem\",\"position\":2,\"name\":\"Productos\",\"item\":\"https:\/\/aplv.21.edu.ar\/product\/\"},{\"@type\":\"ListItem\",\"position\":3,\"name\":\"CURSO EN BRANDING\"}]},{\"@type\":\"WebSite\",\"@id\":\"https:\/\/aplv.21.edu.ar\/#website\",\"url\":\"https:\/\/aplv.21.edu.ar\/\",\"name\":\"Siglo 21\",\"description\":\"Siglo 21\",\"potentialAction\":[{\"@type\":\"SearchAction\",\"target\":{\"@type\":\"EntryPoint\",\"urlTemplate\":\"https:\/\/aplv.21.edu.ar\/?s={search_term_string}\"},\"query-input\":\"required name=search_term_string\"}],\"inLanguage\":\"en-US\"}]}<\/script>\n<!-- \/ Yoast SEO plugin. -->","yoast_head_json":{"title":"CURSO EN BRANDING - Siglo 21","robots":{"index":"index","follow":"follow","max-snippet":"max-snippet:-1","max-image-preview":"max-image-preview:large","max-video-preview":"max-video-preview:-1"},"canonical":"https:\/\/aplv.21.edu.ar\/en\/product\/curso-en-branding\/","og_locale":"en_US","og_type":"article","og_title":"CURSO EN BRANDING - Siglo 21","og_description":"excerpt","og_url":"https:\/\/aplv.21.edu.ar\/en\/product\/curso-en-branding\/","og_site_name":"Siglo 21","article_modified_time":"2025-03-10T18:16:24+00:00","twitter_card":"summary_large_image","twitter_misc":{"Est. reading time":"1 minute"},"schema":{"@context":"https:\/\/schema.org","@graph":[{"@type":"WebPage","@id":"https:\/\/aplv.21.edu.ar\/en\/product\/curso-en-branding\/","url":"https:\/\/aplv.21.edu.ar\/en\/product\/curso-en-branding\/","name":"CURSO EN BRANDING - Siglo 21","isPartOf":{"@id":"https:\/\/aplv.21.edu.ar\/#website"},"datePublished":"2024-09-23T18:38:24+00:00","dateModified":"2025-03-10T18:16:24+00:00","breadcrumb":{"@id":"https:\/\/aplv.21.edu.ar\/en\/product\/curso-en-branding\/#breadcrumb"},"inLanguage":"en-US","potentialAction":[{"@type":"ReadAction","target":["https:\/\/aplv.21.edu.ar\/en\/product\/curso-en-branding\/"]}]},{"@type":"BreadcrumbList","@id":"https:\/\/aplv.21.edu.ar\/en\/product\/curso-en-branding\/#breadcrumb","itemListElement":[{"@type":"ListItem","position":1,"name":"Home","item":"https:\/\/aplv.21.edu.ar\/"},{"@type":"ListItem","position":2,"name":"Productos","item":"https:\/\/aplv.21.edu.ar\/product\/"},{"@type":"ListItem","position":3,"name":"CURSO EN BRANDING"}]},{"@type":"WebSite","@id":"https:\/\/aplv.21.edu.ar\/#website","url":"https:\/\/aplv.21.edu.ar\/","name":"Siglo 21","description":"Siglo 21","potentialAction":[{"@type":"SearchAction","target":{"@type":"EntryPoint","urlTemplate":"https:\/\/aplv.21.edu.ar\/?s={search_term_string}"},"query-input":"required name=search_term_string"}],"inLanguage":"en-US"}]}},"idiomas":{"en":16268,"es":16267},"_links":{"self":[{"href":"https:\/\/aplv.21.edu.ar\/en\/wp-json\/wp\/v2\/products\/16268"}],"collection":[{"href":"https:\/\/aplv.21.edu.ar\/en\/wp-json\/wp\/v2\/products"}],"about":[{"href":"https:\/\/aplv.21.edu.ar\/en\/wp-json\/wp\/v2\/types\/product"}],"author":[{"embeddable":true,"href":"https:\/\/aplv.21.edu.ar\/en\/wp-json\/wp\/v2\/users\/3"}],"replies":[{"embeddable":true,"href":"https:\/\/aplv.21.edu.ar\/en\/wp-json\/wp\/v2\/comments?post=16268"}],"version-history":[{"count":1,"href":"https:\/\/aplv.21.edu.ar\/en\/wp-json\/wp\/v2\/products\/16268\/revisions"}],"predecessor-version":[{"id":16405,"href":"https:\/\/aplv.21.edu.ar\/en\/wp-json\/wp\/v2\/products\/16268\/revisions\/16405"}],"wp:attachment":[{"href":"https:\/\/aplv.21.edu.ar\/en\/wp-json\/wp\/v2\/media?parent=16268"}],"wp:term":[{"taxonomy":"category","embeddable":true,"href":"https:\/\/aplv.21.edu.ar\/en\/wp-json\/wp\/v2\/categories?post=16268"}],"curies":[{"name":"wp","href":"https:\/\/api.w.org\/{rel}","templated":true}]}}