{"id":16272,"date":"2024-09-23T18:35:10","date_gmt":"2024-09-23T18:35:10","guid":{"rendered":"https:\/\/aplv.21.edu.ar\/?post_type=product&#038;p=16272"},"modified":"2025-03-10T18:21:03","modified_gmt":"2025-03-10T18:21:03","slug":"curso-en-derecho-de-las-relaciones-familiares","status":"publish","type":"product","link":"https:\/\/aplv.21.edu.ar\/en\/product\/curso-en-derecho-de-las-relaciones-familiares\/","title":{"rendered":"CURSO EN DERECHO DE LAS RELACIONES FAMILIARES"},"content":{"rendered":"<p>contenido<\/p>\n","protected":false},"excerpt":{"rendered":"<p>excerpt<\/p>\n","protected":false},"author":3,"featured_media":0,"comment_status":"open","ping_status":"closed","template":"","meta":{"_acf_changed":false,"footnotes":""},"categories":[22],"class_list":["post-16272","product","type-product","status-publish","hentry","category-negocios-y-management-en"],"acf":{"external_id":"2300","precio":"149.970 ","impartido_en":["es"],"hubspot_product_id":"3259204359","imagen_destacada":16425,"header_image":"https:\/\/static.capabiliaserver.com\/frontend\/clients\/aplv\/wp_prod\/wp-content\/uploads\/7f8fe887-diseno-sin-titulo-14-1.png","precio_en_cuotas":"","precio_de_lista":"249.950 ","mostrar_form":false,"promocion_vigente":"","duracion_del_curso":"1 Mes","tipo_de_programa":"Curso","nivel_del_curso":"B\u00e1sico","modalidad":"Online","dedicacion":"","titulo":"CURSO EN DERECHO DE LAS RELACIONES FAMILIARES","contenido":"<p><span data-sheets-root=\"1\">Actualmente, la familia cl\u00e1sica con base en el matrimonio comparte espacio con otros n\u00facleos sociales que tambi\u00e9n constituyen familia, como las fundadas a partir de una uni\u00f3n convivencial. La autonom\u00eda de la voluntad est\u00e1 presente en el derecho de familia, en el principio de libertad de los c\u00f3nyuges en la construcci\u00f3n, vida y ruptura matrimonial.<br \/>\n<\/span><\/p>\n","avalado_por":"https:\/\/static.capabiliaserver.com\/frontend\/clients\/aplv\/wp_prod\/wp-content\/uploads\/eb58a284-microcredenciales.png","pdf_brochure":false,"cursos_que_lo_componen":[{"nombre_del_curso":"MATERIA: RELACIONES FAMILIARES, CONYUGALES Y CONVIVENCIALES ","descripcion_del_curso":"<p>M\u00f3dulo 1: Derecho matrimonial<br \/>\nM\u00f3dulo 2: R\u00e9gimen patrimonial \u2013 matrimonial<br \/>\nM\u00f3dulo 3: Disoluci\u00f3n y nulidad del v\u00ednculo matrimonial<br \/>\nM\u00f3dulo 4: Uniones convivenciales<\/p>\n"}],"preguntas_frecuentes":false,"docentes_expertos":false},"yoast_head":"<!-- This site is optimized with the Yoast SEO plugin v23.0 - https:\/\/yoast.com\/wordpress\/plugins\/seo\/ -->\n<title>CURSO EN DERECHO DE LAS RELACIONES FAMILIARES - Siglo 21<\/title>\n<meta name=\"robots\" content=\"index, follow, max-snippet:-1, max-image-preview:large, max-video-preview:-1\" \/>\n<link rel=\"canonical\" href=\"https:\/\/aplv.21.edu.ar\/en\/product\/curso-en-derecho-de-las-relaciones-familiares\/\" \/>\n<meta property=\"og:locale\" content=\"en_US\" \/>\n<meta property=\"og:type\" content=\"article\" \/>\n<meta property=\"og:title\" content=\"CURSO EN DERECHO DE LAS RELACIONES FAMILIARES - Siglo 21\" \/>\n<meta property=\"og:description\" content=\"excerpt\" \/>\n<meta property=\"og:url\" content=\"https:\/\/aplv.21.edu.ar\/en\/product\/curso-en-derecho-de-las-relaciones-familiares\/\" \/>\n<meta property=\"og:site_name\" content=\"Siglo 21\" \/>\n<meta property=\"article:modified_time\" content=\"2025-03-10T18:21:03+00:00\" \/>\n<meta name=\"twitter:card\" content=\"summary_large_image\" \/>\n<meta name=\"twitter:label1\" content=\"Est. reading time\" \/>\n\t<meta name=\"twitter:data1\" content=\"1 minute\" \/>\n<script type=\"application\/ld+json\" class=\"yoast-schema-graph\">{\"@context\":\"https:\/\/schema.org\",\"@graph\":[{\"@type\":\"WebPage\",\"@id\":\"https:\/\/aplv.21.edu.ar\/en\/product\/curso-en-derecho-de-las-relaciones-familiares\/\",\"url\":\"https:\/\/aplv.21.edu.ar\/en\/product\/curso-en-derecho-de-las-relaciones-familiares\/\",\"name\":\"CURSO EN DERECHO DE LAS RELACIONES FAMILIARES - Siglo 21\",\"isPartOf\":{\"@id\":\"https:\/\/aplv.21.edu.ar\/#website\"},\"datePublished\":\"2024-09-23T18:35:10+00:00\",\"dateModified\":\"2025-03-10T18:21:03+00:00\",\"breadcrumb\":{\"@id\":\"https:\/\/aplv.21.edu.ar\/en\/product\/curso-en-derecho-de-las-relaciones-familiares\/#breadcrumb\"},\"inLanguage\":\"en-US\",\"potentialAction\":[{\"@type\":\"ReadAction\",\"target\":[\"https:\/\/aplv.21.edu.ar\/en\/product\/curso-en-derecho-de-las-relaciones-familiares\/\"]}]},{\"@type\":\"BreadcrumbList\",\"@id\":\"https:\/\/aplv.21.edu.ar\/en\/product\/curso-en-derecho-de-las-relaciones-familiares\/#breadcrumb\",\"itemListElement\":[{\"@type\":\"ListItem\",\"position\":1,\"name\":\"Home\",\"item\":\"https:\/\/aplv.21.edu.ar\/\"},{\"@type\":\"ListItem\",\"position\":2,\"name\":\"Productos\",\"item\":\"https:\/\/aplv.21.edu.ar\/product\/\"},{\"@type\":\"ListItem\",\"position\":3,\"name\":\"CURSO EN DERECHO DE LAS RELACIONES FAMILIARES\"}]},{\"@type\":\"WebSite\",\"@id\":\"https:\/\/aplv.21.edu.ar\/#website\",\"url\":\"https:\/\/aplv.21.edu.ar\/\",\"name\":\"Siglo 21\",\"description\":\"Siglo 21\",\"potentialAction\":[{\"@type\":\"SearchAction\",\"target\":{\"@type\":\"EntryPoint\",\"urlTemplate\":\"https:\/\/aplv.21.edu.ar\/?s={search_term_string}\"},\"query-input\":\"required name=search_term_string\"}],\"inLanguage\":\"en-US\"}]}<\/script>\n<!-- \/ Yoast SEO plugin. -->","yoast_head_json":{"title":"CURSO EN DERECHO DE LAS RELACIONES FAMILIARES - Siglo 21","robots":{"index":"index","follow":"follow","max-snippet":"max-snippet:-1","max-image-preview":"max-image-preview:large","max-video-preview":"max-video-preview:-1"},"canonical":"https:\/\/aplv.21.edu.ar\/en\/product\/curso-en-derecho-de-las-relaciones-familiares\/","og_locale":"en_US","og_type":"article","og_title":"CURSO EN DERECHO DE LAS RELACIONES FAMILIARES - Siglo 21","og_description":"excerpt","og_url":"https:\/\/aplv.21.edu.ar\/en\/product\/curso-en-derecho-de-las-relaciones-familiares\/","og_site_name":"Siglo 21","article_modified_time":"2025-03-10T18:21:03+00:00","twitter_card":"summary_large_image","twitter_misc":{"Est. reading time":"1 minute"},"schema":{"@context":"https:\/\/schema.org","@graph":[{"@type":"WebPage","@id":"https:\/\/aplv.21.edu.ar\/en\/product\/curso-en-derecho-de-las-relaciones-familiares\/","url":"https:\/\/aplv.21.edu.ar\/en\/product\/curso-en-derecho-de-las-relaciones-familiares\/","name":"CURSO EN DERECHO DE LAS RELACIONES FAMILIARES - Siglo 21","isPartOf":{"@id":"https:\/\/aplv.21.edu.ar\/#website"},"datePublished":"2024-09-23T18:35:10+00:00","dateModified":"2025-03-10T18:21:03+00:00","breadcrumb":{"@id":"https:\/\/aplv.21.edu.ar\/en\/product\/curso-en-derecho-de-las-relaciones-familiares\/#breadcrumb"},"inLanguage":"en-US","potentialAction":[{"@type":"ReadAction","target":["https:\/\/aplv.21.edu.ar\/en\/product\/curso-en-derecho-de-las-relaciones-familiares\/"]}]},{"@type":"BreadcrumbList","@id":"https:\/\/aplv.21.edu.ar\/en\/product\/curso-en-derecho-de-las-relaciones-familiares\/#breadcrumb","itemListElement":[{"@type":"ListItem","position":1,"name":"Home","item":"https:\/\/aplv.21.edu.ar\/"},{"@type":"ListItem","position":2,"name":"Productos","item":"https:\/\/aplv.21.edu.ar\/product\/"},{"@type":"ListItem","position":3,"name":"CURSO EN DERECHO DE LAS RELACIONES FAMILIARES"}]},{"@type":"WebSite","@id":"https:\/\/aplv.21.edu.ar\/#website","url":"https:\/\/aplv.21.edu.ar\/","name":"Siglo 21","description":"Siglo 21","potentialAction":[{"@type":"SearchAction","target":{"@type":"EntryPoint","urlTemplate":"https:\/\/aplv.21.edu.ar\/?s={search_term_string}"},"query-input":"required name=search_term_string"}],"inLanguage":"en-US"}]}},"idiomas":{"en":16272,"es":16271},"_links":{"self":[{"href":"https:\/\/aplv.21.edu.ar\/en\/wp-json\/wp\/v2\/products\/16272"}],"collection":[{"href":"https:\/\/aplv.21.edu.ar\/en\/wp-json\/wp\/v2\/products"}],"about":[{"href":"https:\/\/aplv.21.edu.ar\/en\/wp-json\/wp\/v2\/types\/product"}],"author":[{"embeddable":true,"href":"https:\/\/aplv.21.edu.ar\/en\/wp-json\/wp\/v2\/users\/3"}],"replies":[{"embeddable":true,"href":"https:\/\/aplv.21.edu.ar\/en\/wp-json\/wp\/v2\/comments?post=16272"}],"version-history":[{"count":1,"href":"https:\/\/aplv.21.edu.ar\/en\/wp-json\/wp\/v2\/products\/16272\/revisions"}],"predecessor-version":[{"id":16428,"href":"https:\/\/aplv.21.edu.ar\/en\/wp-json\/wp\/v2\/products\/16272\/revisions\/16428"}],"wp:attachment":[{"href":"https:\/\/aplv.21.edu.ar\/en\/wp-json\/wp\/v2\/media?parent=16272"}],"wp:term":[{"taxonomy":"category","embeddable":true,"href":"https:\/\/aplv.21.edu.ar\/en\/wp-json\/wp\/v2\/categories?post=16272"}],"curies":[{"name":"wp","href":"https:\/\/api.w.org\/{rel}","templated":true}]}}