{"id":17238,"date":"2024-12-23T12:49:38","date_gmt":"2024-12-23T12:49:38","guid":{"rendered":"https:\/\/aplv.21.edu.ar\/?post_type=product&#038;p=17238"},"modified":"2025-03-10T18:13:12","modified_gmt":"2025-03-10T18:13:12","slug":"curso-de-telerehabilitacion","status":"publish","type":"product","link":"https:\/\/aplv.21.edu.ar\/en\/product\/curso-de-telerehabilitacion\/","title":{"rendered":"Curso de Telerehabilitacion"},"content":{"rendered":"<p>contenido<\/p>\n","protected":false},"excerpt":{"rendered":"<p>excerpt<\/p>\n","protected":false},"author":3,"featured_media":0,"comment_status":"open","ping_status":"closed","template":"","meta":{"_acf_changed":false,"footnotes":""},"categories":[22],"class_list":["post-17238","product","type-product","status-publish","hentry","category-negocios-y-management-en"],"acf":{"external_id":"2347","precio":"149.970 ","impartido_en":["es"],"hubspot_product_id":"16042001928","imagen_destacada":17639,"header_image":"https:\/\/static.capabiliaserver.com\/frontend\/clients\/aplv\/wp_prod\/wp-content\/uploads\/66c21f61-diseno-sin-titulo-19.png","precio_en_cuotas":"","precio_de_lista":"249.950 ","mostrar_form":false,"promocion_vigente":"","duracion_del_curso":"1 Mes","tipo_de_programa":"Curso","nivel_del_curso":"B\u00e1sico","modalidad":"Online","dedicacion":"1 Mes","titulo":"Curso de Telerehabilitacion","contenido":"<p>La telerehabilitaci\u00f3n, es considerada una rama de la telesalud, que consiste en un sistema de control o monitoreo de la rehabilitaci\u00f3n a distancia utilizando tecnolog\u00edas de telecomunicaci\u00f3n. Ha sido propuesta como una forma de aumentar la accesibilidad y mejorar la continuidad de la atenci\u00f3n en poblaciones con discapacidades, alejadas geogr\u00e1ficamente y vulnerables, con el potencial ahorro de tiempo y dinero.<\/p>\n<p>Espec\u00edficamente en el \u00e1rea de la terapia f\u00edsica, recientemente se ha discutido sobre los beneficios y limitaciones de una pr\u00e1ctica digital o de telesalud, la que tendr\u00eda como prop\u00f3sito facilitar una prestaci\u00f3n eficaz de servicios de Rehabilitaci\u00f3n o terapia f\u00edsica mediante la mejora del acceso a la atenci\u00f3n.<\/p>\n<p>Tambi\u00e9n se han identificado las condiciones o circunstancias en las cuales puede ejercerse la pr\u00e1ctica digital en terapia f\u00edsica como es en la educaci\u00f3n sobre la condici\u00f3n de salud, promoci\u00f3n de la independencia, prescripci\u00f3n de ejercicio terap\u00e9utico, asesor\u00eda sobre actividad f\u00edsica o plan de ejercicios, y el seguimiento y monitorizaci\u00f3n del progreso de pacientes\/usuarios tratados previamente de manera presencial.<\/p>\n<p>La Telerehabilitaci\u00f3n se impone en nuestro sistema de Salud como una herramienta innovadora en t\u00e9rminos de tecnolog\u00eda, accesibilidad y adherencia a los tratamientos de rehabilitaci\u00f3n integral de las personas, en diferentes \u00e1reas del ejercicio profesional inherentes a la Salud, permitiendo ampliar el campo laborar de los profesionales.<\/p>\n","avalado_por":"https:\/\/static.capabiliaserver.com\/frontend\/clients\/aplv\/wp_prod\/wp-content\/uploads\/75f5c34c-microcredenciales.png","pdf_brochure":false,"cursos_que_lo_componen":[{"nombre_del_curso":"M\u00f3dulo 1: ","descripcion_del_curso":"<p>Introducci\u00f3n a la telerehabilitaci\u00f3n (caracter\u00edsticas, iniciaci\u00f3n la herramienta, \u00e9xitos y fracasos, horizontes)<\/p>\n"},{"nombre_del_curso":"M\u00f3dulo 2:","descripcion_del_curso":"<p>La sesi\u00f3n en Telerehabilitaci\u00f3n (el antes, durante y despu\u00e9s, evaluaci\u00f3n).<\/p>\n"},{"nombre_del_curso":"M\u00f3dulo 3:","descripcion_del_curso":"<p>Aspectos \u00e9ticos (Marketing en Telerehabilitaci\u00f3n, aspectos legales y seguridad).<\/p>\n"},{"nombre_del_curso":"M\u00f3dulo 4:","descripcion_del_curso":"<p>An\u00e1lisis y conclusiones<\/p>\n"}],"preguntas_frecuentes":false,"docentes_expertos":false},"yoast_head":"<!-- This site is optimized with the Yoast SEO plugin v23.0 - https:\/\/yoast.com\/wordpress\/plugins\/seo\/ -->\n<title>Curso de Telerehabilitacion - Siglo 21<\/title>\n<meta name=\"robots\" content=\"index, follow, max-snippet:-1, max-image-preview:large, max-video-preview:-1\" \/>\n<link rel=\"canonical\" href=\"https:\/\/aplv.21.edu.ar\/en\/product\/curso-de-telerehabilitacion\/\" \/>\n<meta property=\"og:locale\" content=\"en_US\" \/>\n<meta property=\"og:type\" content=\"article\" \/>\n<meta property=\"og:title\" content=\"Curso de Telerehabilitacion - Siglo 21\" \/>\n<meta property=\"og:description\" content=\"excerpt\" \/>\n<meta property=\"og:url\" content=\"https:\/\/aplv.21.edu.ar\/en\/product\/curso-de-telerehabilitacion\/\" \/>\n<meta property=\"og:site_name\" content=\"Siglo 21\" \/>\n<meta property=\"article:modified_time\" content=\"2025-03-10T18:13:12+00:00\" \/>\n<meta name=\"twitter:card\" content=\"summary_large_image\" \/>\n<meta name=\"twitter:label1\" content=\"Est. reading time\" \/>\n\t<meta name=\"twitter:data1\" content=\"1 minute\" \/>\n<script type=\"application\/ld+json\" class=\"yoast-schema-graph\">{\"@context\":\"https:\/\/schema.org\",\"@graph\":[{\"@type\":\"WebPage\",\"@id\":\"https:\/\/aplv.21.edu.ar\/en\/product\/curso-de-telerehabilitacion\/\",\"url\":\"https:\/\/aplv.21.edu.ar\/en\/product\/curso-de-telerehabilitacion\/\",\"name\":\"Curso de Telerehabilitacion - Siglo 21\",\"isPartOf\":{\"@id\":\"https:\/\/aplv.21.edu.ar\/#website\"},\"datePublished\":\"2024-12-23T12:49:38+00:00\",\"dateModified\":\"2025-03-10T18:13:12+00:00\",\"breadcrumb\":{\"@id\":\"https:\/\/aplv.21.edu.ar\/en\/product\/curso-de-telerehabilitacion\/#breadcrumb\"},\"inLanguage\":\"en-US\",\"potentialAction\":[{\"@type\":\"ReadAction\",\"target\":[\"https:\/\/aplv.21.edu.ar\/en\/product\/curso-de-telerehabilitacion\/\"]}]},{\"@type\":\"BreadcrumbList\",\"@id\":\"https:\/\/aplv.21.edu.ar\/en\/product\/curso-de-telerehabilitacion\/#breadcrumb\",\"itemListElement\":[{\"@type\":\"ListItem\",\"position\":1,\"name\":\"Home\",\"item\":\"https:\/\/aplv.21.edu.ar\/\"},{\"@type\":\"ListItem\",\"position\":2,\"name\":\"Productos\",\"item\":\"https:\/\/aplv.21.edu.ar\/product\/\"},{\"@type\":\"ListItem\",\"position\":3,\"name\":\"Curso de Telerehabilitacion\"}]},{\"@type\":\"WebSite\",\"@id\":\"https:\/\/aplv.21.edu.ar\/#website\",\"url\":\"https:\/\/aplv.21.edu.ar\/\",\"name\":\"Siglo 21\",\"description\":\"Siglo 21\",\"potentialAction\":[{\"@type\":\"SearchAction\",\"target\":{\"@type\":\"EntryPoint\",\"urlTemplate\":\"https:\/\/aplv.21.edu.ar\/?s={search_term_string}\"},\"query-input\":\"required name=search_term_string\"}],\"inLanguage\":\"en-US\"}]}<\/script>\n<!-- \/ Yoast SEO plugin. -->","yoast_head_json":{"title":"Curso de Telerehabilitacion - Siglo 21","robots":{"index":"index","follow":"follow","max-snippet":"max-snippet:-1","max-image-preview":"max-image-preview:large","max-video-preview":"max-video-preview:-1"},"canonical":"https:\/\/aplv.21.edu.ar\/en\/product\/curso-de-telerehabilitacion\/","og_locale":"en_US","og_type":"article","og_title":"Curso de Telerehabilitacion - Siglo 21","og_description":"excerpt","og_url":"https:\/\/aplv.21.edu.ar\/en\/product\/curso-de-telerehabilitacion\/","og_site_name":"Siglo 21","article_modified_time":"2025-03-10T18:13:12+00:00","twitter_card":"summary_large_image","twitter_misc":{"Est. reading time":"1 minute"},"schema":{"@context":"https:\/\/schema.org","@graph":[{"@type":"WebPage","@id":"https:\/\/aplv.21.edu.ar\/en\/product\/curso-de-telerehabilitacion\/","url":"https:\/\/aplv.21.edu.ar\/en\/product\/curso-de-telerehabilitacion\/","name":"Curso de Telerehabilitacion - Siglo 21","isPartOf":{"@id":"https:\/\/aplv.21.edu.ar\/#website"},"datePublished":"2024-12-23T12:49:38+00:00","dateModified":"2025-03-10T18:13:12+00:00","breadcrumb":{"@id":"https:\/\/aplv.21.edu.ar\/en\/product\/curso-de-telerehabilitacion\/#breadcrumb"},"inLanguage":"en-US","potentialAction":[{"@type":"ReadAction","target":["https:\/\/aplv.21.edu.ar\/en\/product\/curso-de-telerehabilitacion\/"]}]},{"@type":"BreadcrumbList","@id":"https:\/\/aplv.21.edu.ar\/en\/product\/curso-de-telerehabilitacion\/#breadcrumb","itemListElement":[{"@type":"ListItem","position":1,"name":"Home","item":"https:\/\/aplv.21.edu.ar\/"},{"@type":"ListItem","position":2,"name":"Productos","item":"https:\/\/aplv.21.edu.ar\/product\/"},{"@type":"ListItem","position":3,"name":"Curso de Telerehabilitacion"}]},{"@type":"WebSite","@id":"https:\/\/aplv.21.edu.ar\/#website","url":"https:\/\/aplv.21.edu.ar\/","name":"Siglo 21","description":"Siglo 21","potentialAction":[{"@type":"SearchAction","target":{"@type":"EntryPoint","urlTemplate":"https:\/\/aplv.21.edu.ar\/?s={search_term_string}"},"query-input":"required name=search_term_string"}],"inLanguage":"en-US"}]}},"idiomas":{"en":17238,"es":17237},"_links":{"self":[{"href":"https:\/\/aplv.21.edu.ar\/en\/wp-json\/wp\/v2\/products\/17238"}],"collection":[{"href":"https:\/\/aplv.21.edu.ar\/en\/wp-json\/wp\/v2\/products"}],"about":[{"href":"https:\/\/aplv.21.edu.ar\/en\/wp-json\/wp\/v2\/types\/product"}],"author":[{"embeddable":true,"href":"https:\/\/aplv.21.edu.ar\/en\/wp-json\/wp\/v2\/users\/3"}],"replies":[{"embeddable":true,"href":"https:\/\/aplv.21.edu.ar\/en\/wp-json\/wp\/v2\/comments?post=17238"}],"version-history":[{"count":1,"href":"https:\/\/aplv.21.edu.ar\/en\/wp-json\/wp\/v2\/products\/17238\/revisions"}],"predecessor-version":[{"id":17630,"href":"https:\/\/aplv.21.edu.ar\/en\/wp-json\/wp\/v2\/products\/17238\/revisions\/17630"}],"wp:attachment":[{"href":"https:\/\/aplv.21.edu.ar\/en\/wp-json\/wp\/v2\/media?parent=17238"}],"wp:term":[{"taxonomy":"category","embeddable":true,"href":"https:\/\/aplv.21.edu.ar\/en\/wp-json\/wp\/v2\/categories?post=17238"}],"curies":[{"name":"wp","href":"https:\/\/api.w.org\/{rel}","templated":true}]}}