{"id":17806,"date":"2025-01-23T15:43:55","date_gmt":"2025-01-23T15:43:55","guid":{"rendered":"https:\/\/aplv.21.edu.ar\/?post_type=product&#038;p=17806"},"modified":"2025-02-03T18:56:33","modified_gmt":"2025-02-03T18:56:33","slug":"certificado-auxiliar-en-estetica-integral","status":"publish","type":"product","link":"https:\/\/aplv.21.edu.ar\/en\/product\/certificado-auxiliar-en-estetica-integral\/","title":{"rendered":"CERTIFICADO: AUXILIAR EN EST\u00c9TICA INTEGRAL"},"content":{"rendered":"<p>contenido<\/p>\n","protected":false},"excerpt":{"rendered":"<p>excerpt<\/p>\n","protected":false},"author":3,"featured_media":0,"comment_status":"open","ping_status":"closed","template":"","meta":{"_acf_changed":false,"footnotes":""},"categories":[22],"class_list":["post-17806","product","type-product","status-publish","hentry","category-negocios-y-management-en"],"acf":{"external_id":"2353","precio":"536.757 ","impartido_en":["es","en"],"hubspot_product_id":"17867203591","imagen_destacada":18206,"header_image":"https:\/\/static.capabiliaserver.com\/frontend\/clients\/aplv\/wp_prod\/wp-content\/uploads\/fecf2a1f-aplv-header-1920-x-940-10.png","precio_en_cuotas":"4 Cuotas de $179.517,5","precio_de_lista":"825.780 ","mostrar_form":false,"promocion_vigente":"","duracion_del_curso":"4 Meses","tipo_de_programa":"Certificado","nivel_del_curso":"B\u00e1sico","modalidad":"Online","dedicacion":"","titulo":"CERTIFICADO: AUXILIAR EN EST\u00c9TICA INTEGRAL","contenido":"<p>El cuidado personal es un fen\u00f3meno que se encuentra en continuo avance, hoy las personas se ocupan de verse bien y sentirse mejor de esta manera pudiendo sobrellevar adversidades de una manera m\u00e1s integral y acudiendo a diferentes alternativas tanto naturales como artificiales para su propio cuidado y bienestar. Tanto profesionales de la salud como aquellas personas que deciden auto cuidarse consumen productos de est\u00e9tica integral queriendo adquirir cada vez m\u00e1s conocimientos certeros que proporcionen resultados solidos y duraderos.<\/p>\n<p>Este es un fen\u00f3meno social que va en aumento y afecta a todos los sectores de la sociedad. Dise\u00f1ar nuevas formas de atenci\u00f3n, cuidados y recursos para ser parte de un equipo asistiendo a este sector de la poblaci\u00f3n es un objetivo que buscan cada vez los sectores de la salud mejorando as\u00ed la calidad de vida de las personas y por tanto de su entorno tambi\u00e9n.<\/p>\n<p>Con la Certificaci\u00f3n en Auxiliar de Est\u00e9tica Integral podr\u00e1s adquirir conocimientos, competencias y habilidades para desempe\u00f1o personal y laboral, siendo parte de un equipo de Salud, incorporando conocimientos de salud y belleza de manera gradual y seg\u00fan cada objetivo y nivel profesional que tengas, dise\u00f1ando intervenciones que de acuerdo con tus preferencias, necesidades y proyecto de vida para que las personas puedan vivir de forma plena esta etapa del ciclo vital. Ayudando as\u00ed a tu propio cuidado y pensando a futuro en una nueva salida laboral. Dando los primeros pasos desde aquella persona sin ning\u00fan conocimiento hasta poder luego integrar un equipo de trabajo multidisciplinario del cual va a formar parte como auxiliar.<\/p>\n<p>Abordando tanto terapias faciales como corporales, incorporando nuevas pr\u00e1cticas de manera gradual y paulatina, permiti\u00e9ndole al interesado lograr conocimientos relacionados acerca de las indicaciones, usos y combinaciones posibles.<\/p>\n","avalado_por":"https:\/\/static.capabiliaserver.com\/frontend\/clients\/aplv\/wp_prod\/wp-content\/uploads\/75f5c34c-microcredenciales.png","pdf_brochure":false,"cursos_que_lo_componen":[{"nombre_del_curso":"MATERIA 1: INTRODUCCI\u00d3N A LA EST\u00c9TICA","descripcion_del_curso":"<p>M\u00f3dulo 1: Primeros pasos<br \/>\nM\u00f3dulo 2: La piel normal<br \/>\nM\u00f3dulo 3: Introducci\u00f3n a la cosmec\u00e9utica<br \/>\nM\u00f3dulo 4: Higiene Facial<\/p>\n"},{"nombre_del_curso":"MATERIA 2: PEELING","descripcion_del_curso":"<p>M\u00f3dulo 1 \u201cIntroducci\u00f3n a peeling\u201d<br \/>\nM\u00f3dulo 2: Cosmec\u00e9uticos 1<br \/>\nM\u00f3dulo 3: Cosmec\u00e9uticos 2<br \/>\nM\u00f3dulo 4: Peeling superficial<\/p>\n"},{"nombre_del_curso":"MATERIA 3: FACIAL Introducci\u00f3n a la aparatolog\u00eda","descripcion_del_curso":"<p>M\u00f3dulo 1: Principios en aparatolog\u00eda facial<br \/>\nM\u00f3dulo 2: Exfoliaci\u00f3n facial<br \/>\nM\u00f3dulo 3: Otras terapias faciales<br \/>\nM\u00f3dulo 4: Alta Frecuencia<\/p>\n"},{"nombre_del_curso":"MATERIA 4: CORPORAL","descripcion_del_curso":"<p>M\u00f3dulo 1 Principios en aparatolog\u00eda corporal<br \/>\nM\u00f3dulo 2 Exfoliaci\u00f3n corporal<br \/>\nM\u00f3dulo 3 Otras terapias corporales<br \/>\nM\u00f3dulo 4 Aparatolog\u00eda y protocolos iniciales<\/p>\n"}],"preguntas_frecuentes":false,"docentes_expertos":[{"foto":"https:\/\/static.capabiliaserver.com\/frontend\/clients\/aplv\/wp_prod\/wp-content\/uploads\/bdabcc16-aplv-240-x-240.png","nombre_del_docente":"Florencia Berardo ","descripcion_del_docente":"M\u00e9dica Est\u00e9tica","enlace":""}]},"yoast_head":"<!-- This site is optimized with the Yoast SEO plugin v23.0 - https:\/\/yoast.com\/wordpress\/plugins\/seo\/ -->\n<title>CERTIFICADO: AUXILIAR EN EST\u00c9TICA INTEGRAL - Siglo 21<\/title>\n<meta name=\"robots\" content=\"index, follow, max-snippet:-1, max-image-preview:large, max-video-preview:-1\" \/>\n<link rel=\"canonical\" href=\"https:\/\/aplv.21.edu.ar\/en\/product\/certificado-auxiliar-en-estetica-integral\/\" \/>\n<meta property=\"og:locale\" content=\"en_US\" \/>\n<meta property=\"og:type\" content=\"article\" \/>\n<meta property=\"og:title\" content=\"CERTIFICADO: AUXILIAR EN EST\u00c9TICA INTEGRAL - Siglo 21\" \/>\n<meta property=\"og:description\" content=\"excerpt\" \/>\n<meta property=\"og:url\" content=\"https:\/\/aplv.21.edu.ar\/en\/product\/certificado-auxiliar-en-estetica-integral\/\" \/>\n<meta property=\"og:site_name\" content=\"Siglo 21\" \/>\n<meta property=\"article:modified_time\" content=\"2025-02-03T18:56:33+00:00\" \/>\n<meta name=\"twitter:card\" content=\"summary_large_image\" \/>\n<meta name=\"twitter:label1\" content=\"Est. reading time\" \/>\n\t<meta name=\"twitter:data1\" content=\"1 minute\" \/>\n<script type=\"application\/ld+json\" class=\"yoast-schema-graph\">{\"@context\":\"https:\/\/schema.org\",\"@graph\":[{\"@type\":\"WebPage\",\"@id\":\"https:\/\/aplv.21.edu.ar\/en\/product\/certificado-auxiliar-en-estetica-integral\/\",\"url\":\"https:\/\/aplv.21.edu.ar\/en\/product\/certificado-auxiliar-en-estetica-integral\/\",\"name\":\"CERTIFICADO: AUXILIAR EN EST\u00c9TICA INTEGRAL - Siglo 21\",\"isPartOf\":{\"@id\":\"https:\/\/aplv.21.edu.ar\/#website\"},\"datePublished\":\"2025-01-23T15:43:55+00:00\",\"dateModified\":\"2025-02-03T18:56:33+00:00\",\"breadcrumb\":{\"@id\":\"https:\/\/aplv.21.edu.ar\/en\/product\/certificado-auxiliar-en-estetica-integral\/#breadcrumb\"},\"inLanguage\":\"en-US\",\"potentialAction\":[{\"@type\":\"ReadAction\",\"target\":[\"https:\/\/aplv.21.edu.ar\/en\/product\/certificado-auxiliar-en-estetica-integral\/\"]}]},{\"@type\":\"BreadcrumbList\",\"@id\":\"https:\/\/aplv.21.edu.ar\/en\/product\/certificado-auxiliar-en-estetica-integral\/#breadcrumb\",\"itemListElement\":[{\"@type\":\"ListItem\",\"position\":1,\"name\":\"Home\",\"item\":\"https:\/\/aplv.21.edu.ar\/\"},{\"@type\":\"ListItem\",\"position\":2,\"name\":\"Productos\",\"item\":\"https:\/\/aplv.21.edu.ar\/product\/\"},{\"@type\":\"ListItem\",\"position\":3,\"name\":\"CERTIFICADO: AUXILIAR EN EST\u00c9TICA INTEGRAL\"}]},{\"@type\":\"WebSite\",\"@id\":\"https:\/\/aplv.21.edu.ar\/#website\",\"url\":\"https:\/\/aplv.21.edu.ar\/\",\"name\":\"Siglo 21\",\"description\":\"Siglo 21\",\"potentialAction\":[{\"@type\":\"SearchAction\",\"target\":{\"@type\":\"EntryPoint\",\"urlTemplate\":\"https:\/\/aplv.21.edu.ar\/?s={search_term_string}\"},\"query-input\":\"required name=search_term_string\"}],\"inLanguage\":\"en-US\"}]}<\/script>\n<!-- \/ Yoast SEO plugin. -->","yoast_head_json":{"title":"CERTIFICADO: AUXILIAR EN EST\u00c9TICA INTEGRAL - Siglo 21","robots":{"index":"index","follow":"follow","max-snippet":"max-snippet:-1","max-image-preview":"max-image-preview:large","max-video-preview":"max-video-preview:-1"},"canonical":"https:\/\/aplv.21.edu.ar\/en\/product\/certificado-auxiliar-en-estetica-integral\/","og_locale":"en_US","og_type":"article","og_title":"CERTIFICADO: AUXILIAR EN EST\u00c9TICA INTEGRAL - Siglo 21","og_description":"excerpt","og_url":"https:\/\/aplv.21.edu.ar\/en\/product\/certificado-auxiliar-en-estetica-integral\/","og_site_name":"Siglo 21","article_modified_time":"2025-02-03T18:56:33+00:00","twitter_card":"summary_large_image","twitter_misc":{"Est. reading time":"1 minute"},"schema":{"@context":"https:\/\/schema.org","@graph":[{"@type":"WebPage","@id":"https:\/\/aplv.21.edu.ar\/en\/product\/certificado-auxiliar-en-estetica-integral\/","url":"https:\/\/aplv.21.edu.ar\/en\/product\/certificado-auxiliar-en-estetica-integral\/","name":"CERTIFICADO: AUXILIAR EN EST\u00c9TICA INTEGRAL - Siglo 21","isPartOf":{"@id":"https:\/\/aplv.21.edu.ar\/#website"},"datePublished":"2025-01-23T15:43:55+00:00","dateModified":"2025-02-03T18:56:33+00:00","breadcrumb":{"@id":"https:\/\/aplv.21.edu.ar\/en\/product\/certificado-auxiliar-en-estetica-integral\/#breadcrumb"},"inLanguage":"en-US","potentialAction":[{"@type":"ReadAction","target":["https:\/\/aplv.21.edu.ar\/en\/product\/certificado-auxiliar-en-estetica-integral\/"]}]},{"@type":"BreadcrumbList","@id":"https:\/\/aplv.21.edu.ar\/en\/product\/certificado-auxiliar-en-estetica-integral\/#breadcrumb","itemListElement":[{"@type":"ListItem","position":1,"name":"Home","item":"https:\/\/aplv.21.edu.ar\/"},{"@type":"ListItem","position":2,"name":"Productos","item":"https:\/\/aplv.21.edu.ar\/product\/"},{"@type":"ListItem","position":3,"name":"CERTIFICADO: AUXILIAR EN EST\u00c9TICA INTEGRAL"}]},{"@type":"WebSite","@id":"https:\/\/aplv.21.edu.ar\/#website","url":"https:\/\/aplv.21.edu.ar\/","name":"Siglo 21","description":"Siglo 21","potentialAction":[{"@type":"SearchAction","target":{"@type":"EntryPoint","urlTemplate":"https:\/\/aplv.21.edu.ar\/?s={search_term_string}"},"query-input":"required name=search_term_string"}],"inLanguage":"en-US"}]}},"idiomas":{"en":17806,"es":17805},"_links":{"self":[{"href":"https:\/\/aplv.21.edu.ar\/en\/wp-json\/wp\/v2\/products\/17806"}],"collection":[{"href":"https:\/\/aplv.21.edu.ar\/en\/wp-json\/wp\/v2\/products"}],"about":[{"href":"https:\/\/aplv.21.edu.ar\/en\/wp-json\/wp\/v2\/types\/product"}],"author":[{"embeddable":true,"href":"https:\/\/aplv.21.edu.ar\/en\/wp-json\/wp\/v2\/users\/3"}],"replies":[{"embeddable":true,"href":"https:\/\/aplv.21.edu.ar\/en\/wp-json\/wp\/v2\/comments?post=17806"}],"version-history":[{"count":1,"href":"https:\/\/aplv.21.edu.ar\/en\/wp-json\/wp\/v2\/products\/17806\/revisions"}],"predecessor-version":[{"id":18210,"href":"https:\/\/aplv.21.edu.ar\/en\/wp-json\/wp\/v2\/products\/17806\/revisions\/18210"}],"wp:attachment":[{"href":"https:\/\/aplv.21.edu.ar\/en\/wp-json\/wp\/v2\/media?parent=17806"}],"wp:term":[{"taxonomy":"category","embeddable":true,"href":"https:\/\/aplv.21.edu.ar\/en\/wp-json\/wp\/v2\/categories?post=17806"}],"curies":[{"name":"wp","href":"https:\/\/api.w.org\/{rel}","templated":true}]}}