{"id":17810,"date":"2025-01-23T14:40:41","date_gmt":"2025-01-23T14:40:41","guid":{"rendered":"https:\/\/aplv.21.edu.ar\/?post_type=product&#038;p=17810"},"modified":"2025-05-06T15:32:41","modified_gmt":"2025-05-06T15:32:41","slug":"diplomatura-en-derecho-corporativo","status":"publish","type":"product","link":"https:\/\/aplv.21.edu.ar\/en\/product\/diplomatura-en-derecho-corporativo\/","title":{"rendered":"DIPLOMATURA EN DERECHO CORPORATIVO"},"content":{"rendered":"<p>contenido<\/p>\n","protected":false},"excerpt":{"rendered":"<p>excerpt<\/p>\n","protected":false},"author":3,"featured_media":0,"comment_status":"open","ping_status":"closed","template":"","meta":{"_acf_changed":false,"footnotes":""},"categories":[22],"class_list":["post-17810","product","type-product","status-publish","hentry","category-negocios-y-management-en"],"acf":{"external_id":"2355","precio":"1.255.560","impartido_en":["es","en"],"hubspot_product_id":"17923050301","imagen_destacada":18062,"header_image":"https:\/\/static.capabiliaserver.com\/frontend\/clients\/aplv\/wp_prod\/wp-content\/uploads\/6199bbce-aplv-header-1920-x-940-6.png","precio_en_cuotas":"8 Cuotas de $156.945","precio_de_lista":"","mostrar_form":false,"promocion_vigente":"","duracion_del_curso":"8 Meses","tipo_de_programa":"Diplomatura","nivel_del_curso":"B\u00e1sico","modalidad":"Online","dedicacion":"","titulo":"Diplomado en Derecho Corporativo","contenido":"<p>A partir del constante cambio y nuevas modalidades operativas, las empresas y las corporaciones requieren herramientas para aggiornarse al nuevo escenario local, regional y mundial. Para ello, es indispensable revisar la naturaleza de las distintas corporaciones y personas jur\u00eddicas, haciendo foco tanto en el corporate governance, como el funcionamiento operativo de las corporaciones y las alianzas estrat\u00e9gica.<\/p>\n<p>Esta formaci\u00f3n propone desarrollar herramientas legales para abordar las distintas actividades corporativas, sus normas y tipos de estructuras como as\u00ed tambi\u00e9n la de sus trabajadores. Enfrentar las posibles crisis, problemas laborales, e inseguridad jur\u00eddica de la que una corporaci\u00f3n o empresa, puede ser objeto.<\/p>\n","avalado_por":"https:\/\/static.capabiliaserver.com\/frontend\/clients\/aplv\/wp_prod\/wp-content\/uploads\/75f5c34c-microcredenciales.png","pdf_brochure":false,"cursos_que_lo_componen":[{"nombre_del_curso":"MATERIA 1: INTRODUCCI\u00d3N AL MARCO NORMATIVO","descripcion_del_curso":"<p>M\u00f3dulo 1: Introducci\u00f3n al derecho de la empresa<br \/>\nM\u00f3dulo 2: Diferentes tipos de sociedades<br \/>\nM\u00f3dulo 3: Empresa unipersonal<br \/>\nM\u00f3dulo 4: Composici\u00f3n de la estructura societaria<\/p>\n"},{"nombre_del_curso":"MATERIA 2: REORGANIZACI\u00d3N SOCIETARIA Y MERCADO DE CAPITALES","descripcion_del_curso":"<p>M\u00f3dulo 1: La personalidad jur\u00eddica<br \/>\nM\u00f3dulo 2: La sociedad como sujeto de derecho<br \/>\nM\u00f3dulo 3: Otras personas jur\u00eddicas<br \/>\nM\u00f3dulo 4: Negocio en participaci\u00f3n<\/p>\n"},{"nombre_del_curso":"MATERIA 3: COMPLIANCE Y PREVENCI\u00d3N DE LAVADO","descripcion_del_curso":"<p>M\u00f3dulo 1: Pr\u00e1ctica Legal Corporativa - Due Diligence - Acuerdo de no competencia - Estrategias de salida<br \/>\nM\u00f3dulo 2: Contratos Asociativos - Estrategias y m\u00e9todos de penetraci\u00f3n en sociedades<br \/>\nM\u00f3dulo 3: Negocio en participaci\u00f3n<br \/>\nM\u00f3dulo 4:  Agrupaciones de colaboraci\u00f3n<\/p>\n"},{"nombre_del_curso":"MATERIA 4: EMPRESAS EN CRISIS","descripcion_del_curso":"<p>M\u00f3dulo 1: Escenarios, Estrategias y M\u00e9todos alternativos de soluci\u00f3n de conflictos<br \/>\nM\u00f3dulo 2: Teor\u00eda y pr\u00e1ctica de la negociaci\u00f3n<br \/>\nM\u00f3dulo 3: La mediaci\u00f3n y la conciliaci\u00f3n laboral<br \/>\nM\u00f3dulo 4: Arbitraje - Best practices<\/p>\n"},{"nombre_del_curso":"MATERIA 5: VALUACI\u00d3N DE LA EMPRESA Y GESTI\u00d3N DE RIESGOS","descripcion_del_curso":"<p>M\u00f3dulo 1: R\u00e9gimen jur\u00eddico argentino<br \/>\nM\u00f3dulo 2:  An\u00e1lisis de Escenarios de Negocios Internacionales<br \/>\nM\u00f3dulo 3:  Escenario pol\u00edtico-estrat\u00e9gico<br \/>\nM\u00f3dulo 4: Marco geopol\u00edtico internacional<\/p>\n"},{"nombre_del_curso":"MATERIA 6: SMART CONTRACTS Y CRIPTOACTIVOS","descripcion_del_curso":"<p>M\u00f3dulo 1: Procesos de integraci\u00f3n econ\u00f3mica<br \/>\nM\u00f3dulo 2: Factores de competitividad<br \/>\nM\u00f3dulo 3: Globalizaci\u00f3n, comercio e inserci\u00f3n internacional - La actuaci\u00f3n de las empresas en el exterior<br \/>\nM\u00f3dulo 4: Tratados multinacionales - El caso argentino: ley y resoluciones administrativas<\/p>\n"},{"nombre_del_curso":"MATERIA 7: CONFLICTO, LITIGIO Y EMPRESAS","descripcion_del_curso":"<p>M\u00f3dulo 1: Definici\u00f3n -  Los controles preventivos para anticipar crisis y favorecer la toma de decisiones adecuadas<br \/>\nM\u00f3dulo 2: Diagn\u00f3stico de la situaci\u00f3n e Identificaci\u00f3n del tipo de crisis<br \/>\nM\u00f3dulo 3: Estrategias y reestructuraci\u00f3n de la Empresa en crisis<br \/>\nM\u00f3dulo 4 Caracter\u00edsticas principales de cada uno de ellos<\/p>\n"},{"nombre_del_curso":"MATERIA 8: SITUACIONES DE INSOLVENCIA","descripcion_del_curso":"<p>M\u00f3dulo 1: El Procedimiento Preventivo de Crisis (PPC) y los mecanismos protectores del empleo<br \/>\nM\u00f3dulo 2 El Concurso Preventivo, aspectos de su aplicaci\u00f3n legal - Relaciones y cr\u00e9ditos laborales<br \/>\nM\u00f3dulo 3: Acuerdo preventivo extrajudicial<br \/>\nM\u00f3dulo 4: La quiebra, tipos y efectos - Responsabilidad de representantes y de terceros \u2013 cuestiones penales<\/p>\n"}],"preguntas_frecuentes":false,"docentes_expertos":[{"foto":"https:\/\/static.capabiliaserver.com\/frontend\/clients\/aplv\/wp_prod\/wp-content\/uploads\/39081f71-tomas-mischis.jpeg","nombre_del_docente":"Tomas Mischis","descripcion_del_docente":"Abogado Laboral y Comercial","enlace":""},{"foto":"https:\/\/static.capabiliaserver.com\/frontend\/clients\/aplv\/wp_prod\/wp-content\/uploads\/ee42833b-sebastian-vanella-godino.jpeg","nombre_del_docente":"Sebasti\u00e1n Godino","descripcion_del_docente":"Team Leader en Global ProXP","enlace":""}]},"yoast_head":"<!-- This site is optimized with the Yoast SEO plugin v23.0 - https:\/\/yoast.com\/wordpress\/plugins\/seo\/ -->\n<title>DIPLOMATURA EN DERECHO CORPORATIVO - Siglo 21<\/title>\n<meta name=\"robots\" content=\"index, follow, max-snippet:-1, max-image-preview:large, max-video-preview:-1\" \/>\n<link rel=\"canonical\" href=\"https:\/\/aplv.21.edu.ar\/en\/product\/diplomatura-en-derecho-corporativo\/\" \/>\n<meta property=\"og:locale\" content=\"en_US\" \/>\n<meta property=\"og:type\" content=\"article\" \/>\n<meta property=\"og:title\" content=\"DIPLOMATURA EN DERECHO CORPORATIVO - Siglo 21\" \/>\n<meta property=\"og:description\" content=\"excerpt\" \/>\n<meta property=\"og:url\" content=\"https:\/\/aplv.21.edu.ar\/en\/product\/diplomatura-en-derecho-corporativo\/\" \/>\n<meta property=\"og:site_name\" content=\"Siglo 21\" \/>\n<meta property=\"article:modified_time\" content=\"2025-05-06T15:32:41+00:00\" \/>\n<meta name=\"twitter:card\" content=\"summary_large_image\" \/>\n<meta name=\"twitter:label1\" content=\"Est. reading time\" \/>\n\t<meta name=\"twitter:data1\" content=\"1 minute\" \/>\n<script type=\"application\/ld+json\" class=\"yoast-schema-graph\">{\"@context\":\"https:\/\/schema.org\",\"@graph\":[{\"@type\":\"WebPage\",\"@id\":\"https:\/\/aplv.21.edu.ar\/en\/product\/diplomatura-en-derecho-corporativo\/\",\"url\":\"https:\/\/aplv.21.edu.ar\/en\/product\/diplomatura-en-derecho-corporativo\/\",\"name\":\"DIPLOMATURA EN DERECHO CORPORATIVO - Siglo 21\",\"isPartOf\":{\"@id\":\"https:\/\/aplv.21.edu.ar\/#website\"},\"datePublished\":\"2025-01-23T14:40:41+00:00\",\"dateModified\":\"2025-05-06T15:32:41+00:00\",\"breadcrumb\":{\"@id\":\"https:\/\/aplv.21.edu.ar\/en\/product\/diplomatura-en-derecho-corporativo\/#breadcrumb\"},\"inLanguage\":\"en-US\",\"potentialAction\":[{\"@type\":\"ReadAction\",\"target\":[\"https:\/\/aplv.21.edu.ar\/en\/product\/diplomatura-en-derecho-corporativo\/\"]}]},{\"@type\":\"BreadcrumbList\",\"@id\":\"https:\/\/aplv.21.edu.ar\/en\/product\/diplomatura-en-derecho-corporativo\/#breadcrumb\",\"itemListElement\":[{\"@type\":\"ListItem\",\"position\":1,\"name\":\"Home\",\"item\":\"https:\/\/aplv.21.edu.ar\/\"},{\"@type\":\"ListItem\",\"position\":2,\"name\":\"Productos\",\"item\":\"https:\/\/aplv.21.edu.ar\/product\/\"},{\"@type\":\"ListItem\",\"position\":3,\"name\":\"DIPLOMATURA EN DERECHO CORPORATIVO\"}]},{\"@type\":\"WebSite\",\"@id\":\"https:\/\/aplv.21.edu.ar\/#website\",\"url\":\"https:\/\/aplv.21.edu.ar\/\",\"name\":\"Siglo 21\",\"description\":\"Siglo 21\",\"potentialAction\":[{\"@type\":\"SearchAction\",\"target\":{\"@type\":\"EntryPoint\",\"urlTemplate\":\"https:\/\/aplv.21.edu.ar\/?s={search_term_string}\"},\"query-input\":\"required name=search_term_string\"}],\"inLanguage\":\"en-US\"}]}<\/script>\n<!-- \/ Yoast SEO plugin. -->","yoast_head_json":{"title":"DIPLOMATURA EN DERECHO CORPORATIVO - Siglo 21","robots":{"index":"index","follow":"follow","max-snippet":"max-snippet:-1","max-image-preview":"max-image-preview:large","max-video-preview":"max-video-preview:-1"},"canonical":"https:\/\/aplv.21.edu.ar\/en\/product\/diplomatura-en-derecho-corporativo\/","og_locale":"en_US","og_type":"article","og_title":"DIPLOMATURA EN DERECHO CORPORATIVO - Siglo 21","og_description":"excerpt","og_url":"https:\/\/aplv.21.edu.ar\/en\/product\/diplomatura-en-derecho-corporativo\/","og_site_name":"Siglo 21","article_modified_time":"2025-05-06T15:32:41+00:00","twitter_card":"summary_large_image","twitter_misc":{"Est. reading time":"1 minute"},"schema":{"@context":"https:\/\/schema.org","@graph":[{"@type":"WebPage","@id":"https:\/\/aplv.21.edu.ar\/en\/product\/diplomatura-en-derecho-corporativo\/","url":"https:\/\/aplv.21.edu.ar\/en\/product\/diplomatura-en-derecho-corporativo\/","name":"DIPLOMATURA EN DERECHO CORPORATIVO - Siglo 21","isPartOf":{"@id":"https:\/\/aplv.21.edu.ar\/#website"},"datePublished":"2025-01-23T14:40:41+00:00","dateModified":"2025-05-06T15:32:41+00:00","breadcrumb":{"@id":"https:\/\/aplv.21.edu.ar\/en\/product\/diplomatura-en-derecho-corporativo\/#breadcrumb"},"inLanguage":"en-US","potentialAction":[{"@type":"ReadAction","target":["https:\/\/aplv.21.edu.ar\/en\/product\/diplomatura-en-derecho-corporativo\/"]}]},{"@type":"BreadcrumbList","@id":"https:\/\/aplv.21.edu.ar\/en\/product\/diplomatura-en-derecho-corporativo\/#breadcrumb","itemListElement":[{"@type":"ListItem","position":1,"name":"Home","item":"https:\/\/aplv.21.edu.ar\/"},{"@type":"ListItem","position":2,"name":"Productos","item":"https:\/\/aplv.21.edu.ar\/product\/"},{"@type":"ListItem","position":3,"name":"DIPLOMATURA EN DERECHO CORPORATIVO"}]},{"@type":"WebSite","@id":"https:\/\/aplv.21.edu.ar\/#website","url":"https:\/\/aplv.21.edu.ar\/","name":"Siglo 21","description":"Siglo 21","potentialAction":[{"@type":"SearchAction","target":{"@type":"EntryPoint","urlTemplate":"https:\/\/aplv.21.edu.ar\/?s={search_term_string}"},"query-input":"required name=search_term_string"}],"inLanguage":"en-US"}]}},"idiomas":{"en":17810,"es":17809},"_links":{"self":[{"href":"https:\/\/aplv.21.edu.ar\/en\/wp-json\/wp\/v2\/products\/17810"}],"collection":[{"href":"https:\/\/aplv.21.edu.ar\/en\/wp-json\/wp\/v2\/products"}],"about":[{"href":"https:\/\/aplv.21.edu.ar\/en\/wp-json\/wp\/v2\/types\/product"}],"author":[{"embeddable":true,"href":"https:\/\/aplv.21.edu.ar\/en\/wp-json\/wp\/v2\/users\/3"}],"replies":[{"embeddable":true,"href":"https:\/\/aplv.21.edu.ar\/en\/wp-json\/wp\/v2\/comments?post=17810"}],"version-history":[{"count":1,"href":"https:\/\/aplv.21.edu.ar\/en\/wp-json\/wp\/v2\/products\/17810\/revisions"}],"predecessor-version":[{"id":18051,"href":"https:\/\/aplv.21.edu.ar\/en\/wp-json\/wp\/v2\/products\/17810\/revisions\/18051"}],"wp:attachment":[{"href":"https:\/\/aplv.21.edu.ar\/en\/wp-json\/wp\/v2\/media?parent=17810"}],"wp:term":[{"taxonomy":"category","embeddable":true,"href":"https:\/\/aplv.21.edu.ar\/en\/wp-json\/wp\/v2\/categories?post=17810"}],"curies":[{"name":"wp","href":"https:\/\/api.w.org\/{rel}","templated":true}]}}