{"id":17812,"date":"2025-01-23T14:07:40","date_gmt":"2025-01-23T14:07:40","guid":{"rendered":"https:\/\/aplv.21.edu.ar\/?post_type=product&#038;p=17812"},"modified":"2025-02-03T18:58:48","modified_gmt":"2025-02-03T18:58:48","slug":"certificado-en-operador-de-exportaciones","status":"publish","type":"product","link":"https:\/\/aplv.21.edu.ar\/en\/product\/certificado-en-operador-de-exportaciones\/","title":{"rendered":"CERTIFICADO EN OPERADOR DE EXPORTACIONES"},"content":{"rendered":"<p>contenido<\/p>\n","protected":false},"excerpt":{"rendered":"<p>excerpt<\/p>\n","protected":false},"author":3,"featured_media":0,"comment_status":"open","ping_status":"closed","template":"","meta":{"_acf_changed":false,"footnotes":""},"categories":[22],"class_list":["post-17812","product","type-product","status-publish","hentry","category-negocios-y-management-en"],"acf":{"external_id":"2356","precio":" 536.757 ","impartido_en":["es","en"],"hubspot_product_id":"17838401311","imagen_destacada":18042,"header_image":"https:\/\/static.capabiliaserver.com\/frontend\/clients\/aplv\/wp_prod\/wp-content\/uploads\/0eb7acd3-aplv-header-1920-x-940-5.png","precio_en_cuotas":"4 Cuotas de $179.517,5","precio_de_lista":"825.780 ","mostrar_form":false,"promocion_vigente":"","duracion_del_curso":"4 Meses","tipo_de_programa":"Certificado","nivel_del_curso":"B\u00e1sico","modalidad":"Online","dedicacion":"","titulo":"Certificado en Operador de Exportaciones","contenido":"<p>Muchos sectores de la econom\u00eda y empresas dependen de procesos de importaci\u00f3n y exportaci\u00f3n de diversos bienes y servicios, y para ello requieren profesionalizar personal interno, y\/o contratar personal o servicios de asesoramiento y gesti\u00f3n de despachantes de aduana que garanticen la operatoria de sus exportaciones, as\u00ed como el cumplimiento de toda la normativa aplicable y de la documentaci\u00f3n exigible.<\/p>\n<p>Esta formaci\u00f3n tiene como objetivo la profesionalizaci\u00f3n de tareas vinculadas a la actividad aduanera, con amplias posibilidades de inserci\u00f3n laboral en el sector privado, en dependencias p\u00fablicas, y tambi\u00e9n el desempe\u00f1o aut\u00f3nomo o independiente.<\/p>\n","avalado_por":"https:\/\/static.capabiliaserver.com\/frontend\/clients\/aplv\/wp_prod\/wp-content\/uploads\/75f5c34c-microcredenciales.png","pdf_brochure":false,"cursos_que_lo_componen":[{"nombre_del_curso":"MATERIA 1: EMPRESA - PRODUCTO","descripcion_del_curso":"<p>M\u00f3dulo 1: Introducci\u00f3n a la empresa y el producto<br \/>\nM\u00f3dulo 2: Desarrollo y gesti\u00f3n del producto exportable<br \/>\nM\u00f3dulo 3: An\u00e1lisis de competitividad internacional<br \/>\nM\u00f3dulo 4: Estrategia de comercializaci\u00f3n internacional<\/p>\n"},{"nombre_del_curso":"MATERIA 2: LA EXPORTACI\u00d3N EN LA ADUANA","descripcion_del_curso":"<p>M\u00f3dulo 1: Introducci\u00f3n a la exportaci\u00f3n y regulaciones aduaneras<br \/>\nM\u00f3dulo 2: Clasificaci\u00f3n arancelaria y reglas de origen<br \/>\nM\u00f3dulo 3: Procesos aduaneros espec\u00edficos<br \/>\nM\u00f3dulo 4: Zonas francas y reg\u00edmenes especiales<\/p>\n"},{"nombre_del_curso":"MATERIA 3:  INCOTERMS- PRECIOS DE EXPORTACION","descripcion_del_curso":"<p>M\u00f3dulo 1: Introducci\u00f3n a los INCOTERMS<br \/>\nM\u00f3dulo 2: Asignaci\u00f3n de costos y riesgos<br \/>\nM\u00f3dulo 3: Determinaci\u00f3n de precios de exportaci\u00f3n<br \/>\nM\u00f3dulo 4: Negociaci\u00f3n internacional<\/p>\n"},{"nombre_del_curso":"MATERIA 4: LOGISTICA Y COBRANZA DE EXPORTACION","descripcion_del_curso":"<p>M\u00f3dulo 1: Introducci\u00f3n a la log\u00edstica internacional<br \/>\nM\u00f3dulo 2: Gesti\u00f3n de almacenes y distribuci\u00f3n<br \/>\nM\u00f3dulo 3: M\u00e9todos de cobranza internacional<br \/>\nM\u00f3dulo 4: Optimizaci\u00f3n de la log\u00edstica y cobranza<\/p>\n"}],"preguntas_frecuentes":false,"docentes_expertos":[{"foto":"https:\/\/static.capabiliaserver.com\/frontend\/clients\/aplv\/wp_prod\/wp-content\/uploads\/85396331-dario-luis-candellero.jpeg","nombre_del_docente":"Dar\u00edo Luis Candellero","descripcion_del_docente":"Consultor en Comercio Exterior","enlace":""}]},"yoast_head":"<!-- This site is optimized with the Yoast SEO plugin v23.0 - https:\/\/yoast.com\/wordpress\/plugins\/seo\/ -->\n<title>CERTIFICADO EN OPERADOR DE EXPORTACIONES - Siglo 21<\/title>\n<meta name=\"robots\" content=\"index, follow, max-snippet:-1, max-image-preview:large, max-video-preview:-1\" \/>\n<link rel=\"canonical\" href=\"https:\/\/aplv.21.edu.ar\/en\/product\/certificado-en-operador-de-exportaciones\/\" \/>\n<meta property=\"og:locale\" content=\"en_US\" \/>\n<meta property=\"og:type\" content=\"article\" \/>\n<meta property=\"og:title\" content=\"CERTIFICADO EN OPERADOR DE EXPORTACIONES - Siglo 21\" \/>\n<meta property=\"og:description\" content=\"excerpt\" \/>\n<meta property=\"og:url\" content=\"https:\/\/aplv.21.edu.ar\/en\/product\/certificado-en-operador-de-exportaciones\/\" \/>\n<meta property=\"og:site_name\" content=\"Siglo 21\" \/>\n<meta property=\"article:modified_time\" content=\"2025-02-03T18:58:48+00:00\" \/>\n<meta name=\"twitter:card\" content=\"summary_large_image\" \/>\n<meta name=\"twitter:label1\" content=\"Est. reading time\" \/>\n\t<meta name=\"twitter:data1\" content=\"1 minute\" \/>\n<script type=\"application\/ld+json\" class=\"yoast-schema-graph\">{\"@context\":\"https:\/\/schema.org\",\"@graph\":[{\"@type\":\"WebPage\",\"@id\":\"https:\/\/aplv.21.edu.ar\/en\/product\/certificado-en-operador-de-exportaciones\/\",\"url\":\"https:\/\/aplv.21.edu.ar\/en\/product\/certificado-en-operador-de-exportaciones\/\",\"name\":\"CERTIFICADO EN OPERADOR DE EXPORTACIONES - Siglo 21\",\"isPartOf\":{\"@id\":\"https:\/\/aplv.21.edu.ar\/#website\"},\"datePublished\":\"2025-01-23T14:07:40+00:00\",\"dateModified\":\"2025-02-03T18:58:48+00:00\",\"breadcrumb\":{\"@id\":\"https:\/\/aplv.21.edu.ar\/en\/product\/certificado-en-operador-de-exportaciones\/#breadcrumb\"},\"inLanguage\":\"en-US\",\"potentialAction\":[{\"@type\":\"ReadAction\",\"target\":[\"https:\/\/aplv.21.edu.ar\/en\/product\/certificado-en-operador-de-exportaciones\/\"]}]},{\"@type\":\"BreadcrumbList\",\"@id\":\"https:\/\/aplv.21.edu.ar\/en\/product\/certificado-en-operador-de-exportaciones\/#breadcrumb\",\"itemListElement\":[{\"@type\":\"ListItem\",\"position\":1,\"name\":\"Home\",\"item\":\"https:\/\/aplv.21.edu.ar\/\"},{\"@type\":\"ListItem\",\"position\":2,\"name\":\"Productos\",\"item\":\"https:\/\/aplv.21.edu.ar\/product\/\"},{\"@type\":\"ListItem\",\"position\":3,\"name\":\"CERTIFICADO EN OPERADOR DE EXPORTACIONES\"}]},{\"@type\":\"WebSite\",\"@id\":\"https:\/\/aplv.21.edu.ar\/#website\",\"url\":\"https:\/\/aplv.21.edu.ar\/\",\"name\":\"Siglo 21\",\"description\":\"Siglo 21\",\"potentialAction\":[{\"@type\":\"SearchAction\",\"target\":{\"@type\":\"EntryPoint\",\"urlTemplate\":\"https:\/\/aplv.21.edu.ar\/?s={search_term_string}\"},\"query-input\":\"required name=search_term_string\"}],\"inLanguage\":\"en-US\"}]}<\/script>\n<!-- \/ Yoast SEO plugin. -->","yoast_head_json":{"title":"CERTIFICADO EN OPERADOR DE EXPORTACIONES - Siglo 21","robots":{"index":"index","follow":"follow","max-snippet":"max-snippet:-1","max-image-preview":"max-image-preview:large","max-video-preview":"max-video-preview:-1"},"canonical":"https:\/\/aplv.21.edu.ar\/en\/product\/certificado-en-operador-de-exportaciones\/","og_locale":"en_US","og_type":"article","og_title":"CERTIFICADO EN OPERADOR DE EXPORTACIONES - Siglo 21","og_description":"excerpt","og_url":"https:\/\/aplv.21.edu.ar\/en\/product\/certificado-en-operador-de-exportaciones\/","og_site_name":"Siglo 21","article_modified_time":"2025-02-03T18:58:48+00:00","twitter_card":"summary_large_image","twitter_misc":{"Est. reading time":"1 minute"},"schema":{"@context":"https:\/\/schema.org","@graph":[{"@type":"WebPage","@id":"https:\/\/aplv.21.edu.ar\/en\/product\/certificado-en-operador-de-exportaciones\/","url":"https:\/\/aplv.21.edu.ar\/en\/product\/certificado-en-operador-de-exportaciones\/","name":"CERTIFICADO EN OPERADOR DE EXPORTACIONES - Siglo 21","isPartOf":{"@id":"https:\/\/aplv.21.edu.ar\/#website"},"datePublished":"2025-01-23T14:07:40+00:00","dateModified":"2025-02-03T18:58:48+00:00","breadcrumb":{"@id":"https:\/\/aplv.21.edu.ar\/en\/product\/certificado-en-operador-de-exportaciones\/#breadcrumb"},"inLanguage":"en-US","potentialAction":[{"@type":"ReadAction","target":["https:\/\/aplv.21.edu.ar\/en\/product\/certificado-en-operador-de-exportaciones\/"]}]},{"@type":"BreadcrumbList","@id":"https:\/\/aplv.21.edu.ar\/en\/product\/certificado-en-operador-de-exportaciones\/#breadcrumb","itemListElement":[{"@type":"ListItem","position":1,"name":"Home","item":"https:\/\/aplv.21.edu.ar\/"},{"@type":"ListItem","position":2,"name":"Productos","item":"https:\/\/aplv.21.edu.ar\/product\/"},{"@type":"ListItem","position":3,"name":"CERTIFICADO EN OPERADOR DE EXPORTACIONES"}]},{"@type":"WebSite","@id":"https:\/\/aplv.21.edu.ar\/#website","url":"https:\/\/aplv.21.edu.ar\/","name":"Siglo 21","description":"Siglo 21","potentialAction":[{"@type":"SearchAction","target":{"@type":"EntryPoint","urlTemplate":"https:\/\/aplv.21.edu.ar\/?s={search_term_string}"},"query-input":"required name=search_term_string"}],"inLanguage":"en-US"}]}},"idiomas":{"en":17812,"es":17811},"_links":{"self":[{"href":"https:\/\/aplv.21.edu.ar\/en\/wp-json\/wp\/v2\/products\/17812"}],"collection":[{"href":"https:\/\/aplv.21.edu.ar\/en\/wp-json\/wp\/v2\/products"}],"about":[{"href":"https:\/\/aplv.21.edu.ar\/en\/wp-json\/wp\/v2\/types\/product"}],"author":[{"embeddable":true,"href":"https:\/\/aplv.21.edu.ar\/en\/wp-json\/wp\/v2\/users\/3"}],"replies":[{"embeddable":true,"href":"https:\/\/aplv.21.edu.ar\/en\/wp-json\/wp\/v2\/comments?post=17812"}],"version-history":[{"count":1,"href":"https:\/\/aplv.21.edu.ar\/en\/wp-json\/wp\/v2\/products\/17812\/revisions"}],"predecessor-version":[{"id":18045,"href":"https:\/\/aplv.21.edu.ar\/en\/wp-json\/wp\/v2\/products\/17812\/revisions\/18045"}],"wp:attachment":[{"href":"https:\/\/aplv.21.edu.ar\/en\/wp-json\/wp\/v2\/media?parent=17812"}],"wp:term":[{"taxonomy":"category","embeddable":true,"href":"https:\/\/aplv.21.edu.ar\/en\/wp-json\/wp\/v2\/categories?post=17812"}],"curies":[{"name":"wp","href":"https:\/\/api.w.org\/{rel}","templated":true}]}}