{"id":17816,"date":"2025-01-23T13:34:03","date_gmt":"2025-01-23T13:34:03","guid":{"rendered":"https:\/\/aplv.21.edu.ar\/?post_type=product&#038;p=17816"},"modified":"2025-03-10T20:00:32","modified_gmt":"2025-03-10T20:00:32","slug":"curso-en-finanzas-personales-y-familiares","status":"publish","type":"product","link":"https:\/\/aplv.21.edu.ar\/en\/product\/curso-en-finanzas-personales-y-familiares\/","title":{"rendered":"CURSO EN FINANZAS PERSONALES Y FAMILIARES"},"content":{"rendered":"<p>contenido<\/p>\n","protected":false},"excerpt":{"rendered":"<p>excerpt<\/p>\n","protected":false},"author":3,"featured_media":0,"comment_status":"open","ping_status":"closed","template":"","meta":{"_acf_changed":false,"footnotes":""},"categories":[22],"class_list":["post-17816","product","type-product","status-publish","hentry","category-negocios-y-management-en"],"acf":{"external_id":"2358","precio":"149.970 ","impartido_en":["es","en"],"hubspot_product_id":"17923053687","imagen_destacada":18030,"header_image":"https:\/\/static.capabiliaserver.com\/frontend\/clients\/aplv\/wp_prod\/wp-content\/uploads\/0abc50f1-aplv-header-1920-x-940-2.png","precio_en_cuotas":"","precio_de_lista":"249.950 ","mostrar_form":false,"promocion_vigente":"","duracion_del_curso":"1 Mes","tipo_de_programa":"Curso","nivel_del_curso":"B\u00e1sico","modalidad":"Online","dedicacion":"","titulo":"Curso en Finanzas Personales y Familiares","contenido":"<p>Relevamientos sobre la educaci\u00f3n financiera local e internacionales han detectado bajos niveles de conocimientos necesarios para una buena toma de decisiones.<\/p>\n<p>En nuestro pa\u00eds, las recurrentes dificultades en la econom\u00eda, resultan, en muchos casos en la toma de decisiones err\u00f3neas originada en informaci\u00f3n incompleta, imprecisa o incorrecta. Un an\u00e1lisis financiero asertivo asegura decisiones financieras personales y familiares de impacto y la elecci\u00f3n de una estrategia de inversi\u00f3n \u00f3ptima.<\/p>\n<p>La propuesta de este curso tiene como objetivo brindar una mayor autonom\u00eda financiera personal y desarrollar competencias transferibles al desempe\u00f1o laboral \/ profesional, especialmente en el campo del emprendedorismo.<\/p>\n","avalado_por":"https:\/\/static.capabiliaserver.com\/frontend\/clients\/aplv\/wp_prod\/wp-content\/uploads\/75f5c34c-microcredenciales.png","pdf_brochure":false,"cursos_que_lo_componen":[{"nombre_del_curso":"M\u00f3dulo 1","descripcion_del_curso":"<p>Conceptos ba\u0301sicos sobre Finanzas Personales.<\/p>\n"},{"nombre_del_curso":"M\u00f3dulo 2","descripcion_del_curso":"<p>El flujo de dinero de las Personas.<\/p>\n"},{"nombre_del_curso":"M\u00f3dulo 3","descripcion_del_curso":"<p>Los Gastos: Decisiones Emocionales vs. Racionales.<\/p>\n"},{"nombre_del_curso":"M\u00f3dulo 4","descripcion_del_curso":"<p>Impacto financiero del ahorro. Negocios e Inversiones.<\/p>\n"}],"preguntas_frecuentes":false,"docentes_expertos":[{"foto":"https:\/\/static.capabiliaserver.com\/frontend\/clients\/aplv\/wp_prod\/wp-content\/uploads\/9f840ab6-walter-romano.jpeg","nombre_del_docente":"Walter Romano","descripcion_del_docente":"Economista","enlace":""}]},"yoast_head":"<!-- This site is optimized with the Yoast SEO plugin v23.0 - https:\/\/yoast.com\/wordpress\/plugins\/seo\/ -->\n<title>CURSO EN FINANZAS PERSONALES Y FAMILIARES - Siglo 21<\/title>\n<meta name=\"robots\" content=\"index, follow, max-snippet:-1, max-image-preview:large, max-video-preview:-1\" \/>\n<link rel=\"canonical\" href=\"https:\/\/aplv.21.edu.ar\/en\/product\/curso-en-finanzas-personales-y-familiares\/\" \/>\n<meta property=\"og:locale\" content=\"en_US\" \/>\n<meta property=\"og:type\" content=\"article\" \/>\n<meta property=\"og:title\" content=\"CURSO EN FINANZAS PERSONALES Y FAMILIARES - Siglo 21\" \/>\n<meta property=\"og:description\" content=\"excerpt\" \/>\n<meta property=\"og:url\" content=\"https:\/\/aplv.21.edu.ar\/en\/product\/curso-en-finanzas-personales-y-familiares\/\" \/>\n<meta property=\"og:site_name\" content=\"Siglo 21\" \/>\n<meta property=\"article:modified_time\" content=\"2025-03-10T20:00:32+00:00\" \/>\n<meta name=\"twitter:card\" content=\"summary_large_image\" \/>\n<meta name=\"twitter:label1\" content=\"Est. reading time\" \/>\n\t<meta name=\"twitter:data1\" content=\"1 minute\" \/>\n<script type=\"application\/ld+json\" class=\"yoast-schema-graph\">{\"@context\":\"https:\/\/schema.org\",\"@graph\":[{\"@type\":\"WebPage\",\"@id\":\"https:\/\/aplv.21.edu.ar\/en\/product\/curso-en-finanzas-personales-y-familiares\/\",\"url\":\"https:\/\/aplv.21.edu.ar\/en\/product\/curso-en-finanzas-personales-y-familiares\/\",\"name\":\"CURSO EN FINANZAS PERSONALES Y FAMILIARES - Siglo 21\",\"isPartOf\":{\"@id\":\"https:\/\/aplv.21.edu.ar\/#website\"},\"datePublished\":\"2025-01-23T13:34:03+00:00\",\"dateModified\":\"2025-03-10T20:00:32+00:00\",\"breadcrumb\":{\"@id\":\"https:\/\/aplv.21.edu.ar\/en\/product\/curso-en-finanzas-personales-y-familiares\/#breadcrumb\"},\"inLanguage\":\"en-US\",\"potentialAction\":[{\"@type\":\"ReadAction\",\"target\":[\"https:\/\/aplv.21.edu.ar\/en\/product\/curso-en-finanzas-personales-y-familiares\/\"]}]},{\"@type\":\"BreadcrumbList\",\"@id\":\"https:\/\/aplv.21.edu.ar\/en\/product\/curso-en-finanzas-personales-y-familiares\/#breadcrumb\",\"itemListElement\":[{\"@type\":\"ListItem\",\"position\":1,\"name\":\"Home\",\"item\":\"https:\/\/aplv.21.edu.ar\/\"},{\"@type\":\"ListItem\",\"position\":2,\"name\":\"Productos\",\"item\":\"https:\/\/aplv.21.edu.ar\/product\/\"},{\"@type\":\"ListItem\",\"position\":3,\"name\":\"CURSO EN FINANZAS PERSONALES Y FAMILIARES\"}]},{\"@type\":\"WebSite\",\"@id\":\"https:\/\/aplv.21.edu.ar\/#website\",\"url\":\"https:\/\/aplv.21.edu.ar\/\",\"name\":\"Siglo 21\",\"description\":\"Siglo 21\",\"potentialAction\":[{\"@type\":\"SearchAction\",\"target\":{\"@type\":\"EntryPoint\",\"urlTemplate\":\"https:\/\/aplv.21.edu.ar\/?s={search_term_string}\"},\"query-input\":\"required name=search_term_string\"}],\"inLanguage\":\"en-US\"}]}<\/script>\n<!-- \/ Yoast SEO plugin. -->","yoast_head_json":{"title":"CURSO EN FINANZAS PERSONALES Y FAMILIARES - Siglo 21","robots":{"index":"index","follow":"follow","max-snippet":"max-snippet:-1","max-image-preview":"max-image-preview:large","max-video-preview":"max-video-preview:-1"},"canonical":"https:\/\/aplv.21.edu.ar\/en\/product\/curso-en-finanzas-personales-y-familiares\/","og_locale":"en_US","og_type":"article","og_title":"CURSO EN FINANZAS PERSONALES Y FAMILIARES - Siglo 21","og_description":"excerpt","og_url":"https:\/\/aplv.21.edu.ar\/en\/product\/curso-en-finanzas-personales-y-familiares\/","og_site_name":"Siglo 21","article_modified_time":"2025-03-10T20:00:32+00:00","twitter_card":"summary_large_image","twitter_misc":{"Est. reading time":"1 minute"},"schema":{"@context":"https:\/\/schema.org","@graph":[{"@type":"WebPage","@id":"https:\/\/aplv.21.edu.ar\/en\/product\/curso-en-finanzas-personales-y-familiares\/","url":"https:\/\/aplv.21.edu.ar\/en\/product\/curso-en-finanzas-personales-y-familiares\/","name":"CURSO EN FINANZAS PERSONALES Y FAMILIARES - Siglo 21","isPartOf":{"@id":"https:\/\/aplv.21.edu.ar\/#website"},"datePublished":"2025-01-23T13:34:03+00:00","dateModified":"2025-03-10T20:00:32+00:00","breadcrumb":{"@id":"https:\/\/aplv.21.edu.ar\/en\/product\/curso-en-finanzas-personales-y-familiares\/#breadcrumb"},"inLanguage":"en-US","potentialAction":[{"@type":"ReadAction","target":["https:\/\/aplv.21.edu.ar\/en\/product\/curso-en-finanzas-personales-y-familiares\/"]}]},{"@type":"BreadcrumbList","@id":"https:\/\/aplv.21.edu.ar\/en\/product\/curso-en-finanzas-personales-y-familiares\/#breadcrumb","itemListElement":[{"@type":"ListItem","position":1,"name":"Home","item":"https:\/\/aplv.21.edu.ar\/"},{"@type":"ListItem","position":2,"name":"Productos","item":"https:\/\/aplv.21.edu.ar\/product\/"},{"@type":"ListItem","position":3,"name":"CURSO EN FINANZAS PERSONALES Y FAMILIARES"}]},{"@type":"WebSite","@id":"https:\/\/aplv.21.edu.ar\/#website","url":"https:\/\/aplv.21.edu.ar\/","name":"Siglo 21","description":"Siglo 21","potentialAction":[{"@type":"SearchAction","target":{"@type":"EntryPoint","urlTemplate":"https:\/\/aplv.21.edu.ar\/?s={search_term_string}"},"query-input":"required name=search_term_string"}],"inLanguage":"en-US"}]}},"idiomas":{"en":17816,"es":17815},"_links":{"self":[{"href":"https:\/\/aplv.21.edu.ar\/en\/wp-json\/wp\/v2\/products\/17816"}],"collection":[{"href":"https:\/\/aplv.21.edu.ar\/en\/wp-json\/wp\/v2\/products"}],"about":[{"href":"https:\/\/aplv.21.edu.ar\/en\/wp-json\/wp\/v2\/types\/product"}],"author":[{"embeddable":true,"href":"https:\/\/aplv.21.edu.ar\/en\/wp-json\/wp\/v2\/users\/3"}],"replies":[{"embeddable":true,"href":"https:\/\/aplv.21.edu.ar\/en\/wp-json\/wp\/v2\/comments?post=17816"}],"version-history":[{"count":1,"href":"https:\/\/aplv.21.edu.ar\/en\/wp-json\/wp\/v2\/products\/17816\/revisions"}],"predecessor-version":[{"id":18021,"href":"https:\/\/aplv.21.edu.ar\/en\/wp-json\/wp\/v2\/products\/17816\/revisions\/18021"}],"wp:attachment":[{"href":"https:\/\/aplv.21.edu.ar\/en\/wp-json\/wp\/v2\/media?parent=17816"}],"wp:term":[{"taxonomy":"category","embeddable":true,"href":"https:\/\/aplv.21.edu.ar\/en\/wp-json\/wp\/v2\/categories?post=17816"}],"curies":[{"name":"wp","href":"https:\/\/api.w.org\/{rel}","templated":true}]}}