{"id":17822,"date":"2025-01-23T15:12:37","date_gmt":"2025-01-23T15:12:37","guid":{"rendered":"https:\/\/aplv.21.edu.ar\/?post_type=product&#038;p=17822"},"modified":"2025-02-03T19:07:10","modified_gmt":"2025-02-03T19:07:10","slug":"certificado-en-customer-experience-designer-ced","status":"publish","type":"product","link":"https:\/\/aplv.21.edu.ar\/en\/product\/certificado-en-customer-experience-designer-ced\/","title":{"rendered":"CERTIFICADO EN CUSTOMER EXPERIENCE DESIGNER \u2013 CED"},"content":{"rendered":"<p>contenido<\/p>\n","protected":false},"excerpt":{"rendered":"<p>excerpt<\/p>\n","protected":false},"author":3,"featured_media":0,"comment_status":"open","ping_status":"closed","template":"","meta":{"_acf_changed":false,"footnotes":""},"categories":[22],"class_list":["post-17822","product","type-product","status-publish","hentry","category-negocios-y-management-en"],"acf":{"external_id":"2363","precio":"536.757 ","impartido_en":["es","en"],"hubspot_product_id":"18113926682","imagen_destacada":18100,"header_image":"https:\/\/static.capabiliaserver.com\/frontend\/clients\/aplv\/wp_prod\/wp-content\/uploads\/e57a74a4-aplv-header-1920-x-940-11.png","precio_en_cuotas":"4 Cuotas de $179.517,5","precio_de_lista":"825.780 ","mostrar_form":false,"promocion_vigente":"","duracion_del_curso":"4 Meses","tipo_de_programa":"Certificaci\u00f3n","nivel_del_curso":"B\u00e1sico","modalidad":"Online","dedicacion":"","titulo":"Certificado en Customer Experience Designer - CED","contenido":"<p>En un mercado m\u00e1s que competitivo, ofrecer una experiencia de cliente superior es el factor diferenciador m\u00e1s poderoso para una empresa. Sin embargo, la gesti\u00f3n de la experiencia de cliente es un aspecto a\u00fan por explotar en muchas empresas, que precisan una profunda transformaci\u00f3n en todos sus \u00e1mbitos: estrategia y cultura interna, gesti\u00f3n de las personas y procesos internos y, sobre todo, la forma de entender a sus clientes.<\/p>\n<p>Es requisito para los profesionales del Marketing hoy, planificar y ejecutar estrategias end to end de servicios de Experiencia de Cliente, que van desde una fase previa de investigaci\u00f3n, pasando por la conceptualizaci\u00f3n e ideaci\u00f3n, hasta un estadio final de prototipado, anal\u00edtica y ciclo de mejora continua.<\/p>\n","avalado_por":"https:\/\/static.capabiliaserver.com\/frontend\/clients\/aplv\/wp_prod\/wp-content\/uploads\/75f5c34c-microcredenciales.png","pdf_brochure":false,"cursos_que_lo_componen":[{"nombre_del_curso":"MATERIA 1: LA PERSONA. EL CONSUMO. SU PROCESO. EXPERIENCIA COMO VENTAJA COMPETITIVA","descripcion_del_curso":"<p>M\u00f3dulo 1: El proceso de toma de decisi\u00f3n simple y compleja.<br \/>\nM\u00f3dulo 2: Factores influyentes en la experiencia de compra.<br \/>\nM\u00f3dulo 3: La Ventaja Competitiva puesta en la experiencia superadora.<br \/>\nM\u00f3dulo 4: La experiencia del cliente como ventaja competitiva.<\/p>\n"},{"nombre_del_curso":"MATERIA 2: EL MOMENTO DE LA VERDAD - MOMENTO CERO- INPUT PUNTOS DE DOLOR. ","descripcion_del_curso":"<p>M\u00f3dulo 1:  Momentos de la verdad. Su origen.<br \/>\nM\u00f3dulo 2:  Momentos de la verdad en productos y servicios.<br \/>\nM\u00f3dulo 3:  Herramientas para detectar los puntos de dolor.<br \/>\nM\u00f3dulo 4:  Dia D. Data e input para la toma de decisiones.<\/p>\n"},{"nombre_del_curso":"MATERIA 3: DESARROLLO DE PROCESO\/CICLO (MOMENT OF TRUTH)","descripcion_del_curso":"<p>M\u00f3dulo 1: Proceso de Customer Experience Etapa 1.<br \/>\nM\u00f3dulo 2: Proceso de Customer Experience Etapa 2.<br \/>\nM\u00f3dulo 3: Proceso de Customer Experience Etapa 3.<br \/>\nM\u00f3dulo 4: Proceso de Customer Experience Etapa 4.<\/p>\n"},{"nombre_del_curso":"MATERIA 4: DESARROLLO DE PROPUESTA INNOVADORA","descripcion_del_curso":"<p>M\u00f3dulo 1:  Identificaci\u00f3n: proceso de toma de decisi\u00f3n y factores influyentes en la organizaci\u00f3n.<br \/>\nM\u00f3dulo 2:  Identidad de los momentos de la verdad y los puntos de dolor en la organizaci\u00f3n.<br \/>\nM\u00f3dulo 3: Desarrollo de la propuesta innovadora en proceso.<br \/>\nM\u00f3dulo 4: Desarrollo de la propuesta innovadora en acciones. <\/p>\n"}],"preguntas_frecuentes":false,"docentes_expertos":[{"foto":"https:\/\/static.capabiliaserver.com\/frontend\/clients\/aplv\/wp_prod\/wp-content\/uploads\/0d7acb0a-luciana-mudry.jpeg","nombre_del_docente":"Luciana Mudry","descripcion_del_docente":"Licenciada en Marketing","enlace":""}]},"yoast_head":"<!-- This site is optimized with the Yoast SEO plugin v23.0 - https:\/\/yoast.com\/wordpress\/plugins\/seo\/ -->\n<title>CERTIFICADO EN CUSTOMER EXPERIENCE DESIGNER \u2013 CED - Siglo 21<\/title>\n<meta name=\"robots\" content=\"index, follow, max-snippet:-1, max-image-preview:large, max-video-preview:-1\" \/>\n<link rel=\"canonical\" href=\"https:\/\/aplv.21.edu.ar\/en\/product\/certificado-en-customer-experience-designer-ced\/\" \/>\n<meta property=\"og:locale\" content=\"en_US\" \/>\n<meta property=\"og:type\" content=\"article\" \/>\n<meta property=\"og:title\" content=\"CERTIFICADO EN CUSTOMER EXPERIENCE DESIGNER \u2013 CED - Siglo 21\" \/>\n<meta property=\"og:description\" content=\"excerpt\" \/>\n<meta property=\"og:url\" content=\"https:\/\/aplv.21.edu.ar\/en\/product\/certificado-en-customer-experience-designer-ced\/\" \/>\n<meta property=\"og:site_name\" content=\"Siglo 21\" \/>\n<meta property=\"article:modified_time\" content=\"2025-02-03T19:07:10+00:00\" \/>\n<meta name=\"twitter:card\" content=\"summary_large_image\" \/>\n<meta name=\"twitter:label1\" content=\"Est. reading time\" \/>\n\t<meta name=\"twitter:data1\" content=\"1 minute\" \/>\n<script type=\"application\/ld+json\" class=\"yoast-schema-graph\">{\"@context\":\"https:\/\/schema.org\",\"@graph\":[{\"@type\":\"WebPage\",\"@id\":\"https:\/\/aplv.21.edu.ar\/en\/product\/certificado-en-customer-experience-designer-ced\/\",\"url\":\"https:\/\/aplv.21.edu.ar\/en\/product\/certificado-en-customer-experience-designer-ced\/\",\"name\":\"CERTIFICADO EN CUSTOMER EXPERIENCE DESIGNER \u2013 CED - Siglo 21\",\"isPartOf\":{\"@id\":\"https:\/\/aplv.21.edu.ar\/#website\"},\"datePublished\":\"2025-01-23T15:12:37+00:00\",\"dateModified\":\"2025-02-03T19:07:10+00:00\",\"breadcrumb\":{\"@id\":\"https:\/\/aplv.21.edu.ar\/en\/product\/certificado-en-customer-experience-designer-ced\/#breadcrumb\"},\"inLanguage\":\"en-US\",\"potentialAction\":[{\"@type\":\"ReadAction\",\"target\":[\"https:\/\/aplv.21.edu.ar\/en\/product\/certificado-en-customer-experience-designer-ced\/\"]}]},{\"@type\":\"BreadcrumbList\",\"@id\":\"https:\/\/aplv.21.edu.ar\/en\/product\/certificado-en-customer-experience-designer-ced\/#breadcrumb\",\"itemListElement\":[{\"@type\":\"ListItem\",\"position\":1,\"name\":\"Home\",\"item\":\"https:\/\/aplv.21.edu.ar\/\"},{\"@type\":\"ListItem\",\"position\":2,\"name\":\"Productos\",\"item\":\"https:\/\/aplv.21.edu.ar\/product\/\"},{\"@type\":\"ListItem\",\"position\":3,\"name\":\"CERTIFICADO EN CUSTOMER EXPERIENCE DESIGNER \u2013 CED\"}]},{\"@type\":\"WebSite\",\"@id\":\"https:\/\/aplv.21.edu.ar\/#website\",\"url\":\"https:\/\/aplv.21.edu.ar\/\",\"name\":\"Siglo 21\",\"description\":\"Siglo 21\",\"potentialAction\":[{\"@type\":\"SearchAction\",\"target\":{\"@type\":\"EntryPoint\",\"urlTemplate\":\"https:\/\/aplv.21.edu.ar\/?s={search_term_string}\"},\"query-input\":\"required name=search_term_string\"}],\"inLanguage\":\"en-US\"}]}<\/script>\n<!-- \/ Yoast SEO plugin. -->","yoast_head_json":{"title":"CERTIFICADO EN CUSTOMER EXPERIENCE DESIGNER \u2013 CED - Siglo 21","robots":{"index":"index","follow":"follow","max-snippet":"max-snippet:-1","max-image-preview":"max-image-preview:large","max-video-preview":"max-video-preview:-1"},"canonical":"https:\/\/aplv.21.edu.ar\/en\/product\/certificado-en-customer-experience-designer-ced\/","og_locale":"en_US","og_type":"article","og_title":"CERTIFICADO EN CUSTOMER EXPERIENCE DESIGNER \u2013 CED - Siglo 21","og_description":"excerpt","og_url":"https:\/\/aplv.21.edu.ar\/en\/product\/certificado-en-customer-experience-designer-ced\/","og_site_name":"Siglo 21","article_modified_time":"2025-02-03T19:07:10+00:00","twitter_card":"summary_large_image","twitter_misc":{"Est. reading time":"1 minute"},"schema":{"@context":"https:\/\/schema.org","@graph":[{"@type":"WebPage","@id":"https:\/\/aplv.21.edu.ar\/en\/product\/certificado-en-customer-experience-designer-ced\/","url":"https:\/\/aplv.21.edu.ar\/en\/product\/certificado-en-customer-experience-designer-ced\/","name":"CERTIFICADO EN CUSTOMER EXPERIENCE DESIGNER \u2013 CED - Siglo 21","isPartOf":{"@id":"https:\/\/aplv.21.edu.ar\/#website"},"datePublished":"2025-01-23T15:12:37+00:00","dateModified":"2025-02-03T19:07:10+00:00","breadcrumb":{"@id":"https:\/\/aplv.21.edu.ar\/en\/product\/certificado-en-customer-experience-designer-ced\/#breadcrumb"},"inLanguage":"en-US","potentialAction":[{"@type":"ReadAction","target":["https:\/\/aplv.21.edu.ar\/en\/product\/certificado-en-customer-experience-designer-ced\/"]}]},{"@type":"BreadcrumbList","@id":"https:\/\/aplv.21.edu.ar\/en\/product\/certificado-en-customer-experience-designer-ced\/#breadcrumb","itemListElement":[{"@type":"ListItem","position":1,"name":"Home","item":"https:\/\/aplv.21.edu.ar\/"},{"@type":"ListItem","position":2,"name":"Productos","item":"https:\/\/aplv.21.edu.ar\/product\/"},{"@type":"ListItem","position":3,"name":"CERTIFICADO EN CUSTOMER EXPERIENCE DESIGNER \u2013 CED"}]},{"@type":"WebSite","@id":"https:\/\/aplv.21.edu.ar\/#website","url":"https:\/\/aplv.21.edu.ar\/","name":"Siglo 21","description":"Siglo 21","potentialAction":[{"@type":"SearchAction","target":{"@type":"EntryPoint","urlTemplate":"https:\/\/aplv.21.edu.ar\/?s={search_term_string}"},"query-input":"required name=search_term_string"}],"inLanguage":"en-US"}]}},"idiomas":{"en":17822,"es":17821},"_links":{"self":[{"href":"https:\/\/aplv.21.edu.ar\/en\/wp-json\/wp\/v2\/products\/17822"}],"collection":[{"href":"https:\/\/aplv.21.edu.ar\/en\/wp-json\/wp\/v2\/products"}],"about":[{"href":"https:\/\/aplv.21.edu.ar\/en\/wp-json\/wp\/v2\/types\/product"}],"author":[{"embeddable":true,"href":"https:\/\/aplv.21.edu.ar\/en\/wp-json\/wp\/v2\/users\/3"}],"replies":[{"embeddable":true,"href":"https:\/\/aplv.21.edu.ar\/en\/wp-json\/wp\/v2\/comments?post=17822"}],"version-history":[{"count":1,"href":"https:\/\/aplv.21.edu.ar\/en\/wp-json\/wp\/v2\/products\/17822\/revisions"}],"predecessor-version":[{"id":18096,"href":"https:\/\/aplv.21.edu.ar\/en\/wp-json\/wp\/v2\/products\/17822\/revisions\/18096"}],"wp:attachment":[{"href":"https:\/\/aplv.21.edu.ar\/en\/wp-json\/wp\/v2\/media?parent=17822"}],"wp:term":[{"taxonomy":"category","embeddable":true,"href":"https:\/\/aplv.21.edu.ar\/en\/wp-json\/wp\/v2\/categories?post=17822"}],"curies":[{"name":"wp","href":"https:\/\/api.w.org\/{rel}","templated":true}]}}