{"id":17824,"date":"2025-02-24T14:37:12","date_gmt":"2025-02-24T14:37:12","guid":{"rendered":"https:\/\/aplv.21.edu.ar\/?post_type=product&#038;p=17824"},"modified":"2025-02-24T14:37:12","modified_gmt":"2025-02-24T14:37:12","slug":"curso-ginecologia-regenerativa-funcional-y-estetica","status":"publish","type":"product","link":"https:\/\/aplv.21.edu.ar\/en\/product\/curso-ginecologia-regenerativa-funcional-y-estetica\/","title":{"rendered":"CURSO GINECOLOG\u00cdA REGENERATIVA FUNCIONAL Y EST\u00c9TICA"},"content":{"rendered":"<p>contenido<\/p>\n","protected":false},"excerpt":{"rendered":"<p>excerpt<\/p>\n","protected":false},"author":3,"featured_media":0,"comment_status":"open","ping_status":"closed","template":"","meta":{"_acf_changed":false,"footnotes":""},"categories":[22],"class_list":["post-17824","product","type-product","status-publish","hentry","category-negocios-y-management-en"],"acf":{"external_id":"2364","precio":"207.000","impartido_en":["es","en"],"hubspot_product_id":"18122085455","imagen_destacada":18468,"header_image":"https:\/\/static.capabiliaserver.com\/frontend\/clients\/aplv\/wp_prod\/wp-content\/uploads\/bf691900-aplv-header-1920-x-940-1.png","precio_en_cuotas":"3 Cuotas de $69.000","precio_de_lista":"","mostrar_form":false,"promocion_vigente":"","duracion_del_curso":"3 Meses","tipo_de_programa":"Curso","nivel_del_curso":"B\u00e1sico","modalidad":"Online","dedicacion":"","titulo":"Curso Ginecolog\u00eda Regenerativa Funcional y Est\u00e9tica","contenido":"<p>La Calidad de Vida y el envejecimiento saludable son conceptos que se han ido incorporando en nuestro vocabulario y estilo de vida. Estos fen\u00f3menos se encuentran en continuo avance, hoy las personas se ocupan de verse bien y sentirse mejor de esta manera pudiendo sobrellevar adversidades de una manera m\u00e1s integral y acudiendo a diferentes alternativas tanto naturales como artificiales para su propio cuidado y bienestar.<\/p>\n<p>Son cada vez m\u00e1s los profesionales de la salud de cada especialidad los que empiezan a ocuparse de los est\u00e1ndares de vida y salud buscando sumar diferentes alternativas tanto tecnol\u00f3gicos como farmacol\u00f3gicas, cambiando paradigmas y enfatizando en salud y est\u00e9tica integral queriendo adquirir cada vez m\u00e1s conocimientos certeros que proporcionen resultados solidos y duraderos. Hoy se habla no solo de Ginecolog\u00eda, sino de Ginecolog\u00eda regenerativa, est\u00e9tica y funcional.<\/p>\n<p>Este es un fen\u00f3meno social que va en aumento y afecta a todos los sectores de la sociedad. Dise\u00f1ar nuevas formas de atenci\u00f3n ginecol\u00f3gica, cuidados y recursos para atender a este sector de la poblaci\u00f3n que comienza a cursar cambios propios de la edad como es la etapa de la Perimenopausia, la Menopausia propiamente dicha y la postmenopausia es un objetivo que buscan cada vez los sectores de la salud mejorando as\u00ed la calidad de vida de las personas y por tanto de su entorno tambi\u00e9n.<\/p>\n<p>Con el curso \u201c EN GINECOLOGIA REGENERATIVA, FUNCIONAL Y ESTETICA\u201d podr\u00e1s adquirir conocimientos competencias y habilidades para desempe\u00f1o personal y laboral incorporando conocimientos de salud y est\u00e9tica en Ginecolog\u00eda est\u00e9tica, funcional y regenerativa, de manera gradual y seg\u00fan tus propios objetivos , dise\u00f1ando intervenciones que de acuerdo con tus preferencias, necesidades y proyecto de vida puedan ser incorporadas en los consultorios y \u00e1mbitos de salud de la mujer, as\u00ed como diferentes espacios de Ginecolog\u00eda. de forma plena esta etapa del ciclo vital. Pensando a futuro en una nueva salida laboral.<\/p>\n<p>Abordando tanto terapias hormonales como el uso de diferentes tecnolog\u00edas aplicadas a la Ginecolog\u00eda, incorporando nuevas pr\u00e1cticas de manera gradual y paulatina, permiti\u00e9ndole al interesado lograr conocimientos relacionados acerca de las indicaciones, usos y combinaciones posibles.<\/p>\n","avalado_por":"https:\/\/static.capabiliaserver.com\/frontend\/clients\/aplv\/wp_prod\/wp-content\/uploads\/75f5c34c-microcredenciales.png","pdf_brochure":false,"cursos_que_lo_componen":[{"nombre_del_curso":"MATERIA 1:  F\u00cdSICA GENERAL","descripcion_del_curso":"<p>MODULO 1: F\u00edsica aplicada a la Medicina<br \/>\nMODULO 2: Agentes f\u00edsicos, Transductores y Equipos<br \/>\nM\u00d3DULO 3: Luz Pulsada Intensa: Introduccion<br \/>\nM\u00d3DULO 4: Luz Pulsada Intensa: Indicaciones Cl\u00ednicas<\/p>\n"},{"nombre_del_curso":"MATERIA 2: BIOSEGURIDAD EN FOTOTERAPIAS","descripcion_del_curso":"<p>MODULO 1: Seguridad en el ambiente de operaci\u00f3n<br \/>\nMODULO 2: Equipamiento e instalaci\u00f3n<br \/>\nM\u00d3DULO 3: Regulaci\u00f3n y normativa nacional e internacional<br \/>\nM\u00d3DULO  4: Sistemas de gesti\u00f3n de la calidad<\/p>\n"},{"nombre_del_curso":"MATERIA 3: LASER EN GINECOLOG\u00cdA","descripcion_del_curso":"<p>MODULO 1: L\u00e1seres Ablativos<br \/>\nMODULO 2: Ultrasonido Focalizado de Alta Intensidad (HIFU)<br \/>\nMODULO 3: Otras T\u00e9cnicas<br \/>\nMODULO 4: Diagnostico Cl\u00ednicos de Patolog\u00edas<\/p>\n"}],"preguntas_frecuentes":false,"docentes_expertos":[{"foto":"https:\/\/static.capabiliaserver.com\/frontend\/clients\/aplv\/wp_prod\/wp-content\/uploads\/3033d1e9-gabriela-corin.jpg","nombre_del_docente":"Dra. Gabriela Corin","descripcion_del_docente":"L\u00edder en Innovaci\u00f3n M\u00e9dica y Est\u00e9tica","enlace":""}]},"yoast_head":"<!-- This site is optimized with the Yoast SEO plugin v23.0 - https:\/\/yoast.com\/wordpress\/plugins\/seo\/ -->\n<title>CURSO GINECOLOG\u00cdA REGENERATIVA FUNCIONAL Y EST\u00c9TICA - Siglo 21<\/title>\n<meta name=\"robots\" content=\"index, follow, max-snippet:-1, max-image-preview:large, max-video-preview:-1\" \/>\n<link rel=\"canonical\" href=\"https:\/\/aplv.21.edu.ar\/en\/product\/curso-ginecologia-regenerativa-funcional-y-estetica\/\" \/>\n<meta property=\"og:locale\" content=\"en_US\" \/>\n<meta property=\"og:type\" content=\"article\" \/>\n<meta property=\"og:title\" content=\"CURSO GINECOLOG\u00cdA REGENERATIVA FUNCIONAL Y EST\u00c9TICA - Siglo 21\" \/>\n<meta property=\"og:description\" content=\"excerpt\" \/>\n<meta property=\"og:url\" content=\"https:\/\/aplv.21.edu.ar\/en\/product\/curso-ginecologia-regenerativa-funcional-y-estetica\/\" \/>\n<meta property=\"og:site_name\" content=\"Siglo 21\" \/>\n<meta name=\"twitter:card\" content=\"summary_large_image\" \/>\n<meta name=\"twitter:label1\" content=\"Est. reading time\" \/>\n\t<meta name=\"twitter:data1\" content=\"1 minute\" \/>\n<script type=\"application\/ld+json\" class=\"yoast-schema-graph\">{\"@context\":\"https:\/\/schema.org\",\"@graph\":[{\"@type\":\"WebPage\",\"@id\":\"https:\/\/aplv.21.edu.ar\/en\/product\/curso-ginecologia-regenerativa-funcional-y-estetica\/\",\"url\":\"https:\/\/aplv.21.edu.ar\/en\/product\/curso-ginecologia-regenerativa-funcional-y-estetica\/\",\"name\":\"CURSO GINECOLOG\u00cdA REGENERATIVA FUNCIONAL Y EST\u00c9TICA - Siglo 21\",\"isPartOf\":{\"@id\":\"https:\/\/aplv.21.edu.ar\/#website\"},\"datePublished\":\"2025-02-24T14:37:12+00:00\",\"dateModified\":\"2025-02-24T14:37:12+00:00\",\"breadcrumb\":{\"@id\":\"https:\/\/aplv.21.edu.ar\/en\/product\/curso-ginecologia-regenerativa-funcional-y-estetica\/#breadcrumb\"},\"inLanguage\":\"en-US\",\"potentialAction\":[{\"@type\":\"ReadAction\",\"target\":[\"https:\/\/aplv.21.edu.ar\/en\/product\/curso-ginecologia-regenerativa-funcional-y-estetica\/\"]}]},{\"@type\":\"BreadcrumbList\",\"@id\":\"https:\/\/aplv.21.edu.ar\/en\/product\/curso-ginecologia-regenerativa-funcional-y-estetica\/#breadcrumb\",\"itemListElement\":[{\"@type\":\"ListItem\",\"position\":1,\"name\":\"Home\",\"item\":\"https:\/\/aplv.21.edu.ar\/\"},{\"@type\":\"ListItem\",\"position\":2,\"name\":\"Productos\",\"item\":\"https:\/\/aplv.21.edu.ar\/product\/\"},{\"@type\":\"ListItem\",\"position\":3,\"name\":\"CURSO GINECOLOG\u00cdA REGENERATIVA FUNCIONAL Y EST\u00c9TICA\"}]},{\"@type\":\"WebSite\",\"@id\":\"https:\/\/aplv.21.edu.ar\/#website\",\"url\":\"https:\/\/aplv.21.edu.ar\/\",\"name\":\"Siglo 21\",\"description\":\"Siglo 21\",\"potentialAction\":[{\"@type\":\"SearchAction\",\"target\":{\"@type\":\"EntryPoint\",\"urlTemplate\":\"https:\/\/aplv.21.edu.ar\/?s={search_term_string}\"},\"query-input\":\"required name=search_term_string\"}],\"inLanguage\":\"en-US\"}]}<\/script>\n<!-- \/ Yoast SEO plugin. -->","yoast_head_json":{"title":"CURSO GINECOLOG\u00cdA REGENERATIVA FUNCIONAL Y EST\u00c9TICA - Siglo 21","robots":{"index":"index","follow":"follow","max-snippet":"max-snippet:-1","max-image-preview":"max-image-preview:large","max-video-preview":"max-video-preview:-1"},"canonical":"https:\/\/aplv.21.edu.ar\/en\/product\/curso-ginecologia-regenerativa-funcional-y-estetica\/","og_locale":"en_US","og_type":"article","og_title":"CURSO GINECOLOG\u00cdA REGENERATIVA FUNCIONAL Y EST\u00c9TICA - Siglo 21","og_description":"excerpt","og_url":"https:\/\/aplv.21.edu.ar\/en\/product\/curso-ginecologia-regenerativa-funcional-y-estetica\/","og_site_name":"Siglo 21","twitter_card":"summary_large_image","twitter_misc":{"Est. reading time":"1 minute"},"schema":{"@context":"https:\/\/schema.org","@graph":[{"@type":"WebPage","@id":"https:\/\/aplv.21.edu.ar\/en\/product\/curso-ginecologia-regenerativa-funcional-y-estetica\/","url":"https:\/\/aplv.21.edu.ar\/en\/product\/curso-ginecologia-regenerativa-funcional-y-estetica\/","name":"CURSO GINECOLOG\u00cdA REGENERATIVA FUNCIONAL Y EST\u00c9TICA - Siglo 21","isPartOf":{"@id":"https:\/\/aplv.21.edu.ar\/#website"},"datePublished":"2025-02-24T14:37:12+00:00","dateModified":"2025-02-24T14:37:12+00:00","breadcrumb":{"@id":"https:\/\/aplv.21.edu.ar\/en\/product\/curso-ginecologia-regenerativa-funcional-y-estetica\/#breadcrumb"},"inLanguage":"en-US","potentialAction":[{"@type":"ReadAction","target":["https:\/\/aplv.21.edu.ar\/en\/product\/curso-ginecologia-regenerativa-funcional-y-estetica\/"]}]},{"@type":"BreadcrumbList","@id":"https:\/\/aplv.21.edu.ar\/en\/product\/curso-ginecologia-regenerativa-funcional-y-estetica\/#breadcrumb","itemListElement":[{"@type":"ListItem","position":1,"name":"Home","item":"https:\/\/aplv.21.edu.ar\/"},{"@type":"ListItem","position":2,"name":"Productos","item":"https:\/\/aplv.21.edu.ar\/product\/"},{"@type":"ListItem","position":3,"name":"CURSO GINECOLOG\u00cdA REGENERATIVA FUNCIONAL Y EST\u00c9TICA"}]},{"@type":"WebSite","@id":"https:\/\/aplv.21.edu.ar\/#website","url":"https:\/\/aplv.21.edu.ar\/","name":"Siglo 21","description":"Siglo 21","potentialAction":[{"@type":"SearchAction","target":{"@type":"EntryPoint","urlTemplate":"https:\/\/aplv.21.edu.ar\/?s={search_term_string}"},"query-input":"required name=search_term_string"}],"inLanguage":"en-US"}]}},"idiomas":{"en":17824,"es":17823},"_links":{"self":[{"href":"https:\/\/aplv.21.edu.ar\/en\/wp-json\/wp\/v2\/products\/17824"}],"collection":[{"href":"https:\/\/aplv.21.edu.ar\/en\/wp-json\/wp\/v2\/products"}],"about":[{"href":"https:\/\/aplv.21.edu.ar\/en\/wp-json\/wp\/v2\/types\/product"}],"author":[{"embeddable":true,"href":"https:\/\/aplv.21.edu.ar\/en\/wp-json\/wp\/v2\/users\/3"}],"replies":[{"embeddable":true,"href":"https:\/\/aplv.21.edu.ar\/en\/wp-json\/wp\/v2\/comments?post=17824"}],"version-history":[{"count":1,"href":"https:\/\/aplv.21.edu.ar\/en\/wp-json\/wp\/v2\/products\/17824\/revisions"}],"predecessor-version":[{"id":18457,"href":"https:\/\/aplv.21.edu.ar\/en\/wp-json\/wp\/v2\/products\/17824\/revisions\/18457"}],"wp:attachment":[{"href":"https:\/\/aplv.21.edu.ar\/en\/wp-json\/wp\/v2\/media?parent=17824"}],"wp:term":[{"taxonomy":"category","embeddable":true,"href":"https:\/\/aplv.21.edu.ar\/en\/wp-json\/wp\/v2\/categories?post=17824"}],"curies":[{"name":"wp","href":"https:\/\/api.w.org\/{rel}","templated":true}]}}