{"id":18803,"date":"2025-04-11T20:51:10","date_gmt":"2025-04-11T20:51:10","guid":{"rendered":"https:\/\/aplv.21.edu.ar\/?post_type=product&#038;p=18803"},"modified":"2025-04-11T20:51:10","modified_gmt":"2025-04-11T20:51:10","slug":"curso-inteligencia-artificial-para-marketing-e-industrias-creativas","status":"publish","type":"product","link":"https:\/\/aplv.21.edu.ar\/en\/product\/curso-inteligencia-artificial-para-marketing-e-industrias-creativas\/","title":{"rendered":"CURSO: INTELIGENCIA ARTIFICIAL PARA MARKETING E INDUSTRIAS CREATIVAS"},"content":{"rendered":"<p>contenido<\/p>\n","protected":false},"excerpt":{"rendered":"<p>excerpt<\/p>\n","protected":false},"author":3,"featured_media":0,"comment_status":"open","ping_status":"closed","template":"","meta":{"_acf_changed":false,"footnotes":""},"categories":[22],"class_list":["post-18803","product","type-product","status-publish","hentry","category-negocios-y-management-en"],"acf":{"external_id":"100150","precio":"207000","impartido_en":["es"],"hubspot_product_id":"","imagen_destacada":18814,"header_image":"https:\/\/static.capabiliaserver.com\/frontend\/clients\/aplv\/wp_prod\/wp-content\/uploads\/041064f1-diseno-sin-titulo-1.png","precio_en_cuotas":"207000","precio_de_lista":"","mostrar_form":false,"promocion_vigente":"","duracion_del_curso":"1 mes","tipo_de_programa":"Curso","nivel_del_curso":"Avanzado","modalidad":"Online","dedicacion":"Este curso sobre Inteligencia Artificial est\u00e1 dirigido a personas interesadas en adquirir conocimientos fundamentales sobre IA y su aplicaci\u00f3n en herramientas creativas. Emprendedores y empresarios que deseen conocer c\u00f3mo la IA puede impulsar la eficiencia y mejorar la toma de decisiones en sus empresas. Profesionales de marketing y marketing digital que deseen optimizar campa\u00f1as, mejorar la experiencia del cliente y brindar insights para estrategias efectivas. Perfiles creativos, interesados en explorar herramientas creativas de IA para generar arte, m\u00fasica, videos o im\u00e1genes \u00fanicas. Gestores de servicio al cliente y Community Managers que busquen  comprender c\u00f3mo los chatbots y asistentes virtuales pueden mejorar la atenci\u00f3n al cliente y automatizar respuestas.","titulo":"CURSO: INTELIGENCIA ARTIFICIAL PARA MARKETING E INDUSTRIAS CREATIVAS","contenido":"<div>Las herramientas de IA han desembarcado r\u00e1pidamente en el \u00e1mbito de trabajo de la econom\u00eda del conocimiento y de las industrias creativas (como el marketing, la creaci\u00f3n de contenidos, etc.) y obligan a actualizarse a las personas que trabajan en ellas, para no percibirlas como una invasi\u00f3n, sino como una herramienta de crecimiento.<\/div>\n<div>\n<p>Este curso ofrece la oportunidad de conocer herramientas creativas de Inteligencia Artificial\u00a0 \u00a0y su uso de manera \u00e9tica y estrat\u00e9gica, comprendiendo su potencial y desaf\u00edos para el \u00e1mbito laboral.<\/p>\n<p>Proporcionar a los participantes una comprensi\u00f3n s\u00f3lida de los conceptos fundamentales de la Inteligencia Artificial y su aplicaci\u00f3n en diferentes \u00e1reas, as\u00ed como explorar herramientas creativas basadas en IA.<\/p>\n<\/div>\n<p>Gesti\u00f3n del universo digital: Desarrolla acciones planificadas, analiza y optimiza estrategias relacionadas al universo digital<br \/>\nAplica t\u00e9cnicas de an\u00e1lisis y optimizaci\u00f3n de estrategias digitales: Aplica las habilidades adquiridas a nuevas situaciones que se le presentan en el universo digital.<\/p>\n","avalado_por":false,"pdf_brochure":false,"cursos_que_lo_componen":[{"nombre_del_curso":"IA Para Marketing e Industrias Creativas ","descripcion_del_curso":"<p>M\u00f3dulo 1: Introducci\u00f3n a la Inteligencia Artificial<br \/>\nM\u00f3dulo 2: ChatGPT y otros modelos de IA<br \/>\nM\u00f3dulo 3: Herramientas Creativas de Inteligencia Artificial<br \/>\nM\u00f3dulo 4: La Inteligencia Artificial aplicada al Marketing<\/p>\n"}],"preguntas_frecuentes":false,"docentes_expertos":[{"foto":"https:\/\/static.capabiliaserver.com\/frontend\/clients\/aplv\/wp_prod\/wp-content\/uploads\/3c03ce4f-guillermo-paz.png","nombre_del_docente":"Guillermo Paz","descripcion_del_docente":"Experto en Social Media y Marketing Digital","enlace":""}]},"yoast_head":"<!-- This site is optimized with the Yoast SEO plugin v23.0 - https:\/\/yoast.com\/wordpress\/plugins\/seo\/ -->\n<title>CURSO: INTELIGENCIA ARTIFICIAL PARA MARKETING E INDUSTRIAS CREATIVAS - Siglo 21<\/title>\n<meta name=\"robots\" content=\"index, follow, max-snippet:-1, max-image-preview:large, max-video-preview:-1\" \/>\n<link rel=\"canonical\" href=\"https:\/\/aplv.21.edu.ar\/en\/product\/curso-inteligencia-artificial-para-marketing-e-industrias-creativas\/\" \/>\n<meta property=\"og:locale\" content=\"en_US\" \/>\n<meta property=\"og:type\" content=\"article\" \/>\n<meta property=\"og:title\" content=\"CURSO: INTELIGENCIA ARTIFICIAL PARA MARKETING E INDUSTRIAS CREATIVAS - Siglo 21\" \/>\n<meta property=\"og:description\" content=\"excerpt\" \/>\n<meta property=\"og:url\" content=\"https:\/\/aplv.21.edu.ar\/en\/product\/curso-inteligencia-artificial-para-marketing-e-industrias-creativas\/\" \/>\n<meta property=\"og:site_name\" content=\"Siglo 21\" \/>\n<meta name=\"twitter:card\" content=\"summary_large_image\" \/>\n<script type=\"application\/ld+json\" class=\"yoast-schema-graph\">{\"@context\":\"https:\/\/schema.org\",\"@graph\":[{\"@type\":\"WebPage\",\"@id\":\"https:\/\/aplv.21.edu.ar\/en\/product\/curso-inteligencia-artificial-para-marketing-e-industrias-creativas\/\",\"url\":\"https:\/\/aplv.21.edu.ar\/en\/product\/curso-inteligencia-artificial-para-marketing-e-industrias-creativas\/\",\"name\":\"CURSO: INTELIGENCIA ARTIFICIAL PARA MARKETING E INDUSTRIAS CREATIVAS - Siglo 21\",\"isPartOf\":{\"@id\":\"https:\/\/aplv.21.edu.ar\/#website\"},\"datePublished\":\"2025-04-11T20:51:10+00:00\",\"dateModified\":\"2025-04-11T20:51:10+00:00\",\"breadcrumb\":{\"@id\":\"https:\/\/aplv.21.edu.ar\/en\/product\/curso-inteligencia-artificial-para-marketing-e-industrias-creativas\/#breadcrumb\"},\"inLanguage\":\"en-US\",\"potentialAction\":[{\"@type\":\"ReadAction\",\"target\":[\"https:\/\/aplv.21.edu.ar\/en\/product\/curso-inteligencia-artificial-para-marketing-e-industrias-creativas\/\"]}]},{\"@type\":\"BreadcrumbList\",\"@id\":\"https:\/\/aplv.21.edu.ar\/en\/product\/curso-inteligencia-artificial-para-marketing-e-industrias-creativas\/#breadcrumb\",\"itemListElement\":[{\"@type\":\"ListItem\",\"position\":1,\"name\":\"Home\",\"item\":\"https:\/\/aplv.21.edu.ar\/\"},{\"@type\":\"ListItem\",\"position\":2,\"name\":\"Productos\",\"item\":\"https:\/\/aplv.21.edu.ar\/product\/\"},{\"@type\":\"ListItem\",\"position\":3,\"name\":\"CURSO: INTELIGENCIA ARTIFICIAL PARA MARKETING E INDUSTRIAS CREATIVAS\"}]},{\"@type\":\"WebSite\",\"@id\":\"https:\/\/aplv.21.edu.ar\/#website\",\"url\":\"https:\/\/aplv.21.edu.ar\/\",\"name\":\"Siglo 21\",\"description\":\"Siglo 21\",\"potentialAction\":[{\"@type\":\"SearchAction\",\"target\":{\"@type\":\"EntryPoint\",\"urlTemplate\":\"https:\/\/aplv.21.edu.ar\/?s={search_term_string}\"},\"query-input\":\"required name=search_term_string\"}],\"inLanguage\":\"en-US\"}]}<\/script>\n<!-- \/ Yoast SEO plugin. -->","yoast_head_json":{"title":"CURSO: INTELIGENCIA ARTIFICIAL PARA MARKETING E INDUSTRIAS CREATIVAS - Siglo 21","robots":{"index":"index","follow":"follow","max-snippet":"max-snippet:-1","max-image-preview":"max-image-preview:large","max-video-preview":"max-video-preview:-1"},"canonical":"https:\/\/aplv.21.edu.ar\/en\/product\/curso-inteligencia-artificial-para-marketing-e-industrias-creativas\/","og_locale":"en_US","og_type":"article","og_title":"CURSO: INTELIGENCIA ARTIFICIAL PARA MARKETING E INDUSTRIAS CREATIVAS - Siglo 21","og_description":"excerpt","og_url":"https:\/\/aplv.21.edu.ar\/en\/product\/curso-inteligencia-artificial-para-marketing-e-industrias-creativas\/","og_site_name":"Siglo 21","twitter_card":"summary_large_image","schema":{"@context":"https:\/\/schema.org","@graph":[{"@type":"WebPage","@id":"https:\/\/aplv.21.edu.ar\/en\/product\/curso-inteligencia-artificial-para-marketing-e-industrias-creativas\/","url":"https:\/\/aplv.21.edu.ar\/en\/product\/curso-inteligencia-artificial-para-marketing-e-industrias-creativas\/","name":"CURSO: INTELIGENCIA ARTIFICIAL PARA MARKETING E INDUSTRIAS CREATIVAS - Siglo 21","isPartOf":{"@id":"https:\/\/aplv.21.edu.ar\/#website"},"datePublished":"2025-04-11T20:51:10+00:00","dateModified":"2025-04-11T20:51:10+00:00","breadcrumb":{"@id":"https:\/\/aplv.21.edu.ar\/en\/product\/curso-inteligencia-artificial-para-marketing-e-industrias-creativas\/#breadcrumb"},"inLanguage":"en-US","potentialAction":[{"@type":"ReadAction","target":["https:\/\/aplv.21.edu.ar\/en\/product\/curso-inteligencia-artificial-para-marketing-e-industrias-creativas\/"]}]},{"@type":"BreadcrumbList","@id":"https:\/\/aplv.21.edu.ar\/en\/product\/curso-inteligencia-artificial-para-marketing-e-industrias-creativas\/#breadcrumb","itemListElement":[{"@type":"ListItem","position":1,"name":"Home","item":"https:\/\/aplv.21.edu.ar\/"},{"@type":"ListItem","position":2,"name":"Productos","item":"https:\/\/aplv.21.edu.ar\/product\/"},{"@type":"ListItem","position":3,"name":"CURSO: INTELIGENCIA ARTIFICIAL PARA MARKETING E INDUSTRIAS CREATIVAS"}]},{"@type":"WebSite","@id":"https:\/\/aplv.21.edu.ar\/#website","url":"https:\/\/aplv.21.edu.ar\/","name":"Siglo 21","description":"Siglo 21","potentialAction":[{"@type":"SearchAction","target":{"@type":"EntryPoint","urlTemplate":"https:\/\/aplv.21.edu.ar\/?s={search_term_string}"},"query-input":"required name=search_term_string"}],"inLanguage":"en-US"}]}},"idiomas":{"en":18803,"es":18802},"_links":{"self":[{"href":"https:\/\/aplv.21.edu.ar\/en\/wp-json\/wp\/v2\/products\/18803"}],"collection":[{"href":"https:\/\/aplv.21.edu.ar\/en\/wp-json\/wp\/v2\/products"}],"about":[{"href":"https:\/\/aplv.21.edu.ar\/en\/wp-json\/wp\/v2\/types\/product"}],"author":[{"embeddable":true,"href":"https:\/\/aplv.21.edu.ar\/en\/wp-json\/wp\/v2\/users\/3"}],"replies":[{"embeddable":true,"href":"https:\/\/aplv.21.edu.ar\/en\/wp-json\/wp\/v2\/comments?post=18803"}],"version-history":[{"count":1,"href":"https:\/\/aplv.21.edu.ar\/en\/wp-json\/wp\/v2\/products\/18803\/revisions"}],"predecessor-version":[{"id":18818,"href":"https:\/\/aplv.21.edu.ar\/en\/wp-json\/wp\/v2\/products\/18803\/revisions\/18818"}],"wp:attachment":[{"href":"https:\/\/aplv.21.edu.ar\/en\/wp-json\/wp\/v2\/media?parent=18803"}],"wp:term":[{"taxonomy":"category","embeddable":true,"href":"https:\/\/aplv.21.edu.ar\/en\/wp-json\/wp\/v2\/categories?post=18803"}],"curies":[{"name":"wp","href":"https:\/\/api.w.org\/{rel}","templated":true}]}}