{"id":18828,"date":"2025-06-11T16:41:11","date_gmt":"2025-06-11T16:41:11","guid":{"rendered":"https:\/\/aplv.21.edu.ar\/?post_type=product&#038;p=18828"},"modified":"2025-06-11T16:41:11","modified_gmt":"2025-06-11T16:41:11","slug":"diplomatura-en-gestion-integral-de-esports","status":"publish","type":"product","link":"https:\/\/aplv.21.edu.ar\/en\/product\/diplomatura-en-gestion-integral-de-esports\/","title":{"rendered":"DIPLOMATURA EN GESTI\u00d3N INTEGRAL DE ESPORTS"},"content":{"rendered":"<p>contenido<\/p>\n","protected":false},"excerpt":{"rendered":"<p>excerpt<\/p>\n","protected":false},"author":3,"featured_media":0,"comment_status":"open","ping_status":"closed","template":"","meta":{"_acf_changed":false,"footnotes":""},"categories":[22],"class_list":["post-18828","product","type-product","status-publish","hentry","category-negocios-y-management-en"],"acf":{"external_id":"100154","precio":"123","impartido_en":["es","en"],"hubspot_product_id":"23013241638","imagen_destacada":18839,"header_image":"https:\/\/static.capabiliaserver.com\/frontend\/clients\/aplv\/wp_prod\/wp-content\/uploads\/3efbdd0b-cms.png","precio_en_cuotas":"","precio_de_lista":"","mostrar_form":false,"promocion_vigente":"","duracion_del_curso":"8 (ocho) meses","tipo_de_programa":"Diplomatura","nivel_del_curso":"B\u00e1sico","modalidad":"Online","dedicacion":"","titulo":"DIPLOMATURA EN GESTI\u00d3N INTEGRAL DE ESPORTS ","contenido":"<p><span style=\"font-weight: 400;\">La industria de los Esports ha experimentado un crecimiento exponencial en los \u00faltimos a\u00f1os, consolid\u00e1ndose como un sector altamente profesionalizado que abarca equipos, clubes, ligas, patrocinadores, plataformas digitales y audiencias globales. Este ecosistema din\u00e1mico requiere profesionales capacitados en la gesti\u00f3n, comercializaci\u00f3n y desarrollo estrat\u00e9gico de organizaciones dentro del sector.<\/span><\/p>\n<p><span style=\"font-weight: 400;\">La Diplomatura en Gesti\u00f3n Integral de Esports responde a la necesidad de formar especialistas que comprendan las particularidades de esta industria y sean capaces de gestionar equipos, crear estrategias de marca, generar modelos de negocio sostenibles y desarrollar comunidades digitales. A trav\u00e9s de un enfoque interdisciplinario, el programa aborda temas clave como la administraci\u00f3n de clubes, financiamiento, marketing, comunicaci\u00f3n y gesti\u00f3n deportiva en el \u00e1mbito de los Esports.<\/span><\/p>\n<p><span style=\"font-weight: 400;\">El plan de estudios combina conocimientos te\u00f3ricos con experiencias pr\u00e1cticas de la mano de referentes del sector, permitiendo a los participantes adquirir herramientas actualizadas y aplicables a la realidad del mercado. Adem\u00e1s, se enfatiza el impacto cultural y social de los Esports, promoviendo la inclusi\u00f3n, la diversidad y el bienestar de los jugadores y equipos.<\/span><\/p>\n","avalado_por":false,"pdf_brochure":false,"cursos_que_lo_componen":[{"nombre_del_curso":"Materia1: LA INDUSTRIA DE LOS ESPORTS","descripcion_del_curso":"<p>M\u00f3dulo1: Introducci\u00f3n a la Industria de los Esports.<br \/>\nM\u00f3dulo 2: Historia y evoluci\u00f3n de los Esports.<br \/>\nM\u00f3dulo 3: Modelos de negocio en Esports.<br \/>\nM\u00f3dulo 4: Impacto cultural y social de los Esports.<\/p>\n"},{"nombre_del_curso":"Materia 2: LA GESTI\u00d3N DE UN CLUB EN ESPORTS","descripcion_del_curso":"<p>M\u00f3dulo 1: Direcci\u00f3n general y estrategia.<br \/>\nM\u00f3dulo 2: Finanzas y sostenibilidad econ\u00f3mica.<br \/>\nM\u00f3dulo 3: Gesti\u00f3n de recursos humanos.<br \/>\nM\u00f3dulo 4: Operaciones y log\u00edstica en un club de Esports.<\/p>\n"},{"nombre_del_curso":"Materia 3: MARKETING EN ESPORTS","descripcion_del_curso":"<p>M\u00f3dulo1: Estrategias de marca en Esports.<br \/>\nM\u00f3dulo 2: Estrategias de Monetizaci\u00f3n y Modelos de Negocio en Esports.<br \/>\nM\u00f3dulo 3: Sponsorship y Partnership en Esports.<br \/>\nM\u00f3dulo 4: Marketing Digital, Publicidad y Content Value en Esports.<\/p>\n"},{"nombre_del_curso":"Materia 4: GESTI\u00d3N DEPORTIVA EN ESPORTS","descripcion_del_curso":"<p>M\u00f3dulo1: Estructura y funcionamiento de un equipo de Esports.<br \/>\nM\u00f3dulo 2: Gesti\u00f3n del talento y desarrollo de jugadores.<br \/>\nM\u00f3dulo3: Psicolog\u00eda de alto rendimiento.<br \/>\nM\u00f3dulo 4: Entrenamiento y Metodolog\u00edas.<\/p>\n"},{"nombre_del_curso":"Materia 5: GESTI\u00d3N DE LA COMUNICACI\u00d3N EN ESPORTS","descripcion_del_curso":"<p>M\u00f3dulo 1: Narrativa y storytelling en Esports.<br \/>\nM\u00f3dulo 2: Estrategias de contenido y redes sociales.<br \/>\nM\u00f3dulo 3: Relaciones p\u00fablicas y manejo de crisis en Esports.<br \/>\nM\u00f3dulo 4: Comunicaci\u00f3n y difusi\u00f3n de eventos y competiciones de Esports.<\/p>\n"},{"nombre_del_curso":"Materia 6: ASPECTOS LEGALES DE LA INDUSTRIA DE LOS ESPORTS","descripcion_del_curso":"<p>M\u00f3dulo 1: Contratos y derechos de los jugadores y equipos.<br \/>\nM\u00f3dulo 2: Propiedad intelectual en Esports.<br \/>\nM\u00f3dulo3: Regulaci\u00f3n y normativas internacionales en Esports.<br \/>\nM\u00f3dulo 4: Apuestas y dopaje en Esports.<\/p>\n"},{"nombre_del_curso":"Materia 7: EVENTOS EN ESPORTS","descripcion_del_curso":"<p>M\u00f3dulo1: Producci\u00f3n y log\u00edstica de torneos y eventos.<br \/>\nM\u00f3dulo 2: Plataformas y tecnolog\u00eda para competiciones online y presenciales.<br \/>\nM\u00f3dulo3: Experiencia del espectador y fan engagement.<br \/>\nM\u00f3dulo 4: Relaci\u00f3n con publishers y organizadores globales.<\/p>\n"},{"nombre_del_curso":"Materia 8: INNOVACI\u00d3N Y TECNOLOG\u00cdA EN ESPORTS","descripcion_del_curso":"<p>M\u00f3dulo1: Impacto de la IA, blockchain y nuevas tecnolog\u00edas en los esports.<br \/>\nM\u00f3dulo 2: Software y herramientas para gesti\u00f3n de equipos y competiciones.<br \/>\nM\u00f3dulo3: Realidad aumentada y virtual en los esports.<br \/>\nM\u00f3dulo 4: Futuro de la industria: tendencias y oportunidades.<\/p>\n"}],"preguntas_frecuentes":false,"docentes_expertos":[{"foto":false,"nombre_del_docente":"","descripcion_del_docente":"Vicerrector de Innovaci\u00f3n, Investigaci\u00f3n y Posgrado","enlace":""}]},"yoast_head":"<!-- This site is optimized with the Yoast SEO plugin v23.0 - https:\/\/yoast.com\/wordpress\/plugins\/seo\/ -->\n<title>DIPLOMATURA EN GESTI\u00d3N INTEGRAL DE ESPORTS - Siglo 21<\/title>\n<meta name=\"robots\" content=\"index, follow, max-snippet:-1, max-image-preview:large, max-video-preview:-1\" \/>\n<link rel=\"canonical\" href=\"https:\/\/aplv.21.edu.ar\/en\/product\/diplomatura-en-gestion-integral-de-esports\/\" \/>\n<meta property=\"og:locale\" content=\"en_US\" \/>\n<meta property=\"og:type\" content=\"article\" \/>\n<meta property=\"og:title\" content=\"DIPLOMATURA EN GESTI\u00d3N INTEGRAL DE ESPORTS - Siglo 21\" \/>\n<meta property=\"og:description\" content=\"excerpt\" \/>\n<meta property=\"og:url\" content=\"https:\/\/aplv.21.edu.ar\/en\/product\/diplomatura-en-gestion-integral-de-esports\/\" \/>\n<meta property=\"og:site_name\" content=\"Siglo 21\" \/>\n<meta name=\"twitter:card\" content=\"summary_large_image\" \/>\n<script type=\"application\/ld+json\" class=\"yoast-schema-graph\">{\"@context\":\"https:\/\/schema.org\",\"@graph\":[{\"@type\":\"WebPage\",\"@id\":\"https:\/\/aplv.21.edu.ar\/en\/product\/diplomatura-en-gestion-integral-de-esports\/\",\"url\":\"https:\/\/aplv.21.edu.ar\/en\/product\/diplomatura-en-gestion-integral-de-esports\/\",\"name\":\"DIPLOMATURA EN GESTI\u00d3N INTEGRAL DE ESPORTS - Siglo 21\",\"isPartOf\":{\"@id\":\"https:\/\/aplv.21.edu.ar\/#website\"},\"datePublished\":\"2025-06-11T16:41:11+00:00\",\"dateModified\":\"2025-06-11T16:41:11+00:00\",\"breadcrumb\":{\"@id\":\"https:\/\/aplv.21.edu.ar\/en\/product\/diplomatura-en-gestion-integral-de-esports\/#breadcrumb\"},\"inLanguage\":\"en-US\",\"potentialAction\":[{\"@type\":\"ReadAction\",\"target\":[\"https:\/\/aplv.21.edu.ar\/en\/product\/diplomatura-en-gestion-integral-de-esports\/\"]}]},{\"@type\":\"BreadcrumbList\",\"@id\":\"https:\/\/aplv.21.edu.ar\/en\/product\/diplomatura-en-gestion-integral-de-esports\/#breadcrumb\",\"itemListElement\":[{\"@type\":\"ListItem\",\"position\":1,\"name\":\"Home\",\"item\":\"https:\/\/aplv.21.edu.ar\/\"},{\"@type\":\"ListItem\",\"position\":2,\"name\":\"Productos\",\"item\":\"https:\/\/aplv.21.edu.ar\/product\/\"},{\"@type\":\"ListItem\",\"position\":3,\"name\":\"DIPLOMATURA EN GESTI\u00d3N INTEGRAL DE ESPORTS\"}]},{\"@type\":\"WebSite\",\"@id\":\"https:\/\/aplv.21.edu.ar\/#website\",\"url\":\"https:\/\/aplv.21.edu.ar\/\",\"name\":\"Siglo 21\",\"description\":\"Siglo 21\",\"potentialAction\":[{\"@type\":\"SearchAction\",\"target\":{\"@type\":\"EntryPoint\",\"urlTemplate\":\"https:\/\/aplv.21.edu.ar\/?s={search_term_string}\"},\"query-input\":\"required name=search_term_string\"}],\"inLanguage\":\"en-US\"}]}<\/script>\n<!-- \/ Yoast SEO plugin. -->","yoast_head_json":{"title":"DIPLOMATURA EN GESTI\u00d3N INTEGRAL DE ESPORTS - Siglo 21","robots":{"index":"index","follow":"follow","max-snippet":"max-snippet:-1","max-image-preview":"max-image-preview:large","max-video-preview":"max-video-preview:-1"},"canonical":"https:\/\/aplv.21.edu.ar\/en\/product\/diplomatura-en-gestion-integral-de-esports\/","og_locale":"en_US","og_type":"article","og_title":"DIPLOMATURA EN GESTI\u00d3N INTEGRAL DE ESPORTS - Siglo 21","og_description":"excerpt","og_url":"https:\/\/aplv.21.edu.ar\/en\/product\/diplomatura-en-gestion-integral-de-esports\/","og_site_name":"Siglo 21","twitter_card":"summary_large_image","schema":{"@context":"https:\/\/schema.org","@graph":[{"@type":"WebPage","@id":"https:\/\/aplv.21.edu.ar\/en\/product\/diplomatura-en-gestion-integral-de-esports\/","url":"https:\/\/aplv.21.edu.ar\/en\/product\/diplomatura-en-gestion-integral-de-esports\/","name":"DIPLOMATURA EN GESTI\u00d3N INTEGRAL DE ESPORTS - Siglo 21","isPartOf":{"@id":"https:\/\/aplv.21.edu.ar\/#website"},"datePublished":"2025-06-11T16:41:11+00:00","dateModified":"2025-06-11T16:41:11+00:00","breadcrumb":{"@id":"https:\/\/aplv.21.edu.ar\/en\/product\/diplomatura-en-gestion-integral-de-esports\/#breadcrumb"},"inLanguage":"en-US","potentialAction":[{"@type":"ReadAction","target":["https:\/\/aplv.21.edu.ar\/en\/product\/diplomatura-en-gestion-integral-de-esports\/"]}]},{"@type":"BreadcrumbList","@id":"https:\/\/aplv.21.edu.ar\/en\/product\/diplomatura-en-gestion-integral-de-esports\/#breadcrumb","itemListElement":[{"@type":"ListItem","position":1,"name":"Home","item":"https:\/\/aplv.21.edu.ar\/"},{"@type":"ListItem","position":2,"name":"Productos","item":"https:\/\/aplv.21.edu.ar\/product\/"},{"@type":"ListItem","position":3,"name":"DIPLOMATURA EN GESTI\u00d3N INTEGRAL DE ESPORTS"}]},{"@type":"WebSite","@id":"https:\/\/aplv.21.edu.ar\/#website","url":"https:\/\/aplv.21.edu.ar\/","name":"Siglo 21","description":"Siglo 21","potentialAction":[{"@type":"SearchAction","target":{"@type":"EntryPoint","urlTemplate":"https:\/\/aplv.21.edu.ar\/?s={search_term_string}"},"query-input":"required name=search_term_string"}],"inLanguage":"en-US"}]}},"idiomas":{"en":18828,"es":18827},"_links":{"self":[{"href":"https:\/\/aplv.21.edu.ar\/en\/wp-json\/wp\/v2\/products\/18828"}],"collection":[{"href":"https:\/\/aplv.21.edu.ar\/en\/wp-json\/wp\/v2\/products"}],"about":[{"href":"https:\/\/aplv.21.edu.ar\/en\/wp-json\/wp\/v2\/types\/product"}],"author":[{"embeddable":true,"href":"https:\/\/aplv.21.edu.ar\/en\/wp-json\/wp\/v2\/users\/3"}],"replies":[{"embeddable":true,"href":"https:\/\/aplv.21.edu.ar\/en\/wp-json\/wp\/v2\/comments?post=18828"}],"version-history":[{"count":1,"href":"https:\/\/aplv.21.edu.ar\/en\/wp-json\/wp\/v2\/products\/18828\/revisions"}],"predecessor-version":[{"id":18837,"href":"https:\/\/aplv.21.edu.ar\/en\/wp-json\/wp\/v2\/products\/18828\/revisions\/18837"}],"wp:attachment":[{"href":"https:\/\/aplv.21.edu.ar\/en\/wp-json\/wp\/v2\/media?parent=18828"}],"wp:term":[{"taxonomy":"category","embeddable":true,"href":"https:\/\/aplv.21.edu.ar\/en\/wp-json\/wp\/v2\/categories?post=18828"}],"curies":[{"name":"wp","href":"https:\/\/api.w.org\/{rel}","templated":true}]}}