{"id":18852,"date":"2025-08-22T18:52:59","date_gmt":"2025-08-22T18:52:59","guid":{"rendered":"https:\/\/aplv.21.edu.ar\/?post_type=product&#038;p=18852"},"modified":"2025-08-25T13:33:05","modified_gmt":"2025-08-25T13:33:05","slug":"leadup-mentorship-y-networking","status":"publish","type":"product","link":"https:\/\/aplv.21.edu.ar\/en\/product\/leadup-mentorship-y-networking\/","title":{"rendered":"LEAD UP: Mentorship y Networking"},"content":{"rendered":"<p>contenido<\/p>\n","protected":false},"excerpt":{"rendered":"<p>excerpt<\/p>\n","protected":false},"author":3,"featured_media":0,"comment_status":"open","ping_status":"closed","template":"","meta":{"_acf_changed":false,"footnotes":""},"categories":[22],"class_list":["post-18852","product","type-product","status-publish","hentry","category-negocios-y-management-en"],"acf":{"external_id":"100165","precio":"","impartido_en":["es","en"],"hubspot_product_id":"","imagen_destacada":18857,"header_image":"https:\/\/static.capabiliaserver.com\/frontend\/clients\/aplv\/wp_prod\/wp-content\/uploads\/2a7c607e-cms-2.jpg","precio_en_cuotas":"","precio_de_lista":"","mostrar_form":false,"promocion_vigente":"","duracion_del_curso":"4 meses (100 horas)","tipo_de_programa":"EDH","nivel_del_curso":"Intermedio","modalidad":"EDH. Distancia Sincr\u00f3nico, con uso de ZOOM ","dedicacion":"La propuesta est\u00e1 dise\u00f1ada para mujeres l\u00edderes en distintos momentos de su carrera: \u2022 Mujeres profesionales con alto potencial que trabajan en corporaciones y se est\u00e1n preparando para asumir mayores niveles de responsabilidad y desaf\u00edos. \u2022 Mujeres profesionales en primeros puestos de liderazgo en el mundo corporativo. \u2022 Mujeres profesionales en posiciones gerenciales y de direcci\u00f3n que buscan potenciar su liderazgo. \u2022 Las participantes deben tener al menos cinco a\u00f1os como colaboradoras en grandes empresas nacionales y multinacionales.","titulo":"Lead Up: Programa de Mentorship y Networking para mujeres del siglo XXI","contenido":"<p>El programa <strong>&#8220;LeadUp Programa Mujeres 2025&#8221;<\/strong> es una experiencia innovadora de mentoring y networking para mujeres. Est\u00e1 basado en investigaciones de g\u00e9nero y dise\u00f1ado para permitir un salto estrat\u00e9gico en el desarrollo profesional de las participantes.<\/p>\n<p>Se enfoca en un recorrido de autoconocimiento y autodesarrollo dirigido a abordar las principales barreras que enfrentan las mujeres en el mundo corporativo. Busca comprender estas din\u00e1micas y proveer herramientas para navegar las organizaciones con mayor eficacia, contribuyendo as\u00ed a neutralizar el &#8220;pelda\u00f1o roto&#8221; que afecta la paridad y el progreso sostenido en las empresas.<\/p>\n<p>La experiencia es inmersiva y est\u00e1 dise\u00f1ada para transformar el liderazgo. Adem\u00e1s, ofrece la posibilidad de acreditar dos cursos de Management y otorga un certificado.<\/p>\n<p>El programa incluye <strong>Encuentros Sincr\u00f3nicos<\/strong>:<\/p>\n<p>\u25e6 Semana 1: Charla inicial.<\/p>\n<p>\u25e6 Semana 2: Encuentro de formaci\u00f3n: El contexto de las mujeres en el mundo laboral.<\/p>\n<p>\u25e6 Semana 3: Encuentro de formaci\u00f3n: Herramientas de liderazgo.<\/p>\n<p>\u25e6 Semana 4: Taller de armado del proyecto de desarrollo de carrera.<\/p>\n<p>\u25e6 Semana 5: Encuentro de formaci\u00f3n: C\u00f3mo neutralizar los sesgos de g\u00e9nero a la hora de negociar. Tambi\u00e9n incluye C\u00edrculos de Mentoring.<\/p>\n<p>\u25e6 Semana 6: Encuentro de formaci\u00f3n: Herramientas para la comunicaci\u00f3n eficaz.<\/p>\n<p>\u25e6 Semana 7: Encuentro de formaci\u00f3n: C\u00f3mo construir mi marca personal.<\/p>\n<p>\u25e6 Semana 8: Encuentro de formaci\u00f3n: Conversatorio con mujeres l\u00eddere<\/p>\n<p>\u25e6 Semana 9: C\u00edrculos de Mentoring.<\/p>\n<p>\u25e6 Semana 10: Encuentro de formaci\u00f3n: T\u00e9cnicas de bienestar y manejo de estr\u00e9s para mujeres.<\/p>\n<p>\u25e6 Semana 11: Encuentro de formaci\u00f3n: Herramientas de seguimiento del proyecto personal.<\/p>\n<p>\u25e6 Semana 12: C\u00edrculos de Mentoring y Experiencia de mujeres l\u00edderes sub 40.<\/p>\n<p>\u25e6 Semana 13: Encuentro de cierre.<\/p>\n","avalado_por":"https:\/\/static.capabiliaserver.com\/frontend\/clients\/aplv\/wp_prod\/wp-content\/uploads\/75f5c34c-microcredenciales.png","pdf_brochure":false,"cursos_que_lo_componen":[{"nombre_del_curso":"Mujeres y el trabajo ","descripcion_del_curso":"<p>El contexto para las mujeres en el mundo laboral: principales brechas, estereotipos y sesgos.<br \/>\nEstrategias a nivel social, organizacional e individual para superar las barreras y retos del contexto laboral.<br \/>\nEl autodesarrollo y la definici\u00f3n del proyecto personal como claves para el liderazgo.<br \/>\nHabilidades y t\u00e9cnicas para combatir sesgos y estereotipos de g\u00e9nero y actuar como l\u00edderes eficaces y significativas: los C\u00edrculos de Mentoreo como soporte.<\/p>\n"},{"nombre_del_curso":"Herramientas claves","descripcion_del_curso":"<p>Los sesgos de g\u00e9nero que afectan la comunicaci\u00f3n.<br \/>\nHerramientas para fortalecer la capacidad de comunicaci\u00f3n asertiva de las mujeres.<br \/>\nC\u00f3mo neutralizar los sesgos de g\u00e9nero a la hora de negociar.<br \/>\nHerramientas para manejar los sesgos y prejucios que impactan en la capacidad de cerrar acuerdos.<\/p>\n"},{"nombre_del_curso":"Potenciando mi desarrollo ","descripcion_del_curso":"<p>La importancia del capital social en el mundo corporativo.<br \/>\nC\u00f3mo construir una marca personal trabajando sobre los sesgos de visibilidad en las mujeres.<br \/>\nConstrucci\u00f3n de relaciones y alianzas para potenciar el desarrollo de carrera.<br \/>\nIntercambio de experiencias con mujeres l\u00edderes invitadas.<\/p>\n"},{"nombre_del_curso":"Pr\u00f3ximos pasos ","descripcion_del_curso":"<p>T\u00e9cnicas de bienestar y manejo de estr\u00e9s para manejar el \u201crumeo\u201d interno y prevenir el burn out en las mujeres.<br \/>\nEl manejo de los l\u00edmites y las emociones en el entorno laboral a partir del autoconocimiento de los sesgos y estereotipos.<br \/>\nHerramientas de seguimiento del Proyecto Personal trabajado en los C\u00edrculos de Mentoreo.<br \/>\nLos desaf\u00edos a futuro como mujeres l\u00edderes: puesta en com\u00fan de aprendizajes.<\/p>\n"},{"nombre_del_curso":"Curso de Management 1 ","descripcion_del_curso":"<p>Se complementan con material asincr\u00f3nico adicional disponible.<\/p>\n"},{"nombre_del_curso":"Curso de Management 2","descripcion_del_curso":"<p>Se complementan con material asincr\u00f3nico adicional disponible.<\/p>\n"}],"preguntas_frecuentes":[{"pregunta":"\u00bfCu\u00e1l es el objetivo del programa?","respuesta":"El objetivo general del programa es potenciar a mujeres que lideran con prop\u00f3sito. Busca que las participantes logren un salto estrat\u00e9gico en su desarrollo profesional al comprender las din\u00e1micas del mundo corporativo y adquirir herramientas para navegar con mayor eficacia en las organizaciones. A trav\u00e9s de una perspectiva de g\u00e9nero, el programa aspira a transformar el liderazgo y contribuir a una mayor paridad y progreso sostenido en las empresas, mejorando la toma de decisiones y las pr\u00e1cticas de liderazgo."},{"pregunta":"\u00bfCu\u00e1les ser\u00e1n mis competencias al finalizar?","respuesta":"Al finalizar el programa, las participantes desarrollar\u00e1n o potenciar\u00e1n las siguientes competencias: \u2022 Liderar con prop\u00f3sito y una perspectiva de g\u00e9nero. \u2022 Fomentar el autoconocimiento y autodesarrollo para el crecimiento profesional. \u2022 Navegar con mayor eficacia las organizaciones y sus din\u00e1micas internas. \u2022 Implementar herramientas de liderazgo efectivas. \u2022 Desarrollar una comunicaci\u00f3n eficaz. \u2022 Neutralizar los sesgos de g\u00e9nero en el \u00e1mbito laboral. \u2022 Aplicar herramientas para la negociaci\u00f3n profesional. \u2022 Construir una marca personal s\u00f3lida. \u2022 Manejar t\u00e9cnicas de bienestar y gesti\u00f3n del estr\u00e9s espec\u00edficas para mujeres. \u2022 Dise\u00f1ar y dar seguimiento a un proyecto de desarrollo de carrera personal. \u2022 Participar activamente en redes de mentoring y networking. \u2022 Mejorar la toma de decisiones y las pr\u00e1cticas de liderazgo."}],"docentes_expertos":[{"foto":"https:\/\/static.capabiliaserver.com\/frontend\/clients\/aplv\/wp_prod\/wp-content\/uploads\/a6411103-magento.png","nombre_del_docente":"Mar\u00eda Bel\u00e9n Mend\u00e9 ","descripcion_del_docente":"Presidente del Advisory Board","enlace":""},{"foto":"https:\/\/static.capabiliaserver.com\/frontend\/clients\/aplv\/wp_prod\/wp-content\/uploads\/6cdb99f8-diseno-sin-titulo.png","nombre_del_docente":"Laura Gaidulewicz ","descripcion_del_docente":"Direcci\u00f3n General","enlace":""}]},"yoast_head":"<!-- This site is optimized with the Yoast SEO plugin v23.0 - https:\/\/yoast.com\/wordpress\/plugins\/seo\/ -->\n<title>LEAD UP: Mentorship y Networking - Siglo 21<\/title>\n<meta name=\"robots\" content=\"index, follow, max-snippet:-1, max-image-preview:large, max-video-preview:-1\" \/>\n<link rel=\"canonical\" href=\"https:\/\/aplv.21.edu.ar\/en\/product\/leadup-mentorship-y-networking\/\" \/>\n<meta property=\"og:locale\" content=\"en_US\" \/>\n<meta property=\"og:type\" content=\"article\" \/>\n<meta property=\"og:title\" content=\"LEAD UP: Mentorship y Networking - Siglo 21\" \/>\n<meta property=\"og:description\" content=\"excerpt\" \/>\n<meta property=\"og:url\" content=\"https:\/\/aplv.21.edu.ar\/en\/product\/leadup-mentorship-y-networking\/\" \/>\n<meta property=\"og:site_name\" content=\"Siglo 21\" \/>\n<meta property=\"article:modified_time\" content=\"2025-08-25T13:33:05+00:00\" \/>\n<meta name=\"twitter:card\" content=\"summary_large_image\" \/>\n<meta name=\"twitter:label1\" content=\"Est. reading time\" \/>\n\t<meta name=\"twitter:data1\" content=\"1 minute\" \/>\n<script type=\"application\/ld+json\" class=\"yoast-schema-graph\">{\"@context\":\"https:\/\/schema.org\",\"@graph\":[{\"@type\":\"WebPage\",\"@id\":\"https:\/\/aplv.21.edu.ar\/en\/product\/leadup-mentorship-y-networking\/\",\"url\":\"https:\/\/aplv.21.edu.ar\/en\/product\/leadup-mentorship-y-networking\/\",\"name\":\"LEAD UP: Mentorship y Networking - Siglo 21\",\"isPartOf\":{\"@id\":\"https:\/\/aplv.21.edu.ar\/#website\"},\"datePublished\":\"2025-08-22T18:52:59+00:00\",\"dateModified\":\"2025-08-25T13:33:05+00:00\",\"breadcrumb\":{\"@id\":\"https:\/\/aplv.21.edu.ar\/en\/product\/leadup-mentorship-y-networking\/#breadcrumb\"},\"inLanguage\":\"en-US\",\"potentialAction\":[{\"@type\":\"ReadAction\",\"target\":[\"https:\/\/aplv.21.edu.ar\/en\/product\/leadup-mentorship-y-networking\/\"]}]},{\"@type\":\"BreadcrumbList\",\"@id\":\"https:\/\/aplv.21.edu.ar\/en\/product\/leadup-mentorship-y-networking\/#breadcrumb\",\"itemListElement\":[{\"@type\":\"ListItem\",\"position\":1,\"name\":\"Home\",\"item\":\"https:\/\/aplv.21.edu.ar\/\"},{\"@type\":\"ListItem\",\"position\":2,\"name\":\"Productos\",\"item\":\"https:\/\/aplv.21.edu.ar\/product\/\"},{\"@type\":\"ListItem\",\"position\":3,\"name\":\"LEAD UP: Mentorship y Networking\"}]},{\"@type\":\"WebSite\",\"@id\":\"https:\/\/aplv.21.edu.ar\/#website\",\"url\":\"https:\/\/aplv.21.edu.ar\/\",\"name\":\"Siglo 21\",\"description\":\"Siglo 21\",\"potentialAction\":[{\"@type\":\"SearchAction\",\"target\":{\"@type\":\"EntryPoint\",\"urlTemplate\":\"https:\/\/aplv.21.edu.ar\/?s={search_term_string}\"},\"query-input\":\"required name=search_term_string\"}],\"inLanguage\":\"en-US\"}]}<\/script>\n<!-- \/ Yoast SEO plugin. -->","yoast_head_json":{"title":"LEAD UP: Mentorship y Networking - Siglo 21","robots":{"index":"index","follow":"follow","max-snippet":"max-snippet:-1","max-image-preview":"max-image-preview:large","max-video-preview":"max-video-preview:-1"},"canonical":"https:\/\/aplv.21.edu.ar\/en\/product\/leadup-mentorship-y-networking\/","og_locale":"en_US","og_type":"article","og_title":"LEAD UP: Mentorship y Networking - Siglo 21","og_description":"excerpt","og_url":"https:\/\/aplv.21.edu.ar\/en\/product\/leadup-mentorship-y-networking\/","og_site_name":"Siglo 21","article_modified_time":"2025-08-25T13:33:05+00:00","twitter_card":"summary_large_image","twitter_misc":{"Est. reading time":"1 minute"},"schema":{"@context":"https:\/\/schema.org","@graph":[{"@type":"WebPage","@id":"https:\/\/aplv.21.edu.ar\/en\/product\/leadup-mentorship-y-networking\/","url":"https:\/\/aplv.21.edu.ar\/en\/product\/leadup-mentorship-y-networking\/","name":"LEAD UP: Mentorship y Networking - Siglo 21","isPartOf":{"@id":"https:\/\/aplv.21.edu.ar\/#website"},"datePublished":"2025-08-22T18:52:59+00:00","dateModified":"2025-08-25T13:33:05+00:00","breadcrumb":{"@id":"https:\/\/aplv.21.edu.ar\/en\/product\/leadup-mentorship-y-networking\/#breadcrumb"},"inLanguage":"en-US","potentialAction":[{"@type":"ReadAction","target":["https:\/\/aplv.21.edu.ar\/en\/product\/leadup-mentorship-y-networking\/"]}]},{"@type":"BreadcrumbList","@id":"https:\/\/aplv.21.edu.ar\/en\/product\/leadup-mentorship-y-networking\/#breadcrumb","itemListElement":[{"@type":"ListItem","position":1,"name":"Home","item":"https:\/\/aplv.21.edu.ar\/"},{"@type":"ListItem","position":2,"name":"Productos","item":"https:\/\/aplv.21.edu.ar\/product\/"},{"@type":"ListItem","position":3,"name":"LEAD UP: Mentorship y Networking"}]},{"@type":"WebSite","@id":"https:\/\/aplv.21.edu.ar\/#website","url":"https:\/\/aplv.21.edu.ar\/","name":"Siglo 21","description":"Siglo 21","potentialAction":[{"@type":"SearchAction","target":{"@type":"EntryPoint","urlTemplate":"https:\/\/aplv.21.edu.ar\/?s={search_term_string}"},"query-input":"required name=search_term_string"}],"inLanguage":"en-US"}]}},"idiomas":{"en":18852,"es":18851},"_links":{"self":[{"href":"https:\/\/aplv.21.edu.ar\/en\/wp-json\/wp\/v2\/products\/18852"}],"collection":[{"href":"https:\/\/aplv.21.edu.ar\/en\/wp-json\/wp\/v2\/products"}],"about":[{"href":"https:\/\/aplv.21.edu.ar\/en\/wp-json\/wp\/v2\/types\/product"}],"author":[{"embeddable":true,"href":"https:\/\/aplv.21.edu.ar\/en\/wp-json\/wp\/v2\/users\/3"}],"replies":[{"embeddable":true,"href":"https:\/\/aplv.21.edu.ar\/en\/wp-json\/wp\/v2\/comments?post=18852"}],"version-history":[{"count":4,"href":"https:\/\/aplv.21.edu.ar\/en\/wp-json\/wp\/v2\/products\/18852\/revisions"}],"predecessor-version":[{"id":18882,"href":"https:\/\/aplv.21.edu.ar\/en\/wp-json\/wp\/v2\/products\/18852\/revisions\/18882"}],"wp:attachment":[{"href":"https:\/\/aplv.21.edu.ar\/en\/wp-json\/wp\/v2\/media?parent=18852"}],"wp:term":[{"taxonomy":"category","embeddable":true,"href":"https:\/\/aplv.21.edu.ar\/en\/wp-json\/wp\/v2\/categories?post=18852"}],"curies":[{"name":"wp","href":"https:\/\/api.w.org\/{rel}","templated":true}]}}