{"id":18884,"date":"2025-09-22T16:50:48","date_gmt":"2025-09-22T16:50:48","guid":{"rendered":"https:\/\/aplv.21.edu.ar\/?post_type=product&#038;p=18884"},"modified":"2025-09-22T16:50:48","modified_gmt":"2025-09-22T16:50:48","slug":"curso-contabilidad-para-no-contables","status":"publish","type":"product","link":"https:\/\/aplv.21.edu.ar\/en\/product\/curso-contabilidad-para-no-contables\/","title":{"rendered":"CURSO CONTABILIDAD PARA NO CONTABLES"},"content":{"rendered":"<p>contenido<\/p>\n","protected":false},"excerpt":{"rendered":"<p>excerpt<\/p>\n","protected":false},"author":3,"featured_media":0,"comment_status":"open","ping_status":"closed","template":"","meta":{"_acf_changed":false,"footnotes":""},"categories":[22],"class_list":["post-18884","product","type-product","status-publish","hentry","category-negocios-y-management-en"],"acf":{"external_id":"100179","precio":"123","impartido_en":["es","en"],"hubspot_product_id":"","imagen_destacada":18914,"header_image":"https:\/\/static.capabiliaserver.com\/frontend\/clients\/aplv\/wp_prod\/wp-content\/uploads\/5d4a498c-cms-1.png","precio_en_cuotas":"","precio_de_lista":"","mostrar_form":false,"promocion_vigente":"","duracion_del_curso":"2 meses","tipo_de_programa":"Curso","nivel_del_curso":"B\u00e1sico","modalidad":"Online","dedicacion":"Egresados de Colegios Human\u00edsticos (con desconocimiento de Contabilidad) como as\u00ed tambi\u00e9n egresados de Colegios que hayan tenido la materia y quieran reforzar la misma. Emprendedores y Microemprendedores que est\u00e9n armando su empresa requieran de este conocimiento para entender los N\u00fameros de su Negocio, su Patrimonio y sus Resultados.","titulo":"CURSO CONTABILIDAD PARA NO CONTABLES","contenido":"<p><span style=\"font-weight: 400;\">Es importante que los estudiantes, antes de Comenzar su Carrera de Contador, Licenciado en Administraci\u00f3n, Marketing, tengan conocimientos previos sobre Contabilidad, como as\u00ed tambi\u00e9n los Emprendedores y Microemprendedores antes de comenzar su emprendimiento tengan un Conocimiento sobre la misma.<\/span><\/p>\n<p><span style=\"font-weight: 400;\">A los primeros desconociendo la Contabilidad, se les hace muy dif\u00edcil el entendimiento de la materia, a los emprendedores les resultar\u00eda mucho m\u00e1s f\u00e1cil entender los n\u00fameros, conocer su Patrimonio, sus Ingresos, sus Gastos, en definitiva, su Resultado y el avance de su Negocio.<\/span><\/p>\n<p>Al terminar el Curso el egresado tendr\u00e1 el conocimiento de qu\u00e9 es la Contabilidad y para qu\u00e9 sirve, y <span style=\"font-weight: 400;\">las principales herramientas Contables que le permitan tomar decisiones de Inversi\u00f3n y Financiamiento.\u00a0<\/span><\/p>\n<p><span style=\"font-weight: 400;\">El egresado de este programa ser\u00e1 capaz de<\/span> <span style=\"font-weight: 400;\">comenzar su Carrera de Contador, Licenciado en Administraci\u00f3n con un Conocimiento de la Contabilidad que lo ayudar\u00e1 a avanzar m\u00e1s r\u00e1pidamente en el entendimiento de las dem\u00e1s materias Contables.<\/span><\/p>\n<p><span style=\"font-weight: 400;\">Como as\u00ed tambi\u00e9n el microemprendedor podr\u00e1 analizar su Contabilidad, entenderla y ver si realmente su Negocio est\u00e1 avanzando o no, si le conviene endeudarse y c\u00f3mo est\u00e1n sus n\u00fameros\u00a0<\/span><\/p>\n","avalado_por":"https:\/\/static.capabiliaserver.com\/frontend\/clients\/aplv\/wp_prod\/wp-content\/uploads\/75f5c34c-microcredenciales.png","pdf_brochure":false,"cursos_que_lo_componen":[{"nombre_del_curso":"INTRODUCION A LA CONTABILIDAD","descripcion_del_curso":"<p>M\u00f3dulo 1: Actividad Econ\u00f3mica \u2013Circuito Econ\u00f3mico, Contabilidad (Concepto)<br \/>\nM\u00f3dulo 2: Operaciones Comerciales (Doc. Comerciales)<br \/>\nM\u00f3dulo 3: Las Cuentas (Plan de Cuentas, Manual de Cuentas, Partida Doble)<br \/>\nM\u00f3dulo 4: Registros Contables (Libros Obligatorios y Auxiliares)<\/p>\n"},{"nombre_del_curso":"CONTABILIDAD","descripcion_del_curso":"<p>M\u00f3dulo 1: Operaciones Pasivas al Cierre<br \/>\nM\u00f3dulo 2: Estados Contables e Informes<br \/>\nM\u00f3dulo 3: Estado de Situaci\u00f3n Patrimonial (Ejemplos)<br \/>\nM\u00f3dulo 4: Estado de Resultados (Ejemplos)<\/p>\n"}],"preguntas_frecuentes":false,"docentes_expertos":false},"yoast_head":"<!-- This site is optimized with the Yoast SEO plugin v23.0 - https:\/\/yoast.com\/wordpress\/plugins\/seo\/ -->\n<title>CURSO CONTABILIDAD PARA NO CONTABLES - Siglo 21<\/title>\n<meta name=\"robots\" content=\"index, follow, max-snippet:-1, max-image-preview:large, max-video-preview:-1\" \/>\n<link rel=\"canonical\" href=\"https:\/\/aplv.21.edu.ar\/en\/product\/curso-contabilidad-para-no-contables\/\" \/>\n<meta property=\"og:locale\" content=\"en_US\" \/>\n<meta property=\"og:type\" content=\"article\" \/>\n<meta property=\"og:title\" content=\"CURSO CONTABILIDAD PARA NO CONTABLES - Siglo 21\" \/>\n<meta property=\"og:description\" content=\"excerpt\" \/>\n<meta property=\"og:url\" content=\"https:\/\/aplv.21.edu.ar\/en\/product\/curso-contabilidad-para-no-contables\/\" \/>\n<meta property=\"og:site_name\" content=\"Siglo 21\" \/>\n<meta name=\"twitter:card\" content=\"summary_large_image\" \/>\n<script type=\"application\/ld+json\" class=\"yoast-schema-graph\">{\"@context\":\"https:\/\/schema.org\",\"@graph\":[{\"@type\":\"WebPage\",\"@id\":\"https:\/\/aplv.21.edu.ar\/en\/product\/curso-contabilidad-para-no-contables\/\",\"url\":\"https:\/\/aplv.21.edu.ar\/en\/product\/curso-contabilidad-para-no-contables\/\",\"name\":\"CURSO CONTABILIDAD PARA NO CONTABLES - Siglo 21\",\"isPartOf\":{\"@id\":\"https:\/\/aplv.21.edu.ar\/#website\"},\"datePublished\":\"2025-09-22T16:50:48+00:00\",\"dateModified\":\"2025-09-22T16:50:48+00:00\",\"breadcrumb\":{\"@id\":\"https:\/\/aplv.21.edu.ar\/en\/product\/curso-contabilidad-para-no-contables\/#breadcrumb\"},\"inLanguage\":\"en-US\",\"potentialAction\":[{\"@type\":\"ReadAction\",\"target\":[\"https:\/\/aplv.21.edu.ar\/en\/product\/curso-contabilidad-para-no-contables\/\"]}]},{\"@type\":\"BreadcrumbList\",\"@id\":\"https:\/\/aplv.21.edu.ar\/en\/product\/curso-contabilidad-para-no-contables\/#breadcrumb\",\"itemListElement\":[{\"@type\":\"ListItem\",\"position\":1,\"name\":\"Home\",\"item\":\"https:\/\/aplv.21.edu.ar\/\"},{\"@type\":\"ListItem\",\"position\":2,\"name\":\"Productos\",\"item\":\"https:\/\/aplv.21.edu.ar\/product\/\"},{\"@type\":\"ListItem\",\"position\":3,\"name\":\"CURSO CONTABILIDAD PARA NO CONTABLES\"}]},{\"@type\":\"WebSite\",\"@id\":\"https:\/\/aplv.21.edu.ar\/#website\",\"url\":\"https:\/\/aplv.21.edu.ar\/\",\"name\":\"Siglo 21\",\"description\":\"Siglo 21\",\"potentialAction\":[{\"@type\":\"SearchAction\",\"target\":{\"@type\":\"EntryPoint\",\"urlTemplate\":\"https:\/\/aplv.21.edu.ar\/?s={search_term_string}\"},\"query-input\":\"required name=search_term_string\"}],\"inLanguage\":\"en-US\"}]}<\/script>\n<!-- \/ Yoast SEO plugin. -->","yoast_head_json":{"title":"CURSO CONTABILIDAD PARA NO CONTABLES - Siglo 21","robots":{"index":"index","follow":"follow","max-snippet":"max-snippet:-1","max-image-preview":"max-image-preview:large","max-video-preview":"max-video-preview:-1"},"canonical":"https:\/\/aplv.21.edu.ar\/en\/product\/curso-contabilidad-para-no-contables\/","og_locale":"en_US","og_type":"article","og_title":"CURSO CONTABILIDAD PARA NO CONTABLES - Siglo 21","og_description":"excerpt","og_url":"https:\/\/aplv.21.edu.ar\/en\/product\/curso-contabilidad-para-no-contables\/","og_site_name":"Siglo 21","twitter_card":"summary_large_image","schema":{"@context":"https:\/\/schema.org","@graph":[{"@type":"WebPage","@id":"https:\/\/aplv.21.edu.ar\/en\/product\/curso-contabilidad-para-no-contables\/","url":"https:\/\/aplv.21.edu.ar\/en\/product\/curso-contabilidad-para-no-contables\/","name":"CURSO CONTABILIDAD PARA NO CONTABLES - Siglo 21","isPartOf":{"@id":"https:\/\/aplv.21.edu.ar\/#website"},"datePublished":"2025-09-22T16:50:48+00:00","dateModified":"2025-09-22T16:50:48+00:00","breadcrumb":{"@id":"https:\/\/aplv.21.edu.ar\/en\/product\/curso-contabilidad-para-no-contables\/#breadcrumb"},"inLanguage":"en-US","potentialAction":[{"@type":"ReadAction","target":["https:\/\/aplv.21.edu.ar\/en\/product\/curso-contabilidad-para-no-contables\/"]}]},{"@type":"BreadcrumbList","@id":"https:\/\/aplv.21.edu.ar\/en\/product\/curso-contabilidad-para-no-contables\/#breadcrumb","itemListElement":[{"@type":"ListItem","position":1,"name":"Home","item":"https:\/\/aplv.21.edu.ar\/"},{"@type":"ListItem","position":2,"name":"Productos","item":"https:\/\/aplv.21.edu.ar\/product\/"},{"@type":"ListItem","position":3,"name":"CURSO CONTABILIDAD PARA NO CONTABLES"}]},{"@type":"WebSite","@id":"https:\/\/aplv.21.edu.ar\/#website","url":"https:\/\/aplv.21.edu.ar\/","name":"Siglo 21","description":"Siglo 21","potentialAction":[{"@type":"SearchAction","target":{"@type":"EntryPoint","urlTemplate":"https:\/\/aplv.21.edu.ar\/?s={search_term_string}"},"query-input":"required name=search_term_string"}],"inLanguage":"en-US"}]}},"idiomas":{"en":18884,"es":18883},"_links":{"self":[{"href":"https:\/\/aplv.21.edu.ar\/en\/wp-json\/wp\/v2\/products\/18884"}],"collection":[{"href":"https:\/\/aplv.21.edu.ar\/en\/wp-json\/wp\/v2\/products"}],"about":[{"href":"https:\/\/aplv.21.edu.ar\/en\/wp-json\/wp\/v2\/types\/product"}],"author":[{"embeddable":true,"href":"https:\/\/aplv.21.edu.ar\/en\/wp-json\/wp\/v2\/users\/3"}],"replies":[{"embeddable":true,"href":"https:\/\/aplv.21.edu.ar\/en\/wp-json\/wp\/v2\/comments?post=18884"}],"version-history":[{"count":1,"href":"https:\/\/aplv.21.edu.ar\/en\/wp-json\/wp\/v2\/products\/18884\/revisions"}],"predecessor-version":[{"id":18918,"href":"https:\/\/aplv.21.edu.ar\/en\/wp-json\/wp\/v2\/products\/18884\/revisions\/18918"}],"wp:attachment":[{"href":"https:\/\/aplv.21.edu.ar\/en\/wp-json\/wp\/v2\/media?parent=18884"}],"wp:term":[{"taxonomy":"category","embeddable":true,"href":"https:\/\/aplv.21.edu.ar\/en\/wp-json\/wp\/v2\/categories?post=18884"}],"curies":[{"name":"wp","href":"https:\/\/api.w.org\/{rel}","templated":true}]}}