{"id":18886,"date":"2025-10-08T17:57:32","date_gmt":"2025-10-08T17:57:32","guid":{"rendered":"https:\/\/aplv.21.edu.ar\/?post_type=product&#038;p=18886"},"modified":"2025-10-08T17:57:32","modified_gmt":"2025-10-08T17:57:32","slug":"certificado-en-desarrollo-de-habilidades-para-trabajar-con-inteligencia-artificial","status":"publish","type":"product","link":"https:\/\/aplv.21.edu.ar\/en\/product\/certificado-en-desarrollo-de-habilidades-para-trabajar-con-inteligencia-artificial\/","title":{"rendered":"CERTIFICADO EN DESARROLLO DE HABILIDADES PARA TRABAJAR CON INTELIGENCIA ARTIFICIAL."},"content":{"rendered":"<p>contenido<\/p>\n","protected":false},"excerpt":{"rendered":"<p>excerpt<\/p>\n","protected":false},"author":3,"featured_media":0,"comment_status":"open","ping_status":"closed","template":"","meta":{"_acf_changed":false,"footnotes":""},"categories":[22],"class_list":["post-18886","product","type-product","status-publish","hentry","category-negocios-y-management-en"],"acf":{"external_id":"100180","precio":"123","impartido_en":["es","en"],"hubspot_product_id":"","imagen_destacada":18960,"header_image":"https:\/\/static.capabiliaserver.com\/frontend\/clients\/aplv\/wp_prod\/wp-content\/uploads\/b9729e01-cms.png","precio_en_cuotas":"","precio_de_lista":"","mostrar_form":false,"promocion_vigente":"","duracion_del_curso":"4 meses","tipo_de_programa":"Certificado ","nivel_del_curso":"Intermedio","modalidad":"Online","dedicacion":"","titulo":"CERTIFICADO EN DESARROLLO DE HABILIDADES PARA TRABAJAR CON INTELIGENCIA ARTIFICIAL.","contenido":"<p><span style=\"font-weight: 400;\">La disrupci\u00f3n que sufrir\u00e1 la fuerza laboral en general, es inminente. Nunca ha habido una tecnolog\u00eda capaz de hacer tantas cosas en tantos procesos y disciplinas como la IA.<\/span><\/p>\n<p><span style=\"font-weight: 400;\">Mientras se estudia el nivel de exposici\u00f3n a la IA generativa en cada sector de la industria, profesiones y niveles de trabajo, urge preparar a la gente para lo que viene.<\/span><\/p>\n<p><span style=\"font-weight: 400;\">Hay trabajos que se automatizan casi por completo, otros que aumentan la demanda de skills humanas y otros que se transforman sin claridad a\u00fan. Todos bajo el influjo de la IA.<\/span><\/p>\n<p><span style=\"font-weight: 400;\">En este marco, hay una enorme transici\u00f3n por delante. Crece la conciencia de las empresas sobre ello y la decisi\u00f3n de invertir en ello de manera creciente.<\/span><\/p>\n<p><span style=\"font-weight: 400;\">Los colaboradores de las empresas est\u00e1n preocupados y abrumados frente a lo que viene. El costo emocional para la fuerza de trabajo ser\u00e1 muy fuerte, si este proceso no se gestiona humanamente.<\/span><\/p>\n<p><span style=\"font-weight: 400;\">Los procesos de reskilling y upskilling en todas las \u00e1reas de una empresa tienen hoy centralmente que ver con la incorporaci\u00f3n de la IA y los camios de expertise y desempe\u00f1o humano que ello supone.\u00a0<\/span><\/p>\n<p><span style=\"font-weight: 400;\">La clave deja de ser la incorporaci\u00f3n de nuevas herramientas y conocimientos y pasa a ser la capacidad de aprender c\u00f3mo transformar y adaptar la manera de trabajar bajo el paradigma de la IA.<\/span><\/p>\n<p>&nbsp;<\/p>\n","avalado_por":"https:\/\/static.capabiliaserver.com\/frontend\/clients\/aplv\/wp_prod\/wp-content\/uploads\/75f5c34c-microcredenciales.png","pdf_brochure":false,"cursos_que_lo_componen":[{"nombre_del_curso":" FUNDAMENTOS DE INTELIGENCIA ARTIFICIAL Y PENSAMIENTO CR\u00cdTICO DIGITAL","descripcion_del_curso":"<p>Objetivo: Introducir al estudiante en los conceptos clave de la IA moderna, su impacto, l\u00edmites, y usos \u00e9ticos:<\/p>\n<p>M\u00d3DULO 1: Historia y evoluci\u00f3n de la IA.<br \/>\nM\u00d3DULO 2: Ramas principales (ML, DL, NLP, CV).<br \/>\nM\u00d3DULO 3: Principales herramientas de IA generativa.<br \/>\nMODULO 4: Pr\u00e1cticas b\u00e1sicas con ChatGPT, Copilot, Midjourney.<\/p>\n"},{"nombre_del_curso":"DISE\u00d1O DE SOLUCIONES CON IA Y MODELADO INICIAL","descripcion_del_curso":"<p>Objetivo: Capacitar en el dise\u00f1o de soluciones con IA mediante el an\u00e1lisis de problemas y la selecci\u00f3n de tecnolog\u00edas apropiadas.<\/p>\n<p>M\u00d3DULO 1 Fundamentos de Machine Learning y Deep Learning.<br \/>\nM\u00d3DULO 2 Introducci\u00f3n a modelos LLM (ChatGPT, Claude, Gemini).<br \/>\nM\u00d3DULO 3 Aplicaciones de Computer Vision en industria.<br \/>\nM\u00d3DULO 4 Dise\u00f1o de agentes aut\u00f3nomos.<\/p>\n"},{"nombre_del_curso":" IMPLEMENTACI\u00d3N Y EVALUACI\u00d3N DE PROYECTOS CON IA","descripcion_del_curso":"<p>Objetivo: Ense\u00f1ar a integrar modelos de IA en procesos reales y evaluar su efectividad.<\/p>\n<p>M\u00d3DULO 1 Flujo de trabajo en proyectos de IA (ciclo completo).<br \/>\nM\u00d3DULO 2 Validaci\u00f3n y M\u00e9tricas de Desempe\u00f1o.<br \/>\nM\u00d3DULO 3 Implementaci\u00f3n en entornos productivos (industria, educaci\u00f3n, salud).<br \/>\nM\u00d3DULO 4 Taller pr\u00e1ctico: armado de un pipeline completo.<\/p>\n"},{"nombre_del_curso":"SEGURIDAD, GOBERNANZA Y COMPETENCIAS HUMANAS EN LA ERA DE LA IA","descripcion_del_curso":"<p>Objetivo: Garantizar un uso seguro y estrat\u00e9gico de la IA, preparando al participante para trabajar \u00e9ticamente junto a estas tecnolog\u00edas.<\/p>\n<p>Contenidos:<\/p>\n<p>M\u00d3DULO 1Seguridad y privacidad en el uso de IA.<br \/>\nM\u00d3DULO 2Gobernanza y compliance de IA.<br \/>\nM\u00d3DULO 3 Ethical hacking y mitigaci\u00f3n de riesgos.<br \/>\nM\u00d3DULO 4 Taller: an\u00e1lisis de casos reales de fallas y buenas pr\u00e1cticas.<\/p>\n"}],"preguntas_frecuentes":false,"docentes_expertos":false},"yoast_head":"<!-- This site is optimized with the Yoast SEO plugin v23.0 - https:\/\/yoast.com\/wordpress\/plugins\/seo\/ -->\n<title>CERTIFICADO EN DESARROLLO DE HABILIDADES PARA TRABAJAR CON INTELIGENCIA ARTIFICIAL. - Siglo 21<\/title>\n<meta name=\"robots\" content=\"index, follow, max-snippet:-1, max-image-preview:large, max-video-preview:-1\" \/>\n<link rel=\"canonical\" href=\"https:\/\/aplv.21.edu.ar\/en\/product\/certificado-en-desarrollo-de-habilidades-para-trabajar-con-inteligencia-artificial\/\" \/>\n<meta property=\"og:locale\" content=\"en_US\" \/>\n<meta property=\"og:type\" content=\"article\" \/>\n<meta property=\"og:title\" content=\"CERTIFICADO EN DESARROLLO DE HABILIDADES PARA TRABAJAR CON INTELIGENCIA ARTIFICIAL. - Siglo 21\" \/>\n<meta property=\"og:description\" content=\"excerpt\" \/>\n<meta property=\"og:url\" content=\"https:\/\/aplv.21.edu.ar\/en\/product\/certificado-en-desarrollo-de-habilidades-para-trabajar-con-inteligencia-artificial\/\" \/>\n<meta property=\"og:site_name\" content=\"Siglo 21\" \/>\n<meta name=\"twitter:card\" content=\"summary_large_image\" \/>\n<script type=\"application\/ld+json\" class=\"yoast-schema-graph\">{\"@context\":\"https:\/\/schema.org\",\"@graph\":[{\"@type\":\"WebPage\",\"@id\":\"https:\/\/aplv.21.edu.ar\/en\/product\/certificado-en-desarrollo-de-habilidades-para-trabajar-con-inteligencia-artificial\/\",\"url\":\"https:\/\/aplv.21.edu.ar\/en\/product\/certificado-en-desarrollo-de-habilidades-para-trabajar-con-inteligencia-artificial\/\",\"name\":\"CERTIFICADO EN DESARROLLO DE HABILIDADES PARA TRABAJAR CON INTELIGENCIA ARTIFICIAL. - Siglo 21\",\"isPartOf\":{\"@id\":\"https:\/\/aplv.21.edu.ar\/#website\"},\"datePublished\":\"2025-10-08T17:57:32+00:00\",\"dateModified\":\"2025-10-08T17:57:32+00:00\",\"breadcrumb\":{\"@id\":\"https:\/\/aplv.21.edu.ar\/en\/product\/certificado-en-desarrollo-de-habilidades-para-trabajar-con-inteligencia-artificial\/#breadcrumb\"},\"inLanguage\":\"en-US\",\"potentialAction\":[{\"@type\":\"ReadAction\",\"target\":[\"https:\/\/aplv.21.edu.ar\/en\/product\/certificado-en-desarrollo-de-habilidades-para-trabajar-con-inteligencia-artificial\/\"]}]},{\"@type\":\"BreadcrumbList\",\"@id\":\"https:\/\/aplv.21.edu.ar\/en\/product\/certificado-en-desarrollo-de-habilidades-para-trabajar-con-inteligencia-artificial\/#breadcrumb\",\"itemListElement\":[{\"@type\":\"ListItem\",\"position\":1,\"name\":\"Home\",\"item\":\"https:\/\/aplv.21.edu.ar\/\"},{\"@type\":\"ListItem\",\"position\":2,\"name\":\"Productos\",\"item\":\"https:\/\/aplv.21.edu.ar\/product\/\"},{\"@type\":\"ListItem\",\"position\":3,\"name\":\"CERTIFICADO EN DESARROLLO DE HABILIDADES PARA TRABAJAR CON INTELIGENCIA ARTIFICIAL.\"}]},{\"@type\":\"WebSite\",\"@id\":\"https:\/\/aplv.21.edu.ar\/#website\",\"url\":\"https:\/\/aplv.21.edu.ar\/\",\"name\":\"Siglo 21\",\"description\":\"Siglo 21\",\"potentialAction\":[{\"@type\":\"SearchAction\",\"target\":{\"@type\":\"EntryPoint\",\"urlTemplate\":\"https:\/\/aplv.21.edu.ar\/?s={search_term_string}\"},\"query-input\":\"required name=search_term_string\"}],\"inLanguage\":\"en-US\"}]}<\/script>\n<!-- \/ Yoast SEO plugin. -->","yoast_head_json":{"title":"CERTIFICADO EN DESARROLLO DE HABILIDADES PARA TRABAJAR CON INTELIGENCIA ARTIFICIAL. - Siglo 21","robots":{"index":"index","follow":"follow","max-snippet":"max-snippet:-1","max-image-preview":"max-image-preview:large","max-video-preview":"max-video-preview:-1"},"canonical":"https:\/\/aplv.21.edu.ar\/en\/product\/certificado-en-desarrollo-de-habilidades-para-trabajar-con-inteligencia-artificial\/","og_locale":"en_US","og_type":"article","og_title":"CERTIFICADO EN DESARROLLO DE HABILIDADES PARA TRABAJAR CON INTELIGENCIA ARTIFICIAL. - Siglo 21","og_description":"excerpt","og_url":"https:\/\/aplv.21.edu.ar\/en\/product\/certificado-en-desarrollo-de-habilidades-para-trabajar-con-inteligencia-artificial\/","og_site_name":"Siglo 21","twitter_card":"summary_large_image","schema":{"@context":"https:\/\/schema.org","@graph":[{"@type":"WebPage","@id":"https:\/\/aplv.21.edu.ar\/en\/product\/certificado-en-desarrollo-de-habilidades-para-trabajar-con-inteligencia-artificial\/","url":"https:\/\/aplv.21.edu.ar\/en\/product\/certificado-en-desarrollo-de-habilidades-para-trabajar-con-inteligencia-artificial\/","name":"CERTIFICADO EN DESARROLLO DE HABILIDADES PARA TRABAJAR CON INTELIGENCIA ARTIFICIAL. - Siglo 21","isPartOf":{"@id":"https:\/\/aplv.21.edu.ar\/#website"},"datePublished":"2025-10-08T17:57:32+00:00","dateModified":"2025-10-08T17:57:32+00:00","breadcrumb":{"@id":"https:\/\/aplv.21.edu.ar\/en\/product\/certificado-en-desarrollo-de-habilidades-para-trabajar-con-inteligencia-artificial\/#breadcrumb"},"inLanguage":"en-US","potentialAction":[{"@type":"ReadAction","target":["https:\/\/aplv.21.edu.ar\/en\/product\/certificado-en-desarrollo-de-habilidades-para-trabajar-con-inteligencia-artificial\/"]}]},{"@type":"BreadcrumbList","@id":"https:\/\/aplv.21.edu.ar\/en\/product\/certificado-en-desarrollo-de-habilidades-para-trabajar-con-inteligencia-artificial\/#breadcrumb","itemListElement":[{"@type":"ListItem","position":1,"name":"Home","item":"https:\/\/aplv.21.edu.ar\/"},{"@type":"ListItem","position":2,"name":"Productos","item":"https:\/\/aplv.21.edu.ar\/product\/"},{"@type":"ListItem","position":3,"name":"CERTIFICADO EN DESARROLLO DE HABILIDADES PARA TRABAJAR CON INTELIGENCIA ARTIFICIAL."}]},{"@type":"WebSite","@id":"https:\/\/aplv.21.edu.ar\/#website","url":"https:\/\/aplv.21.edu.ar\/","name":"Siglo 21","description":"Siglo 21","potentialAction":[{"@type":"SearchAction","target":{"@type":"EntryPoint","urlTemplate":"https:\/\/aplv.21.edu.ar\/?s={search_term_string}"},"query-input":"required name=search_term_string"}],"inLanguage":"en-US"}]}},"idiomas":{"en":18886,"es":18885},"_links":{"self":[{"href":"https:\/\/aplv.21.edu.ar\/en\/wp-json\/wp\/v2\/products\/18886"}],"collection":[{"href":"https:\/\/aplv.21.edu.ar\/en\/wp-json\/wp\/v2\/products"}],"about":[{"href":"https:\/\/aplv.21.edu.ar\/en\/wp-json\/wp\/v2\/types\/product"}],"author":[{"embeddable":true,"href":"https:\/\/aplv.21.edu.ar\/en\/wp-json\/wp\/v2\/users\/3"}],"replies":[{"embeddable":true,"href":"https:\/\/aplv.21.edu.ar\/en\/wp-json\/wp\/v2\/comments?post=18886"}],"version-history":[{"count":1,"href":"https:\/\/aplv.21.edu.ar\/en\/wp-json\/wp\/v2\/products\/18886\/revisions"}],"predecessor-version":[{"id":18964,"href":"https:\/\/aplv.21.edu.ar\/en\/wp-json\/wp\/v2\/products\/18886\/revisions\/18964"}],"wp:attachment":[{"href":"https:\/\/aplv.21.edu.ar\/en\/wp-json\/wp\/v2\/media?parent=18886"}],"wp:term":[{"taxonomy":"category","embeddable":true,"href":"https:\/\/aplv.21.edu.ar\/en\/wp-json\/wp\/v2\/categories?post=18886"}],"curies":[{"name":"wp","href":"https:\/\/api.w.org\/{rel}","templated":true}]}}