{"id":18890,"date":"2025-09-22T17:21:57","date_gmt":"2025-09-22T17:21:57","guid":{"rendered":"https:\/\/aplv.21.edu.ar\/?post_type=product&#038;p=18890"},"modified":"2025-09-22T17:21:57","modified_gmt":"2025-09-22T17:21:57","slug":"curso-experto-en-analisis-e-investigacion-criptoactivos","status":"publish","type":"product","link":"https:\/\/aplv.21.edu.ar\/en\/product\/curso-experto-en-analisis-e-investigacion-criptoactivos\/","title":{"rendered":"CURSO EXPERTO EN ANALISIS E INVESTIGACI\u00d3N CRIPTOACTIVOS"},"content":{"rendered":"<p>contenido<\/p>\n","protected":false},"excerpt":{"rendered":"<p>excerpt<\/p>\n","protected":false},"author":3,"featured_media":0,"comment_status":"open","ping_status":"closed","template":"","meta":{"_acf_changed":false,"footnotes":""},"categories":[22],"class_list":["post-18890","product","type-product","status-publish","hentry","category-negocios-y-management-en"],"acf":{"external_id":"100182","precio":"123","impartido_en":["es","en"],"hubspot_product_id":"","imagen_destacada":18926,"header_image":"https:\/\/static.capabiliaserver.com\/frontend\/clients\/aplv\/wp_prod\/wp-content\/uploads\/1a2d8c1f-diseno-sin-titulo-26.png","precio_en_cuotas":"","precio_de_lista":"","mostrar_form":false,"promocion_vigente":"","duracion_del_curso":"1 mes","tipo_de_programa":"Curso","nivel_del_curso":"B\u00e1sico","modalidad":"Online","dedicacion":"Dirigido a estudiantes, profesionales del sector de TI, ciberseguridad, finanzas y legales interesados en profundizar sus conocimientos y habilidades en el manejo de cripto-activos y la prevenci\u00f3n de ciberestafas y tambi\u00e9n a cualquier interesado en la tem\u00e1tica.","titulo":" CURSO EXPERTO EN ANALISIS E INVESTIGACI\u00d3N CRIPTOACTIVOS","contenido":"<p><span style=\"font-weight: 400;\">Este curso intensivo de un mes aborda desde la comprensi\u00f3n de criptomonedas y cripto-activos hasta las ciberestafas y la jurisdicci\u00f3n internacional en E-Commerce. Incluye talleres pr\u00e1cticos sobre la incautaci\u00f3n de cripto-activos, proporcionando formaci\u00f3n esencial para enfrentar los desaf\u00edos actuales en ciberseguridad y cripto-delitos. Ideal para profesionales buscando expandir sus conocimientos y habilidades en este campo.<\/span><\/p>\n<p>&nbsp;<\/p>\n<p><b>OBJETIVO GENERAL<\/b><\/p>\n<p>&nbsp;<\/p>\n<p><span style=\"font-weight: 400;\">Capacitar a los profesionales en el \u00e1mbito de la ciberseguridad y los cripto-activos, proporcionando conocimientos te\u00f3ricos y habilidades pr\u00e1cticas esenciales para identificar, prevenir y gestionar ciberestafas y cr\u00edmenes relacionados con criptomonedas, con un enfoque en la regulaci\u00f3n y jurisdicci\u00f3n internacional. Al finalizar el curso, los participantes estar\u00e1n preparados para enfrentar los desaf\u00edos contempor\u00e1neos en la intersecci\u00f3n de ciberseguridad y cripto-activos, contribuyendo significativamente en sus campos laborales y mejorando la seguridad en la sociedad.<\/span><\/p>\n","avalado_por":"https:\/\/static.capabiliaserver.com\/frontend\/clients\/aplv\/wp_prod\/wp-content\/uploads\/229ce2d6-microcredenciales.png","pdf_brochure":false,"cursos_que_lo_componen":[{"nombre_del_curso":"AN\u00c1LISIS E INVESTIGACI\u00d3N EN CRIPTOACTIVOS","descripcion_del_curso":"<p>M\u00f3dulo 1: Fundamentos de Criptoactivos y Ciberestafas<br \/>\nM\u00f3dulo 2: Impacto y Nuevas Modalidades Delictivas<br \/>\nM\u00f3dulo 3: Lavado de Activos y Financiamiento de Terrorismo<br \/>\nM\u00f3dulo 4: Tecnolog\u00eda y Casos Simulados<\/p>\n"}],"preguntas_frecuentes":false,"docentes_expertos":false},"yoast_head":"<!-- This site is optimized with the Yoast SEO plugin v23.0 - https:\/\/yoast.com\/wordpress\/plugins\/seo\/ -->\n<title>CURSO EXPERTO EN ANALISIS E INVESTIGACI\u00d3N CRIPTOACTIVOS - Siglo 21<\/title>\n<meta name=\"robots\" content=\"index, follow, max-snippet:-1, max-image-preview:large, max-video-preview:-1\" \/>\n<link rel=\"canonical\" href=\"https:\/\/aplv.21.edu.ar\/en\/product\/curso-experto-en-analisis-e-investigacion-criptoactivos\/\" \/>\n<meta property=\"og:locale\" content=\"en_US\" \/>\n<meta property=\"og:type\" content=\"article\" \/>\n<meta property=\"og:title\" content=\"CURSO EXPERTO EN ANALISIS E INVESTIGACI\u00d3N CRIPTOACTIVOS - Siglo 21\" \/>\n<meta property=\"og:description\" content=\"excerpt\" \/>\n<meta property=\"og:url\" content=\"https:\/\/aplv.21.edu.ar\/en\/product\/curso-experto-en-analisis-e-investigacion-criptoactivos\/\" \/>\n<meta property=\"og:site_name\" content=\"Siglo 21\" \/>\n<meta name=\"twitter:card\" content=\"summary_large_image\" \/>\n<script type=\"application\/ld+json\" class=\"yoast-schema-graph\">{\"@context\":\"https:\/\/schema.org\",\"@graph\":[{\"@type\":\"WebPage\",\"@id\":\"https:\/\/aplv.21.edu.ar\/en\/product\/curso-experto-en-analisis-e-investigacion-criptoactivos\/\",\"url\":\"https:\/\/aplv.21.edu.ar\/en\/product\/curso-experto-en-analisis-e-investigacion-criptoactivos\/\",\"name\":\"CURSO EXPERTO EN ANALISIS E INVESTIGACI\u00d3N CRIPTOACTIVOS - Siglo 21\",\"isPartOf\":{\"@id\":\"https:\/\/aplv.21.edu.ar\/#website\"},\"datePublished\":\"2025-09-22T17:21:57+00:00\",\"dateModified\":\"2025-09-22T17:21:57+00:00\",\"breadcrumb\":{\"@id\":\"https:\/\/aplv.21.edu.ar\/en\/product\/curso-experto-en-analisis-e-investigacion-criptoactivos\/#breadcrumb\"},\"inLanguage\":\"en-US\",\"potentialAction\":[{\"@type\":\"ReadAction\",\"target\":[\"https:\/\/aplv.21.edu.ar\/en\/product\/curso-experto-en-analisis-e-investigacion-criptoactivos\/\"]}]},{\"@type\":\"BreadcrumbList\",\"@id\":\"https:\/\/aplv.21.edu.ar\/en\/product\/curso-experto-en-analisis-e-investigacion-criptoactivos\/#breadcrumb\",\"itemListElement\":[{\"@type\":\"ListItem\",\"position\":1,\"name\":\"Home\",\"item\":\"https:\/\/aplv.21.edu.ar\/\"},{\"@type\":\"ListItem\",\"position\":2,\"name\":\"Productos\",\"item\":\"https:\/\/aplv.21.edu.ar\/product\/\"},{\"@type\":\"ListItem\",\"position\":3,\"name\":\"CURSO EXPERTO EN ANALISIS E INVESTIGACI\u00d3N CRIPTOACTIVOS\"}]},{\"@type\":\"WebSite\",\"@id\":\"https:\/\/aplv.21.edu.ar\/#website\",\"url\":\"https:\/\/aplv.21.edu.ar\/\",\"name\":\"Siglo 21\",\"description\":\"Siglo 21\",\"potentialAction\":[{\"@type\":\"SearchAction\",\"target\":{\"@type\":\"EntryPoint\",\"urlTemplate\":\"https:\/\/aplv.21.edu.ar\/?s={search_term_string}\"},\"query-input\":\"required name=search_term_string\"}],\"inLanguage\":\"en-US\"}]}<\/script>\n<!-- \/ Yoast SEO plugin. -->","yoast_head_json":{"title":"CURSO EXPERTO EN ANALISIS E INVESTIGACI\u00d3N CRIPTOACTIVOS - Siglo 21","robots":{"index":"index","follow":"follow","max-snippet":"max-snippet:-1","max-image-preview":"max-image-preview:large","max-video-preview":"max-video-preview:-1"},"canonical":"https:\/\/aplv.21.edu.ar\/en\/product\/curso-experto-en-analisis-e-investigacion-criptoactivos\/","og_locale":"en_US","og_type":"article","og_title":"CURSO EXPERTO EN ANALISIS E INVESTIGACI\u00d3N CRIPTOACTIVOS - Siglo 21","og_description":"excerpt","og_url":"https:\/\/aplv.21.edu.ar\/en\/product\/curso-experto-en-analisis-e-investigacion-criptoactivos\/","og_site_name":"Siglo 21","twitter_card":"summary_large_image","schema":{"@context":"https:\/\/schema.org","@graph":[{"@type":"WebPage","@id":"https:\/\/aplv.21.edu.ar\/en\/product\/curso-experto-en-analisis-e-investigacion-criptoactivos\/","url":"https:\/\/aplv.21.edu.ar\/en\/product\/curso-experto-en-analisis-e-investigacion-criptoactivos\/","name":"CURSO EXPERTO EN ANALISIS E INVESTIGACI\u00d3N CRIPTOACTIVOS - Siglo 21","isPartOf":{"@id":"https:\/\/aplv.21.edu.ar\/#website"},"datePublished":"2025-09-22T17:21:57+00:00","dateModified":"2025-09-22T17:21:57+00:00","breadcrumb":{"@id":"https:\/\/aplv.21.edu.ar\/en\/product\/curso-experto-en-analisis-e-investigacion-criptoactivos\/#breadcrumb"},"inLanguage":"en-US","potentialAction":[{"@type":"ReadAction","target":["https:\/\/aplv.21.edu.ar\/en\/product\/curso-experto-en-analisis-e-investigacion-criptoactivos\/"]}]},{"@type":"BreadcrumbList","@id":"https:\/\/aplv.21.edu.ar\/en\/product\/curso-experto-en-analisis-e-investigacion-criptoactivos\/#breadcrumb","itemListElement":[{"@type":"ListItem","position":1,"name":"Home","item":"https:\/\/aplv.21.edu.ar\/"},{"@type":"ListItem","position":2,"name":"Productos","item":"https:\/\/aplv.21.edu.ar\/product\/"},{"@type":"ListItem","position":3,"name":"CURSO EXPERTO EN ANALISIS E INVESTIGACI\u00d3N CRIPTOACTIVOS"}]},{"@type":"WebSite","@id":"https:\/\/aplv.21.edu.ar\/#website","url":"https:\/\/aplv.21.edu.ar\/","name":"Siglo 21","description":"Siglo 21","potentialAction":[{"@type":"SearchAction","target":{"@type":"EntryPoint","urlTemplate":"https:\/\/aplv.21.edu.ar\/?s={search_term_string}"},"query-input":"required name=search_term_string"}],"inLanguage":"en-US"}]}},"idiomas":{"en":18890,"es":18889},"_links":{"self":[{"href":"https:\/\/aplv.21.edu.ar\/en\/wp-json\/wp\/v2\/products\/18890"}],"collection":[{"href":"https:\/\/aplv.21.edu.ar\/en\/wp-json\/wp\/v2\/products"}],"about":[{"href":"https:\/\/aplv.21.edu.ar\/en\/wp-json\/wp\/v2\/types\/product"}],"author":[{"embeddable":true,"href":"https:\/\/aplv.21.edu.ar\/en\/wp-json\/wp\/v2\/users\/3"}],"replies":[{"embeddable":true,"href":"https:\/\/aplv.21.edu.ar\/en\/wp-json\/wp\/v2\/comments?post=18890"}],"version-history":[{"count":1,"href":"https:\/\/aplv.21.edu.ar\/en\/wp-json\/wp\/v2\/products\/18890\/revisions"}],"predecessor-version":[{"id":18930,"href":"https:\/\/aplv.21.edu.ar\/en\/wp-json\/wp\/v2\/products\/18890\/revisions\/18930"}],"wp:attachment":[{"href":"https:\/\/aplv.21.edu.ar\/en\/wp-json\/wp\/v2\/media?parent=18890"}],"wp:term":[{"taxonomy":"category","embeddable":true,"href":"https:\/\/aplv.21.edu.ar\/en\/wp-json\/wp\/v2\/categories?post=18890"}],"curies":[{"name":"wp","href":"https:\/\/api.w.org\/{rel}","templated":true}]}}