{"id":18906,"date":"2025-09-22T17:28:59","date_gmt":"2025-09-22T17:28:59","guid":{"rendered":"https:\/\/aplv.21.edu.ar\/?post_type=product&#038;p=18906"},"modified":"2025-09-22T17:28:59","modified_gmt":"2025-09-22T17:28:59","slug":"certificado-en-actualizacion-en-derecho-deportivo","status":"publish","type":"product","link":"https:\/\/aplv.21.edu.ar\/en\/product\/certificado-en-actualizacion-en-derecho-deportivo\/","title":{"rendered":"CERTIFICADO EN ACTUALIZACI\u00d3N EN DERECHO DEPORTIVO"},"content":{"rendered":"<p>contenido<\/p>\n","protected":false},"excerpt":{"rendered":"<p>excerpt<\/p>\n","protected":false},"author":3,"featured_media":0,"comment_status":"open","ping_status":"closed","template":"","meta":{"_acf_changed":false,"footnotes":""},"categories":[22],"class_list":["post-18906","product","type-product","status-publish","hentry","category-negocios-y-management-en"],"acf":{"external_id":"100190","precio":"123","impartido_en":["es","en"],"hubspot_product_id":"","imagen_destacada":18935,"header_image":"https:\/\/static.capabiliaserver.com\/frontend\/clients\/aplv\/wp_prod\/wp-content\/uploads\/7115ddab-diseno-sin-titulo-18.png","precio_en_cuotas":"","precio_de_lista":"","mostrar_form":false,"promocion_vigente":"","duracion_del_curso":"4 meses","tipo_de_programa":"Certificado","nivel_del_curso":"B\u00e1sico","modalidad":"Online","dedicacion":"","titulo":" CERTIFICADO EN ACTUALIZACI\u00d3N EN DERECHO DEPORTIVO","contenido":"<p><span style=\"font-weight: 400;\">El derecho deportivo, es una rama del derecho en permanente crecimiento, con nuevos desaf\u00edos a partir del ingreso de la inteligencia artificial, de nuevas tecnolog\u00edas y de una constante modificaci\u00f3n de su reglamentaci\u00f3n vinculada a diversos temas propios de la especificidad de la materia.\u00a0\u00a0<\/span><\/p>\n<p><span style=\"font-weight: 400;\">El programa propuesto, brinda herramientas para un campo laboral en crecimiento que le permitir\u00e1 al abogado\/a tener los conocimientos necesarios para saber asesorar a deportistas, clubes o instituciones vinculadas al deporte, federaciones, asociaciones y\/o p\u00fablico en general, que asiste a espect\u00e1culos deportivos, en los diversos \u00f3rganos de resoluci\u00f3n de conflictos en federaciones y\/ Tribunal Arbitral del Deporte<\/span><\/p>\n<p><span style=\"font-weight: 400;\">\u00a0En el campo laboral, hay una necesidad de profesionales especializados en una rama del derecho relativamente nueva y en constante evoluci\u00f3n no solo por reglamentaciones de las federaciones deportivas sino con laudos del Tribunal Arbitral del Deporte que van marcando precedentes en materia deportiva.<\/span><\/p>\n","avalado_por":"https:\/\/static.capabiliaserver.com\/frontend\/clients\/aplv\/wp_prod\/wp-content\/uploads\/d3624e72-microcredenciales.png","pdf_brochure":false,"cursos_que_lo_componen":[{"nombre_del_curso":"LA ORGANIZACI\u00d3N DEL FUTBOL FEDERADO. LAS ASOCIACIONES Y FEDERACIONES NACIONALES E INTERNACIONALES EN OTROS DEPORTES","descripcion_del_curso":"<p>M\u00f3dulo 1. FIFA.<br \/>\nM\u00f3dulo 2. AFA - Asociaci\u00f3n del Futbol Argentino.<br \/>\nM\u00f3dulo 3. Asociaci\u00f3n Civil Vs SAD Sociedad An\u00f3nima Deportiva.<br \/>\nM\u00f3dulo 4. Los sujetos en el derecho deportivo.<\/p>\n"},{"nombre_del_curso":"EL TRIBUNAL ARBITRAL DEPORTIVO \u2013 TAS. \u00d3RGANOS DE RESOLUCI\u00d3N DE CONFLICTOS A NIVEL DE FEDERACI\u00d3N EN LOS DEPORTES","descripcion_del_curso":"<p>M\u00f3dulo 1- El arbitraje como m\u00e9todo de resoluci\u00f3n de conflictos en el deporte<br \/>\nM\u00f3dulo 2. La ley aplicable y el prodecidimiento ante el TAS.<br \/>\nM\u00f3dulo 3: Procedimiento y formalidades del TAS.<br \/>\nM\u00f3dulo 4. Las medidas provisionales en el Tas. An\u00e1lisis del est\u00e1ndar de la prueba \u2013 Laudo arbitral. <\/p>\n"},{"nombre_del_curso":"INDEMNIZACI\u00d3N POR RUPTURA DE CONTRATOS EN EL \u00c1MBITO NACIONAL E INTERNACIONAL EN EL DEPORTE- EJECUCI\u00d3N DE SENTENCIAS. TRANSFERENCIA DE DEPORTISTAS ","descripcion_del_curso":"<p>M\u00f3dulo 1. Ruptura de contrato sin justa causa. Que se considera justa causa?<br \/>\nM\u00f3dulo 2. Ejecuci\u00f3n de Sentencias en FIFA \u2013 Laudos del TAS.<br \/>\nM\u00f3dulo 3. Transferencia de jugadores.<br \/>\nM\u00f3dulo 4. Derechos de formaci\u00f3n deportiva.<\/p>\n"},{"nombre_del_curso":" LOS ACTORES EN EL DEPORTE","descripcion_del_curso":"<p>M\u00f3dulo 1. El deportista profesional y amateur.<br \/>\nM\u00f3dulo 2. El Entrenador y su cuerpo t\u00e9cnico- Agentes de Deportistas.<br \/>\nM\u00f3dulo 3. El deportista menor de edad.  Futbol Femenino.<br \/>\nM\u00f3dulo 4 La Instituci\u00f3n Deportiva. <\/p>\n"}],"preguntas_frecuentes":false,"docentes_expertos":false},"yoast_head":"<!-- This site is optimized with the Yoast SEO plugin v23.0 - https:\/\/yoast.com\/wordpress\/plugins\/seo\/ -->\n<title>CERTIFICADO EN ACTUALIZACI\u00d3N EN DERECHO DEPORTIVO - Siglo 21<\/title>\n<meta name=\"robots\" content=\"index, follow, max-snippet:-1, max-image-preview:large, max-video-preview:-1\" \/>\n<link rel=\"canonical\" href=\"https:\/\/aplv.21.edu.ar\/en\/product\/certificado-en-actualizacion-en-derecho-deportivo\/\" \/>\n<meta property=\"og:locale\" content=\"en_US\" \/>\n<meta property=\"og:type\" content=\"article\" \/>\n<meta property=\"og:title\" content=\"CERTIFICADO EN ACTUALIZACI\u00d3N EN DERECHO DEPORTIVO - Siglo 21\" \/>\n<meta property=\"og:description\" content=\"excerpt\" \/>\n<meta property=\"og:url\" content=\"https:\/\/aplv.21.edu.ar\/en\/product\/certificado-en-actualizacion-en-derecho-deportivo\/\" \/>\n<meta property=\"og:site_name\" content=\"Siglo 21\" \/>\n<meta name=\"twitter:card\" content=\"summary_large_image\" \/>\n<script type=\"application\/ld+json\" class=\"yoast-schema-graph\">{\"@context\":\"https:\/\/schema.org\",\"@graph\":[{\"@type\":\"WebPage\",\"@id\":\"https:\/\/aplv.21.edu.ar\/en\/product\/certificado-en-actualizacion-en-derecho-deportivo\/\",\"url\":\"https:\/\/aplv.21.edu.ar\/en\/product\/certificado-en-actualizacion-en-derecho-deportivo\/\",\"name\":\"CERTIFICADO EN ACTUALIZACI\u00d3N EN DERECHO DEPORTIVO - Siglo 21\",\"isPartOf\":{\"@id\":\"https:\/\/aplv.21.edu.ar\/#website\"},\"datePublished\":\"2025-09-22T17:28:59+00:00\",\"dateModified\":\"2025-09-22T17:28:59+00:00\",\"breadcrumb\":{\"@id\":\"https:\/\/aplv.21.edu.ar\/en\/product\/certificado-en-actualizacion-en-derecho-deportivo\/#breadcrumb\"},\"inLanguage\":\"en-US\",\"potentialAction\":[{\"@type\":\"ReadAction\",\"target\":[\"https:\/\/aplv.21.edu.ar\/en\/product\/certificado-en-actualizacion-en-derecho-deportivo\/\"]}]},{\"@type\":\"BreadcrumbList\",\"@id\":\"https:\/\/aplv.21.edu.ar\/en\/product\/certificado-en-actualizacion-en-derecho-deportivo\/#breadcrumb\",\"itemListElement\":[{\"@type\":\"ListItem\",\"position\":1,\"name\":\"Home\",\"item\":\"https:\/\/aplv.21.edu.ar\/\"},{\"@type\":\"ListItem\",\"position\":2,\"name\":\"Productos\",\"item\":\"https:\/\/aplv.21.edu.ar\/product\/\"},{\"@type\":\"ListItem\",\"position\":3,\"name\":\"CERTIFICADO EN ACTUALIZACI\u00d3N EN DERECHO DEPORTIVO\"}]},{\"@type\":\"WebSite\",\"@id\":\"https:\/\/aplv.21.edu.ar\/#website\",\"url\":\"https:\/\/aplv.21.edu.ar\/\",\"name\":\"Siglo 21\",\"description\":\"Siglo 21\",\"potentialAction\":[{\"@type\":\"SearchAction\",\"target\":{\"@type\":\"EntryPoint\",\"urlTemplate\":\"https:\/\/aplv.21.edu.ar\/?s={search_term_string}\"},\"query-input\":\"required name=search_term_string\"}],\"inLanguage\":\"en-US\"}]}<\/script>\n<!-- \/ Yoast SEO plugin. -->","yoast_head_json":{"title":"CERTIFICADO EN ACTUALIZACI\u00d3N EN DERECHO DEPORTIVO - Siglo 21","robots":{"index":"index","follow":"follow","max-snippet":"max-snippet:-1","max-image-preview":"max-image-preview:large","max-video-preview":"max-video-preview:-1"},"canonical":"https:\/\/aplv.21.edu.ar\/en\/product\/certificado-en-actualizacion-en-derecho-deportivo\/","og_locale":"en_US","og_type":"article","og_title":"CERTIFICADO EN ACTUALIZACI\u00d3N EN DERECHO DEPORTIVO - Siglo 21","og_description":"excerpt","og_url":"https:\/\/aplv.21.edu.ar\/en\/product\/certificado-en-actualizacion-en-derecho-deportivo\/","og_site_name":"Siglo 21","twitter_card":"summary_large_image","schema":{"@context":"https:\/\/schema.org","@graph":[{"@type":"WebPage","@id":"https:\/\/aplv.21.edu.ar\/en\/product\/certificado-en-actualizacion-en-derecho-deportivo\/","url":"https:\/\/aplv.21.edu.ar\/en\/product\/certificado-en-actualizacion-en-derecho-deportivo\/","name":"CERTIFICADO EN ACTUALIZACI\u00d3N EN DERECHO DEPORTIVO - Siglo 21","isPartOf":{"@id":"https:\/\/aplv.21.edu.ar\/#website"},"datePublished":"2025-09-22T17:28:59+00:00","dateModified":"2025-09-22T17:28:59+00:00","breadcrumb":{"@id":"https:\/\/aplv.21.edu.ar\/en\/product\/certificado-en-actualizacion-en-derecho-deportivo\/#breadcrumb"},"inLanguage":"en-US","potentialAction":[{"@type":"ReadAction","target":["https:\/\/aplv.21.edu.ar\/en\/product\/certificado-en-actualizacion-en-derecho-deportivo\/"]}]},{"@type":"BreadcrumbList","@id":"https:\/\/aplv.21.edu.ar\/en\/product\/certificado-en-actualizacion-en-derecho-deportivo\/#breadcrumb","itemListElement":[{"@type":"ListItem","position":1,"name":"Home","item":"https:\/\/aplv.21.edu.ar\/"},{"@type":"ListItem","position":2,"name":"Productos","item":"https:\/\/aplv.21.edu.ar\/product\/"},{"@type":"ListItem","position":3,"name":"CERTIFICADO EN ACTUALIZACI\u00d3N EN DERECHO DEPORTIVO"}]},{"@type":"WebSite","@id":"https:\/\/aplv.21.edu.ar\/#website","url":"https:\/\/aplv.21.edu.ar\/","name":"Siglo 21","description":"Siglo 21","potentialAction":[{"@type":"SearchAction","target":{"@type":"EntryPoint","urlTemplate":"https:\/\/aplv.21.edu.ar\/?s={search_term_string}"},"query-input":"required name=search_term_string"}],"inLanguage":"en-US"}]}},"idiomas":{"en":18906,"es":18905},"_links":{"self":[{"href":"https:\/\/aplv.21.edu.ar\/en\/wp-json\/wp\/v2\/products\/18906"}],"collection":[{"href":"https:\/\/aplv.21.edu.ar\/en\/wp-json\/wp\/v2\/products"}],"about":[{"href":"https:\/\/aplv.21.edu.ar\/en\/wp-json\/wp\/v2\/types\/product"}],"author":[{"embeddable":true,"href":"https:\/\/aplv.21.edu.ar\/en\/wp-json\/wp\/v2\/users\/3"}],"replies":[{"embeddable":true,"href":"https:\/\/aplv.21.edu.ar\/en\/wp-json\/wp\/v2\/comments?post=18906"}],"version-history":[{"count":1,"href":"https:\/\/aplv.21.edu.ar\/en\/wp-json\/wp\/v2\/products\/18906\/revisions"}],"predecessor-version":[{"id":18939,"href":"https:\/\/aplv.21.edu.ar\/en\/wp-json\/wp\/v2\/products\/18906\/revisions\/18939"}],"wp:attachment":[{"href":"https:\/\/aplv.21.edu.ar\/en\/wp-json\/wp\/v2\/media?parent=18906"}],"wp:term":[{"taxonomy":"category","embeddable":true,"href":"https:\/\/aplv.21.edu.ar\/en\/wp-json\/wp\/v2\/categories?post=18906"}],"curies":[{"name":"wp","href":"https:\/\/api.w.org\/{rel}","templated":true}]}}