{"id":18908,"date":"2025-09-22T16:59:33","date_gmt":"2025-09-22T16:59:33","guid":{"rendered":"https:\/\/aplv.21.edu.ar\/?post_type=product&#038;p=18908"},"modified":"2025-09-22T16:59:33","modified_gmt":"2025-09-22T16:59:33","slug":"certificado-en-gestion-estrategica-de-esports","status":"publish","type":"product","link":"https:\/\/aplv.21.edu.ar\/en\/product\/certificado-en-gestion-estrategica-de-esports\/","title":{"rendered":"CERTIFICADO EN GESTI\u00d3N ESTRAT\u00c9GICA DE ESPORTS"},"content":{"rendered":"<p>contenido<\/p>\n","protected":false},"excerpt":{"rendered":"<p>excerpt<\/p>\n","protected":false},"author":3,"featured_media":0,"comment_status":"open","ping_status":"closed","template":"","meta":{"_acf_changed":false,"footnotes":""},"categories":[22],"class_list":["post-18908","product","type-product","status-publish","hentry","category-negocios-y-management-en"],"acf":{"external_id":"100191","precio":"123","impartido_en":["es","en"],"hubspot_product_id":"","imagen_destacada":18921,"header_image":"https:\/\/static.capabiliaserver.com\/frontend\/clients\/aplv\/wp_prod\/wp-content\/uploads\/a95555f2-diseno-sin-titulo-21.png","precio_en_cuotas":"","precio_de_lista":"","mostrar_form":false,"promocion_vigente":"","duracion_del_curso":"4 meses","tipo_de_programa":"Certificado","nivel_del_curso":"B\u00e1sico","modalidad":"Online","dedicacion":"J\u00f3venes que quieran insertarse de forma profesional a la industria con un conocimiento previo, y\/o aquellos profesionales de otros rubros que deseen robustecer su conocimiento sobre las nuevas tendencias e industrias del entretenimiento.","titulo":"CERTIFICADO EN GESTI\u00d3N ESTRAT\u00c9GICA DE ESPORTS","contenido":"<p><span style=\"font-weight: 400;\">La industria de los Esports se ha consolidado como uno de los sectores de mayor crecimiento en el ecosistema del entretenimiento, integrando disciplinas como la gesti\u00f3n deportiva, el marketing digital, el desarrollo de negocios y la innovaci\u00f3n tecnol\u00f3gica. Su expansi\u00f3n global ha impulsado la profesionalizaci\u00f3n de clubes, equipos, plataformas y marcas, generando una demanda creciente de perfiles capacitados para comprender su l\u00f3gica y liderar su evoluci\u00f3n.<\/span><\/p>\n<p><span style=\"font-weight: 400;\">En este contexto, la Certificaci\u00f3n Profesional en Gesti\u00f3n Estrat\u00e9gica de Esports surge como una respuesta formativa para quienes buscan adquirir una mirada integral del sector, con herramientas orientadas a la toma de decisiones estrat\u00e9gicas, la administraci\u00f3n de clubes y el posicionamiento de proyectos en este entorno din\u00e1mico. El programa permite desarrollar competencias clave para intervenir de manera profesional en distintos niveles de la industria, combinando marcos conceptuales actualizados con enfoques aplicados y una fuerte conexi\u00f3n con las pr\u00e1cticas del sector.<\/span><\/p>\n","avalado_por":"https:\/\/static.capabiliaserver.com\/frontend\/clients\/aplv\/wp_prod\/wp-content\/uploads\/75f5c34c-microcredenciales.png","pdf_brochure":false,"cursos_que_lo_componen":[{"nombre_del_curso":" LA INDUSTRIA DE LOS ESPORTS","descripcion_del_curso":"<p>M\u00f3dulo 1: Introducci\u00f3n a la Industria de los esports.<br \/>\nM\u00f3dulo 2: Historia y evoluci\u00f3n de los esports.<br \/>\nM\u00f3dulo 3: Modelos de negocio en esports.<br \/>\nM\u00f3dulo 4: Impacto cultural y social de los esports.<\/p>\n"},{"nombre_del_curso":"LA GESTI\u00d3N DE UN CLUB EN ESPORTS","descripcion_del_curso":"<p>M\u00f3dulo 1: Direcci\u00f3n general y estrategia.<br \/>\nM\u00f3dulo 2: Finanzas y sostenibilidad econ\u00f3mica.<br \/>\nM\u00f3dulo 3: Gesti\u00f3n de recursos humanos.<br \/>\nM\u00f3dulo 4: Operaciones y log\u00edstica en un club de esports.<\/p>\n"},{"nombre_del_curso":"MARKETING EN ESPORTS","descripcion_del_curso":"<p>M\u00f3dulo 1: Estrategias de marca en esports.<br \/>\nM\u00f3dulo 2: Estrategias de Monetizaci\u00f3n y Modelos de Negocio en esports.<br \/>\nM\u00f3dulo 3: Sponsorship y Partnership en esports.<br \/>\nM\u00f3dulo 4: Marketing Digital, Publicidad y Content Value en esports.<\/p>\n"},{"nombre_del_curso":"GESTI\u00d3N DEPORTIVA EN ESPORTS","descripcion_del_curso":"<p>M\u00f3dulo 1: Estructura y funcionamiento de un equipo de esports.<br \/>\nM\u00f3dulo 2: Gesti\u00f3n del talento y desarrollo de jugadores.<br \/>\nM\u00f3dulo 3: Psicolog\u00eda de alto rendimiento.<br \/>\nM\u00f3dulo 4: Entrenamiento y Metodolog\u00edas.<\/p>\n"}],"preguntas_frecuentes":false,"docentes_expertos":false},"yoast_head":"<!-- This site is optimized with the Yoast SEO plugin v23.0 - https:\/\/yoast.com\/wordpress\/plugins\/seo\/ -->\n<title>CERTIFICADO EN GESTI\u00d3N ESTRAT\u00c9GICA DE ESPORTS - Siglo 21<\/title>\n<meta name=\"robots\" content=\"index, follow, max-snippet:-1, max-image-preview:large, max-video-preview:-1\" \/>\n<link rel=\"canonical\" href=\"https:\/\/aplv.21.edu.ar\/en\/product\/certificado-en-gestion-estrategica-de-esports\/\" \/>\n<meta property=\"og:locale\" content=\"en_US\" \/>\n<meta property=\"og:type\" content=\"article\" \/>\n<meta property=\"og:title\" content=\"CERTIFICADO EN GESTI\u00d3N ESTRAT\u00c9GICA DE ESPORTS - Siglo 21\" \/>\n<meta property=\"og:description\" content=\"excerpt\" \/>\n<meta property=\"og:url\" content=\"https:\/\/aplv.21.edu.ar\/en\/product\/certificado-en-gestion-estrategica-de-esports\/\" \/>\n<meta property=\"og:site_name\" content=\"Siglo 21\" \/>\n<meta name=\"twitter:card\" content=\"summary_large_image\" \/>\n<script type=\"application\/ld+json\" class=\"yoast-schema-graph\">{\"@context\":\"https:\/\/schema.org\",\"@graph\":[{\"@type\":\"WebPage\",\"@id\":\"https:\/\/aplv.21.edu.ar\/en\/product\/certificado-en-gestion-estrategica-de-esports\/\",\"url\":\"https:\/\/aplv.21.edu.ar\/en\/product\/certificado-en-gestion-estrategica-de-esports\/\",\"name\":\"CERTIFICADO EN GESTI\u00d3N ESTRAT\u00c9GICA DE ESPORTS - Siglo 21\",\"isPartOf\":{\"@id\":\"https:\/\/aplv.21.edu.ar\/#website\"},\"datePublished\":\"2025-09-22T16:59:33+00:00\",\"dateModified\":\"2025-09-22T16:59:33+00:00\",\"breadcrumb\":{\"@id\":\"https:\/\/aplv.21.edu.ar\/en\/product\/certificado-en-gestion-estrategica-de-esports\/#breadcrumb\"},\"inLanguage\":\"en-US\",\"potentialAction\":[{\"@type\":\"ReadAction\",\"target\":[\"https:\/\/aplv.21.edu.ar\/en\/product\/certificado-en-gestion-estrategica-de-esports\/\"]}]},{\"@type\":\"BreadcrumbList\",\"@id\":\"https:\/\/aplv.21.edu.ar\/en\/product\/certificado-en-gestion-estrategica-de-esports\/#breadcrumb\",\"itemListElement\":[{\"@type\":\"ListItem\",\"position\":1,\"name\":\"Home\",\"item\":\"https:\/\/aplv.21.edu.ar\/\"},{\"@type\":\"ListItem\",\"position\":2,\"name\":\"Productos\",\"item\":\"https:\/\/aplv.21.edu.ar\/product\/\"},{\"@type\":\"ListItem\",\"position\":3,\"name\":\"CERTIFICADO EN GESTI\u00d3N ESTRAT\u00c9GICA DE ESPORTS\"}]},{\"@type\":\"WebSite\",\"@id\":\"https:\/\/aplv.21.edu.ar\/#website\",\"url\":\"https:\/\/aplv.21.edu.ar\/\",\"name\":\"Siglo 21\",\"description\":\"Siglo 21\",\"potentialAction\":[{\"@type\":\"SearchAction\",\"target\":{\"@type\":\"EntryPoint\",\"urlTemplate\":\"https:\/\/aplv.21.edu.ar\/?s={search_term_string}\"},\"query-input\":\"required name=search_term_string\"}],\"inLanguage\":\"en-US\"}]}<\/script>\n<!-- \/ Yoast SEO plugin. -->","yoast_head_json":{"title":"CERTIFICADO EN GESTI\u00d3N ESTRAT\u00c9GICA DE ESPORTS - Siglo 21","robots":{"index":"index","follow":"follow","max-snippet":"max-snippet:-1","max-image-preview":"max-image-preview:large","max-video-preview":"max-video-preview:-1"},"canonical":"https:\/\/aplv.21.edu.ar\/en\/product\/certificado-en-gestion-estrategica-de-esports\/","og_locale":"en_US","og_type":"article","og_title":"CERTIFICADO EN GESTI\u00d3N ESTRAT\u00c9GICA DE ESPORTS - Siglo 21","og_description":"excerpt","og_url":"https:\/\/aplv.21.edu.ar\/en\/product\/certificado-en-gestion-estrategica-de-esports\/","og_site_name":"Siglo 21","twitter_card":"summary_large_image","schema":{"@context":"https:\/\/schema.org","@graph":[{"@type":"WebPage","@id":"https:\/\/aplv.21.edu.ar\/en\/product\/certificado-en-gestion-estrategica-de-esports\/","url":"https:\/\/aplv.21.edu.ar\/en\/product\/certificado-en-gestion-estrategica-de-esports\/","name":"CERTIFICADO EN GESTI\u00d3N ESTRAT\u00c9GICA DE ESPORTS - Siglo 21","isPartOf":{"@id":"https:\/\/aplv.21.edu.ar\/#website"},"datePublished":"2025-09-22T16:59:33+00:00","dateModified":"2025-09-22T16:59:33+00:00","breadcrumb":{"@id":"https:\/\/aplv.21.edu.ar\/en\/product\/certificado-en-gestion-estrategica-de-esports\/#breadcrumb"},"inLanguage":"en-US","potentialAction":[{"@type":"ReadAction","target":["https:\/\/aplv.21.edu.ar\/en\/product\/certificado-en-gestion-estrategica-de-esports\/"]}]},{"@type":"BreadcrumbList","@id":"https:\/\/aplv.21.edu.ar\/en\/product\/certificado-en-gestion-estrategica-de-esports\/#breadcrumb","itemListElement":[{"@type":"ListItem","position":1,"name":"Home","item":"https:\/\/aplv.21.edu.ar\/"},{"@type":"ListItem","position":2,"name":"Productos","item":"https:\/\/aplv.21.edu.ar\/product\/"},{"@type":"ListItem","position":3,"name":"CERTIFICADO EN GESTI\u00d3N ESTRAT\u00c9GICA DE ESPORTS"}]},{"@type":"WebSite","@id":"https:\/\/aplv.21.edu.ar\/#website","url":"https:\/\/aplv.21.edu.ar\/","name":"Siglo 21","description":"Siglo 21","potentialAction":[{"@type":"SearchAction","target":{"@type":"EntryPoint","urlTemplate":"https:\/\/aplv.21.edu.ar\/?s={search_term_string}"},"query-input":"required name=search_term_string"}],"inLanguage":"en-US"}]}},"idiomas":{"en":18908,"es":18907},"_links":{"self":[{"href":"https:\/\/aplv.21.edu.ar\/en\/wp-json\/wp\/v2\/products\/18908"}],"collection":[{"href":"https:\/\/aplv.21.edu.ar\/en\/wp-json\/wp\/v2\/products"}],"about":[{"href":"https:\/\/aplv.21.edu.ar\/en\/wp-json\/wp\/v2\/types\/product"}],"author":[{"embeddable":true,"href":"https:\/\/aplv.21.edu.ar\/en\/wp-json\/wp\/v2\/users\/3"}],"replies":[{"embeddable":true,"href":"https:\/\/aplv.21.edu.ar\/en\/wp-json\/wp\/v2\/comments?post=18908"}],"version-history":[{"count":1,"href":"https:\/\/aplv.21.edu.ar\/en\/wp-json\/wp\/v2\/products\/18908\/revisions"}],"predecessor-version":[{"id":18924,"href":"https:\/\/aplv.21.edu.ar\/en\/wp-json\/wp\/v2\/products\/18908\/revisions\/18924"}],"wp:attachment":[{"href":"https:\/\/aplv.21.edu.ar\/en\/wp-json\/wp\/v2\/media?parent=18908"}],"wp:term":[{"taxonomy":"category","embeddable":true,"href":"https:\/\/aplv.21.edu.ar\/en\/wp-json\/wp\/v2\/categories?post=18908"}],"curies":[{"name":"wp","href":"https:\/\/api.w.org\/{rel}","templated":true}]}}