{"id":18985,"date":"2025-12-11T15:04:54","date_gmt":"2025-12-11T15:04:54","guid":{"rendered":"https:\/\/aplv.21.edu.ar\/?post_type=product&#038;p=18985"},"modified":"2025-12-11T15:04:54","modified_gmt":"2025-12-11T15:04:54","slug":"curso-introduccion-a-la-educacion-steam","status":"publish","type":"product","link":"https:\/\/aplv.21.edu.ar\/en\/product\/curso-introduccion-a-la-educacion-steam\/","title":{"rendered":"CURSO: INTRODUCCI\u00d3N A LA EDUCACI\u00d3N STEAM"},"content":{"rendered":"<p>contenido<\/p>\n","protected":false},"excerpt":{"rendered":"<p>excerpt<\/p>\n","protected":false},"author":3,"featured_media":0,"comment_status":"open","ping_status":"closed","template":"","meta":{"_acf_changed":false,"footnotes":""},"categories":[22],"class_list":["post-18985","product","type-product","status-publish","hentry","category-negocios-y-management-en"],"acf":{"external_id":"100212","precio":"123","impartido_en":["es","en"],"hubspot_product_id":"","imagen_destacada":18995,"header_image":"https:\/\/static.capabiliaserver.com\/frontend\/clients\/aplv\/wp_prod\/wp-content\/uploads\/ab2cdbd7-diseno-sin-titulo.png","precio_en_cuotas":"","precio_de_lista":"","mostrar_form":false,"promocion_vigente":"","duracion_del_curso":"1 mes","tipo_de_programa":"Curso","nivel_del_curso":"Intermedio","modalidad":"Online","dedicacion":"25 horas","titulo":"Curso Introducci\u00f3n a la Educaci\u00f3n STEAM ","contenido":"<p><span style=\"font-weight: 400;\">Este curso responde a la necesidad de formar docentes en un enfoque pedag\u00f3gico innovador que integra Ciencia, Tecnolog\u00eda, Ingenier\u00eda, Arte y Matem\u00e1ticas (STEAM). Este enfoque fomenta el aprendizaje interdisciplinario y la resoluci\u00f3n creativa de problemas, preparando a los educadores para los desaf\u00edos del siglo XXI.<\/span><\/p>\n<p><span style=\"font-weight: 400;\">La educaci\u00f3n STEAM es clave para mejorar la empleabilidad de los estudiantes y su preparaci\u00f3n para las demandas del mercado laboral. Este curso tambi\u00e9n responde a tendencias globales en la implementaci\u00f3n de metodolog\u00edas activas y proyectos colaborativos en el aula, favoreciendo el aprendizaje significativo y el desarrollo de competencias fundamentales como pensamiento cr\u00edtico, creatividad y trabajo en equipo.<\/span><\/p>\n<p><span style=\"font-weight: 400;\">El programa se dise\u00f1a para abordar los siguientes problemas: Escaso conocimiento de metodolog\u00edas STEAM en docentes, falta de integraci\u00f3n entre disciplinas en la educaci\u00f3n tradicional, y la necesidad de actualizar las pr\u00e1cticas pedag\u00f3gicas para incluir el uso de tecnolog\u00edas.<\/span><\/p>\n<p><span style=\"font-weight: 400;\">El curso tiene un impacto directo en la profesionalizaci\u00f3n docente y en la mejora de la calidad educativa, aline\u00e1ndose con las pol\u00edticas educativas nacionales e internacionales, como las promovidas por la UNESCO y el Plan Estrat\u00e9gico de Ceibal.<\/span><\/p>\n<p><span style=\"font-weight: 400;\">Este programa ofrece una propuesta innovadora y \u00fanica, alineada con las necesidades actuales de formaci\u00f3n docente en el siglo XXI. Integra herramientas pr\u00e1cticas para enfrentar los desaf\u00edos de la educaci\u00f3n moderna, destac\u00e1ndose por su enfoque interdisciplinario y su flexibilidad para adaptarse a diversos contextos educativos.<\/span><\/p>\n","avalado_por":"https:\/\/static.capabiliaserver.com\/frontend\/clients\/aplv\/wp_prod\/wp-content\/uploads\/75f5c34c-microcredenciales.png","pdf_brochure":false,"cursos_que_lo_componen":[{"nombre_del_curso":"INTRODUCCI\u00d3N A LA EDUCACI\u00d3N STEAM","descripcion_del_curso":"<p>Introducci\u00f3n a los fundamentos de STEAM. <\/p>\n"},{"nombre_del_curso":"PROYECTOS STEAM ","descripcion_del_curso":"<p>Formulaci\u00f3n de proyectos educativos STEAM.<\/p>\n"},{"nombre_del_curso":"IMPLEMENTACI\u00d3N DE PROYECTOS STEAM","descripcion_del_curso":"<p>Implementaci\u00f3n de proyectos STEAM en el aula.<\/p>\n"},{"nombre_del_curso":"EVOLUCI\u00d3N DE PROYECTOS STEAM ","descripcion_del_curso":"<p>Evaluaci\u00f3n y mejora de proyectos STEAM.<\/p>\n"}],"preguntas_frecuentes":false,"docentes_expertos":[{"foto":false,"nombre_del_docente":"","descripcion_del_docente":"Vicerrector de Innovaci\u00f3n, Investigaci\u00f3n y Posgrado","enlace":""}]},"yoast_head":"<!-- This site is optimized with the Yoast SEO plugin v23.0 - https:\/\/yoast.com\/wordpress\/plugins\/seo\/ -->\n<title>CURSO: INTRODUCCI\u00d3N A LA EDUCACI\u00d3N STEAM - Siglo 21<\/title>\n<meta name=\"robots\" content=\"index, follow, max-snippet:-1, max-image-preview:large, max-video-preview:-1\" \/>\n<link rel=\"canonical\" href=\"https:\/\/aplv.21.edu.ar\/en\/product\/curso-introduccion-a-la-educacion-steam\/\" \/>\n<meta property=\"og:locale\" content=\"en_US\" \/>\n<meta property=\"og:type\" content=\"article\" \/>\n<meta property=\"og:title\" content=\"CURSO: INTRODUCCI\u00d3N A LA EDUCACI\u00d3N STEAM - Siglo 21\" \/>\n<meta property=\"og:description\" content=\"excerpt\" \/>\n<meta property=\"og:url\" content=\"https:\/\/aplv.21.edu.ar\/en\/product\/curso-introduccion-a-la-educacion-steam\/\" \/>\n<meta property=\"og:site_name\" content=\"Siglo 21\" \/>\n<meta name=\"twitter:card\" content=\"summary_large_image\" \/>\n<script type=\"application\/ld+json\" class=\"yoast-schema-graph\">{\"@context\":\"https:\/\/schema.org\",\"@graph\":[{\"@type\":\"WebPage\",\"@id\":\"https:\/\/aplv.21.edu.ar\/en\/product\/curso-introduccion-a-la-educacion-steam\/\",\"url\":\"https:\/\/aplv.21.edu.ar\/en\/product\/curso-introduccion-a-la-educacion-steam\/\",\"name\":\"CURSO: INTRODUCCI\u00d3N A LA EDUCACI\u00d3N STEAM - Siglo 21\",\"isPartOf\":{\"@id\":\"https:\/\/aplv.21.edu.ar\/#website\"},\"datePublished\":\"2025-12-11T15:04:54+00:00\",\"dateModified\":\"2025-12-11T15:04:54+00:00\",\"breadcrumb\":{\"@id\":\"https:\/\/aplv.21.edu.ar\/en\/product\/curso-introduccion-a-la-educacion-steam\/#breadcrumb\"},\"inLanguage\":\"en-US\",\"potentialAction\":[{\"@type\":\"ReadAction\",\"target\":[\"https:\/\/aplv.21.edu.ar\/en\/product\/curso-introduccion-a-la-educacion-steam\/\"]}]},{\"@type\":\"BreadcrumbList\",\"@id\":\"https:\/\/aplv.21.edu.ar\/en\/product\/curso-introduccion-a-la-educacion-steam\/#breadcrumb\",\"itemListElement\":[{\"@type\":\"ListItem\",\"position\":1,\"name\":\"Home\",\"item\":\"https:\/\/aplv.21.edu.ar\/\"},{\"@type\":\"ListItem\",\"position\":2,\"name\":\"Productos\",\"item\":\"https:\/\/aplv.21.edu.ar\/product\/\"},{\"@type\":\"ListItem\",\"position\":3,\"name\":\"CURSO: INTRODUCCI\u00d3N A LA EDUCACI\u00d3N STEAM\"}]},{\"@type\":\"WebSite\",\"@id\":\"https:\/\/aplv.21.edu.ar\/#website\",\"url\":\"https:\/\/aplv.21.edu.ar\/\",\"name\":\"Siglo 21\",\"description\":\"Siglo 21\",\"potentialAction\":[{\"@type\":\"SearchAction\",\"target\":{\"@type\":\"EntryPoint\",\"urlTemplate\":\"https:\/\/aplv.21.edu.ar\/?s={search_term_string}\"},\"query-input\":\"required name=search_term_string\"}],\"inLanguage\":\"en-US\"}]}<\/script>\n<!-- \/ Yoast SEO plugin. -->","yoast_head_json":{"title":"CURSO: INTRODUCCI\u00d3N A LA EDUCACI\u00d3N STEAM - Siglo 21","robots":{"index":"index","follow":"follow","max-snippet":"max-snippet:-1","max-image-preview":"max-image-preview:large","max-video-preview":"max-video-preview:-1"},"canonical":"https:\/\/aplv.21.edu.ar\/en\/product\/curso-introduccion-a-la-educacion-steam\/","og_locale":"en_US","og_type":"article","og_title":"CURSO: INTRODUCCI\u00d3N A LA EDUCACI\u00d3N STEAM - Siglo 21","og_description":"excerpt","og_url":"https:\/\/aplv.21.edu.ar\/en\/product\/curso-introduccion-a-la-educacion-steam\/","og_site_name":"Siglo 21","twitter_card":"summary_large_image","schema":{"@context":"https:\/\/schema.org","@graph":[{"@type":"WebPage","@id":"https:\/\/aplv.21.edu.ar\/en\/product\/curso-introduccion-a-la-educacion-steam\/","url":"https:\/\/aplv.21.edu.ar\/en\/product\/curso-introduccion-a-la-educacion-steam\/","name":"CURSO: INTRODUCCI\u00d3N A LA EDUCACI\u00d3N STEAM - Siglo 21","isPartOf":{"@id":"https:\/\/aplv.21.edu.ar\/#website"},"datePublished":"2025-12-11T15:04:54+00:00","dateModified":"2025-12-11T15:04:54+00:00","breadcrumb":{"@id":"https:\/\/aplv.21.edu.ar\/en\/product\/curso-introduccion-a-la-educacion-steam\/#breadcrumb"},"inLanguage":"en-US","potentialAction":[{"@type":"ReadAction","target":["https:\/\/aplv.21.edu.ar\/en\/product\/curso-introduccion-a-la-educacion-steam\/"]}]},{"@type":"BreadcrumbList","@id":"https:\/\/aplv.21.edu.ar\/en\/product\/curso-introduccion-a-la-educacion-steam\/#breadcrumb","itemListElement":[{"@type":"ListItem","position":1,"name":"Home","item":"https:\/\/aplv.21.edu.ar\/"},{"@type":"ListItem","position":2,"name":"Productos","item":"https:\/\/aplv.21.edu.ar\/product\/"},{"@type":"ListItem","position":3,"name":"CURSO: INTRODUCCI\u00d3N A LA EDUCACI\u00d3N STEAM"}]},{"@type":"WebSite","@id":"https:\/\/aplv.21.edu.ar\/#website","url":"https:\/\/aplv.21.edu.ar\/","name":"Siglo 21","description":"Siglo 21","potentialAction":[{"@type":"SearchAction","target":{"@type":"EntryPoint","urlTemplate":"https:\/\/aplv.21.edu.ar\/?s={search_term_string}"},"query-input":"required name=search_term_string"}],"inLanguage":"en-US"}]}},"idiomas":{"en":18985,"es":18984},"_links":{"self":[{"href":"https:\/\/aplv.21.edu.ar\/en\/wp-json\/wp\/v2\/products\/18985"}],"collection":[{"href":"https:\/\/aplv.21.edu.ar\/en\/wp-json\/wp\/v2\/products"}],"about":[{"href":"https:\/\/aplv.21.edu.ar\/en\/wp-json\/wp\/v2\/types\/product"}],"author":[{"embeddable":true,"href":"https:\/\/aplv.21.edu.ar\/en\/wp-json\/wp\/v2\/users\/3"}],"replies":[{"embeddable":true,"href":"https:\/\/aplv.21.edu.ar\/en\/wp-json\/wp\/v2\/comments?post=18985"}],"version-history":[{"count":1,"href":"https:\/\/aplv.21.edu.ar\/en\/wp-json\/wp\/v2\/products\/18985\/revisions"}],"predecessor-version":[{"id":18998,"href":"https:\/\/aplv.21.edu.ar\/en\/wp-json\/wp\/v2\/products\/18985\/revisions\/18998"}],"wp:attachment":[{"href":"https:\/\/aplv.21.edu.ar\/en\/wp-json\/wp\/v2\/media?parent=18985"}],"wp:term":[{"taxonomy":"category","embeddable":true,"href":"https:\/\/aplv.21.edu.ar\/en\/wp-json\/wp\/v2\/categories?post=18985"}],"curies":[{"name":"wp","href":"https:\/\/api.w.org\/{rel}","templated":true}]}}