{"id":18987,"date":"2025-12-11T15:11:49","date_gmt":"2025-12-11T15:11:49","guid":{"rendered":"https:\/\/aplv.21.edu.ar\/?post_type=product&#038;p=18987"},"modified":"2025-12-11T15:11:49","modified_gmt":"2025-12-11T15:11:49","slug":"curso-introduccion-a-la-tecnologia-y-la-robotica-en-el-aula","status":"publish","type":"product","link":"https:\/\/aplv.21.edu.ar\/en\/product\/curso-introduccion-a-la-tecnologia-y-la-robotica-en-el-aula\/","title":{"rendered":"CURSO INTRODUCCI\u00d3N A LA TECNOLOG\u00cdA Y LA ROB\u00d3TICA EN EL AULA"},"content":{"rendered":"<p>contenido<\/p>\n","protected":false},"excerpt":{"rendered":"<p>excerpt<\/p>\n","protected":false},"author":3,"featured_media":0,"comment_status":"open","ping_status":"closed","template":"","meta":{"_acf_changed":false,"footnotes":""},"categories":[22],"class_list":["post-18987","product","type-product","status-publish","hentry","category-negocios-y-management-en"],"acf":{"external_id":"100213","precio":"123","impartido_en":["es","en"],"hubspot_product_id":"","imagen_destacada":19000,"header_image":"https:\/\/static.capabiliaserver.com\/frontend\/clients\/aplv\/wp_prod\/wp-content\/uploads\/4e23ac10-diseno-sin-titulo.png","precio_en_cuotas":"","precio_de_lista":"","mostrar_form":false,"promocion_vigente":"","duracion_del_curso":"1 mes","tipo_de_programa":"Curso","nivel_del_curso":"Intermedio","modalidad":"Online","dedicacion":"25 horas","titulo":"Curso en Introducci\u00f3n a la Tecnolog\u00eda y la Rob\u00f3tica en el aula ","contenido":"<p><span style=\"font-weight: 400;\">Ante la realidad del cambio tecnol\u00f3gico o industrial, la propuesta nace en fortalecer la parte t\u00e9cnica y pedag\u00f3gica, como fomentar una mentalidad abierta hacia el uso de nuevas tecnolog\u00edas, impulsando a los docentes a sentirse seguros y motivados en su integraci\u00f3n diaria.\u00a0<\/span><\/p>\n<p><span style=\"font-weight: 400;\">Este curso brinda a docentes y otros actores del \u00e1mbito educativo conceptos y herramientas que le permitir\u00e1n comprender qu\u00e9 implica la rob\u00f3tica (una de las fomas de aplicaci\u00f3n de la Inteligencia Artificial) y c\u00f3mo se la puede aplicar en el aula. La tem\u00e1tica puede contribuir a mejorar la empleabilidad de los estudiantes y su preparaci\u00f3n para las demandas del mercado laboral actual y futuro. Es tambi\u00e9n un elemento que puede resultar motivador en el aula fomentando una mentalidad abierta hacia el uso de nuevas tecnolog\u00edas, impulsando a los docentes a sentirse seguros y motivados en su integraci\u00f3n diaria.\u00a0<\/span><\/p>\n<p><span style=\"font-weight: 400;\">Permite generar perfiles de docentes en innovaci\u00f3n, ciencia y tecnolog\u00eda, con creciente demanda por parte del sistema educativo formal y tambi\u00e9n en \u00e1mbitos de educaci\u00f3n no formal.<\/span><\/p>\n","avalado_por":"https:\/\/static.capabiliaserver.com\/frontend\/clients\/aplv\/wp_prod\/wp-content\/uploads\/75f5c34c-microcredenciales.png","pdf_brochure":false,"cursos_que_lo_componen":[{"nombre_del_curso":"INTRODUCCI\u00d3N A LA TECNOLOG\u00cdA Y LA ROB\u00d3TICA","descripcion_del_curso":"<p>Introducci\u00f3n a la Tecnolog\u00eda Educativa. <\/p>\n"},{"nombre_del_curso":"CONCEPTOS","descripcion_del_curso":"<p>Conceptos B\u00e1sicos de Rob\u00f3tica<\/p>\n"},{"nombre_del_curso":"PROGRAMACI\u00d3N","descripcion_del_curso":"<p>Programaci\u00f3n B\u00e1sica para la Ense\u00f1anza<\/p>\n"},{"nombre_del_curso":"APLICACI\u00d3N","descripcion_del_curso":"<p>Aplicaci\u00f3n de la Rob\u00f3tica en el Aula<\/p>\n"}],"preguntas_frecuentes":false,"docentes_expertos":[{"foto":false,"nombre_del_docente":"","descripcion_del_docente":"Vicerrector de Innovaci\u00f3n, Investigaci\u00f3n y Posgrado","enlace":""}]},"yoast_head":"<!-- This site is optimized with the Yoast SEO plugin v23.0 - https:\/\/yoast.com\/wordpress\/plugins\/seo\/ -->\n<title>CURSO INTRODUCCI\u00d3N A LA TECNOLOG\u00cdA Y LA ROB\u00d3TICA EN EL AULA - Siglo 21<\/title>\n<meta name=\"robots\" content=\"index, follow, max-snippet:-1, max-image-preview:large, max-video-preview:-1\" \/>\n<link rel=\"canonical\" href=\"https:\/\/aplv.21.edu.ar\/en\/product\/curso-introduccion-a-la-tecnologia-y-la-robotica-en-el-aula\/\" \/>\n<meta property=\"og:locale\" content=\"en_US\" \/>\n<meta property=\"og:type\" content=\"article\" \/>\n<meta property=\"og:title\" content=\"CURSO INTRODUCCI\u00d3N A LA TECNOLOG\u00cdA Y LA ROB\u00d3TICA EN EL AULA - Siglo 21\" \/>\n<meta property=\"og:description\" content=\"excerpt\" \/>\n<meta property=\"og:url\" content=\"https:\/\/aplv.21.edu.ar\/en\/product\/curso-introduccion-a-la-tecnologia-y-la-robotica-en-el-aula\/\" \/>\n<meta property=\"og:site_name\" content=\"Siglo 21\" \/>\n<meta name=\"twitter:card\" content=\"summary_large_image\" \/>\n<script type=\"application\/ld+json\" class=\"yoast-schema-graph\">{\"@context\":\"https:\/\/schema.org\",\"@graph\":[{\"@type\":\"WebPage\",\"@id\":\"https:\/\/aplv.21.edu.ar\/en\/product\/curso-introduccion-a-la-tecnologia-y-la-robotica-en-el-aula\/\",\"url\":\"https:\/\/aplv.21.edu.ar\/en\/product\/curso-introduccion-a-la-tecnologia-y-la-robotica-en-el-aula\/\",\"name\":\"CURSO INTRODUCCI\u00d3N A LA TECNOLOG\u00cdA Y LA ROB\u00d3TICA EN EL AULA - Siglo 21\",\"isPartOf\":{\"@id\":\"https:\/\/aplv.21.edu.ar\/#website\"},\"datePublished\":\"2025-12-11T15:11:49+00:00\",\"dateModified\":\"2025-12-11T15:11:49+00:00\",\"breadcrumb\":{\"@id\":\"https:\/\/aplv.21.edu.ar\/en\/product\/curso-introduccion-a-la-tecnologia-y-la-robotica-en-el-aula\/#breadcrumb\"},\"inLanguage\":\"en-US\",\"potentialAction\":[{\"@type\":\"ReadAction\",\"target\":[\"https:\/\/aplv.21.edu.ar\/en\/product\/curso-introduccion-a-la-tecnologia-y-la-robotica-en-el-aula\/\"]}]},{\"@type\":\"BreadcrumbList\",\"@id\":\"https:\/\/aplv.21.edu.ar\/en\/product\/curso-introduccion-a-la-tecnologia-y-la-robotica-en-el-aula\/#breadcrumb\",\"itemListElement\":[{\"@type\":\"ListItem\",\"position\":1,\"name\":\"Home\",\"item\":\"https:\/\/aplv.21.edu.ar\/\"},{\"@type\":\"ListItem\",\"position\":2,\"name\":\"Productos\",\"item\":\"https:\/\/aplv.21.edu.ar\/product\/\"},{\"@type\":\"ListItem\",\"position\":3,\"name\":\"CURSO INTRODUCCI\u00d3N A LA TECNOLOG\u00cdA Y LA ROB\u00d3TICA EN EL AULA\"}]},{\"@type\":\"WebSite\",\"@id\":\"https:\/\/aplv.21.edu.ar\/#website\",\"url\":\"https:\/\/aplv.21.edu.ar\/\",\"name\":\"Siglo 21\",\"description\":\"Siglo 21\",\"potentialAction\":[{\"@type\":\"SearchAction\",\"target\":{\"@type\":\"EntryPoint\",\"urlTemplate\":\"https:\/\/aplv.21.edu.ar\/?s={search_term_string}\"},\"query-input\":\"required name=search_term_string\"}],\"inLanguage\":\"en-US\"}]}<\/script>\n<!-- \/ Yoast SEO plugin. -->","yoast_head_json":{"title":"CURSO INTRODUCCI\u00d3N A LA TECNOLOG\u00cdA Y LA ROB\u00d3TICA EN EL AULA - Siglo 21","robots":{"index":"index","follow":"follow","max-snippet":"max-snippet:-1","max-image-preview":"max-image-preview:large","max-video-preview":"max-video-preview:-1"},"canonical":"https:\/\/aplv.21.edu.ar\/en\/product\/curso-introduccion-a-la-tecnologia-y-la-robotica-en-el-aula\/","og_locale":"en_US","og_type":"article","og_title":"CURSO INTRODUCCI\u00d3N A LA TECNOLOG\u00cdA Y LA ROB\u00d3TICA EN EL AULA - Siglo 21","og_description":"excerpt","og_url":"https:\/\/aplv.21.edu.ar\/en\/product\/curso-introduccion-a-la-tecnologia-y-la-robotica-en-el-aula\/","og_site_name":"Siglo 21","twitter_card":"summary_large_image","schema":{"@context":"https:\/\/schema.org","@graph":[{"@type":"WebPage","@id":"https:\/\/aplv.21.edu.ar\/en\/product\/curso-introduccion-a-la-tecnologia-y-la-robotica-en-el-aula\/","url":"https:\/\/aplv.21.edu.ar\/en\/product\/curso-introduccion-a-la-tecnologia-y-la-robotica-en-el-aula\/","name":"CURSO INTRODUCCI\u00d3N A LA TECNOLOG\u00cdA Y LA ROB\u00d3TICA EN EL AULA - Siglo 21","isPartOf":{"@id":"https:\/\/aplv.21.edu.ar\/#website"},"datePublished":"2025-12-11T15:11:49+00:00","dateModified":"2025-12-11T15:11:49+00:00","breadcrumb":{"@id":"https:\/\/aplv.21.edu.ar\/en\/product\/curso-introduccion-a-la-tecnologia-y-la-robotica-en-el-aula\/#breadcrumb"},"inLanguage":"en-US","potentialAction":[{"@type":"ReadAction","target":["https:\/\/aplv.21.edu.ar\/en\/product\/curso-introduccion-a-la-tecnologia-y-la-robotica-en-el-aula\/"]}]},{"@type":"BreadcrumbList","@id":"https:\/\/aplv.21.edu.ar\/en\/product\/curso-introduccion-a-la-tecnologia-y-la-robotica-en-el-aula\/#breadcrumb","itemListElement":[{"@type":"ListItem","position":1,"name":"Home","item":"https:\/\/aplv.21.edu.ar\/"},{"@type":"ListItem","position":2,"name":"Productos","item":"https:\/\/aplv.21.edu.ar\/product\/"},{"@type":"ListItem","position":3,"name":"CURSO INTRODUCCI\u00d3N A LA TECNOLOG\u00cdA Y LA ROB\u00d3TICA EN EL AULA"}]},{"@type":"WebSite","@id":"https:\/\/aplv.21.edu.ar\/#website","url":"https:\/\/aplv.21.edu.ar\/","name":"Siglo 21","description":"Siglo 21","potentialAction":[{"@type":"SearchAction","target":{"@type":"EntryPoint","urlTemplate":"https:\/\/aplv.21.edu.ar\/?s={search_term_string}"},"query-input":"required name=search_term_string"}],"inLanguage":"en-US"}]}},"idiomas":{"en":18987,"es":18986},"_links":{"self":[{"href":"https:\/\/aplv.21.edu.ar\/en\/wp-json\/wp\/v2\/products\/18987"}],"collection":[{"href":"https:\/\/aplv.21.edu.ar\/en\/wp-json\/wp\/v2\/products"}],"about":[{"href":"https:\/\/aplv.21.edu.ar\/en\/wp-json\/wp\/v2\/types\/product"}],"author":[{"embeddable":true,"href":"https:\/\/aplv.21.edu.ar\/en\/wp-json\/wp\/v2\/users\/3"}],"replies":[{"embeddable":true,"href":"https:\/\/aplv.21.edu.ar\/en\/wp-json\/wp\/v2\/comments?post=18987"}],"version-history":[{"count":1,"href":"https:\/\/aplv.21.edu.ar\/en\/wp-json\/wp\/v2\/products\/18987\/revisions"}],"predecessor-version":[{"id":19004,"href":"https:\/\/aplv.21.edu.ar\/en\/wp-json\/wp\/v2\/products\/18987\/revisions\/19004"}],"wp:attachment":[{"href":"https:\/\/aplv.21.edu.ar\/en\/wp-json\/wp\/v2\/media?parent=18987"}],"wp:term":[{"taxonomy":"category","embeddable":true,"href":"https:\/\/aplv.21.edu.ar\/en\/wp-json\/wp\/v2\/categories?post=18987"}],"curies":[{"name":"wp","href":"https:\/\/api.w.org\/{rel}","templated":true}]}}