{"id":2331,"date":"2019-11-28T15:59:18","date_gmt":"2019-11-28T15:59:18","guid":{"rendered":"https:\/\/aplv.21.edu.ar\/?post_type=product&#038;p=2331"},"modified":"2022-09-30T12:45:15","modified_gmt":"2022-09-30T12:45:15","slug":"certificado-en-gestion-de-la-comunicacion-interna","status":"publish","type":"product","link":"https:\/\/aplv.21.edu.ar\/en\/product\/certificado-en-gestion-de-la-comunicacion-interna\/","title":{"rendered":"CERTIFICADO EN GESTI\u00d3N DE LA COMUNICACI\u00d3N INTERNA"},"content":{"rendered":"<p>contenido<\/p>\n","protected":false},"excerpt":{"rendered":"<p>excerpt<\/p>\n","protected":false},"author":3,"featured_media":0,"comment_status":"open","ping_status":"closed","template":"","meta":{"_acf_changed":false,"footnotes":""},"categories":[22],"class_list":["post-2331","product","type-product","status-publish","hentry","category-negocios-y-management-en"],"acf":{"external_id":"604","precio":"46.822,50","impartido_en":["es"],"hubspot_product_id":"","imagen_destacada":2642,"header_image":"https:\/\/static.capabiliaserver.com\/frontend\/clients\/cloud21\/wp_prod\/wp-content\/uploads\/2019\/11\/8a65e8b5-certificado-en-gestio\u0301n-de-la-comunicacio\u0301n-interna.jpg","precio_en_cuotas":"","precio_de_lista":"$62.430","mostrar_form":false,"promocion_vigente":"","duracion_del_curso":"4 meses","tipo_de_programa":"Programa de Aprendizaje para la Vida","nivel_del_curso":"Intermedio","modalidad":"100% Virtual","dedicacion":"","titulo":"Certificado en Gesti\u00f3n de la Comunicaci\u00f3n Interna","contenido":"<p>Actualmente atravesamos un proceso vertiginoso de hiperconexi\u00f3n e intercambio permanente que fomenta la proliferaci\u00f3n de particularidades, la micro segmentaci\u00f3n y, por lo tanto, propone un escenario de singularidades en las organizaciones, transform\u00e1ndolas a medida que sus integrantes modifican sus pr\u00e1cticas cotidianas.<\/p>\n<p>Este contexto demanda la formaci\u00f3n de profesionales de la comunicaci\u00f3n que puedan estar atentos a las aristas particulares y espec\u00edficas de cada organizaci\u00f3n, a su clima interno, especialmente marcado por la cultura.<\/p>\n<p>RESOLUCI\u00d3N RECTORAL N\u00b0 3316\/2019<\/p>\n","avalado_por":"https:\/\/static.capabiliaserver.com\/frontend\/clients\/cloud21\/wp_dev\/wp-content\/uploads\/2019\/05\/c05a73fa-logo_siglo_21.png","pdf_brochure":false,"cursos_que_lo_componen":[{"nombre_del_curso":"Rol del Comunicador","descripcion_del_curso":"<p>M\u00f3dulo 1: Rol del Comunicador Organizacional.<br \/>\nM\u00f3dulo 2: El Comunicador - Mediador. Competencias Clave.<br \/>\nM\u00f3dulo 3: Gestionar desde la Innovaci\u00f3n en Comunicaci\u00f3n.<br \/>\nM\u00f3dulo 4: Introducci\u00f3n a la Comunicaci\u00f3n Interna.<\/p>\n"},{"nombre_del_curso":"Discurso Corporativo","descripcion_del_curso":"<p>M\u00f3dulo 1: Identidad Corporativa.<br \/>\nM\u00f3dulo 2: Prop\u00f3sito Organizacional.<br \/>\nM\u00f3dulo 3: Dise\u00f1o del Mindset. \u00bfCu\u00e1l es su Importancia en la Transformaci\u00f3n?<br \/>\nM\u00f3dulo 4: Del Storytelling al Storydoing.<\/p>\n"},{"nombre_del_curso":"Organizaciones como Red de Conversaciones","descripcion_del_curso":"<p>M\u00f3dulo 1: Perspectivas Te\u00f3ricas para el Abordaje: Comunicaci\u00f3n, Cultura y Organizaciones.<br \/>\nM\u00f3dulo 2: Las Organizaciones Posmodernas desde una Perspectiva de Cultura\/Comunicaci\u00f3n.<br \/>\nM\u00f3dulo 3: Las Organizaciones son Conversaciones.<br \/>\nM\u00f3dulo 4: La Cultura Organizacional: Culturas en Movimiento, en Acci\u00f3n.<\/p>\n"},{"nombre_del_curso":"Diagn\u00f3stico de Comunicaci\u00f3n Interna","descripcion_del_curso":"<p>M\u00f3dulo 1: Diagn\u00f3stico de CI. Importancia del An\u00e1lisis y la Medici\u00f3n.<br \/>\nM\u00f3dulo 2: C\u00f3mo Construir Nuestra Investigaci\u00f3n.<br \/>\nM\u00f3dulo 3: An\u00e1lisis de Datos.<br \/>\nM\u00f3dulo 4: Dise\u00f1o de un Plan de Comunicaci\u00f3n Interna.<\/p>\n"}],"preguntas_frecuentes":false,"docentes_expertos":false},"yoast_head":"<!-- This site is optimized with the Yoast SEO plugin v23.0 - https:\/\/yoast.com\/wordpress\/plugins\/seo\/ -->\n<title>CERTIFICADO EN GESTI\u00d3N DE LA COMUNICACI\u00d3N INTERNA - Siglo 21<\/title>\n<meta name=\"robots\" content=\"index, follow, max-snippet:-1, max-image-preview:large, max-video-preview:-1\" \/>\n<link rel=\"canonical\" href=\"https:\/\/aplv.21.edu.ar\/en\/product\/certificado-en-gestion-de-la-comunicacion-interna\/\" \/>\n<meta property=\"og:locale\" content=\"en_US\" \/>\n<meta property=\"og:type\" content=\"article\" \/>\n<meta property=\"og:title\" content=\"CERTIFICADO EN GESTI\u00d3N DE LA COMUNICACI\u00d3N INTERNA - Siglo 21\" \/>\n<meta property=\"og:description\" content=\"excerpt\" \/>\n<meta property=\"og:url\" content=\"https:\/\/aplv.21.edu.ar\/en\/product\/certificado-en-gestion-de-la-comunicacion-interna\/\" \/>\n<meta property=\"og:site_name\" content=\"Siglo 21\" \/>\n<meta property=\"article:modified_time\" content=\"2022-09-30T12:45:15+00:00\" \/>\n<meta name=\"twitter:card\" content=\"summary_large_image\" \/>\n<meta name=\"twitter:label1\" content=\"Est. reading time\" \/>\n\t<meta name=\"twitter:data1\" content=\"1 minute\" \/>\n<script type=\"application\/ld+json\" class=\"yoast-schema-graph\">{\"@context\":\"https:\/\/schema.org\",\"@graph\":[{\"@type\":\"WebPage\",\"@id\":\"https:\/\/aplv.21.edu.ar\/en\/product\/certificado-en-gestion-de-la-comunicacion-interna\/\",\"url\":\"https:\/\/aplv.21.edu.ar\/en\/product\/certificado-en-gestion-de-la-comunicacion-interna\/\",\"name\":\"CERTIFICADO EN GESTI\u00d3N DE LA COMUNICACI\u00d3N INTERNA - Siglo 21\",\"isPartOf\":{\"@id\":\"https:\/\/aplv.21.edu.ar\/#website\"},\"datePublished\":\"2019-11-28T15:59:18+00:00\",\"dateModified\":\"2022-09-30T12:45:15+00:00\",\"breadcrumb\":{\"@id\":\"https:\/\/aplv.21.edu.ar\/en\/product\/certificado-en-gestion-de-la-comunicacion-interna\/#breadcrumb\"},\"inLanguage\":\"en-US\",\"potentialAction\":[{\"@type\":\"ReadAction\",\"target\":[\"https:\/\/aplv.21.edu.ar\/en\/product\/certificado-en-gestion-de-la-comunicacion-interna\/\"]}]},{\"@type\":\"BreadcrumbList\",\"@id\":\"https:\/\/aplv.21.edu.ar\/en\/product\/certificado-en-gestion-de-la-comunicacion-interna\/#breadcrumb\",\"itemListElement\":[{\"@type\":\"ListItem\",\"position\":1,\"name\":\"Home\",\"item\":\"https:\/\/aplv.21.edu.ar\/\"},{\"@type\":\"ListItem\",\"position\":2,\"name\":\"Productos\",\"item\":\"https:\/\/aplv.21.edu.ar\/product\/\"},{\"@type\":\"ListItem\",\"position\":3,\"name\":\"CERTIFICADO EN GESTI\u00d3N DE LA COMUNICACI\u00d3N INTERNA\"}]},{\"@type\":\"WebSite\",\"@id\":\"https:\/\/aplv.21.edu.ar\/#website\",\"url\":\"https:\/\/aplv.21.edu.ar\/\",\"name\":\"Siglo 21\",\"description\":\"Siglo 21\",\"potentialAction\":[{\"@type\":\"SearchAction\",\"target\":{\"@type\":\"EntryPoint\",\"urlTemplate\":\"https:\/\/aplv.21.edu.ar\/?s={search_term_string}\"},\"query-input\":\"required name=search_term_string\"}],\"inLanguage\":\"en-US\"}]}<\/script>\n<!-- \/ Yoast SEO plugin. -->","yoast_head_json":{"title":"CERTIFICADO EN GESTI\u00d3N DE LA COMUNICACI\u00d3N INTERNA - Siglo 21","robots":{"index":"index","follow":"follow","max-snippet":"max-snippet:-1","max-image-preview":"max-image-preview:large","max-video-preview":"max-video-preview:-1"},"canonical":"https:\/\/aplv.21.edu.ar\/en\/product\/certificado-en-gestion-de-la-comunicacion-interna\/","og_locale":"en_US","og_type":"article","og_title":"CERTIFICADO EN GESTI\u00d3N DE LA COMUNICACI\u00d3N INTERNA - Siglo 21","og_description":"excerpt","og_url":"https:\/\/aplv.21.edu.ar\/en\/product\/certificado-en-gestion-de-la-comunicacion-interna\/","og_site_name":"Siglo 21","article_modified_time":"2022-09-30T12:45:15+00:00","twitter_card":"summary_large_image","twitter_misc":{"Est. reading time":"1 minute"},"schema":{"@context":"https:\/\/schema.org","@graph":[{"@type":"WebPage","@id":"https:\/\/aplv.21.edu.ar\/en\/product\/certificado-en-gestion-de-la-comunicacion-interna\/","url":"https:\/\/aplv.21.edu.ar\/en\/product\/certificado-en-gestion-de-la-comunicacion-interna\/","name":"CERTIFICADO EN GESTI\u00d3N DE LA COMUNICACI\u00d3N INTERNA - Siglo 21","isPartOf":{"@id":"https:\/\/aplv.21.edu.ar\/#website"},"datePublished":"2019-11-28T15:59:18+00:00","dateModified":"2022-09-30T12:45:15+00:00","breadcrumb":{"@id":"https:\/\/aplv.21.edu.ar\/en\/product\/certificado-en-gestion-de-la-comunicacion-interna\/#breadcrumb"},"inLanguage":"en-US","potentialAction":[{"@type":"ReadAction","target":["https:\/\/aplv.21.edu.ar\/en\/product\/certificado-en-gestion-de-la-comunicacion-interna\/"]}]},{"@type":"BreadcrumbList","@id":"https:\/\/aplv.21.edu.ar\/en\/product\/certificado-en-gestion-de-la-comunicacion-interna\/#breadcrumb","itemListElement":[{"@type":"ListItem","position":1,"name":"Home","item":"https:\/\/aplv.21.edu.ar\/"},{"@type":"ListItem","position":2,"name":"Productos","item":"https:\/\/aplv.21.edu.ar\/product\/"},{"@type":"ListItem","position":3,"name":"CERTIFICADO EN GESTI\u00d3N DE LA COMUNICACI\u00d3N INTERNA"}]},{"@type":"WebSite","@id":"https:\/\/aplv.21.edu.ar\/#website","url":"https:\/\/aplv.21.edu.ar\/","name":"Siglo 21","description":"Siglo 21","potentialAction":[{"@type":"SearchAction","target":{"@type":"EntryPoint","urlTemplate":"https:\/\/aplv.21.edu.ar\/?s={search_term_string}"},"query-input":"required name=search_term_string"}],"inLanguage":"en-US"}]}},"idiomas":{"en":2331,"es":2330},"_links":{"self":[{"href":"https:\/\/aplv.21.edu.ar\/en\/wp-json\/wp\/v2\/products\/2331"}],"collection":[{"href":"https:\/\/aplv.21.edu.ar\/en\/wp-json\/wp\/v2\/products"}],"about":[{"href":"https:\/\/aplv.21.edu.ar\/en\/wp-json\/wp\/v2\/types\/product"}],"author":[{"embeddable":true,"href":"https:\/\/aplv.21.edu.ar\/en\/wp-json\/wp\/v2\/users\/3"}],"replies":[{"embeddable":true,"href":"https:\/\/aplv.21.edu.ar\/en\/wp-json\/wp\/v2\/comments?post=2331"}],"version-history":[{"count":5,"href":"https:\/\/aplv.21.edu.ar\/en\/wp-json\/wp\/v2\/products\/2331\/revisions"}],"predecessor-version":[{"id":5168,"href":"https:\/\/aplv.21.edu.ar\/en\/wp-json\/wp\/v2\/products\/2331\/revisions\/5168"}],"wp:attachment":[{"href":"https:\/\/aplv.21.edu.ar\/en\/wp-json\/wp\/v2\/media?parent=2331"}],"wp:term":[{"taxonomy":"category","embeddable":true,"href":"https:\/\/aplv.21.edu.ar\/en\/wp-json\/wp\/v2\/categories?post=2331"}],"curies":[{"name":"wp","href":"https:\/\/api.w.org\/{rel}","templated":true}]}}