{"id":3235,"date":"2020-12-22T14:26:55","date_gmt":"2020-12-22T14:26:55","guid":{"rendered":"https:\/\/aplv.21.edu.ar\/?post_type=product&#038;p=3235"},"modified":"2025-03-10T16:55:37","modified_gmt":"2025-03-10T16:55:37","slug":"diplomatura-en-justicia-de-paz-y-acceso-a-la-justicia","status":"publish","type":"product","link":"https:\/\/aplv.21.edu.ar\/en\/product\/diplomatura-en-justicia-de-paz-y-acceso-a-la-justicia\/","title":{"rendered":"DIPLOMATURA EN JUSTICIA DE PAZ Y ACCESO A LA JUSTICIA"},"content":{"rendered":"<p>contenido<\/p>\n","protected":false},"excerpt":{"rendered":"<p>excerpt<\/p>\n","protected":false},"author":3,"featured_media":0,"comment_status":"open","ping_status":"closed","template":"","meta":{"_acf_changed":false,"footnotes":""},"categories":[11],"class_list":["post-3235","product","type-product","status-publish","hentry","category-desarrollo-profesional-en"],"acf":{"external_id":"947","precio":"909.648 ","impartido_en":["es","en"],"hubspot_product_id":"","imagen_destacada":3261,"header_image":"https:\/\/static.capabiliaserver.com\/frontend\/clients\/cloud21\/wp_prod\/wp-content\/uploads\/2020\/12\/c7f04116-diplomatura-en-justicia-de-paz-y-acceso-a-la-justicia-1366x911.jpg","precio_en_cuotas":"","precio_de_lista":"1.516.080 ","mostrar_form":false,"promocion_vigente":"","duracion_del_curso":"8 meses","tipo_de_programa":"Programa de Aprendizaje para la Vida","nivel_del_curso":"B\u00e1sico","modalidad":"100% Virtual","dedicacion":"","titulo":"Diplomatura en Justicia de Paz y Acceso a la Justicia","contenido":"<p>La justicia de paz es la primera instancia en el acceso a la justicia y como tal, podr\u00eda consider\u00e1rsela como la de menor jerarqu\u00eda en la estructura del poder judicial de las provincias. Pero la realidad muestra que ello no es as\u00ed; muy por el contrario, su rol resulta fundamental. La figura del juez de paz fue, desde sus inicios, equiparada y reservada al buen ciudadano, al ciudadano probo. Sin embargo, se observa en la actualidad una importante tendencia en el Derecho P\u00fablico Provincial a ampliar considerablemente las competencias de los jueces de paz. De ah\u00ed la importancia de que estos funcionarios cuenten con capacitaci\u00f3n en las ciencias jur\u00eddicas.<\/p>\n<p>Esta Diplomatura busca contribuir en la profesionalizaci\u00f3n de la justicia de paz, con el objetivo de que sus operadores cuenten con mayores competencias, con mayores herramientas y sean m\u00e1s competitivos y competitivas en su esfera laboral.<\/p>\n<p>*Resoluci\u00f3n: RR UES21 N\u00b0 4035\/2020<\/p>\n","avalado_por":"https:\/\/static.capabiliaserver.com\/frontend\/clients\/cloud21\/wp_dev\/wp-content\/uploads\/2019\/05\/c05a73fa-logo_siglo_21.png","pdf_brochure":false,"cursos_que_lo_componen":[{"nombre_del_curso":"Derecho Constitucional y Organizaci\u00f3n Federal","descripcion_del_curso":"<p>M\u00f3dulo 1: Derecho Constitucional Argentino.<br \/>\nM\u00f3dulo 2: Derecho P\u00fablico Provincial y Derecho Municipal.<br \/>\nM\u00f3dulo 3: El Poder Judicial en las Provincias. Estructura y Organizaci\u00f3n.<br \/>\nM\u00f3dulo 4: La Justicia de Paz en Argentina. Roles y Principales Competencias.<\/p>\n"},{"nombre_del_curso":"Derecho de la Magistratura, Cuestiones Judiciales y Perspectiva de G\u00e9nero","descripcion_del_curso":"<p>M\u00f3dulo 1: Derecho de la Magistratura y Cuestiones Judiciales.<br \/>\nM\u00f3dulo 2: Discriminaci\u00f3n por Motivos de G\u00e9nero.<br \/>\nM\u00f3dulo 3: Violencia de G\u00e9nero.<br \/>\nM\u00f3dulo 4: Juzgar con Perspectiva de G\u00e9nero.<\/p>\n"},{"nombre_del_curso":"Nociones B\u00e1sicas de Derecho Penal y Procesal Penal","descripcion_del_curso":"<p>M\u00f3dulo 1: Derecho Penal General. Reglas B\u00e1sicas.<br \/>\nM\u00f3dulo 2: Derecho Penal Especial. Delitos Habituales.<br \/>\nM\u00f3dulo 3: Derecho Procesal Penal. Rol Auxiliar del Juez de Paz.<br \/>\nM\u00f3dulo 4: Contravenciones y Faltas.<\/p>\n"},{"nombre_del_curso":"M\u00e9todos Alternativos de Resoluci\u00f3n de Conflictos: Negociaci\u00f3n, Mediaci\u00f3n y Arbitraje","descripcion_del_curso":"<p>M\u00f3dulo 1: Teor\u00eda del Conflicto y de las Decisiones.<br \/>\nM\u00f3dulo 2: Negociaci\u00f3n.<br \/>\nM\u00f3dulo 3: Mediaci\u00f3n.<br \/>\nM\u00f3dulo 4: Arbitraje.<\/p>\n"},{"nombre_del_curso":"Nociones B\u00e1sicas de Derecho Privado","descripcion_del_curso":"<p>M\u00f3dulo 1: Personas Humanas.<br \/>\nM\u00f3dulo 2: Personas Jur\u00eddicas.<br \/>\nM\u00f3dulo 3: Actos Jur\u00eddicos. Vicios e Ineficacias de los Actos Jur\u00eddicas.<br \/>\nM\u00f3dulo 4: Perspectivas del Derecho Internacional Privado.<\/p>\n"},{"nombre_del_curso":"Introducci\u00f3n al Derecho de Familia, Infancia y Adolescencia. Aspectos Esenciales del Derecho de las Sucesiones","descripcion_del_curso":"<p>M\u00f3dulo 1: Derecho de Familia.<br \/>\nM\u00f3dulo 2: Derecho Matrimonial y Uniones Convivenciales.<br \/>\nM\u00f3dulo 3: Derecho de la Filiaci\u00f3n y el Sistema de Protecci\u00f3n Integral de las Ni\u00f1as, Ni\u00f1os y Adolescentes.<br \/>\nM\u00f3dulo 4: Derecho de las Sucesiones.<\/p>\n"},{"nombre_del_curso":"Derechos Reales y Nociones de Contratos","descripcion_del_curso":"<p>M\u00f3dulo 1: Los Derechos Reales.<br \/>\nM\u00f3dulo 2: La Posesi\u00f3n.<br \/>\nM\u00f3dulo 3: Nociones de Contratos.<br \/>\nM\u00f3dulo 4: Contratos en Particular.<\/p>\n"},{"nombre_del_curso":"Derecho Notarial y Registral","descripcion_del_curso":"<p>M\u00f3dulo 1: El Derecho Notarial y la Fe P\u00fablica.<br \/>\nM\u00f3dulo 2: Instrumentos P\u00fablicos, Privados y Particulares.<br \/>\nM\u00f3dulo 3: El Derecho Registral. Publicidad en Relaci\u00f3n a los Bienes.<br \/>\nM\u00f3dulo 4: Sistemas Registrales Argentinos. Bienes Muebles e Inmuebles.<\/p>\n"}],"preguntas_frecuentes":false,"docentes_expertos":false},"yoast_head":"<!-- This site is optimized with the Yoast SEO plugin v23.0 - https:\/\/yoast.com\/wordpress\/plugins\/seo\/ -->\n<title>DIPLOMATURA EN JUSTICIA DE PAZ Y ACCESO A LA JUSTICIA - Siglo 21<\/title>\n<meta name=\"robots\" content=\"index, follow, max-snippet:-1, max-image-preview:large, max-video-preview:-1\" \/>\n<link rel=\"canonical\" href=\"https:\/\/aplv.21.edu.ar\/en\/product\/diplomatura-en-justicia-de-paz-y-acceso-a-la-justicia\/\" \/>\n<meta property=\"og:locale\" content=\"en_US\" \/>\n<meta property=\"og:type\" content=\"article\" \/>\n<meta property=\"og:title\" content=\"DIPLOMATURA EN JUSTICIA DE PAZ Y ACCESO A LA JUSTICIA - Siglo 21\" \/>\n<meta property=\"og:description\" content=\"excerpt\" \/>\n<meta property=\"og:url\" content=\"https:\/\/aplv.21.edu.ar\/en\/product\/diplomatura-en-justicia-de-paz-y-acceso-a-la-justicia\/\" \/>\n<meta property=\"og:site_name\" content=\"Siglo 21\" \/>\n<meta property=\"article:modified_time\" content=\"2025-03-10T16:55:37+00:00\" \/>\n<meta name=\"twitter:card\" content=\"summary_large_image\" \/>\n<meta name=\"twitter:label1\" content=\"Est. reading time\" \/>\n\t<meta name=\"twitter:data1\" content=\"1 minute\" \/>\n<script type=\"application\/ld+json\" class=\"yoast-schema-graph\">{\"@context\":\"https:\/\/schema.org\",\"@graph\":[{\"@type\":\"WebPage\",\"@id\":\"https:\/\/aplv.21.edu.ar\/en\/product\/diplomatura-en-justicia-de-paz-y-acceso-a-la-justicia\/\",\"url\":\"https:\/\/aplv.21.edu.ar\/en\/product\/diplomatura-en-justicia-de-paz-y-acceso-a-la-justicia\/\",\"name\":\"DIPLOMATURA EN JUSTICIA DE PAZ Y ACCESO A LA JUSTICIA - Siglo 21\",\"isPartOf\":{\"@id\":\"https:\/\/aplv.21.edu.ar\/#website\"},\"datePublished\":\"2020-12-22T14:26:55+00:00\",\"dateModified\":\"2025-03-10T16:55:37+00:00\",\"breadcrumb\":{\"@id\":\"https:\/\/aplv.21.edu.ar\/en\/product\/diplomatura-en-justicia-de-paz-y-acceso-a-la-justicia\/#breadcrumb\"},\"inLanguage\":\"en-US\",\"potentialAction\":[{\"@type\":\"ReadAction\",\"target\":[\"https:\/\/aplv.21.edu.ar\/en\/product\/diplomatura-en-justicia-de-paz-y-acceso-a-la-justicia\/\"]}]},{\"@type\":\"BreadcrumbList\",\"@id\":\"https:\/\/aplv.21.edu.ar\/en\/product\/diplomatura-en-justicia-de-paz-y-acceso-a-la-justicia\/#breadcrumb\",\"itemListElement\":[{\"@type\":\"ListItem\",\"position\":1,\"name\":\"Home\",\"item\":\"https:\/\/aplv.21.edu.ar\/\"},{\"@type\":\"ListItem\",\"position\":2,\"name\":\"Productos\",\"item\":\"https:\/\/aplv.21.edu.ar\/product\/\"},{\"@type\":\"ListItem\",\"position\":3,\"name\":\"DIPLOMATURA EN JUSTICIA DE PAZ Y ACCESO A LA JUSTICIA\"}]},{\"@type\":\"WebSite\",\"@id\":\"https:\/\/aplv.21.edu.ar\/#website\",\"url\":\"https:\/\/aplv.21.edu.ar\/\",\"name\":\"Siglo 21\",\"description\":\"Siglo 21\",\"potentialAction\":[{\"@type\":\"SearchAction\",\"target\":{\"@type\":\"EntryPoint\",\"urlTemplate\":\"https:\/\/aplv.21.edu.ar\/?s={search_term_string}\"},\"query-input\":\"required name=search_term_string\"}],\"inLanguage\":\"en-US\"}]}<\/script>\n<!-- \/ Yoast SEO plugin. -->","yoast_head_json":{"title":"DIPLOMATURA EN JUSTICIA DE PAZ Y ACCESO A LA JUSTICIA - Siglo 21","robots":{"index":"index","follow":"follow","max-snippet":"max-snippet:-1","max-image-preview":"max-image-preview:large","max-video-preview":"max-video-preview:-1"},"canonical":"https:\/\/aplv.21.edu.ar\/en\/product\/diplomatura-en-justicia-de-paz-y-acceso-a-la-justicia\/","og_locale":"en_US","og_type":"article","og_title":"DIPLOMATURA EN JUSTICIA DE PAZ Y ACCESO A LA JUSTICIA - Siglo 21","og_description":"excerpt","og_url":"https:\/\/aplv.21.edu.ar\/en\/product\/diplomatura-en-justicia-de-paz-y-acceso-a-la-justicia\/","og_site_name":"Siglo 21","article_modified_time":"2025-03-10T16:55:37+00:00","twitter_card":"summary_large_image","twitter_misc":{"Est. reading time":"1 minute"},"schema":{"@context":"https:\/\/schema.org","@graph":[{"@type":"WebPage","@id":"https:\/\/aplv.21.edu.ar\/en\/product\/diplomatura-en-justicia-de-paz-y-acceso-a-la-justicia\/","url":"https:\/\/aplv.21.edu.ar\/en\/product\/diplomatura-en-justicia-de-paz-y-acceso-a-la-justicia\/","name":"DIPLOMATURA EN JUSTICIA DE PAZ Y ACCESO A LA JUSTICIA - Siglo 21","isPartOf":{"@id":"https:\/\/aplv.21.edu.ar\/#website"},"datePublished":"2020-12-22T14:26:55+00:00","dateModified":"2025-03-10T16:55:37+00:00","breadcrumb":{"@id":"https:\/\/aplv.21.edu.ar\/en\/product\/diplomatura-en-justicia-de-paz-y-acceso-a-la-justicia\/#breadcrumb"},"inLanguage":"en-US","potentialAction":[{"@type":"ReadAction","target":["https:\/\/aplv.21.edu.ar\/en\/product\/diplomatura-en-justicia-de-paz-y-acceso-a-la-justicia\/"]}]},{"@type":"BreadcrumbList","@id":"https:\/\/aplv.21.edu.ar\/en\/product\/diplomatura-en-justicia-de-paz-y-acceso-a-la-justicia\/#breadcrumb","itemListElement":[{"@type":"ListItem","position":1,"name":"Home","item":"https:\/\/aplv.21.edu.ar\/"},{"@type":"ListItem","position":2,"name":"Productos","item":"https:\/\/aplv.21.edu.ar\/product\/"},{"@type":"ListItem","position":3,"name":"DIPLOMATURA EN JUSTICIA DE PAZ Y ACCESO A LA JUSTICIA"}]},{"@type":"WebSite","@id":"https:\/\/aplv.21.edu.ar\/#website","url":"https:\/\/aplv.21.edu.ar\/","name":"Siglo 21","description":"Siglo 21","potentialAction":[{"@type":"SearchAction","target":{"@type":"EntryPoint","urlTemplate":"https:\/\/aplv.21.edu.ar\/?s={search_term_string}"},"query-input":"required name=search_term_string"}],"inLanguage":"en-US"}]}},"idiomas":{"en":3235,"es":3234},"_links":{"self":[{"href":"https:\/\/aplv.21.edu.ar\/en\/wp-json\/wp\/v2\/products\/3235"}],"collection":[{"href":"https:\/\/aplv.21.edu.ar\/en\/wp-json\/wp\/v2\/products"}],"about":[{"href":"https:\/\/aplv.21.edu.ar\/en\/wp-json\/wp\/v2\/types\/product"}],"author":[{"embeddable":true,"href":"https:\/\/aplv.21.edu.ar\/en\/wp-json\/wp\/v2\/users\/3"}],"replies":[{"embeddable":true,"href":"https:\/\/aplv.21.edu.ar\/en\/wp-json\/wp\/v2\/comments?post=3235"}],"version-history":[{"count":5,"href":"https:\/\/aplv.21.edu.ar\/en\/wp-json\/wp\/v2\/products\/3235\/revisions"}],"predecessor-version":[{"id":14208,"href":"https:\/\/aplv.21.edu.ar\/en\/wp-json\/wp\/v2\/products\/3235\/revisions\/14208"}],"wp:attachment":[{"href":"https:\/\/aplv.21.edu.ar\/en\/wp-json\/wp\/v2\/media?parent=3235"}],"wp:term":[{"taxonomy":"category","embeddable":true,"href":"https:\/\/aplv.21.edu.ar\/en\/wp-json\/wp\/v2\/categories?post=3235"}],"curies":[{"name":"wp","href":"https:\/\/api.w.org\/{rel}","templated":true}]}}