{"id":3458,"date":"2021-03-29T19:24:09","date_gmt":"2021-03-29T19:24:09","guid":{"rendered":"https:\/\/aplv.21.edu.ar\/?post_type=product&#038;p=3458"},"modified":"2025-03-10T14:31:50","modified_gmt":"2025-03-10T14:31:50","slug":"certificado-de-experto-en-investigacion-en-cibercrimen-y-ciberseguridad","status":"publish","type":"product","link":"https:\/\/aplv.21.edu.ar\/en\/product\/certificado-de-experto-en-investigacion-en-cibercrimen-y-ciberseguridad\/","title":{"rendered":"CERTIFICADO DE EXPERTO EN INVESTIGACI\u00d3N EN CIBERCRIMEN Y CIBERSEGURIDAD"},"content":{"rendered":"<p>contenido<\/p>\n","protected":false},"excerpt":{"rendered":"<p>excerpt<\/p>\n","protected":false},"author":3,"featured_media":0,"comment_status":"open","ping_status":"closed","template":"","meta":{"_acf_changed":false,"footnotes":""},"categories":[31],"class_list":["post-3458","product","type-product","status-publish","hentry","category-deportes-en"],"acf":{"external_id":"989","precio":"520.242 ","impartido_en":["es","en"],"hubspot_product_id":"","imagen_destacada":3510,"header_image":"https:\/\/static.capabiliaserver.com\/frontend\/clients\/cloud21\/wp_prod\/wp-content\/uploads\/2021\/01\/e4fdc2b1-certificado-de-experto-en-investigaci\u00f3n-en-cibercrimen-y-ciberseguridad-1366x912.jpg","precio_en_cuotas":"","precio_de_lista":" 867.070 ","mostrar_form":true,"promocion_vigente":"","duracion_del_curso":"4 meses","tipo_de_programa":"Programa de Aprendizaje para la Vida","nivel_del_curso":"B\u00e1sico","modalidad":"100% Virtual","dedicacion":"","titulo":"Certificado de Experto en Investigaci\u00f3n en Cibercrimen y Ciberseguridad","contenido":"<p>En la actualidad el 90% de las empresas no cuentan con personal capacitado para el cibercrimen, que avanza muy r\u00e1pido en nuestra \u00e9poca, con cada vez m\u00e1s amenazas que atentan contra los activos de las organizaciones.<\/p>\n<p>Con el Certificado podr\u00e1s responder a la creciente necesidad de profesionales que se adapten a las necesidades y hagan frente a los problemas que surjan y que permitan proteger la informaci\u00f3n.<\/p>\n","avalado_por":"https:\/\/static.capabiliaserver.com\/frontend\/clients\/cloud21\/wp_dev\/wp-content\/uploads\/2019\/05\/c05a73fa-logo_siglo_21.png","pdf_brochure":false,"cursos_que_lo_componen":[{"nombre_del_curso":"Investigaci\u00f3n Digital","descripcion_del_curso":"<p>M\u00f3dulo 1: Cibercrimen.<br \/>\nM\u00f3dulo 2: Deep Web y M\u00e9todos de Investigaci\u00f3n I.<br \/>\nM\u00f3dulo 3: Deep Web y M\u00e9todos de Investigaci\u00f3n II.<br \/>\nM\u00f3dulo 4: OSINT. <\/p>\n"},{"nombre_del_curso":"Inform\u00e1tica Forense","descripcion_del_curso":"<p>M\u00f3dulo 1: Inform\u00e1tica Forense.<br \/>\nM\u00f3dulo 2: Recolecci\u00f3n de Evidencia Digital.<br \/>\nM\u00f3dulo 3: C\u00f3mputo Forense y An\u00e1lisis de Dispositivos M\u00f3viles.<br \/>\nM\u00f3dulo 4: An\u00e1lisis en la Nube y Corporativo. <\/p>\n"},{"nombre_del_curso":"Cibercrimen-Ciberseguridad ","descripcion_del_curso":"<p>M\u00f3dulo 1: Introducci\u00f3n a los Delitos Inform\u00e1ticos y el Cibercrimen.<br \/>\nM\u00f3dulo 2: Normativa Vigente, Privacidad y Protecci\u00f3n de Datos.<br \/>\nM\u00f3dulo 3: Aspectos Legales en la Adquisici\u00f3n de la Evidencia Digital.<br \/>\nM\u00f3dulo 4: Ciberseguridad e Infraestructuras Cr\u00edticas. <\/p>\n"},{"nombre_del_curso":"An\u00e1lisis del Comportamiento Criminal Aplicado a la Investigaci\u00f3n Digital","descripcion_del_curso":"<p>M\u00f3dulo 1: Antecedentes del An\u00e1lisis del Comportamiento Criminal.<br \/>\nM\u00f3dulo 2: La Perfilaci\u00f3n Criminal y el An\u00e1lisis de Casos.<br \/>\nM\u00f3dulo 3: Perfiles Generales de los Ciberdelincuentes.<br \/>\nM\u00f3dulo 4: Aproximaci\u00f3n al M\u00e9todo de An\u00e1lisis Psico-Inform\u00e1tico.<\/p>\n"}],"preguntas_frecuentes":false,"docentes_expertos":false},"yoast_head":"<!-- This site is optimized with the Yoast SEO plugin v23.0 - https:\/\/yoast.com\/wordpress\/plugins\/seo\/ -->\n<title>CERTIFICADO DE EXPERTO EN INVESTIGACI\u00d3N EN CIBERCRIMEN Y CIBERSEGURIDAD - Siglo 21<\/title>\n<meta name=\"robots\" content=\"index, follow, max-snippet:-1, max-image-preview:large, max-video-preview:-1\" \/>\n<link rel=\"canonical\" href=\"https:\/\/aplv.21.edu.ar\/en\/product\/certificado-de-experto-en-investigacion-en-cibercrimen-y-ciberseguridad\/\" \/>\n<meta property=\"og:locale\" content=\"en_US\" \/>\n<meta property=\"og:type\" content=\"article\" \/>\n<meta property=\"og:title\" content=\"CERTIFICADO DE EXPERTO EN INVESTIGACI\u00d3N EN CIBERCRIMEN Y CIBERSEGURIDAD - Siglo 21\" \/>\n<meta property=\"og:description\" content=\"excerpt\" \/>\n<meta property=\"og:url\" content=\"https:\/\/aplv.21.edu.ar\/en\/product\/certificado-de-experto-en-investigacion-en-cibercrimen-y-ciberseguridad\/\" \/>\n<meta property=\"og:site_name\" content=\"Siglo 21\" \/>\n<meta property=\"article:modified_time\" content=\"2025-03-10T14:31:50+00:00\" \/>\n<meta name=\"twitter:card\" content=\"summary_large_image\" \/>\n<meta name=\"twitter:label1\" content=\"Est. reading time\" \/>\n\t<meta name=\"twitter:data1\" content=\"1 minute\" \/>\n<script type=\"application\/ld+json\" class=\"yoast-schema-graph\">{\"@context\":\"https:\/\/schema.org\",\"@graph\":[{\"@type\":\"WebPage\",\"@id\":\"https:\/\/aplv.21.edu.ar\/en\/product\/certificado-de-experto-en-investigacion-en-cibercrimen-y-ciberseguridad\/\",\"url\":\"https:\/\/aplv.21.edu.ar\/en\/product\/certificado-de-experto-en-investigacion-en-cibercrimen-y-ciberseguridad\/\",\"name\":\"CERTIFICADO DE EXPERTO EN INVESTIGACI\u00d3N EN CIBERCRIMEN Y CIBERSEGURIDAD - Siglo 21\",\"isPartOf\":{\"@id\":\"https:\/\/aplv.21.edu.ar\/#website\"},\"datePublished\":\"2021-03-29T19:24:09+00:00\",\"dateModified\":\"2025-03-10T14:31:50+00:00\",\"breadcrumb\":{\"@id\":\"https:\/\/aplv.21.edu.ar\/en\/product\/certificado-de-experto-en-investigacion-en-cibercrimen-y-ciberseguridad\/#breadcrumb\"},\"inLanguage\":\"en-US\",\"potentialAction\":[{\"@type\":\"ReadAction\",\"target\":[\"https:\/\/aplv.21.edu.ar\/en\/product\/certificado-de-experto-en-investigacion-en-cibercrimen-y-ciberseguridad\/\"]}]},{\"@type\":\"BreadcrumbList\",\"@id\":\"https:\/\/aplv.21.edu.ar\/en\/product\/certificado-de-experto-en-investigacion-en-cibercrimen-y-ciberseguridad\/#breadcrumb\",\"itemListElement\":[{\"@type\":\"ListItem\",\"position\":1,\"name\":\"Home\",\"item\":\"https:\/\/aplv.21.edu.ar\/\"},{\"@type\":\"ListItem\",\"position\":2,\"name\":\"Productos\",\"item\":\"https:\/\/aplv.21.edu.ar\/product\/\"},{\"@type\":\"ListItem\",\"position\":3,\"name\":\"CERTIFICADO DE EXPERTO EN INVESTIGACI\u00d3N EN CIBERCRIMEN Y CIBERSEGURIDAD\"}]},{\"@type\":\"WebSite\",\"@id\":\"https:\/\/aplv.21.edu.ar\/#website\",\"url\":\"https:\/\/aplv.21.edu.ar\/\",\"name\":\"Siglo 21\",\"description\":\"Siglo 21\",\"potentialAction\":[{\"@type\":\"SearchAction\",\"target\":{\"@type\":\"EntryPoint\",\"urlTemplate\":\"https:\/\/aplv.21.edu.ar\/?s={search_term_string}\"},\"query-input\":\"required name=search_term_string\"}],\"inLanguage\":\"en-US\"}]}<\/script>\n<!-- \/ Yoast SEO plugin. -->","yoast_head_json":{"title":"CERTIFICADO DE EXPERTO EN INVESTIGACI\u00d3N EN CIBERCRIMEN Y CIBERSEGURIDAD - Siglo 21","robots":{"index":"index","follow":"follow","max-snippet":"max-snippet:-1","max-image-preview":"max-image-preview:large","max-video-preview":"max-video-preview:-1"},"canonical":"https:\/\/aplv.21.edu.ar\/en\/product\/certificado-de-experto-en-investigacion-en-cibercrimen-y-ciberseguridad\/","og_locale":"en_US","og_type":"article","og_title":"CERTIFICADO DE EXPERTO EN INVESTIGACI\u00d3N EN CIBERCRIMEN Y CIBERSEGURIDAD - Siglo 21","og_description":"excerpt","og_url":"https:\/\/aplv.21.edu.ar\/en\/product\/certificado-de-experto-en-investigacion-en-cibercrimen-y-ciberseguridad\/","og_site_name":"Siglo 21","article_modified_time":"2025-03-10T14:31:50+00:00","twitter_card":"summary_large_image","twitter_misc":{"Est. reading time":"1 minute"},"schema":{"@context":"https:\/\/schema.org","@graph":[{"@type":"WebPage","@id":"https:\/\/aplv.21.edu.ar\/en\/product\/certificado-de-experto-en-investigacion-en-cibercrimen-y-ciberseguridad\/","url":"https:\/\/aplv.21.edu.ar\/en\/product\/certificado-de-experto-en-investigacion-en-cibercrimen-y-ciberseguridad\/","name":"CERTIFICADO DE EXPERTO EN INVESTIGACI\u00d3N EN CIBERCRIMEN Y CIBERSEGURIDAD - Siglo 21","isPartOf":{"@id":"https:\/\/aplv.21.edu.ar\/#website"},"datePublished":"2021-03-29T19:24:09+00:00","dateModified":"2025-03-10T14:31:50+00:00","breadcrumb":{"@id":"https:\/\/aplv.21.edu.ar\/en\/product\/certificado-de-experto-en-investigacion-en-cibercrimen-y-ciberseguridad\/#breadcrumb"},"inLanguage":"en-US","potentialAction":[{"@type":"ReadAction","target":["https:\/\/aplv.21.edu.ar\/en\/product\/certificado-de-experto-en-investigacion-en-cibercrimen-y-ciberseguridad\/"]}]},{"@type":"BreadcrumbList","@id":"https:\/\/aplv.21.edu.ar\/en\/product\/certificado-de-experto-en-investigacion-en-cibercrimen-y-ciberseguridad\/#breadcrumb","itemListElement":[{"@type":"ListItem","position":1,"name":"Home","item":"https:\/\/aplv.21.edu.ar\/"},{"@type":"ListItem","position":2,"name":"Productos","item":"https:\/\/aplv.21.edu.ar\/product\/"},{"@type":"ListItem","position":3,"name":"CERTIFICADO DE EXPERTO EN INVESTIGACI\u00d3N EN CIBERCRIMEN Y CIBERSEGURIDAD"}]},{"@type":"WebSite","@id":"https:\/\/aplv.21.edu.ar\/#website","url":"https:\/\/aplv.21.edu.ar\/","name":"Siglo 21","description":"Siglo 21","potentialAction":[{"@type":"SearchAction","target":{"@type":"EntryPoint","urlTemplate":"https:\/\/aplv.21.edu.ar\/?s={search_term_string}"},"query-input":"required name=search_term_string"}],"inLanguage":"en-US"}]}},"idiomas":{"en":3458,"es":3457},"_links":{"self":[{"href":"https:\/\/aplv.21.edu.ar\/en\/wp-json\/wp\/v2\/products\/3458"}],"collection":[{"href":"https:\/\/aplv.21.edu.ar\/en\/wp-json\/wp\/v2\/products"}],"about":[{"href":"https:\/\/aplv.21.edu.ar\/en\/wp-json\/wp\/v2\/types\/product"}],"author":[{"embeddable":true,"href":"https:\/\/aplv.21.edu.ar\/en\/wp-json\/wp\/v2\/users\/3"}],"replies":[{"embeddable":true,"href":"https:\/\/aplv.21.edu.ar\/en\/wp-json\/wp\/v2\/comments?post=3458"}],"version-history":[{"count":5,"href":"https:\/\/aplv.21.edu.ar\/en\/wp-json\/wp\/v2\/products\/3458\/revisions"}],"predecessor-version":[{"id":14257,"href":"https:\/\/aplv.21.edu.ar\/en\/wp-json\/wp\/v2\/products\/3458\/revisions\/14257"}],"wp:attachment":[{"href":"https:\/\/aplv.21.edu.ar\/en\/wp-json\/wp\/v2\/media?parent=3458"}],"wp:term":[{"taxonomy":"category","embeddable":true,"href":"https:\/\/aplv.21.edu.ar\/en\/wp-json\/wp\/v2\/categories?post=3458"}],"curies":[{"name":"wp","href":"https:\/\/api.w.org\/{rel}","templated":true}]}}