{"id":4044,"date":"2022-07-20T17:11:54","date_gmt":"2022-07-20T17:11:54","guid":{"rendered":"https:\/\/aplv.21.edu.ar\/?post_type=product&#038;p=4044"},"modified":"2025-03-10T16:47:20","modified_gmt":"2025-03-10T16:47:20","slug":"diplomatura-avanzada-en-marketing-digital-y-social-media-smart","status":"publish","type":"product","link":"https:\/\/aplv.21.edu.ar\/en\/product\/diplomatura-avanzada-en-marketing-digital-y-social-media-smart\/","title":{"rendered":"Diplomatura Avanzada en Marketing Digital y Social Media- Smart"},"content":{"rendered":"<p>contenido<\/p>\n","protected":false},"excerpt":{"rendered":"<p>excerpt<\/p>\n","protected":false},"author":3,"featured_media":0,"comment_status":"open","ping_status":"closed","template":"","meta":{"_acf_changed":false,"footnotes":""},"categories":[11],"class_list":["post-4044","product","type-product","status-publish","hentry","category-desarrollo-profesional-en"],"acf":{"external_id":"1622","precio":"909.648 ","impartido_en":["es","en"],"hubspot_product_id":"","imagen_destacada":4723,"header_image":"https:\/\/static.capabiliaserver.com\/frontend\/clients\/cloud21\/wp_prod\/wp-content\/uploads\/2022\/07\/37e87261-header-3-1.png","precio_en_cuotas":"","precio_de_lista":"1.516.080 ","mostrar_form":false,"promocion_vigente":"","duracion_del_curso":"8 meses","tipo_de_programa":"Diplomatura","nivel_del_curso":"Intermedio","modalidad":"En linea","dedicacion":"","titulo":"Diplomatura Avanzada en Marketing Digital y Social Media- Smart","contenido":"<p><span data-sheets-value=\"{&quot;1&quot;:2,&quot;2&quot;:&quot;En tiempos en que las tecnolog\u00edas digitales est\u00e1n transformando la vida, el trabajo y los negocios, obligando a muchas industrias a reconfigurarse completamente, la comprensi\u00f3n de las tendencias y pr\u00e1cticas digitales se vuelve una materia clave. \\n\\nEsta Diplomatura propone un programa avanzado, que actualiza las tendencias de punta a nivel global. Desarrollando un conocimiento profundo en marketing digital, social media y comunicaci\u00f3n online, haciendo foco en adquisici\u00f3n, activaci\u00f3n y retenci\u00f3n de clientes, es decir, en la obtenci\u00f3n de resultados. Te capacitar\u00e1s tanto en la elaboraci\u00f3n como con la implementaci\u00f3n de estrategias y campa\u00f1as digitales complejas para compa\u00f1\u00edas establecidas y\/o startups y competencias relacionadas con la direcci\u00f3n de equipos de marketing digital y social media.\\n\\nDe la mano de los especialistas m\u00e1s experimentados en marketing digital de Argentina, podr\u00e1s formarte para ser una\/o de esos nuevos talentos que logre trascender en el \u00e1mbito nacional e internacional.\\n&quot;}\" data-sheets-userformat=\"{&quot;2&quot;:4995,&quot;3&quot;:{&quot;1&quot;:0},&quot;4&quot;:{&quot;1&quot;:2,&quot;2&quot;:16776960},&quot;10&quot;:0,&quot;11&quot;:4,&quot;12&quot;:0,&quot;15&quot;:&quot;Arial&quot;}\">En tiempos en que las tecnolog\u00edas digitales est\u00e1n transformando la vida, el trabajo y los negocios, obligando a muchas industrias a reconfigurarse completamente, la comprensi\u00f3n de las tendencias y pr\u00e1cticas digitales se vuelve una materia clave.<\/span><\/p>\n<p>Esta Diplomatura propone un programa avanzado, que actualiza las tendencias de punta a nivel global. Desarrollando un conocimiento profundo en marketing digital, social media y comunicaci\u00f3n online, haciendo foco en adquisici\u00f3n, activaci\u00f3n y retenci\u00f3n de clientes, es decir, en la obtenci\u00f3n de resultados. Te capacitar\u00e1s tanto en la elaboraci\u00f3n como con la implementaci\u00f3n de estrategias y campa\u00f1as digitales complejas para compa\u00f1\u00edas establecidas y\/o startups y competencias relacionadas con la direcci\u00f3n de equipos de marketing digital y social media.<\/p>\n<p>De la mano de los especialistas m\u00e1s experimentados en marketing digital de Argentina, podr\u00e1s formarte para ser una\/o de esos nuevos talentos que logre trascender en el \u00e1mbito nacional e internacional.<\/p>\n","avalado_por":false,"pdf_brochure":false,"cursos_que_lo_componen":[{"nombre_del_curso":"Tendencias en Tecnolog\u00eda y Negocios en Internet","descripcion_del_curso":"<p>- Tendencias de comunicaci\u00f3n, qu\u00e9 est\u00e1 pasando en el mundo digital, nuevos players, ejemplos y casos<br \/>\n- Storytelling y Creatividad<br \/>\n- Trasmedia y nuevas tecnolog\u00edas<br \/>\n- Snack content<\/p>\n"},{"nombre_del_curso":"Contenidos Digitales","descripcion_del_curso":"<p>- Planificaci\u00f3n de contenidos para el algoritmo de FB e IG<br \/>\n- Generaci\u00f3n de contenido para inbound marketing<br \/>\n- Email marketing<br \/>\n- Generaci\u00f3n y distribucion de contenido<\/p>\n"},{"nombre_del_curso":"Analytics Y Data Science","descripcion_del_curso":"<p>- Web analytics Avanzado<br \/>\n- Social analytics<br \/>\n- Big data y data science. Introducci\u00f3n<br \/>\n- Dashboarding y reporting. Integraci\u00f3n de m\u00e9tricas<\/p>\n"},{"nombre_del_curso":"Customer Aquisition","descripcion_del_curso":"<p>- Modelos de negocios<br \/>\n- SEM avanzado<br \/>\n- Compra program\u00e1tica<br \/>\n- Publicidad avanzada en redes sociales<\/p>\n"},{"nombre_del_curso":"Medios Org\u00e1nicos ","descripcion_del_curso":"<p>- Plataformas y formatos de video<br \/>\n- Marketing de Contenidos<br \/>\n- Influencer marketing<br \/>\n- Posicionamiento org\u00e1nico <\/p>\n"},{"nombre_del_curso":"Activaci\u00f3n y Retenci\u00f3n ","descripcion_del_curso":"<p>- Conversion fundamentals<br \/>\n- Conversion Rate Optimization<br \/>\n- Marketing Automation<br \/>\n- Ecommerce avanzado<\/p>\n"},{"nombre_del_curso":"Consumer Experience","descripcion_del_curso":"<p>- Introducci\u00f3n a CX<br \/>\n- Customer Journey Mapping<br \/>\n- Touchpointsdel mundo digital en la nueva Era y cambio de paradigma del Siglo XXI<br \/>\n- Herramientas para atraer y fidelizar clientes y usuarios<\/p>\n"},{"nombre_del_curso":"Planning y Estrategia","descripcion_del_curso":"<p>- Detecci\u00f3n  de Insights<br \/>\n- Frameworks y tools<br \/>\n- Armado de plan estrat\u00e9gico<br \/>\n- Dise\u00f1o de Futuros<\/p>\n"}],"preguntas_frecuentes":false,"docentes_expertos":false},"yoast_head":"<!-- This site is optimized with the Yoast SEO plugin v23.0 - https:\/\/yoast.com\/wordpress\/plugins\/seo\/ -->\n<title>Diplomatura Avanzada en Marketing Digital y Social Media- Smart - Siglo 21<\/title>\n<meta name=\"robots\" content=\"index, follow, max-snippet:-1, max-image-preview:large, max-video-preview:-1\" \/>\n<link rel=\"canonical\" href=\"https:\/\/aplv.21.edu.ar\/en\/product\/diplomatura-avanzada-en-marketing-digital-y-social-media-smart\/\" \/>\n<meta property=\"og:locale\" content=\"en_US\" \/>\n<meta property=\"og:type\" content=\"article\" \/>\n<meta property=\"og:title\" content=\"Diplomatura Avanzada en Marketing Digital y Social Media- Smart - Siglo 21\" \/>\n<meta property=\"og:description\" content=\"excerpt\" \/>\n<meta property=\"og:url\" content=\"https:\/\/aplv.21.edu.ar\/en\/product\/diplomatura-avanzada-en-marketing-digital-y-social-media-smart\/\" \/>\n<meta property=\"og:site_name\" content=\"Siglo 21\" \/>\n<meta property=\"article:modified_time\" content=\"2025-03-10T16:47:20+00:00\" \/>\n<meta name=\"twitter:card\" content=\"summary_large_image\" \/>\n<meta name=\"twitter:label1\" content=\"Est. reading time\" \/>\n\t<meta name=\"twitter:data1\" content=\"1 minute\" \/>\n<script type=\"application\/ld+json\" class=\"yoast-schema-graph\">{\"@context\":\"https:\/\/schema.org\",\"@graph\":[{\"@type\":\"WebPage\",\"@id\":\"https:\/\/aplv.21.edu.ar\/en\/product\/diplomatura-avanzada-en-marketing-digital-y-social-media-smart\/\",\"url\":\"https:\/\/aplv.21.edu.ar\/en\/product\/diplomatura-avanzada-en-marketing-digital-y-social-media-smart\/\",\"name\":\"Diplomatura Avanzada en Marketing Digital y Social Media- Smart - Siglo 21\",\"isPartOf\":{\"@id\":\"https:\/\/aplv.21.edu.ar\/#website\"},\"datePublished\":\"2022-07-20T17:11:54+00:00\",\"dateModified\":\"2025-03-10T16:47:20+00:00\",\"breadcrumb\":{\"@id\":\"https:\/\/aplv.21.edu.ar\/en\/product\/diplomatura-avanzada-en-marketing-digital-y-social-media-smart\/#breadcrumb\"},\"inLanguage\":\"en-US\",\"potentialAction\":[{\"@type\":\"ReadAction\",\"target\":[\"https:\/\/aplv.21.edu.ar\/en\/product\/diplomatura-avanzada-en-marketing-digital-y-social-media-smart\/\"]}]},{\"@type\":\"BreadcrumbList\",\"@id\":\"https:\/\/aplv.21.edu.ar\/en\/product\/diplomatura-avanzada-en-marketing-digital-y-social-media-smart\/#breadcrumb\",\"itemListElement\":[{\"@type\":\"ListItem\",\"position\":1,\"name\":\"Home\",\"item\":\"https:\/\/aplv.21.edu.ar\/\"},{\"@type\":\"ListItem\",\"position\":2,\"name\":\"Productos\",\"item\":\"https:\/\/aplv.21.edu.ar\/product\/\"},{\"@type\":\"ListItem\",\"position\":3,\"name\":\"Diplomatura Avanzada en Marketing Digital y Social Media- Smart\"}]},{\"@type\":\"WebSite\",\"@id\":\"https:\/\/aplv.21.edu.ar\/#website\",\"url\":\"https:\/\/aplv.21.edu.ar\/\",\"name\":\"Siglo 21\",\"description\":\"Siglo 21\",\"potentialAction\":[{\"@type\":\"SearchAction\",\"target\":{\"@type\":\"EntryPoint\",\"urlTemplate\":\"https:\/\/aplv.21.edu.ar\/?s={search_term_string}\"},\"query-input\":\"required name=search_term_string\"}],\"inLanguage\":\"en-US\"}]}<\/script>\n<!-- \/ Yoast SEO plugin. -->","yoast_head_json":{"title":"Diplomatura Avanzada en Marketing Digital y Social Media- Smart - Siglo 21","robots":{"index":"index","follow":"follow","max-snippet":"max-snippet:-1","max-image-preview":"max-image-preview:large","max-video-preview":"max-video-preview:-1"},"canonical":"https:\/\/aplv.21.edu.ar\/en\/product\/diplomatura-avanzada-en-marketing-digital-y-social-media-smart\/","og_locale":"en_US","og_type":"article","og_title":"Diplomatura Avanzada en Marketing Digital y Social Media- Smart - Siglo 21","og_description":"excerpt","og_url":"https:\/\/aplv.21.edu.ar\/en\/product\/diplomatura-avanzada-en-marketing-digital-y-social-media-smart\/","og_site_name":"Siglo 21","article_modified_time":"2025-03-10T16:47:20+00:00","twitter_card":"summary_large_image","twitter_misc":{"Est. reading time":"1 minute"},"schema":{"@context":"https:\/\/schema.org","@graph":[{"@type":"WebPage","@id":"https:\/\/aplv.21.edu.ar\/en\/product\/diplomatura-avanzada-en-marketing-digital-y-social-media-smart\/","url":"https:\/\/aplv.21.edu.ar\/en\/product\/diplomatura-avanzada-en-marketing-digital-y-social-media-smart\/","name":"Diplomatura Avanzada en Marketing Digital y Social Media- Smart - Siglo 21","isPartOf":{"@id":"https:\/\/aplv.21.edu.ar\/#website"},"datePublished":"2022-07-20T17:11:54+00:00","dateModified":"2025-03-10T16:47:20+00:00","breadcrumb":{"@id":"https:\/\/aplv.21.edu.ar\/en\/product\/diplomatura-avanzada-en-marketing-digital-y-social-media-smart\/#breadcrumb"},"inLanguage":"en-US","potentialAction":[{"@type":"ReadAction","target":["https:\/\/aplv.21.edu.ar\/en\/product\/diplomatura-avanzada-en-marketing-digital-y-social-media-smart\/"]}]},{"@type":"BreadcrumbList","@id":"https:\/\/aplv.21.edu.ar\/en\/product\/diplomatura-avanzada-en-marketing-digital-y-social-media-smart\/#breadcrumb","itemListElement":[{"@type":"ListItem","position":1,"name":"Home","item":"https:\/\/aplv.21.edu.ar\/"},{"@type":"ListItem","position":2,"name":"Productos","item":"https:\/\/aplv.21.edu.ar\/product\/"},{"@type":"ListItem","position":3,"name":"Diplomatura Avanzada en Marketing Digital y Social Media- Smart"}]},{"@type":"WebSite","@id":"https:\/\/aplv.21.edu.ar\/#website","url":"https:\/\/aplv.21.edu.ar\/","name":"Siglo 21","description":"Siglo 21","potentialAction":[{"@type":"SearchAction","target":{"@type":"EntryPoint","urlTemplate":"https:\/\/aplv.21.edu.ar\/?s={search_term_string}"},"query-input":"required name=search_term_string"}],"inLanguage":"en-US"}]}},"idiomas":{"en":4044,"es":4043},"_links":{"self":[{"href":"https:\/\/aplv.21.edu.ar\/en\/wp-json\/wp\/v2\/products\/4044"}],"collection":[{"href":"https:\/\/aplv.21.edu.ar\/en\/wp-json\/wp\/v2\/products"}],"about":[{"href":"https:\/\/aplv.21.edu.ar\/en\/wp-json\/wp\/v2\/types\/product"}],"author":[{"embeddable":true,"href":"https:\/\/aplv.21.edu.ar\/en\/wp-json\/wp\/v2\/users\/3"}],"replies":[{"embeddable":true,"href":"https:\/\/aplv.21.edu.ar\/en\/wp-json\/wp\/v2\/comments?post=4044"}],"version-history":[{"count":5,"href":"https:\/\/aplv.21.edu.ar\/en\/wp-json\/wp\/v2\/products\/4044\/revisions"}],"predecessor-version":[{"id":14191,"href":"https:\/\/aplv.21.edu.ar\/en\/wp-json\/wp\/v2\/products\/4044\/revisions\/14191"}],"wp:attachment":[{"href":"https:\/\/aplv.21.edu.ar\/en\/wp-json\/wp\/v2\/media?parent=4044"}],"wp:term":[{"taxonomy":"category","embeddable":true,"href":"https:\/\/aplv.21.edu.ar\/en\/wp-json\/wp\/v2\/categories?post=4044"}],"curies":[{"name":"wp","href":"https:\/\/api.w.org\/{rel}","templated":true}]}}