{"id":4418,"date":"2022-07-20T17:09:13","date_gmt":"2022-07-20T17:09:13","guid":{"rendered":"https:\/\/aplv.21.edu.ar\/?post_type=product&#038;p=4418"},"modified":"2025-03-10T14:36:56","modified_gmt":"2025-03-10T14:36:56","slug":"certificado-en-derecho-laboral-y-gestion-de-la-propiedad-horizontal-conjuntos-inmobiliarios-y-afines","status":"publish","type":"product","link":"https:\/\/aplv.21.edu.ar\/en\/product\/certificado-en-derecho-laboral-y-gestion-de-la-propiedad-horizontal-conjuntos-inmobiliarios-y-afines\/","title":{"rendered":"Certificado en Derecho Laboral y Gesti\u00f3n de la Propiedad Horizontal, Conjuntos Inmobiliarios y afines"},"content":{"rendered":"<p>contenido<\/p>\n","protected":false},"excerpt":{"rendered":"<p>excerpt<\/p>\n","protected":false},"author":3,"featured_media":0,"comment_status":"open","ping_status":"closed","template":"","meta":{"_acf_changed":false,"footnotes":""},"categories":[11],"class_list":["post-4418","product","type-product","status-publish","hentry","category-desarrollo-profesional-en"],"acf":{"external_id":"1740","precio":"520.242 ","impartido_en":["es","en"],"hubspot_product_id":"1465131019","imagen_destacada":4683,"header_image":"https:\/\/static.capabiliaserver.com\/frontend\/clients\/cloud21\/wp_prod\/wp-content\/uploads\/2022\/07\/df70ea82-header-3-3.png","precio_en_cuotas":"","precio_de_lista":"867.070 ","mostrar_form":false,"promocion_vigente":"","duracion_del_curso":"4 meses","tipo_de_programa":"Certificado","nivel_del_curso":"B\u00e1sico","modalidad":"Online","dedicacion":"6\/8 horas semanales ","titulo":"Certificado En Derecho Laboral y Gesti\u00f3n De La Propiedad Horizontal, Conjuntos Inmobiliarios y Afines","contenido":"<p><span data-sheets-value=\"{&quot;1&quot;:2,&quot;2&quot;:&quot;El contexto actual de tantos cambios en el mundo del trabajo presenta grandes desaf\u00edos para todos los que deban gestionar \u00e1mbitos en el que se desenvuelven las personas prestando sus servicios ya sea de manera dependiente o a trav\u00e9s de otras figuras laborales. \\r\\nEl mundo de la propiedad horizontal, consorcios, countries y otras formas de conjuntos inmobiliarios afines no se encuentran exentos de esta realidad, la cual se ha visto adem\u00e1s sacudida con los recientes cambios que gener\u00f3 la pandemia en todo el mundo. \\r\\n\\r\\nEste certificado se constituye como una propuesta de capacitaci\u00f3n que presenta una oportunidad interesante de actualizaci\u00f3n de conocimientos, una oportunidad de tomar esta realidad e integrarla con los principios generales y de base del Derecho Laboral. \\r&quot;}\" data-sheets-userformat=\"{&quot;2&quot;:4993,&quot;3&quot;:{&quot;1&quot;:0},&quot;10&quot;:0,&quot;11&quot;:4,&quot;12&quot;:0,&quot;15&quot;:&quot;Arial&quot;}\">El contexto actual de tantos cambios en el mundo del trabajo presenta grandes desaf\u00edos para todos los que deban gestionar \u00e1mbitos en el que se desenvuelven las personas prestando sus servicios ya sea de manera dependiente o a trav\u00e9s de otras figuras laborales.<br \/>\nEl mundo de la propiedad horizontal, consorcios, countries y otras formas de conjuntos inmobiliarios afines no se encuentran exentos de esta realidad, la cual se ha visto adem\u00e1s sacudida con los recientes cambios que gener\u00f3 la pandemia en todo el mundo.<br \/>\nEste certificado se constituye como una propuesta de capacitaci\u00f3n que presenta una oportunidad interesante de actualizaci\u00f3n de conocimientos, una oportunidad de tomar esta realidad e integrarla con los principios generales y de base del Derecho Laboral. <\/span><\/p>\n","avalado_por":false,"pdf_brochure":false,"cursos_que_lo_componen":[{"nombre_del_curso":"Principios Generales de Derecho Laboral","descripcion_del_curso":"<p>M\u00f3dulo 1: Principios, Legislaci\u00f3n General, Relaci\u00f3n de dependencia. Derechos y obligaciones. Contrato de trabajo por tiempo indeterminado. Modalidades de contrataci\u00f3n.<br \/>\nM\u00f3dulo 2: Altas y Bajas de Personal. Empleo registrado y no registrado. Sub-contrataci\u00f3n y solidaridad. Locaci\u00f3n de Servicios. Responsabilidad principal y solidaria.<br \/>\nM\u00f3dulo 3: Salario. Licencias y Vacaciones. Preaviso y antig\u00fcedad, suspensi\u00f3n y disoluci\u00f3n del v\u00ednculo laboral.<br \/>\nM\u00f3dulo 4: Introducci\u00f3n a los estatutos Ley 12.981. Estatuto del Personal de Casas de Renta y de Fincas sometidas al Reglamento de Propiedad Horizontal y convenios colectivos de aplicaci\u00f3n en la tem\u00e1tica, reg\u00edmenes, diferencias respecto de la ley de contrato de trabajo.<\/p>\n"},{"nombre_del_curso":"Particularidades de las relaciones laborales en la Propiedad Horizontal y Conjuntos Inmobiliarios","descripcion_del_curso":"<p>M\u00f3dulo 1: Encargados de casa de renta- Propiedad horizontal. Propiedad horizontal especial: R\u00e9gimen Laboral de Countries y Barrios Cerrados. Convenios de las actividades.<br \/>\nM\u00f3dulo 2: Aclaraciones y miradas respecto a las tercerizaciones de Empresas de Limpieza, Empresas de Seguridad y afines, pro contras y responsabilidades.<br \/>\nM\u00f3dulo 3: Particularidades en los requisitos formales y liquidaciones del estatuto y convenio colectivo.<br \/>\nM\u00f3dulo 4: Requisitos documentales.<\/p>\n"},{"nombre_del_curso":"Accidentes y riesgo en el trabajo, higiene y seguridad laboral","descripcion_del_curso":"<p>M\u00f3dulo 1: Ley de Riesgos del Trabajo. Sistema. Principios generales. Enfermedades profesionales. Cambios recientes.  Ley de Seguridad e Higiene.<br \/>\nM\u00f3dulo 2: \u00daltimas resoluciones y actualizaci\u00f3n sobre el \u00e1mbito de la propiedad horizontal, conjuntos inmobiliarios, encargados, empresas de limpieza, empresas de seguridad, aspectos diferenciales y elementos a tener presente en las vinculaciones y responsabilidades. - Seguros Integrales de Consorcios.<br \/>\nM\u00f3dulo 3: Evaluaci\u00f3n de los riesgos especiales conforme las actividades cumplidas.<br \/>\nM\u00f3dulo 4: Protocolos de prevenci\u00f3n.          <\/p>\n"},{"nombre_del_curso":"Nuevas realidades y contextos en las relaciones jur\u00eddico laborales en contextos de salud","descripcion_del_curso":"<p>M\u00f3dulo 1: Consecuencias del COVID-19. Legislaci\u00f3n de emergencia, los cambios introducidos. Protocolos COVID 19 aplicables en el lugar de trabajo. Su impacto en el r\u00e9gimen laboral.<br \/>\nM\u00f3dulo 2: Crisis. DNU que proh\u00edben suspensiones y despidos.<br \/>\nM\u00f3dulo 3: Nueva normativa vigente a partir del 2022.<br \/>\nM\u00f3dulo 4: Unidad 1: Casos. Resoluciones. Jurisprudencia. <\/p>\n"}],"preguntas_frecuentes":false,"docentes_expertos":false},"yoast_head":"<!-- This site is optimized with the Yoast SEO plugin v23.0 - https:\/\/yoast.com\/wordpress\/plugins\/seo\/ -->\n<title>Certificado en Derecho Laboral y Gesti\u00f3n de la Propiedad Horizontal, Conjuntos Inmobiliarios y afines - Siglo 21<\/title>\n<meta name=\"robots\" content=\"index, follow, max-snippet:-1, max-image-preview:large, max-video-preview:-1\" \/>\n<link rel=\"canonical\" href=\"https:\/\/aplv.21.edu.ar\/en\/product\/certificado-en-derecho-laboral-y-gestion-de-la-propiedad-horizontal-conjuntos-inmobiliarios-y-afines\/\" \/>\n<meta property=\"og:locale\" content=\"en_US\" \/>\n<meta property=\"og:type\" content=\"article\" \/>\n<meta property=\"og:title\" content=\"Certificado en Derecho Laboral y Gesti\u00f3n de la Propiedad Horizontal, Conjuntos Inmobiliarios y afines - Siglo 21\" \/>\n<meta property=\"og:description\" content=\"excerpt\" \/>\n<meta property=\"og:url\" content=\"https:\/\/aplv.21.edu.ar\/en\/product\/certificado-en-derecho-laboral-y-gestion-de-la-propiedad-horizontal-conjuntos-inmobiliarios-y-afines\/\" \/>\n<meta property=\"og:site_name\" content=\"Siglo 21\" \/>\n<meta property=\"article:modified_time\" content=\"2025-03-10T14:36:56+00:00\" \/>\n<meta name=\"twitter:card\" content=\"summary_large_image\" \/>\n<meta name=\"twitter:label1\" content=\"Est. reading time\" \/>\n\t<meta name=\"twitter:data1\" content=\"1 minute\" \/>\n<script type=\"application\/ld+json\" class=\"yoast-schema-graph\">{\"@context\":\"https:\/\/schema.org\",\"@graph\":[{\"@type\":\"WebPage\",\"@id\":\"https:\/\/aplv.21.edu.ar\/en\/product\/certificado-en-derecho-laboral-y-gestion-de-la-propiedad-horizontal-conjuntos-inmobiliarios-y-afines\/\",\"url\":\"https:\/\/aplv.21.edu.ar\/en\/product\/certificado-en-derecho-laboral-y-gestion-de-la-propiedad-horizontal-conjuntos-inmobiliarios-y-afines\/\",\"name\":\"Certificado en Derecho Laboral y Gesti\u00f3n de la Propiedad Horizontal, Conjuntos Inmobiliarios y afines - Siglo 21\",\"isPartOf\":{\"@id\":\"https:\/\/aplv.21.edu.ar\/#website\"},\"datePublished\":\"2022-07-20T17:09:13+00:00\",\"dateModified\":\"2025-03-10T14:36:56+00:00\",\"breadcrumb\":{\"@id\":\"https:\/\/aplv.21.edu.ar\/en\/product\/certificado-en-derecho-laboral-y-gestion-de-la-propiedad-horizontal-conjuntos-inmobiliarios-y-afines\/#breadcrumb\"},\"inLanguage\":\"en-US\",\"potentialAction\":[{\"@type\":\"ReadAction\",\"target\":[\"https:\/\/aplv.21.edu.ar\/en\/product\/certificado-en-derecho-laboral-y-gestion-de-la-propiedad-horizontal-conjuntos-inmobiliarios-y-afines\/\"]}]},{\"@type\":\"BreadcrumbList\",\"@id\":\"https:\/\/aplv.21.edu.ar\/en\/product\/certificado-en-derecho-laboral-y-gestion-de-la-propiedad-horizontal-conjuntos-inmobiliarios-y-afines\/#breadcrumb\",\"itemListElement\":[{\"@type\":\"ListItem\",\"position\":1,\"name\":\"Home\",\"item\":\"https:\/\/aplv.21.edu.ar\/\"},{\"@type\":\"ListItem\",\"position\":2,\"name\":\"Productos\",\"item\":\"https:\/\/aplv.21.edu.ar\/product\/\"},{\"@type\":\"ListItem\",\"position\":3,\"name\":\"Certificado en Derecho Laboral y Gesti\u00f3n de la Propiedad Horizontal, Conjuntos Inmobiliarios y afines\"}]},{\"@type\":\"WebSite\",\"@id\":\"https:\/\/aplv.21.edu.ar\/#website\",\"url\":\"https:\/\/aplv.21.edu.ar\/\",\"name\":\"Siglo 21\",\"description\":\"Siglo 21\",\"potentialAction\":[{\"@type\":\"SearchAction\",\"target\":{\"@type\":\"EntryPoint\",\"urlTemplate\":\"https:\/\/aplv.21.edu.ar\/?s={search_term_string}\"},\"query-input\":\"required name=search_term_string\"}],\"inLanguage\":\"en-US\"}]}<\/script>\n<!-- \/ Yoast SEO plugin. -->","yoast_head_json":{"title":"Certificado en Derecho Laboral y Gesti\u00f3n de la Propiedad Horizontal, Conjuntos Inmobiliarios y afines - Siglo 21","robots":{"index":"index","follow":"follow","max-snippet":"max-snippet:-1","max-image-preview":"max-image-preview:large","max-video-preview":"max-video-preview:-1"},"canonical":"https:\/\/aplv.21.edu.ar\/en\/product\/certificado-en-derecho-laboral-y-gestion-de-la-propiedad-horizontal-conjuntos-inmobiliarios-y-afines\/","og_locale":"en_US","og_type":"article","og_title":"Certificado en Derecho Laboral y Gesti\u00f3n de la Propiedad Horizontal, Conjuntos Inmobiliarios y afines - Siglo 21","og_description":"excerpt","og_url":"https:\/\/aplv.21.edu.ar\/en\/product\/certificado-en-derecho-laboral-y-gestion-de-la-propiedad-horizontal-conjuntos-inmobiliarios-y-afines\/","og_site_name":"Siglo 21","article_modified_time":"2025-03-10T14:36:56+00:00","twitter_card":"summary_large_image","twitter_misc":{"Est. reading time":"1 minute"},"schema":{"@context":"https:\/\/schema.org","@graph":[{"@type":"WebPage","@id":"https:\/\/aplv.21.edu.ar\/en\/product\/certificado-en-derecho-laboral-y-gestion-de-la-propiedad-horizontal-conjuntos-inmobiliarios-y-afines\/","url":"https:\/\/aplv.21.edu.ar\/en\/product\/certificado-en-derecho-laboral-y-gestion-de-la-propiedad-horizontal-conjuntos-inmobiliarios-y-afines\/","name":"Certificado en Derecho Laboral y Gesti\u00f3n de la Propiedad Horizontal, Conjuntos Inmobiliarios y afines - Siglo 21","isPartOf":{"@id":"https:\/\/aplv.21.edu.ar\/#website"},"datePublished":"2022-07-20T17:09:13+00:00","dateModified":"2025-03-10T14:36:56+00:00","breadcrumb":{"@id":"https:\/\/aplv.21.edu.ar\/en\/product\/certificado-en-derecho-laboral-y-gestion-de-la-propiedad-horizontal-conjuntos-inmobiliarios-y-afines\/#breadcrumb"},"inLanguage":"en-US","potentialAction":[{"@type":"ReadAction","target":["https:\/\/aplv.21.edu.ar\/en\/product\/certificado-en-derecho-laboral-y-gestion-de-la-propiedad-horizontal-conjuntos-inmobiliarios-y-afines\/"]}]},{"@type":"BreadcrumbList","@id":"https:\/\/aplv.21.edu.ar\/en\/product\/certificado-en-derecho-laboral-y-gestion-de-la-propiedad-horizontal-conjuntos-inmobiliarios-y-afines\/#breadcrumb","itemListElement":[{"@type":"ListItem","position":1,"name":"Home","item":"https:\/\/aplv.21.edu.ar\/"},{"@type":"ListItem","position":2,"name":"Productos","item":"https:\/\/aplv.21.edu.ar\/product\/"},{"@type":"ListItem","position":3,"name":"Certificado en Derecho Laboral y Gesti\u00f3n de la Propiedad Horizontal, Conjuntos Inmobiliarios y afines"}]},{"@type":"WebSite","@id":"https:\/\/aplv.21.edu.ar\/#website","url":"https:\/\/aplv.21.edu.ar\/","name":"Siglo 21","description":"Siglo 21","potentialAction":[{"@type":"SearchAction","target":{"@type":"EntryPoint","urlTemplate":"https:\/\/aplv.21.edu.ar\/?s={search_term_string}"},"query-input":"required name=search_term_string"}],"inLanguage":"en-US"}]}},"idiomas":{"en":4418,"es":4417},"_links":{"self":[{"href":"https:\/\/aplv.21.edu.ar\/en\/wp-json\/wp\/v2\/products\/4418"}],"collection":[{"href":"https:\/\/aplv.21.edu.ar\/en\/wp-json\/wp\/v2\/products"}],"about":[{"href":"https:\/\/aplv.21.edu.ar\/en\/wp-json\/wp\/v2\/types\/product"}],"author":[{"embeddable":true,"href":"https:\/\/aplv.21.edu.ar\/en\/wp-json\/wp\/v2\/users\/3"}],"replies":[{"embeddable":true,"href":"https:\/\/aplv.21.edu.ar\/en\/wp-json\/wp\/v2\/comments?post=4418"}],"version-history":[{"count":5,"href":"https:\/\/aplv.21.edu.ar\/en\/wp-json\/wp\/v2\/products\/4418\/revisions"}],"predecessor-version":[{"id":14263,"href":"https:\/\/aplv.21.edu.ar\/en\/wp-json\/wp\/v2\/products\/4418\/revisions\/14263"}],"wp:attachment":[{"href":"https:\/\/aplv.21.edu.ar\/en\/wp-json\/wp\/v2\/media?parent=4418"}],"wp:term":[{"taxonomy":"category","embeddable":true,"href":"https:\/\/aplv.21.edu.ar\/en\/wp-json\/wp\/v2\/categories?post=4418"}],"curies":[{"name":"wp","href":"https:\/\/api.w.org\/{rel}","templated":true}]}}