{"id":4420,"date":"2022-07-20T17:06:33","date_gmt":"2022-07-20T17:06:33","guid":{"rendered":"https:\/\/aplv.21.edu.ar\/?post_type=product&#038;p=4420"},"modified":"2025-03-10T16:49:15","modified_gmt":"2025-03-10T16:49:15","slug":"diplomatura-en-derecho-privado-patrimonial","status":"publish","type":"product","link":"https:\/\/aplv.21.edu.ar\/en\/product\/diplomatura-en-derecho-privado-patrimonial\/","title":{"rendered":"Diplomatura en Derecho Privado Patrimonial"},"content":{"rendered":"<p>contenido<\/p>\n\n\n<p><\/p>\n","protected":false},"excerpt":{"rendered":"<p>excerpt<\/p>\n","protected":false},"author":3,"featured_media":0,"comment_status":"open","ping_status":"closed","template":"","meta":{"_acf_changed":false,"footnotes":""},"categories":[11],"class_list":["post-4420","product","type-product","status-publish","hentry","category-desarrollo-profesional-en"],"acf":{"external_id":"1741","precio":"909.648 ","impartido_en":["es","en"],"hubspot_product_id":"1465131019","imagen_destacada":4673,"header_image":"https:\/\/static.capabiliaserver.com\/frontend\/clients\/cloud21\/wp_prod\/wp-content\/uploads\/2022\/07\/a4618bc4-header-3-1.png","precio_en_cuotas":"","precio_de_lista":"1.516.080 ","mostrar_form":false,"promocion_vigente":"","duracion_del_curso":"8 meses","tipo_de_programa":"Diplomatura","nivel_del_curso":"B\u00e1sico","modalidad":"Online","dedicacion":"6\/8 horas semanales ","titulo":"Diplomatura En Derecho Privado Patrimonial","contenido":"<p><span data-sheets-value=\"{&quot;1&quot;:2,&quot;2&quot;:&quot;Lograr la formaci\u00f3n de profesionales de \u00e1reas afines que pretendan especializarse en una tem\u00e1tica novedosa y actual sujeta a constantes cambios a partir de la interacci\u00f3n con el derecho internacional. Los estudiantes avanzados que consideren su futuro profesional en alguna de las \u00e1reas de estudio o busquen profundizarlas, encontrar\u00e1n en esta Diplomatura las herramientas necesarias para enfrentar los desaf\u00edos profesionales y estar a la vanguardia de los pronunciamientos judiciales y los debates doctrinales. Se pretende que el alumno logre comprender el funcionamiento y aplicabilidad del derecho privado patrimonial en distintas \u00e1reas. Que pueda analizar la jurisprudencia actualizada sobre la tem\u00e1tica y aplicar los contenidos en el ejercicio profesional. \\r\\n\\r\\nEsta diplomatura tiene como prop\u00f3sito comprender las cualidades distintivas del Derecho Privado Patrimonial y su vinculaci\u00f3n con otras disciplinas en el \u00e1mbito local y nacional. Identificar las condiciones de funcionamiento del derecho patrimonial desde una perspectiva del derecho internacional. \\r\\nAplicar las pautas de ejercicio del derecho patrimonial en el \u00e1mbito local y nacional. \\r&quot;}\" data-sheets-userformat=\"{&quot;2&quot;:4993,&quot;3&quot;:{&quot;1&quot;:0},&quot;10&quot;:0,&quot;11&quot;:4,&quot;12&quot;:0,&quot;15&quot;:&quot;Arial&quot;}\">Lograr la formaci\u00f3n de profesionales de \u00e1reas afines que pretendan especializarse en una tem\u00e1tica novedosa y actual sujeta a constantes cambios a partir de la interacci\u00f3n con el derecho internacional. Los estudiantes avanzados que consideren su futuro profesional en alguna de las \u00e1reas de estudio o busquen profundizarlas, encontrar\u00e1n en esta Diplomatura las herramientas necesarias para enfrentar los desaf\u00edos profesionales y estar a la vanguardia de los pronunciamientos judiciales y los debates doctrinales. Se pretende que el alumno logre comprender el funcionamiento y aplicabilidad del derecho privado patrimonial en distintas \u00e1reas. Que pueda analizar la jurisprudencia actualizada sobre la tem\u00e1tica y aplicar los contenidos en el ejercicio profesional.<br \/>\nEsta diplomatura tiene como prop\u00f3sito comprender las cualidades distintivas del Derecho Privado Patrimonial y su vinculaci\u00f3n con otras disciplinas en el \u00e1mbito local y nacional. Identificar las condiciones de funcionamiento del derecho patrimonial desde una perspectiva del derecho internacional.<br \/>\nAplicar las pautas de ejercicio del derecho patrimonial en el \u00e1mbito local y nacional. <\/span><\/p>\n","avalado_por":false,"pdf_brochure":false,"cursos_que_lo_componen":[{"nombre_del_curso":"Teoria general del derecho civil  ","descripcion_del_curso":"<p>M\u00f3dulo 1: nociones introductorias. la relaci\u00f3n jur\u00eddica: persona humana M\u00f3dulo 2: la relaci\u00f3n jur\u00eddica: persona jur\u00eddica. Objeto<br \/>\nM\u00f3dulo 3: la relaci\u00f3n jur\u00eddica: causa, hechos y actos jur\u00eddicos<br \/>\nM\u00f3dulo 4: vicios e ineficacia de los actos jur\u00eddicos<\/p>\n"},{"nombre_del_curso":"Contratos ","descripcion_del_curso":"<p>M\u00f3dulo 1: introducci\u00f3n<br \/>\nM\u00f3dulo 2: consentimiento y extinci\u00f3n del contrato<br \/>\nM\u00f3dulo 3: contratos en particular<br \/>\nM\u00f3dulo 4 contratos en particular<\/p>\n"},{"nombre_del_curso":"Derecho de da\u00f1os ","descripcion_del_curso":"<p>M\u00f3dulo 1: Responsabilidad  patrimonial. introducci\u00f3n.<br \/>\nM\u00f3dulo 2: Responsabilidad por los hechos propios y ajenos.<br \/>\nM\u00f3dulo 3: responsabilidad derivada de las  cosas y de la relaci\u00f3n de consumo.<br \/>\nM\u00f3dulo 4: otras responsabilidades patrimoniales.<\/p>\n"},{"nombre_del_curso":"Derecho internacional privado y nuevas tecnolog\u00ecas ","descripcion_del_curso":"<p>M\u00f3dulo 1: Nuevas Tecnolog\u00ecas<br \/>\nM\u00f3dulo 2: Nuevas Modalidades de Contrataci\u00f3n<br \/>\nM\u00f3dulo 3: R\u00e8gimen de Protecci\u00f2n de Datos<br \/>\nM\u00f3dulo 4: Las Nuevas tecnolog\u00ecas: una mirada desde el Derecho Internacional <\/p>\n"},{"nombre_del_curso":"El derecho internacional privado de las familias y los bienes   ","descripcion_del_curso":"<p>M\u00f3dulo 1: Efectos Patrimoniales del Matrimonio Internacional<br \/>\nM\u00f3dulo 2:  La Obligaci\u00f3n Alimentaria Internacional<br \/>\nM\u00f3dulo 3: R\u00e9gimen Internacional de los Derechos Reales.<br \/>\nM\u00f3dulo 4: R\u00e9gimen Internacional de la Propiedad Intelectual.  <\/p>\n"},{"nombre_del_curso":"Conflicto, arbitraje y mediaci\u00f3n","descripcion_del_curso":"<p>M\u00f3dulo 1: Conflicto<br \/>\nM\u00f3dulo 2: Introducci\u00f3n a los m\u00e9todos rad<br \/>\nM\u00f3dulo 3: Arbitraje<br \/>\nM\u00f3dulo 4: Mediaci\u00f3n <\/p>\n"},{"nombre_del_curso":"Derechos reales ","descripcion_del_curso":"<p>M\u00f3dulo 1: Derecho Reales: Generalidades<br \/>\nM\u00f3dulo 2: Din\u00e1mica del derecho real y derecho reales sobre la cosa propia<br \/>\nM\u00f3dulo 3: Derechos reales en particular. las nuevas formas de propiedad. derechos reales sobre cosa ajena uso y disfrute.<br \/>\nM\u00f3dulo 4: derecho real sobre la cosa ajena garant\u00eda. la defensa del derecho real.<\/p>\n"},{"nombre_del_curso":"El derecho patrimonial de las familias ","descripcion_del_curso":"<p>M\u00f3dulo 1: R\u00e9gimen Patrimonial<br \/>\nM\u00f3dulo 2: R\u00e9gimen de Comunidad<br \/>\nM\u00f3dulo 3: Causas de Extinci\u00f2n<br \/>\nM\u00f3dulo 4: An\u00e1lisis en Particular del Derecho de Familia <\/p>\n"}],"preguntas_frecuentes":false,"docentes_expertos":false},"yoast_head":"<!-- This site is optimized with the Yoast SEO plugin v23.0 - https:\/\/yoast.com\/wordpress\/plugins\/seo\/ -->\n<title>Diplomatura en Derecho Privado Patrimonial - Siglo 21<\/title>\n<meta name=\"robots\" content=\"index, follow, max-snippet:-1, max-image-preview:large, max-video-preview:-1\" \/>\n<link rel=\"canonical\" href=\"https:\/\/aplv.21.edu.ar\/en\/product\/diplomatura-en-derecho-privado-patrimonial\/\" \/>\n<meta property=\"og:locale\" content=\"en_US\" \/>\n<meta property=\"og:type\" content=\"article\" \/>\n<meta property=\"og:title\" content=\"Diplomatura en Derecho Privado Patrimonial - Siglo 21\" \/>\n<meta property=\"og:description\" content=\"excerpt\" \/>\n<meta property=\"og:url\" content=\"https:\/\/aplv.21.edu.ar\/en\/product\/diplomatura-en-derecho-privado-patrimonial\/\" \/>\n<meta property=\"og:site_name\" content=\"Siglo 21\" \/>\n<meta property=\"article:modified_time\" content=\"2025-03-10T16:49:15+00:00\" \/>\n<meta name=\"twitter:card\" content=\"summary_large_image\" \/>\n<meta name=\"twitter:label1\" content=\"Est. reading time\" \/>\n\t<meta name=\"twitter:data1\" content=\"1 minute\" \/>\n<script type=\"application\/ld+json\" class=\"yoast-schema-graph\">{\"@context\":\"https:\/\/schema.org\",\"@graph\":[{\"@type\":\"WebPage\",\"@id\":\"https:\/\/aplv.21.edu.ar\/en\/product\/diplomatura-en-derecho-privado-patrimonial\/\",\"url\":\"https:\/\/aplv.21.edu.ar\/en\/product\/diplomatura-en-derecho-privado-patrimonial\/\",\"name\":\"Diplomatura en Derecho Privado Patrimonial - Siglo 21\",\"isPartOf\":{\"@id\":\"https:\/\/aplv.21.edu.ar\/#website\"},\"datePublished\":\"2022-07-20T17:06:33+00:00\",\"dateModified\":\"2025-03-10T16:49:15+00:00\",\"breadcrumb\":{\"@id\":\"https:\/\/aplv.21.edu.ar\/en\/product\/diplomatura-en-derecho-privado-patrimonial\/#breadcrumb\"},\"inLanguage\":\"en-US\",\"potentialAction\":[{\"@type\":\"ReadAction\",\"target\":[\"https:\/\/aplv.21.edu.ar\/en\/product\/diplomatura-en-derecho-privado-patrimonial\/\"]}]},{\"@type\":\"BreadcrumbList\",\"@id\":\"https:\/\/aplv.21.edu.ar\/en\/product\/diplomatura-en-derecho-privado-patrimonial\/#breadcrumb\",\"itemListElement\":[{\"@type\":\"ListItem\",\"position\":1,\"name\":\"Home\",\"item\":\"https:\/\/aplv.21.edu.ar\/\"},{\"@type\":\"ListItem\",\"position\":2,\"name\":\"Productos\",\"item\":\"https:\/\/aplv.21.edu.ar\/product\/\"},{\"@type\":\"ListItem\",\"position\":3,\"name\":\"Diplomatura en Derecho Privado Patrimonial\"}]},{\"@type\":\"WebSite\",\"@id\":\"https:\/\/aplv.21.edu.ar\/#website\",\"url\":\"https:\/\/aplv.21.edu.ar\/\",\"name\":\"Siglo 21\",\"description\":\"Siglo 21\",\"potentialAction\":[{\"@type\":\"SearchAction\",\"target\":{\"@type\":\"EntryPoint\",\"urlTemplate\":\"https:\/\/aplv.21.edu.ar\/?s={search_term_string}\"},\"query-input\":\"required name=search_term_string\"}],\"inLanguage\":\"en-US\"}]}<\/script>\n<!-- \/ Yoast SEO plugin. -->","yoast_head_json":{"title":"Diplomatura en Derecho Privado Patrimonial - Siglo 21","robots":{"index":"index","follow":"follow","max-snippet":"max-snippet:-1","max-image-preview":"max-image-preview:large","max-video-preview":"max-video-preview:-1"},"canonical":"https:\/\/aplv.21.edu.ar\/en\/product\/diplomatura-en-derecho-privado-patrimonial\/","og_locale":"en_US","og_type":"article","og_title":"Diplomatura en Derecho Privado Patrimonial - Siglo 21","og_description":"excerpt","og_url":"https:\/\/aplv.21.edu.ar\/en\/product\/diplomatura-en-derecho-privado-patrimonial\/","og_site_name":"Siglo 21","article_modified_time":"2025-03-10T16:49:15+00:00","twitter_card":"summary_large_image","twitter_misc":{"Est. reading time":"1 minute"},"schema":{"@context":"https:\/\/schema.org","@graph":[{"@type":"WebPage","@id":"https:\/\/aplv.21.edu.ar\/en\/product\/diplomatura-en-derecho-privado-patrimonial\/","url":"https:\/\/aplv.21.edu.ar\/en\/product\/diplomatura-en-derecho-privado-patrimonial\/","name":"Diplomatura en Derecho Privado Patrimonial - Siglo 21","isPartOf":{"@id":"https:\/\/aplv.21.edu.ar\/#website"},"datePublished":"2022-07-20T17:06:33+00:00","dateModified":"2025-03-10T16:49:15+00:00","breadcrumb":{"@id":"https:\/\/aplv.21.edu.ar\/en\/product\/diplomatura-en-derecho-privado-patrimonial\/#breadcrumb"},"inLanguage":"en-US","potentialAction":[{"@type":"ReadAction","target":["https:\/\/aplv.21.edu.ar\/en\/product\/diplomatura-en-derecho-privado-patrimonial\/"]}]},{"@type":"BreadcrumbList","@id":"https:\/\/aplv.21.edu.ar\/en\/product\/diplomatura-en-derecho-privado-patrimonial\/#breadcrumb","itemListElement":[{"@type":"ListItem","position":1,"name":"Home","item":"https:\/\/aplv.21.edu.ar\/"},{"@type":"ListItem","position":2,"name":"Productos","item":"https:\/\/aplv.21.edu.ar\/product\/"},{"@type":"ListItem","position":3,"name":"Diplomatura en Derecho Privado Patrimonial"}]},{"@type":"WebSite","@id":"https:\/\/aplv.21.edu.ar\/#website","url":"https:\/\/aplv.21.edu.ar\/","name":"Siglo 21","description":"Siglo 21","potentialAction":[{"@type":"SearchAction","target":{"@type":"EntryPoint","urlTemplate":"https:\/\/aplv.21.edu.ar\/?s={search_term_string}"},"query-input":"required name=search_term_string"}],"inLanguage":"en-US"}]}},"idiomas":{"en":4420,"es":4419},"_links":{"self":[{"href":"https:\/\/aplv.21.edu.ar\/en\/wp-json\/wp\/v2\/products\/4420"}],"collection":[{"href":"https:\/\/aplv.21.edu.ar\/en\/wp-json\/wp\/v2\/products"}],"about":[{"href":"https:\/\/aplv.21.edu.ar\/en\/wp-json\/wp\/v2\/types\/product"}],"author":[{"embeddable":true,"href":"https:\/\/aplv.21.edu.ar\/en\/wp-json\/wp\/v2\/users\/3"}],"replies":[{"embeddable":true,"href":"https:\/\/aplv.21.edu.ar\/en\/wp-json\/wp\/v2\/comments?post=4420"}],"version-history":[{"count":5,"href":"https:\/\/aplv.21.edu.ar\/en\/wp-json\/wp\/v2\/products\/4420\/revisions"}],"predecessor-version":[{"id":14197,"href":"https:\/\/aplv.21.edu.ar\/en\/wp-json\/wp\/v2\/products\/4420\/revisions\/14197"}],"wp:attachment":[{"href":"https:\/\/aplv.21.edu.ar\/en\/wp-json\/wp\/v2\/media?parent=4420"}],"wp:term":[{"taxonomy":"category","embeddable":true,"href":"https:\/\/aplv.21.edu.ar\/en\/wp-json\/wp\/v2\/categories?post=4420"}],"curies":[{"name":"wp","href":"https:\/\/api.w.org\/{rel}","templated":true}]}}