{"id":4889,"date":"2022-09-02T18:36:03","date_gmt":"2022-09-02T18:36:03","guid":{"rendered":"https:\/\/aplv.21.edu.ar\/?post_type=product&#038;p=4889"},"modified":"2025-09-11T16:24:18","modified_gmt":"2025-09-11T16:24:18","slug":"diplomatura-en-comunicaciones-marketing-digital-y-social-media","status":"publish","type":"product","link":"https:\/\/aplv.21.edu.ar\/en\/product\/diplomatura-en-comunicaciones-marketing-digital-y-social-media\/","title":{"rendered":"Diplomatura en Comunicaciones, Marketing Digital y Social Media"},"content":{"rendered":"<p>contenido<\/p>\n\n\n<p><\/p>\n","protected":false},"excerpt":{"rendered":"<p>excerpt<\/p>\n","protected":false},"author":3,"featured_media":0,"comment_status":"open","ping_status":"closed","template":"","meta":{"_acf_changed":false,"footnotes":""},"categories":[11],"class_list":["post-4889","product","type-product","status-publish","hentry","category-desarrollo-profesional-en"],"acf":{"external_id":"1747","precio":"909.648 ","impartido_en":["es","en"],"hubspot_product_id":"1574885961","imagen_destacada":4960,"header_image":"https:\/\/static.capabiliaserver.com\/frontend\/clients\/cloud21\/wp_prod\/wp-content\/uploads\/2022\/08\/f5e8331f-header-3.jpg","precio_en_cuotas":"","precio_de_lista":"1.516.080 ","mostrar_form":false,"promocion_vigente":"","duracion_del_curso":"8 meses","tipo_de_programa":"Diplomatura","nivel_del_curso":"B\u00e1sico","modalidad":"Online ","dedicacion":"","titulo":"Diplomatura en Comunicaciones, Marketing Digital y Social Media","contenido":"<p>\u00bfCu\u00e1nto tiempo pasamos sin consultar una red social o hacer una b\u00fasqueda en Google en un d\u00eda normal? \u00bfQu\u00e9 porcentaje de tiempo le quitaron los medios digitales a los tradicionales en nuestro consumo diario de informaci\u00f3n? \u00bfCu\u00e1nto m\u00e1s compramos online en comparaci\u00f3n al a\u00f1o anterior? Las respuestas a estas preguntas justifican la necesidad de capacitaci\u00f3n en el entorno digital y eximen de mayores explicaciones. Las plataformas online est\u00e1n tan insertas en la vida diaria de las personas que las empresas tienen una oportunidad in\u00e9dita para conectar con sus clientes, darse a conocer o vender de manera digital. Sin embargo, ya no basta con un uso b\u00e1sico de las plataformas: las empresas necesitan conocer las mejores pr\u00e1cticas, dominar las herramientas y saber usarlas estrat\u00e9gicamente. Quienes mejor lo hagan tienen la oportunidad de sacar a\u00f1os de ventaja. Quienes no, enfrentan una alternativa tan tajante como digitalizarse o desaparecer<\/p>\n","avalado_por":false,"pdf_brochure":false,"cursos_que_lo_componen":[{"nombre_del_curso":"CONTENT MARKETING","descripcion_del_curso":"<p>\u25cf M\u00f3dulo 1: Introducci\u00f3n al contenido digital y marcas<br \/>\n\u25cf M\u00f3dulo 2: Storytelling y modos de producci\u00f3n<br \/>\n\u25cf M\u00f3dulo 3: Planificaci\u00f3n y gesti\u00f3n de contenidos<br \/>\n\u25cf M\u00f3dulo 4: Contenidos generados por el usuario (redes y marca personal)<\/p>\n"},{"nombre_del_curso":"GESTI\u00d3N DE PLATAFORMAS DIGITALES 1","descripcion_del_curso":"<p>\u25cf M\u00f3dulo 1: Gesti\u00f3n de P\u00e1ginas de META<br \/>\n\u25cf M\u00f3dulo 2: Gesti\u00f3n de Instagram para empresas<br \/>\n\u25cf M\u00f3dulo 3: WhatsApp Marketing<br \/>\n\u25cf M\u00f3dulo 4: Buenas pr\u00e1cticas de Community Management<\/p>\n"},{"nombre_del_curso":"GESTI\u00d3N DE PLATAFORMAS DIGITALES 2","descripcion_del_curso":"<p>\u25cf M\u00f3dulo 1: Gesti\u00f3n de X (Ex Twitter)<br \/>\n\u25cf M\u00f3dulo 2: Gesti\u00f3n de LinkedIn<br \/>\n\u25cf M\u00f3dulo 3: YouTube y las narrativas audiovisuales<br \/>\n\u25cf M\u00f3dulo 4: Protocolos para redes sociales<\/p>\n"},{"nombre_del_curso":"PUBLICIDAD ONLINE","descripcion_del_curso":"<p>\u25cf M\u00f3dulo 1: Introducci\u00f3n a la planificaci\u00f3n online<br \/>\n\u25cf M\u00f3dulo 2: META Ads<br \/>\n\u25cf M\u00f3dulo 3: Google Ads<br \/>\n\u25cf M\u00f3dulo 4: Conceptos avanzados de publicidad online<\/p>\n"},{"nombre_del_curso":"ESTRATEGIA Y PLAN DIGITAL","descripcion_del_curso":"<p>\u25cf M\u00f3dulo 1: Estrategia y planificaci\u00f3n<br \/>\n\u25cf M\u00f3dulo 2: Diagn\u00f3stico<br \/>\n\u25cf M\u00f3dulo 3: Definici\u00f3n de objetivos<br \/>\n\u25cf M\u00f3dulo 4: Fases de Implementaci\u00f3n.<\/p>\n"},{"nombre_del_curso":"ANALYTICS Y SEO","descripcion_del_curso":"<p>\u25cf M\u00f3dulo 1: Introducci\u00f3n a la anal\u00edtica digital<br \/>\n\u25cf M\u00f3dulo 2: Plataformas de anal\u00edtica<br \/>\n\u25cf M\u00f3dulo 3: M\u00e9tricas y dashboarding<br \/>\n\u25cf M\u00f3dulo 4: Introducci\u00f3n y buenas pr\u00e1cticas de SEO<\/p>\n"},{"nombre_del_curso":"INTELIGENCIA ARTIFICIAL PARA MARKETING E INDUSTRIAS CREATIVAS","descripcion_del_curso":"<p>M\u00f3dulo 1: Introducci\u00f3n a la inteligencia artificial<br \/>\nM\u00f3dulo 2: Chatgpt y otros modelos de ia<br \/>\nM\u00f3dulo 3: Herramientas creativas de inteligencia artificial<br \/>\nM\u00f3dulo 4: La inteligencia artificial aplicada al marketing digital<\/p>\n"},{"nombre_del_curso":"ECOMMERCE","descripcion_del_curso":"<p>\u25cf M\u00f3dulo 1: Introducci\u00f3n al E-Commerce.<br \/>\n\u25cf M\u00f3dulo 2: Tecnolog\u00edas, procesos y marketing digital<br \/>\n\u25cf M\u00f3dulo 3: Planificaci\u00f3n y Gesti\u00f3n de eCommerce<br \/>\n\u25cf M\u00f3dulo 4: Plataformas y marketplaces<\/p>\n"}],"preguntas_frecuentes":false,"docentes_expertos":false},"yoast_head":"<!-- This site is optimized with the Yoast SEO plugin v23.0 - https:\/\/yoast.com\/wordpress\/plugins\/seo\/ -->\n<title>Diplomatura en Comunicaciones, Marketing Digital y Social Media - Siglo 21<\/title>\n<meta name=\"robots\" content=\"index, follow, max-snippet:-1, max-image-preview:large, max-video-preview:-1\" \/>\n<link rel=\"canonical\" href=\"https:\/\/aplv.21.edu.ar\/en\/product\/diplomatura-en-comunicaciones-marketing-digital-y-social-media\/\" \/>\n<meta property=\"og:locale\" content=\"en_US\" \/>\n<meta property=\"og:type\" content=\"article\" \/>\n<meta property=\"og:title\" content=\"Diplomatura en Comunicaciones, Marketing Digital y Social Media - Siglo 21\" \/>\n<meta property=\"og:description\" content=\"excerpt\" \/>\n<meta property=\"og:url\" content=\"https:\/\/aplv.21.edu.ar\/en\/product\/diplomatura-en-comunicaciones-marketing-digital-y-social-media\/\" \/>\n<meta property=\"og:site_name\" content=\"Siglo 21\" \/>\n<meta property=\"article:modified_time\" content=\"2025-09-11T16:24:18+00:00\" \/>\n<meta name=\"twitter:card\" content=\"summary_large_image\" \/>\n<meta name=\"twitter:label1\" content=\"Est. reading time\" \/>\n\t<meta name=\"twitter:data1\" content=\"1 minute\" \/>\n<script type=\"application\/ld+json\" class=\"yoast-schema-graph\">{\"@context\":\"https:\/\/schema.org\",\"@graph\":[{\"@type\":\"WebPage\",\"@id\":\"https:\/\/aplv.21.edu.ar\/en\/product\/diplomatura-en-comunicaciones-marketing-digital-y-social-media\/\",\"url\":\"https:\/\/aplv.21.edu.ar\/en\/product\/diplomatura-en-comunicaciones-marketing-digital-y-social-media\/\",\"name\":\"Diplomatura en Comunicaciones, Marketing Digital y Social Media - Siglo 21\",\"isPartOf\":{\"@id\":\"https:\/\/aplv.21.edu.ar\/#website\"},\"datePublished\":\"2022-09-02T18:36:03+00:00\",\"dateModified\":\"2025-09-11T16:24:18+00:00\",\"breadcrumb\":{\"@id\":\"https:\/\/aplv.21.edu.ar\/en\/product\/diplomatura-en-comunicaciones-marketing-digital-y-social-media\/#breadcrumb\"},\"inLanguage\":\"en-US\",\"potentialAction\":[{\"@type\":\"ReadAction\",\"target\":[\"https:\/\/aplv.21.edu.ar\/en\/product\/diplomatura-en-comunicaciones-marketing-digital-y-social-media\/\"]}]},{\"@type\":\"BreadcrumbList\",\"@id\":\"https:\/\/aplv.21.edu.ar\/en\/product\/diplomatura-en-comunicaciones-marketing-digital-y-social-media\/#breadcrumb\",\"itemListElement\":[{\"@type\":\"ListItem\",\"position\":1,\"name\":\"Home\",\"item\":\"https:\/\/aplv.21.edu.ar\/\"},{\"@type\":\"ListItem\",\"position\":2,\"name\":\"Productos\",\"item\":\"https:\/\/aplv.21.edu.ar\/product\/\"},{\"@type\":\"ListItem\",\"position\":3,\"name\":\"Diplomatura en Comunicaciones, Marketing Digital y Social Media\"}]},{\"@type\":\"WebSite\",\"@id\":\"https:\/\/aplv.21.edu.ar\/#website\",\"url\":\"https:\/\/aplv.21.edu.ar\/\",\"name\":\"Siglo 21\",\"description\":\"Siglo 21\",\"potentialAction\":[{\"@type\":\"SearchAction\",\"target\":{\"@type\":\"EntryPoint\",\"urlTemplate\":\"https:\/\/aplv.21.edu.ar\/?s={search_term_string}\"},\"query-input\":\"required name=search_term_string\"}],\"inLanguage\":\"en-US\"}]}<\/script>\n<!-- \/ Yoast SEO plugin. -->","yoast_head_json":{"title":"Diplomatura en Comunicaciones, Marketing Digital y Social Media - Siglo 21","robots":{"index":"index","follow":"follow","max-snippet":"max-snippet:-1","max-image-preview":"max-image-preview:large","max-video-preview":"max-video-preview:-1"},"canonical":"https:\/\/aplv.21.edu.ar\/en\/product\/diplomatura-en-comunicaciones-marketing-digital-y-social-media\/","og_locale":"en_US","og_type":"article","og_title":"Diplomatura en Comunicaciones, Marketing Digital y Social Media - Siglo 21","og_description":"excerpt","og_url":"https:\/\/aplv.21.edu.ar\/en\/product\/diplomatura-en-comunicaciones-marketing-digital-y-social-media\/","og_site_name":"Siglo 21","article_modified_time":"2025-09-11T16:24:18+00:00","twitter_card":"summary_large_image","twitter_misc":{"Est. reading time":"1 minute"},"schema":{"@context":"https:\/\/schema.org","@graph":[{"@type":"WebPage","@id":"https:\/\/aplv.21.edu.ar\/en\/product\/diplomatura-en-comunicaciones-marketing-digital-y-social-media\/","url":"https:\/\/aplv.21.edu.ar\/en\/product\/diplomatura-en-comunicaciones-marketing-digital-y-social-media\/","name":"Diplomatura en Comunicaciones, Marketing Digital y Social Media - Siglo 21","isPartOf":{"@id":"https:\/\/aplv.21.edu.ar\/#website"},"datePublished":"2022-09-02T18:36:03+00:00","dateModified":"2025-09-11T16:24:18+00:00","breadcrumb":{"@id":"https:\/\/aplv.21.edu.ar\/en\/product\/diplomatura-en-comunicaciones-marketing-digital-y-social-media\/#breadcrumb"},"inLanguage":"en-US","potentialAction":[{"@type":"ReadAction","target":["https:\/\/aplv.21.edu.ar\/en\/product\/diplomatura-en-comunicaciones-marketing-digital-y-social-media\/"]}]},{"@type":"BreadcrumbList","@id":"https:\/\/aplv.21.edu.ar\/en\/product\/diplomatura-en-comunicaciones-marketing-digital-y-social-media\/#breadcrumb","itemListElement":[{"@type":"ListItem","position":1,"name":"Home","item":"https:\/\/aplv.21.edu.ar\/"},{"@type":"ListItem","position":2,"name":"Productos","item":"https:\/\/aplv.21.edu.ar\/product\/"},{"@type":"ListItem","position":3,"name":"Diplomatura en Comunicaciones, Marketing Digital y Social Media"}]},{"@type":"WebSite","@id":"https:\/\/aplv.21.edu.ar\/#website","url":"https:\/\/aplv.21.edu.ar\/","name":"Siglo 21","description":"Siglo 21","potentialAction":[{"@type":"SearchAction","target":{"@type":"EntryPoint","urlTemplate":"https:\/\/aplv.21.edu.ar\/?s={search_term_string}"},"query-input":"required name=search_term_string"}],"inLanguage":"en-US"}]}},"idiomas":{"en":4889,"es":4888},"_links":{"self":[{"href":"https:\/\/aplv.21.edu.ar\/en\/wp-json\/wp\/v2\/products\/4889"}],"collection":[{"href":"https:\/\/aplv.21.edu.ar\/en\/wp-json\/wp\/v2\/products"}],"about":[{"href":"https:\/\/aplv.21.edu.ar\/en\/wp-json\/wp\/v2\/types\/product"}],"author":[{"embeddable":true,"href":"https:\/\/aplv.21.edu.ar\/en\/wp-json\/wp\/v2\/users\/3"}],"replies":[{"embeddable":true,"href":"https:\/\/aplv.21.edu.ar\/en\/wp-json\/wp\/v2\/comments?post=4889"}],"version-history":[{"count":5,"href":"https:\/\/aplv.21.edu.ar\/en\/wp-json\/wp\/v2\/products\/4889\/revisions"}],"predecessor-version":[{"id":14193,"href":"https:\/\/aplv.21.edu.ar\/en\/wp-json\/wp\/v2\/products\/4889\/revisions\/14193"}],"wp:attachment":[{"href":"https:\/\/aplv.21.edu.ar\/en\/wp-json\/wp\/v2\/media?parent=4889"}],"wp:term":[{"taxonomy":"category","embeddable":true,"href":"https:\/\/aplv.21.edu.ar\/en\/wp-json\/wp\/v2\/categories?post=4889"}],"curies":[{"name":"wp","href":"https:\/\/api.w.org\/{rel}","templated":true}]}}