{"id":5206,"date":"2022-10-11T15:50:52","date_gmt":"2022-10-11T15:50:52","guid":{"rendered":"https:\/\/aplv.21.edu.ar\/?post_type=product&#038;p=5206"},"modified":"2024-12-23T17:37:22","modified_gmt":"2024-12-23T17:37:22","slug":"curso-fundamentos-de-las-inversiones-en-bolsa-y-criptomonedas","status":"publish","type":"product","link":"https:\/\/aplv.21.edu.ar\/en\/product\/curso-fundamentos-de-las-inversiones-en-bolsa-y-criptomonedas\/","title":{"rendered":"Curso: Fundamentos de las inversiones en bolsa y criptomonedas"},"content":{"rendered":"<p>contenido<\/p>\n","protected":false},"excerpt":{"rendered":"<p>excerpt<\/p>\n","protected":false},"author":3,"featured_media":0,"comment_status":"open","ping_status":"closed","template":"","meta":{"_acf_changed":false,"footnotes":""},"categories":[11],"class_list":["post-5206","product","type-product","status-publish","hentry","category-desarrollo-profesional-en"],"acf":{"external_id":"1828","precio":" 89.210 ","impartido_en":["es","en"],"hubspot_product_id":"451","imagen_destacada":5222,"header_image":"https:\/\/static.capabiliaserver.com\/frontend\/clients\/cloud21\/wp_prod\/wp-content\/uploads\/2022\/10\/8686f303-header-3.png","precio_en_cuotas":"","precio_de_lista":"","mostrar_form":false,"promocion_vigente":"","duracion_del_curso":"1 mes","tipo_de_programa":"Curso","nivel_del_curso":"B\u00e1sico","modalidad":"Online","dedicacion":"","titulo":"Curso: Fundamentos de las inversiones en bolsa y criptomonedas","contenido":"<p><span data-sheets-value=\"{&quot;1&quot;:2,&quot;2&quot;:&quot;La conformaci\u00f3n de un portafolio de inversi\u00f3n diversificado representa un desaf\u00edo en un pa\u00eds con constantes cambios en las condiciones macroecon\u00f3micas. Sin embargo, el desarrollo de la industria financiera ha generado herramientas que permiten la posibilidad de protegerse ante escenarios vol\u00e1tiles y obtener los beneficios de la diversificaci\u00f3n, incluso cuando el capital para invertir es bajo.\\r\\n\\r\\nConforme se desarrollan avances tecnol\u00f3gicos, los instrumentos financieros tradicionales pierden terreno frente a la descentralizaci\u00f3n de las finanzas, encabezadas por Bitcoin. No solamente se trata de criptomonedas, sino de lo que hay detr\u00e1s de las mismas. Un inmenso ecosistema financiero como consecuencia de los contratos inteligentes, donde es clave entender su funcionamiento. \\r\\n\\r\\nSin dudas, esta disrupci\u00f3n tecnol\u00f3gica ha llegado para quedarse. Es fundamental comprender qu\u00e9 hay detr\u00e1s de estos desarrollos para aprovechar su potencial y contar con el conocimiento necesario por parte del ahorrista para construir su portafolio.\\r\\n&quot;}\" data-sheets-userformat=\"{&quot;2&quot;:4993,&quot;3&quot;:{&quot;1&quot;:0},&quot;10&quot;:0,&quot;11&quot;:4,&quot;12&quot;:0,&quot;15&quot;:&quot;Arial&quot;}\">La conformaci\u00f3n de un portafolio de inversi\u00f3n diversificado representa un desaf\u00edo en un pa\u00eds con constantes cambios en las condiciones macroecon\u00f3micas. Sin embargo, el desarrollo de la industria financiera ha generado herramientas que permiten la posibilidad de protegerse ante escenarios vol\u00e1tiles y obtener los beneficios de la diversificaci\u00f3n, incluso cuando el capital para invertir es bajo.<\/span><\/p>\n<p>Conforme se desarrollan avances tecnol\u00f3gicos, los instrumentos financieros tradicionales pierden terreno frente a la descentralizaci\u00f3n de las finanzas, encabezadas por Bitcoin. No solamente se trata de criptomonedas, sino de lo que hay detr\u00e1s de las mismas. Un inmenso ecosistema financiero como consecuencia de los contratos inteligentes, donde es clave entender su funcionamiento.<\/p>\n<p>Sin dudas, esta disrupci\u00f3n tecnol\u00f3gica ha llegado para quedarse. Es fundamental comprender qu\u00e9 hay detr\u00e1s de estos desarrollos para aprovechar su potencial y contar con el conocimiento necesario por parte del ahorrista para construir su portafolio.<\/p>\n<p><span data-sheets-value=\"{&quot;1&quot;:2,&quot;2&quot;:&quot;El programa est\u00e1 dirigido a estudiantes, emprendedores y profesionales que busquen adquirir el conocimiento necesario para poder conformar un portafolio de inversi\u00f3n diversificado para alcanzar sus objetivos financieros. Y que busquen invertir sus ahorros a trav\u00e9s de una cartera de inversi\u00f3n en cripto de acuerdo a su perfil de riesgo.\\r&quot;}\" data-sheets-userformat=\"{&quot;2&quot;:4995,&quot;3&quot;:{&quot;1&quot;:0},&quot;4&quot;:{&quot;1&quot;:3,&quot;3&quot;:2},&quot;10&quot;:0,&quot;11&quot;:4,&quot;12&quot;:0,&quot;15&quot;:&quot;Arial&quot;}\">El programa est\u00e1 dirigido a estudiantes, emprendedores y profesionales que busquen adquirir el conocimiento necesario para poder conformar un portafolio de inversi\u00f3n diversificado para alcanzar sus objetivos financieros. Y que busquen invertir sus ahorros a trav\u00e9s de una cartera de inversi\u00f3n en cripto de acuerdo a su perfil de riesgo. <\/span><\/p>\n","avalado_por":false,"pdf_brochure":false,"cursos_que_lo_componen":[{"nombre_del_curso":"FUNDAMENTOS DE LAS INVERSIONES EN BOLSA Y CRIPTOMONEDAS","descripcion_del_curso":"<p>M\u00f3dulo 1: \u00bfPor qu\u00e9 invertir en lugar de ahorrar?<br \/>\nM\u00f3dulo 2: Estrategias para desarrollar carteras de inversiones<br \/>\nM\u00f3dulo 3: Introducci\u00f3n a las Criptomonedas<br \/>\nM\u00f3dulo 4: Los Contratos Inteligentes.<\/p>\n"}],"preguntas_frecuentes":false,"docentes_expertos":false},"yoast_head":"<!-- This site is optimized with the Yoast SEO plugin v23.0 - https:\/\/yoast.com\/wordpress\/plugins\/seo\/ -->\n<title>Curso: Fundamentos de las inversiones en bolsa y criptomonedas - Siglo 21<\/title>\n<meta name=\"robots\" content=\"index, follow, max-snippet:-1, max-image-preview:large, max-video-preview:-1\" \/>\n<link rel=\"canonical\" href=\"https:\/\/aplv.21.edu.ar\/en\/product\/curso-fundamentos-de-las-inversiones-en-bolsa-y-criptomonedas\/\" \/>\n<meta property=\"og:locale\" content=\"en_US\" \/>\n<meta property=\"og:type\" content=\"article\" \/>\n<meta property=\"og:title\" content=\"Curso: Fundamentos de las inversiones en bolsa y criptomonedas - Siglo 21\" \/>\n<meta property=\"og:description\" content=\"excerpt\" \/>\n<meta property=\"og:url\" content=\"https:\/\/aplv.21.edu.ar\/en\/product\/curso-fundamentos-de-las-inversiones-en-bolsa-y-criptomonedas\/\" \/>\n<meta property=\"og:site_name\" content=\"Siglo 21\" \/>\n<meta property=\"article:modified_time\" content=\"2024-12-23T17:37:22+00:00\" \/>\n<meta name=\"twitter:card\" content=\"summary_large_image\" \/>\n<meta name=\"twitter:label1\" content=\"Est. reading time\" \/>\n\t<meta name=\"twitter:data1\" content=\"1 minute\" \/>\n<script type=\"application\/ld+json\" class=\"yoast-schema-graph\">{\"@context\":\"https:\/\/schema.org\",\"@graph\":[{\"@type\":\"WebPage\",\"@id\":\"https:\/\/aplv.21.edu.ar\/en\/product\/curso-fundamentos-de-las-inversiones-en-bolsa-y-criptomonedas\/\",\"url\":\"https:\/\/aplv.21.edu.ar\/en\/product\/curso-fundamentos-de-las-inversiones-en-bolsa-y-criptomonedas\/\",\"name\":\"Curso: Fundamentos de las inversiones en bolsa y criptomonedas - Siglo 21\",\"isPartOf\":{\"@id\":\"https:\/\/aplv.21.edu.ar\/#website\"},\"datePublished\":\"2022-10-11T15:50:52+00:00\",\"dateModified\":\"2024-12-23T17:37:22+00:00\",\"breadcrumb\":{\"@id\":\"https:\/\/aplv.21.edu.ar\/en\/product\/curso-fundamentos-de-las-inversiones-en-bolsa-y-criptomonedas\/#breadcrumb\"},\"inLanguage\":\"en-US\",\"potentialAction\":[{\"@type\":\"ReadAction\",\"target\":[\"https:\/\/aplv.21.edu.ar\/en\/product\/curso-fundamentos-de-las-inversiones-en-bolsa-y-criptomonedas\/\"]}]},{\"@type\":\"BreadcrumbList\",\"@id\":\"https:\/\/aplv.21.edu.ar\/en\/product\/curso-fundamentos-de-las-inversiones-en-bolsa-y-criptomonedas\/#breadcrumb\",\"itemListElement\":[{\"@type\":\"ListItem\",\"position\":1,\"name\":\"Home\",\"item\":\"https:\/\/aplv.21.edu.ar\/\"},{\"@type\":\"ListItem\",\"position\":2,\"name\":\"Productos\",\"item\":\"https:\/\/aplv.21.edu.ar\/product\/\"},{\"@type\":\"ListItem\",\"position\":3,\"name\":\"Curso: Fundamentos de las inversiones en bolsa y criptomonedas\"}]},{\"@type\":\"WebSite\",\"@id\":\"https:\/\/aplv.21.edu.ar\/#website\",\"url\":\"https:\/\/aplv.21.edu.ar\/\",\"name\":\"Siglo 21\",\"description\":\"Siglo 21\",\"potentialAction\":[{\"@type\":\"SearchAction\",\"target\":{\"@type\":\"EntryPoint\",\"urlTemplate\":\"https:\/\/aplv.21.edu.ar\/?s={search_term_string}\"},\"query-input\":\"required name=search_term_string\"}],\"inLanguage\":\"en-US\"}]}<\/script>\n<!-- \/ Yoast SEO plugin. -->","yoast_head_json":{"title":"Curso: Fundamentos de las inversiones en bolsa y criptomonedas - Siglo 21","robots":{"index":"index","follow":"follow","max-snippet":"max-snippet:-1","max-image-preview":"max-image-preview:large","max-video-preview":"max-video-preview:-1"},"canonical":"https:\/\/aplv.21.edu.ar\/en\/product\/curso-fundamentos-de-las-inversiones-en-bolsa-y-criptomonedas\/","og_locale":"en_US","og_type":"article","og_title":"Curso: Fundamentos de las inversiones en bolsa y criptomonedas - Siglo 21","og_description":"excerpt","og_url":"https:\/\/aplv.21.edu.ar\/en\/product\/curso-fundamentos-de-las-inversiones-en-bolsa-y-criptomonedas\/","og_site_name":"Siglo 21","article_modified_time":"2024-12-23T17:37:22+00:00","twitter_card":"summary_large_image","twitter_misc":{"Est. reading time":"1 minute"},"schema":{"@context":"https:\/\/schema.org","@graph":[{"@type":"WebPage","@id":"https:\/\/aplv.21.edu.ar\/en\/product\/curso-fundamentos-de-las-inversiones-en-bolsa-y-criptomonedas\/","url":"https:\/\/aplv.21.edu.ar\/en\/product\/curso-fundamentos-de-las-inversiones-en-bolsa-y-criptomonedas\/","name":"Curso: Fundamentos de las inversiones en bolsa y criptomonedas - Siglo 21","isPartOf":{"@id":"https:\/\/aplv.21.edu.ar\/#website"},"datePublished":"2022-10-11T15:50:52+00:00","dateModified":"2024-12-23T17:37:22+00:00","breadcrumb":{"@id":"https:\/\/aplv.21.edu.ar\/en\/product\/curso-fundamentos-de-las-inversiones-en-bolsa-y-criptomonedas\/#breadcrumb"},"inLanguage":"en-US","potentialAction":[{"@type":"ReadAction","target":["https:\/\/aplv.21.edu.ar\/en\/product\/curso-fundamentos-de-las-inversiones-en-bolsa-y-criptomonedas\/"]}]},{"@type":"BreadcrumbList","@id":"https:\/\/aplv.21.edu.ar\/en\/product\/curso-fundamentos-de-las-inversiones-en-bolsa-y-criptomonedas\/#breadcrumb","itemListElement":[{"@type":"ListItem","position":1,"name":"Home","item":"https:\/\/aplv.21.edu.ar\/"},{"@type":"ListItem","position":2,"name":"Productos","item":"https:\/\/aplv.21.edu.ar\/product\/"},{"@type":"ListItem","position":3,"name":"Curso: Fundamentos de las inversiones en bolsa y criptomonedas"}]},{"@type":"WebSite","@id":"https:\/\/aplv.21.edu.ar\/#website","url":"https:\/\/aplv.21.edu.ar\/","name":"Siglo 21","description":"Siglo 21","potentialAction":[{"@type":"SearchAction","target":{"@type":"EntryPoint","urlTemplate":"https:\/\/aplv.21.edu.ar\/?s={search_term_string}"},"query-input":"required name=search_term_string"}],"inLanguage":"en-US"}]}},"idiomas":{"en":5206,"es":5205},"_links":{"self":[{"href":"https:\/\/aplv.21.edu.ar\/en\/wp-json\/wp\/v2\/products\/5206"}],"collection":[{"href":"https:\/\/aplv.21.edu.ar\/en\/wp-json\/wp\/v2\/products"}],"about":[{"href":"https:\/\/aplv.21.edu.ar\/en\/wp-json\/wp\/v2\/types\/product"}],"author":[{"embeddable":true,"href":"https:\/\/aplv.21.edu.ar\/en\/wp-json\/wp\/v2\/users\/3"}],"replies":[{"embeddable":true,"href":"https:\/\/aplv.21.edu.ar\/en\/wp-json\/wp\/v2\/comments?post=5206"}],"version-history":[{"count":5,"href":"https:\/\/aplv.21.edu.ar\/en\/wp-json\/wp\/v2\/products\/5206\/revisions"}],"predecessor-version":[{"id":12290,"href":"https:\/\/aplv.21.edu.ar\/en\/wp-json\/wp\/v2\/products\/5206\/revisions\/12290"}],"wp:attachment":[{"href":"https:\/\/aplv.21.edu.ar\/en\/wp-json\/wp\/v2\/media?parent=5206"}],"wp:term":[{"taxonomy":"category","embeddable":true,"href":"https:\/\/aplv.21.edu.ar\/en\/wp-json\/wp\/v2\/categories?post=5206"}],"curies":[{"name":"wp","href":"https:\/\/api.w.org\/{rel}","templated":true}]}}