{"id":564,"date":"2019-05-08T14:10:51","date_gmt":"2019-05-08T14:10:51","guid":{"rendered":"https:\/\/aplv.21.edu.ar\/product\/certificado-en-gestion-estrategica-de-recursos-humanos\/"},"modified":"2025-03-10T17:42:21","modified_gmt":"2025-03-10T17:42:21","slug":"certificado-en-gestion-estrategica-de-recursos-humanos","status":"publish","type":"product","link":"https:\/\/aplv.21.edu.ar\/en\/product\/certificado-en-gestion-estrategica-de-recursos-humanos\/","title":{"rendered":"CERTIFICADO EN GESTI\u00d3N ESTRAT\u00c9GICA DE LOS RECURSOS HUMANOS"},"content":{"rendered":"<p>contenido<\/p>\n","protected":false},"excerpt":{"rendered":"<p>excerpt<\/p>\n","protected":false},"author":3,"featured_media":0,"comment_status":"open","ping_status":"closed","template":"","meta":{"_acf_changed":false,"footnotes":""},"categories":[22],"class_list":["post-564","product","type-product","status-publish","hentry","category-negocios-y-management-en"],"acf":{"external_id":"380","precio":"520.242 ","cursos_que_lo_componen":[{"nombre_del_curso":"Direcci\u00f3n Estrat\u00e9gica de Recursos Humanos","descripcion_del_curso":"<p>M\u00f3dulo 1: Actividad de apertura.<br \/>\nM\u00f3dulo 2: Modelo de gesti\u00f3n de Recursos Humanos.<br \/>\nM\u00f3dulo 3: Subsistemas del \u00e1rea de Recursos Humanos.<br \/>\nM\u00f3dulo 4: Tablero de gesti\u00f3n del \u00e1rea de Recursos Humanos.<\/p>\n"},{"nombre_del_curso":"Desarrollando el Capital Humano","descripcion_del_curso":"<p>M\u00f3dulo 1: Actividad de apertura.<br \/>\nM\u00f3dulo 2: Flujo Organizacional.<br \/>\nM\u00f3dulo 3: Liderazgo y desarrollo del capital humano.<br \/>\nM\u00f3dulo 4: Planeamiento de la gesti\u00f3n del talento.<\/p>\n"},{"nombre_del_curso":"Incorporando el Capital Humano","descripcion_del_curso":"<p>M\u00f3dulo 1: Tendencias del Capital Humano y de Atracci\u00f3n y Selecci\u00f3n.<br \/>\nM\u00f3dulo 2: Flujo Organizacional.<br \/>\nM\u00f3dulo 3: Entrevistas de selecci\u00f3n de personal.<br \/>\nM\u00f3dulo 4: Propuesta de valor al empleado (PVE) y la socializaci\u00f3n del nuevo empleado.<\/p>\n"},{"nombre_del_curso":"Planeamiento del Capital Humano y la Gesti\u00f3n Estrat\u00e9gica de las Compensaciones","descripcion_del_curso":"<p>M\u00f3dulo 1: Actividad de apertura.<br \/>\nM\u00f3dulo 2: Marco General de an\u00e1lisis de la gesti\u00f3n de las compensaciones.<br \/>\nM\u00f3dulo 3: Implementaci\u00f3n de un sistema de compensaciones.<br \/>\nM\u00f3dulo 4: De las Herramientas al Negocio.<\/p>\n"}],"avalado_por":"https:\/\/static.capabiliaserver.com\/frontend\/clients\/cloud21\/wp_dev\/wp-content\/uploads\/2019\/05\/c05a73fa-logo_siglo_21.png","precio_de_lista":"867.070 ","precio_en_cuotas":"Consultar descuento vigente","duracion_del_curso":"4 Meses","nivel_del_curso":"B\u00e1sico","dedicacion":"","modalidad":"100% Virtual","contenido":"<p>El capital humano es el factor clave que hace que las cosas sucedan en las organizaciones. De ah\u00ed el valor y la importancia de desarrollar habilidades de gesti\u00f3n de estos recursos de manera de alcanzar el m\u00e1ximo impacto positivo en los resultados de negocio. Este certificado te dar\u00e1 la capacidad y las herramientas para operar y articular los recursos humanos, de manera de contribuir al cumplimiento de los objetivos generales, del \u00e1rea y de la organizaci\u00f3n. Desarrollar\u00e1s la capacidad de analizar y comprender el contexto situacional para la gesti\u00f3n de las personas y su influencia. Ser\u00e1s capaz de intervenir en el reclutamiento, selecci\u00f3n y formaci\u00f3n de recursos humanos, adem\u00e1s de participar y colaborar en su desarrollo dentro de la organizaci\u00f3n, incluida la determinaci\u00f3n de recompensas. *Resoluci\u00f3n: R.R UES 21 N\u00b0: 2759\/2018.<\/p>\n","docentes_expertos":false,"preguntas_frecuentes":false,"pdf_brochure":false,"hubspot_product_id":"","imagen_destacada":2786,"header_image":"https:\/\/static.capabiliaserver.com\/frontend\/clients\/cloud21\/wp_dev\/wp-content\/uploads\/2019\/05\/607c6ff7-certificado-en-gestion-estrategica-de-rrhh-2.jpg","mostrar_form":false,"promocion_vigente":"","tipo_de_programa":"Programa de Aprendizaje para la Vida","titulo":"Certificado en Gesti\u00f3n Estrat\u00e9gica de los Recursos Humanos"},"yoast_head":"<!-- This site is optimized with the Yoast SEO plugin v23.0 - https:\/\/yoast.com\/wordpress\/plugins\/seo\/ -->\n<title>CERTIFICADO EN GESTI\u00d3N ESTRAT\u00c9GICA DE LOS RECURSOS HUMANOS - Siglo 21<\/title>\n<meta name=\"robots\" content=\"index, follow, max-snippet:-1, max-image-preview:large, max-video-preview:-1\" \/>\n<link rel=\"canonical\" href=\"https:\/\/aplv.21.edu.ar\/en\/product\/certificado-en-gestion-estrategica-de-recursos-humanos\/\" \/>\n<meta property=\"og:locale\" content=\"en_US\" \/>\n<meta property=\"og:type\" content=\"article\" \/>\n<meta property=\"og:title\" content=\"CERTIFICADO EN GESTI\u00d3N ESTRAT\u00c9GICA DE LOS RECURSOS HUMANOS - Siglo 21\" \/>\n<meta property=\"og:description\" content=\"excerpt\" \/>\n<meta property=\"og:url\" content=\"https:\/\/aplv.21.edu.ar\/en\/product\/certificado-en-gestion-estrategica-de-recursos-humanos\/\" \/>\n<meta property=\"og:site_name\" content=\"Siglo 21\" \/>\n<meta property=\"article:modified_time\" content=\"2025-03-10T17:42:21+00:00\" \/>\n<meta name=\"twitter:card\" content=\"summary_large_image\" \/>\n<meta name=\"twitter:label1\" content=\"Est. reading time\" \/>\n\t<meta name=\"twitter:data1\" content=\"1 minute\" \/>\n<script type=\"application\/ld+json\" class=\"yoast-schema-graph\">{\"@context\":\"https:\/\/schema.org\",\"@graph\":[{\"@type\":\"WebPage\",\"@id\":\"https:\/\/aplv.21.edu.ar\/en\/product\/certificado-en-gestion-estrategica-de-recursos-humanos\/\",\"url\":\"https:\/\/aplv.21.edu.ar\/en\/product\/certificado-en-gestion-estrategica-de-recursos-humanos\/\",\"name\":\"CERTIFICADO EN GESTI\u00d3N ESTRAT\u00c9GICA DE LOS RECURSOS HUMANOS - Siglo 21\",\"isPartOf\":{\"@id\":\"https:\/\/aplv.21.edu.ar\/#website\"},\"datePublished\":\"2019-05-08T14:10:51+00:00\",\"dateModified\":\"2025-03-10T17:42:21+00:00\",\"breadcrumb\":{\"@id\":\"https:\/\/aplv.21.edu.ar\/en\/product\/certificado-en-gestion-estrategica-de-recursos-humanos\/#breadcrumb\"},\"inLanguage\":\"en-US\",\"potentialAction\":[{\"@type\":\"ReadAction\",\"target\":[\"https:\/\/aplv.21.edu.ar\/en\/product\/certificado-en-gestion-estrategica-de-recursos-humanos\/\"]}]},{\"@type\":\"BreadcrumbList\",\"@id\":\"https:\/\/aplv.21.edu.ar\/en\/product\/certificado-en-gestion-estrategica-de-recursos-humanos\/#breadcrumb\",\"itemListElement\":[{\"@type\":\"ListItem\",\"position\":1,\"name\":\"Home\",\"item\":\"https:\/\/aplv.21.edu.ar\/\"},{\"@type\":\"ListItem\",\"position\":2,\"name\":\"Productos\",\"item\":\"https:\/\/aplv.21.edu.ar\/product\/\"},{\"@type\":\"ListItem\",\"position\":3,\"name\":\"CERTIFICADO EN GESTI\u00d3N ESTRAT\u00c9GICA DE LOS RECURSOS HUMANOS\"}]},{\"@type\":\"WebSite\",\"@id\":\"https:\/\/aplv.21.edu.ar\/#website\",\"url\":\"https:\/\/aplv.21.edu.ar\/\",\"name\":\"Siglo 21\",\"description\":\"Siglo 21\",\"potentialAction\":[{\"@type\":\"SearchAction\",\"target\":{\"@type\":\"EntryPoint\",\"urlTemplate\":\"https:\/\/aplv.21.edu.ar\/?s={search_term_string}\"},\"query-input\":\"required name=search_term_string\"}],\"inLanguage\":\"en-US\"}]}<\/script>\n<!-- \/ Yoast SEO plugin. -->","yoast_head_json":{"title":"CERTIFICADO EN GESTI\u00d3N ESTRAT\u00c9GICA DE LOS RECURSOS HUMANOS - Siglo 21","robots":{"index":"index","follow":"follow","max-snippet":"max-snippet:-1","max-image-preview":"max-image-preview:large","max-video-preview":"max-video-preview:-1"},"canonical":"https:\/\/aplv.21.edu.ar\/en\/product\/certificado-en-gestion-estrategica-de-recursos-humanos\/","og_locale":"en_US","og_type":"article","og_title":"CERTIFICADO EN GESTI\u00d3N ESTRAT\u00c9GICA DE LOS RECURSOS HUMANOS - Siglo 21","og_description":"excerpt","og_url":"https:\/\/aplv.21.edu.ar\/en\/product\/certificado-en-gestion-estrategica-de-recursos-humanos\/","og_site_name":"Siglo 21","article_modified_time":"2025-03-10T17:42:21+00:00","twitter_card":"summary_large_image","twitter_misc":{"Est. reading time":"1 minute"},"schema":{"@context":"https:\/\/schema.org","@graph":[{"@type":"WebPage","@id":"https:\/\/aplv.21.edu.ar\/en\/product\/certificado-en-gestion-estrategica-de-recursos-humanos\/","url":"https:\/\/aplv.21.edu.ar\/en\/product\/certificado-en-gestion-estrategica-de-recursos-humanos\/","name":"CERTIFICADO EN GESTI\u00d3N ESTRAT\u00c9GICA DE LOS RECURSOS HUMANOS - Siglo 21","isPartOf":{"@id":"https:\/\/aplv.21.edu.ar\/#website"},"datePublished":"2019-05-08T14:10:51+00:00","dateModified":"2025-03-10T17:42:21+00:00","breadcrumb":{"@id":"https:\/\/aplv.21.edu.ar\/en\/product\/certificado-en-gestion-estrategica-de-recursos-humanos\/#breadcrumb"},"inLanguage":"en-US","potentialAction":[{"@type":"ReadAction","target":["https:\/\/aplv.21.edu.ar\/en\/product\/certificado-en-gestion-estrategica-de-recursos-humanos\/"]}]},{"@type":"BreadcrumbList","@id":"https:\/\/aplv.21.edu.ar\/en\/product\/certificado-en-gestion-estrategica-de-recursos-humanos\/#breadcrumb","itemListElement":[{"@type":"ListItem","position":1,"name":"Home","item":"https:\/\/aplv.21.edu.ar\/"},{"@type":"ListItem","position":2,"name":"Productos","item":"https:\/\/aplv.21.edu.ar\/product\/"},{"@type":"ListItem","position":3,"name":"CERTIFICADO EN GESTI\u00d3N ESTRAT\u00c9GICA DE LOS RECURSOS HUMANOS"}]},{"@type":"WebSite","@id":"https:\/\/aplv.21.edu.ar\/#website","url":"https:\/\/aplv.21.edu.ar\/","name":"Siglo 21","description":"Siglo 21","potentialAction":[{"@type":"SearchAction","target":{"@type":"EntryPoint","urlTemplate":"https:\/\/aplv.21.edu.ar\/?s={search_term_string}"},"query-input":"required name=search_term_string"}],"inLanguage":"en-US"}]}},"idiomas":{"en":564,"es":563},"_links":{"self":[{"href":"https:\/\/aplv.21.edu.ar\/en\/wp-json\/wp\/v2\/products\/564"}],"collection":[{"href":"https:\/\/aplv.21.edu.ar\/en\/wp-json\/wp\/v2\/products"}],"about":[{"href":"https:\/\/aplv.21.edu.ar\/en\/wp-json\/wp\/v2\/types\/product"}],"author":[{"embeddable":true,"href":"https:\/\/aplv.21.edu.ar\/en\/wp-json\/wp\/v2\/users\/3"}],"replies":[{"embeddable":true,"href":"https:\/\/aplv.21.edu.ar\/en\/wp-json\/wp\/v2\/comments?post=564"}],"version-history":[{"count":5,"href":"https:\/\/aplv.21.edu.ar\/en\/wp-json\/wp\/v2\/products\/564\/revisions"}],"predecessor-version":[{"id":14173,"href":"https:\/\/aplv.21.edu.ar\/en\/wp-json\/wp\/v2\/products\/564\/revisions\/14173"}],"wp:attachment":[{"href":"https:\/\/aplv.21.edu.ar\/en\/wp-json\/wp\/v2\/media?parent=564"}],"wp:term":[{"taxonomy":"category","embeddable":true,"href":"https:\/\/aplv.21.edu.ar\/en\/wp-json\/wp\/v2\/categories?post=564"}],"curies":[{"name":"wp","href":"https:\/\/api.w.org\/{rel}","templated":true}]}}