{"id":584,"date":"2019-05-08T14:13:09","date_gmt":"2019-05-08T14:13:09","guid":{"rendered":"https:\/\/aplv.21.edu.ar\/product\/certificado-en-gestion-de-la-empresa-familiar\/"},"modified":"2025-03-10T17:40:29","modified_gmt":"2025-03-10T17:40:29","slug":"certificado-en-gestion-de-la-empresa-familiar","status":"publish","type":"product","link":"https:\/\/aplv.21.edu.ar\/en\/product\/certificado-en-gestion-de-la-empresa-familiar\/","title":{"rendered":"CERTIFICADO EN GESTI\u00d3N DE LA EMPRESA FAMILIAR"},"content":{"rendered":"<p>contenido<\/p>\n\n\n<p><\/p>\n","protected":false},"excerpt":{"rendered":"<p>excerpt<\/p>\n","protected":false},"author":3,"featured_media":0,"comment_status":"open","ping_status":"closed","template":"","meta":{"_acf_changed":false,"footnotes":""},"categories":[22],"class_list":["post-584","product","type-product","status-publish","hentry","category-negocios-y-management-en"],"acf":{"external_id":"385","precio":"520.242 ","cursos_que_lo_componen":[{"nombre_del_curso":"Profesionalizando la Propiedad de la Empresa Familiar","descripcion_del_curso":"<p>M\u00f3dulo 1: Actividad de Apertura.<br \/>\nM\u00f3dulo 2: El Patrimonio Familiar y Empresarial.<br \/>\nM\u00f3dulo 3: El Rol del Socio en la Empresa Familiar.<br \/>\nM\u00f3dulo 4: El Traspaso de la Propiedad en la Empresa Familiar.<\/p>\n"},{"nombre_del_curso":"Profesionalizando la Sucesi\u00f3n en la Empresa Familiar","descripcion_del_curso":"<p>M\u00f3dulo 1: Actividad de Apertura.<br \/>\nM\u00f3dulo 2: La Sucesi\u00f3n, una Cuesti\u00f3n Estrat\u00e9gica.<br \/>\nM\u00f3dulo 3: El Protocolo Familiar.<br \/>\nM\u00f3dulo 4: Dando Vida al Protocolo.<\/p>\n"},{"nombre_del_curso":"Profesionalizando la Estrategia en la Empresa Familiar","descripcion_del_curso":"<p>M\u00f3dulo 1: Entender y Poner en Valor la Importancia de la Rentabilidad Real en la Empresa.<br \/>\nM\u00f3dulo 2: El Manejo Profesional de la Informaci\u00f3n.<br \/>\nM\u00f3dulo 3: Los Recursos Humanos.<br \/>\nM\u00f3dulo 4: El Modelo de Liderazgo Apropiado en la Empresa Familiar.<\/p>\n"},{"nombre_del_curso":"Profesionalizando la Familia Empresaria","descripcion_del_curso":"<p>M\u00f3dulo 1: Actividad de Apertura.<br \/>\nM\u00f3dulo 2: La Familia Empresaria.<br \/>\nM\u00f3dulo 3: Situaci\u00f3n Actual.<br \/>\nM\u00f3dulo 4: Profesionalizando la Comunicaci\u00f3n en la Empresa Familiar.<\/p>\n"}],"avalado_por":"https:\/\/static.capabiliaserver.com\/frontend\/clients\/cloud21\/wp_dev\/wp-content\/uploads\/2019\/05\/c05a73fa-logo_siglo_21.png","precio_de_lista":"867.070 ","precio_en_cuotas":"Consultar descuento vigente","duracion_del_curso":"4 Meses","nivel_del_curso":"B\u00e1sico","dedicacion":"","modalidad":"100% Virtual","contenido":"<p>El Certificado en Gesti\u00f3n de la Empresa Familiar ha sido dise\u00f1ado con el objetivo de contribuir a la sostenibilidad de estas empresas y lograr su crecimiento ordenado, poniendo \u00e9nfasis en la armon\u00eda familiar y la cultura organizacional de la empresa.<\/p>\n<p>Ya seas miembro, asesor o empleado de una empresa familiar, este Certificado te brindar\u00e1 las herramientas para profesionalizar todos los \u00e1mbitos de la empresa familiar -la empresa, la familia y la propiedad-, as\u00ed tambi\u00e9n como su proceso de sucesi\u00f3n.<\/p>\n<p>Desarrollar\u00e1s una mirada sist\u00e9mica de la empresa familiar que te permitir\u00e1 comprender la l\u00f3gica de su comportamiento, los valores que se involucran y el resultado esperado o deseado al momento de resolver conflictos.<\/p>\n<p>Resoluci\u00f3n: R.R UES 21 N\u00b0: 2736\/18.<\/p>\n","docentes_expertos":false,"preguntas_frecuentes":false,"pdf_brochure":false,"hubspot_product_id":"","imagen_destacada":2766,"header_image":"https:\/\/static.capabiliaserver.com\/frontend\/clients\/cloud21\/wp_dev\/wp-content\/uploads\/2019\/05\/a60e600f-certificado-en-gesti\u00f3n-de-la-empresa-familiar.jpg","mostrar_form":false,"promocion_vigente":"","tipo_de_programa":"Programa de Aprendizaje para la Vida","titulo":"Certificado en Gesti\u00f3n de la Empresa Familiar"},"yoast_head":"<!-- This site is optimized with the Yoast SEO plugin v23.0 - https:\/\/yoast.com\/wordpress\/plugins\/seo\/ -->\n<title>CERTIFICADO EN GESTI\u00d3N DE LA EMPRESA FAMILIAR - Siglo 21<\/title>\n<meta name=\"robots\" content=\"index, follow, max-snippet:-1, max-image-preview:large, max-video-preview:-1\" \/>\n<link rel=\"canonical\" href=\"https:\/\/aplv.21.edu.ar\/en\/product\/certificado-en-gestion-de-la-empresa-familiar\/\" \/>\n<meta property=\"og:locale\" content=\"en_US\" \/>\n<meta property=\"og:type\" content=\"article\" \/>\n<meta property=\"og:title\" content=\"CERTIFICADO EN GESTI\u00d3N DE LA EMPRESA FAMILIAR - Siglo 21\" \/>\n<meta property=\"og:description\" content=\"excerpt\" \/>\n<meta property=\"og:url\" content=\"https:\/\/aplv.21.edu.ar\/en\/product\/certificado-en-gestion-de-la-empresa-familiar\/\" \/>\n<meta property=\"og:site_name\" content=\"Siglo 21\" \/>\n<meta property=\"article:modified_time\" content=\"2025-03-10T17:40:29+00:00\" \/>\n<meta name=\"twitter:card\" content=\"summary_large_image\" \/>\n<meta name=\"twitter:label1\" content=\"Est. reading time\" \/>\n\t<meta name=\"twitter:data1\" content=\"1 minute\" \/>\n<script type=\"application\/ld+json\" class=\"yoast-schema-graph\">{\"@context\":\"https:\/\/schema.org\",\"@graph\":[{\"@type\":\"WebPage\",\"@id\":\"https:\/\/aplv.21.edu.ar\/en\/product\/certificado-en-gestion-de-la-empresa-familiar\/\",\"url\":\"https:\/\/aplv.21.edu.ar\/en\/product\/certificado-en-gestion-de-la-empresa-familiar\/\",\"name\":\"CERTIFICADO EN GESTI\u00d3N DE LA EMPRESA FAMILIAR - Siglo 21\",\"isPartOf\":{\"@id\":\"https:\/\/aplv.21.edu.ar\/#website\"},\"datePublished\":\"2019-05-08T14:13:09+00:00\",\"dateModified\":\"2025-03-10T17:40:29+00:00\",\"breadcrumb\":{\"@id\":\"https:\/\/aplv.21.edu.ar\/en\/product\/certificado-en-gestion-de-la-empresa-familiar\/#breadcrumb\"},\"inLanguage\":\"en-US\",\"potentialAction\":[{\"@type\":\"ReadAction\",\"target\":[\"https:\/\/aplv.21.edu.ar\/en\/product\/certificado-en-gestion-de-la-empresa-familiar\/\"]}]},{\"@type\":\"BreadcrumbList\",\"@id\":\"https:\/\/aplv.21.edu.ar\/en\/product\/certificado-en-gestion-de-la-empresa-familiar\/#breadcrumb\",\"itemListElement\":[{\"@type\":\"ListItem\",\"position\":1,\"name\":\"Home\",\"item\":\"https:\/\/aplv.21.edu.ar\/\"},{\"@type\":\"ListItem\",\"position\":2,\"name\":\"Productos\",\"item\":\"https:\/\/aplv.21.edu.ar\/product\/\"},{\"@type\":\"ListItem\",\"position\":3,\"name\":\"CERTIFICADO EN GESTI\u00d3N DE LA EMPRESA FAMILIAR\"}]},{\"@type\":\"WebSite\",\"@id\":\"https:\/\/aplv.21.edu.ar\/#website\",\"url\":\"https:\/\/aplv.21.edu.ar\/\",\"name\":\"Siglo 21\",\"description\":\"Siglo 21\",\"potentialAction\":[{\"@type\":\"SearchAction\",\"target\":{\"@type\":\"EntryPoint\",\"urlTemplate\":\"https:\/\/aplv.21.edu.ar\/?s={search_term_string}\"},\"query-input\":\"required name=search_term_string\"}],\"inLanguage\":\"en-US\"}]}<\/script>\n<!-- \/ Yoast SEO plugin. -->","yoast_head_json":{"title":"CERTIFICADO EN GESTI\u00d3N DE LA EMPRESA FAMILIAR - Siglo 21","robots":{"index":"index","follow":"follow","max-snippet":"max-snippet:-1","max-image-preview":"max-image-preview:large","max-video-preview":"max-video-preview:-1"},"canonical":"https:\/\/aplv.21.edu.ar\/en\/product\/certificado-en-gestion-de-la-empresa-familiar\/","og_locale":"en_US","og_type":"article","og_title":"CERTIFICADO EN GESTI\u00d3N DE LA EMPRESA FAMILIAR - Siglo 21","og_description":"excerpt","og_url":"https:\/\/aplv.21.edu.ar\/en\/product\/certificado-en-gestion-de-la-empresa-familiar\/","og_site_name":"Siglo 21","article_modified_time":"2025-03-10T17:40:29+00:00","twitter_card":"summary_large_image","twitter_misc":{"Est. reading time":"1 minute"},"schema":{"@context":"https:\/\/schema.org","@graph":[{"@type":"WebPage","@id":"https:\/\/aplv.21.edu.ar\/en\/product\/certificado-en-gestion-de-la-empresa-familiar\/","url":"https:\/\/aplv.21.edu.ar\/en\/product\/certificado-en-gestion-de-la-empresa-familiar\/","name":"CERTIFICADO EN GESTI\u00d3N DE LA EMPRESA FAMILIAR - Siglo 21","isPartOf":{"@id":"https:\/\/aplv.21.edu.ar\/#website"},"datePublished":"2019-05-08T14:13:09+00:00","dateModified":"2025-03-10T17:40:29+00:00","breadcrumb":{"@id":"https:\/\/aplv.21.edu.ar\/en\/product\/certificado-en-gestion-de-la-empresa-familiar\/#breadcrumb"},"inLanguage":"en-US","potentialAction":[{"@type":"ReadAction","target":["https:\/\/aplv.21.edu.ar\/en\/product\/certificado-en-gestion-de-la-empresa-familiar\/"]}]},{"@type":"BreadcrumbList","@id":"https:\/\/aplv.21.edu.ar\/en\/product\/certificado-en-gestion-de-la-empresa-familiar\/#breadcrumb","itemListElement":[{"@type":"ListItem","position":1,"name":"Home","item":"https:\/\/aplv.21.edu.ar\/"},{"@type":"ListItem","position":2,"name":"Productos","item":"https:\/\/aplv.21.edu.ar\/product\/"},{"@type":"ListItem","position":3,"name":"CERTIFICADO EN GESTI\u00d3N DE LA EMPRESA FAMILIAR"}]},{"@type":"WebSite","@id":"https:\/\/aplv.21.edu.ar\/#website","url":"https:\/\/aplv.21.edu.ar\/","name":"Siglo 21","description":"Siglo 21","potentialAction":[{"@type":"SearchAction","target":{"@type":"EntryPoint","urlTemplate":"https:\/\/aplv.21.edu.ar\/?s={search_term_string}"},"query-input":"required name=search_term_string"}],"inLanguage":"en-US"}]}},"idiomas":{"en":584,"es":583},"_links":{"self":[{"href":"https:\/\/aplv.21.edu.ar\/en\/wp-json\/wp\/v2\/products\/584"}],"collection":[{"href":"https:\/\/aplv.21.edu.ar\/en\/wp-json\/wp\/v2\/products"}],"about":[{"href":"https:\/\/aplv.21.edu.ar\/en\/wp-json\/wp\/v2\/types\/product"}],"author":[{"embeddable":true,"href":"https:\/\/aplv.21.edu.ar\/en\/wp-json\/wp\/v2\/users\/3"}],"replies":[{"embeddable":true,"href":"https:\/\/aplv.21.edu.ar\/en\/wp-json\/wp\/v2\/comments?post=584"}],"version-history":[{"count":5,"href":"https:\/\/aplv.21.edu.ar\/en\/wp-json\/wp\/v2\/products\/584\/revisions"}],"predecessor-version":[{"id":14169,"href":"https:\/\/aplv.21.edu.ar\/en\/wp-json\/wp\/v2\/products\/584\/revisions\/14169"}],"wp:attachment":[{"href":"https:\/\/aplv.21.edu.ar\/en\/wp-json\/wp\/v2\/media?parent=584"}],"wp:term":[{"taxonomy":"category","embeddable":true,"href":"https:\/\/aplv.21.edu.ar\/en\/wp-json\/wp\/v2\/categories?post=584"}],"curies":[{"name":"wp","href":"https:\/\/api.w.org\/{rel}","templated":true}]}}