{"id":664,"date":"2019-05-08T14:21:41","date_gmt":"2019-05-08T14:21:41","guid":{"rendered":"https:\/\/aplv.21.edu.ar\/product\/diplomatura-en-gestion-y-diseno-de-la-innovacion\/"},"modified":"2019-05-08T18:16:56","modified_gmt":"2019-05-08T18:16:56","slug":"diplomatura-en-gestion-y-diseno-de-la-innovacion","status":"publish","type":"product","link":"https:\/\/aplv.21.edu.ar\/en\/product\/diplomatura-en-gestion-y-diseno-de-la-innovacion\/","title":{"rendered":"DIPLOMATURA EN GESTI\u00d3N Y DISE\u00d1O DE LA INNOVACI\u00d3N"},"content":{"rendered":"<p>contenido<\/p>\n","protected":false},"excerpt":{"rendered":"<p>excerpt<\/p>\n","protected":false},"author":3,"featured_media":0,"comment_status":"open","ping_status":"closed","template":"","meta":{"_acf_changed":false,"footnotes":""},"categories":[27],"class_list":["post-664","product","type-product","status-publish","hentry","category-educacion-y-salud-en"],"acf":{"external_id":"405","precio":"17.421,25","cursos_que_lo_componen":false,"avalado_por":false,"precio_de_lista":"31.675,00","precio_en_cuotas":"","duracion_del_curso":"8 Meses","nivel_del_curso":"B\u00e1sico","dedicacion":"","modalidad":"- Elige -","contenido":"","docentes_expertos":false,"preguntas_frecuentes":false,"pdf_brochure":false,"hubspot_product_id":"","imagen_destacada":1379,"header_image":"https:\/\/static.capabiliaserver.com\/frontend\/clients\/cloud21\/wp_dev\/wp-content\/uploads\/2019\/05\/778ff636-diplomatura-en-gesti\u00d3n-y-dise\u00d1o-de-la-innovaci\u00d3n-educativa-hero.jpg","mostrar_form":false,"promocion_vigente":"","tipo_de_programa":"","titulo":""},"yoast_head":"<!-- This site is optimized with the Yoast SEO plugin v23.0 - https:\/\/yoast.com\/wordpress\/plugins\/seo\/ -->\n<title>DIPLOMATURA EN GESTI\u00d3N Y DISE\u00d1O DE LA INNOVACI\u00d3N - Siglo 21<\/title>\n<meta name=\"robots\" content=\"index, follow, max-snippet:-1, max-image-preview:large, max-video-preview:-1\" \/>\n<link rel=\"canonical\" href=\"https:\/\/aplv.21.edu.ar\/en\/product\/diplomatura-en-gestion-y-diseno-de-la-innovacion\/\" \/>\n<meta property=\"og:locale\" content=\"en_US\" \/>\n<meta property=\"og:type\" content=\"article\" \/>\n<meta property=\"og:title\" content=\"DIPLOMATURA EN GESTI\u00d3N Y DISE\u00d1O DE LA INNOVACI\u00d3N - Siglo 21\" \/>\n<meta property=\"og:description\" content=\"excerpt\" \/>\n<meta property=\"og:url\" content=\"https:\/\/aplv.21.edu.ar\/en\/product\/diplomatura-en-gestion-y-diseno-de-la-innovacion\/\" \/>\n<meta property=\"og:site_name\" content=\"Siglo 21\" \/>\n<meta property=\"article:modified_time\" content=\"2019-05-08T18:16:56+00:00\" \/>\n<meta name=\"twitter:card\" content=\"summary_large_image\" \/>\n<script type=\"application\/ld+json\" class=\"yoast-schema-graph\">{\"@context\":\"https:\/\/schema.org\",\"@graph\":[{\"@type\":\"WebPage\",\"@id\":\"https:\/\/aplv.21.edu.ar\/en\/product\/diplomatura-en-gestion-y-diseno-de-la-innovacion\/\",\"url\":\"https:\/\/aplv.21.edu.ar\/en\/product\/diplomatura-en-gestion-y-diseno-de-la-innovacion\/\",\"name\":\"DIPLOMATURA EN GESTI\u00d3N Y DISE\u00d1O DE LA INNOVACI\u00d3N - Siglo 21\",\"isPartOf\":{\"@id\":\"https:\/\/aplv.21.edu.ar\/#website\"},\"datePublished\":\"2019-05-08T14:21:41+00:00\",\"dateModified\":\"2019-05-08T18:16:56+00:00\",\"breadcrumb\":{\"@id\":\"https:\/\/aplv.21.edu.ar\/en\/product\/diplomatura-en-gestion-y-diseno-de-la-innovacion\/#breadcrumb\"},\"inLanguage\":\"en-US\",\"potentialAction\":[{\"@type\":\"ReadAction\",\"target\":[\"https:\/\/aplv.21.edu.ar\/en\/product\/diplomatura-en-gestion-y-diseno-de-la-innovacion\/\"]}]},{\"@type\":\"BreadcrumbList\",\"@id\":\"https:\/\/aplv.21.edu.ar\/en\/product\/diplomatura-en-gestion-y-diseno-de-la-innovacion\/#breadcrumb\",\"itemListElement\":[{\"@type\":\"ListItem\",\"position\":1,\"name\":\"Home\",\"item\":\"https:\/\/aplv.21.edu.ar\/\"},{\"@type\":\"ListItem\",\"position\":2,\"name\":\"Productos\",\"item\":\"https:\/\/aplv.21.edu.ar\/product\/\"},{\"@type\":\"ListItem\",\"position\":3,\"name\":\"DIPLOMATURA EN GESTI\u00d3N Y DISE\u00d1O DE LA INNOVACI\u00d3N\"}]},{\"@type\":\"WebSite\",\"@id\":\"https:\/\/aplv.21.edu.ar\/#website\",\"url\":\"https:\/\/aplv.21.edu.ar\/\",\"name\":\"Siglo 21\",\"description\":\"Siglo 21\",\"potentialAction\":[{\"@type\":\"SearchAction\",\"target\":{\"@type\":\"EntryPoint\",\"urlTemplate\":\"https:\/\/aplv.21.edu.ar\/?s={search_term_string}\"},\"query-input\":\"required name=search_term_string\"}],\"inLanguage\":\"en-US\"}]}<\/script>\n<!-- \/ Yoast SEO plugin. -->","yoast_head_json":{"title":"DIPLOMATURA EN GESTI\u00d3N Y DISE\u00d1O DE LA INNOVACI\u00d3N - Siglo 21","robots":{"index":"index","follow":"follow","max-snippet":"max-snippet:-1","max-image-preview":"max-image-preview:large","max-video-preview":"max-video-preview:-1"},"canonical":"https:\/\/aplv.21.edu.ar\/en\/product\/diplomatura-en-gestion-y-diseno-de-la-innovacion\/","og_locale":"en_US","og_type":"article","og_title":"DIPLOMATURA EN GESTI\u00d3N Y DISE\u00d1O DE LA INNOVACI\u00d3N - Siglo 21","og_description":"excerpt","og_url":"https:\/\/aplv.21.edu.ar\/en\/product\/diplomatura-en-gestion-y-diseno-de-la-innovacion\/","og_site_name":"Siglo 21","article_modified_time":"2019-05-08T18:16:56+00:00","twitter_card":"summary_large_image","schema":{"@context":"https:\/\/schema.org","@graph":[{"@type":"WebPage","@id":"https:\/\/aplv.21.edu.ar\/en\/product\/diplomatura-en-gestion-y-diseno-de-la-innovacion\/","url":"https:\/\/aplv.21.edu.ar\/en\/product\/diplomatura-en-gestion-y-diseno-de-la-innovacion\/","name":"DIPLOMATURA EN GESTI\u00d3N Y DISE\u00d1O DE LA INNOVACI\u00d3N - Siglo 21","isPartOf":{"@id":"https:\/\/aplv.21.edu.ar\/#website"},"datePublished":"2019-05-08T14:21:41+00:00","dateModified":"2019-05-08T18:16:56+00:00","breadcrumb":{"@id":"https:\/\/aplv.21.edu.ar\/en\/product\/diplomatura-en-gestion-y-diseno-de-la-innovacion\/#breadcrumb"},"inLanguage":"en-US","potentialAction":[{"@type":"ReadAction","target":["https:\/\/aplv.21.edu.ar\/en\/product\/diplomatura-en-gestion-y-diseno-de-la-innovacion\/"]}]},{"@type":"BreadcrumbList","@id":"https:\/\/aplv.21.edu.ar\/en\/product\/diplomatura-en-gestion-y-diseno-de-la-innovacion\/#breadcrumb","itemListElement":[{"@type":"ListItem","position":1,"name":"Home","item":"https:\/\/aplv.21.edu.ar\/"},{"@type":"ListItem","position":2,"name":"Productos","item":"https:\/\/aplv.21.edu.ar\/product\/"},{"@type":"ListItem","position":3,"name":"DIPLOMATURA EN GESTI\u00d3N Y DISE\u00d1O DE LA INNOVACI\u00d3N"}]},{"@type":"WebSite","@id":"https:\/\/aplv.21.edu.ar\/#website","url":"https:\/\/aplv.21.edu.ar\/","name":"Siglo 21","description":"Siglo 21","potentialAction":[{"@type":"SearchAction","target":{"@type":"EntryPoint","urlTemplate":"https:\/\/aplv.21.edu.ar\/?s={search_term_string}"},"query-input":"required name=search_term_string"}],"inLanguage":"en-US"}]}},"_links":{"self":[{"href":"https:\/\/aplv.21.edu.ar\/en\/wp-json\/wp\/v2\/products\/664"}],"collection":[{"href":"https:\/\/aplv.21.edu.ar\/en\/wp-json\/wp\/v2\/products"}],"about":[{"href":"https:\/\/aplv.21.edu.ar\/en\/wp-json\/wp\/v2\/types\/product"}],"author":[{"embeddable":true,"href":"https:\/\/aplv.21.edu.ar\/en\/wp-json\/wp\/v2\/users\/3"}],"replies":[{"embeddable":true,"href":"https:\/\/aplv.21.edu.ar\/en\/wp-json\/wp\/v2\/comments?post=664"}],"version-history":[{"count":5,"href":"https:\/\/aplv.21.edu.ar\/en\/wp-json\/wp\/v2\/products\/664\/revisions"}],"predecessor-version":[{"id":1386,"href":"https:\/\/aplv.21.edu.ar\/en\/wp-json\/wp\/v2\/products\/664\/revisions\/1386"}],"wp:attachment":[{"href":"https:\/\/aplv.21.edu.ar\/en\/wp-json\/wp\/v2\/media?parent=664"}],"wp:term":[{"taxonomy":"category","embeddable":true,"href":"https:\/\/aplv.21.edu.ar\/en\/wp-json\/wp\/v2\/categories?post=664"}],"curies":[{"name":"wp","href":"https:\/\/api.w.org\/{rel}","templated":true}]}}