{"id":684,"date":"2019-05-08T14:22:55","date_gmt":"2019-05-08T14:22:55","guid":{"rendered":"https:\/\/aplv.21.edu.ar\/product\/certificado-en-storytelling-y-brand-storytelling\/"},"modified":"2025-02-03T18:45:02","modified_gmt":"2025-02-03T18:45:02","slug":"certificado-en-storytelling-y-brand-storytelling","status":"publish","type":"product","link":"https:\/\/aplv.21.edu.ar\/en\/product\/certificado-en-storytelling-y-brand-storytelling\/","title":{"rendered":"CERTIFICADO EN STORYTELLING Y BRAND STORYTELLING"},"content":{"rendered":"<p>contenido<\/p>\n","protected":false},"excerpt":{"rendered":"<p>excerpt<\/p>\n","protected":false},"author":3,"featured_media":0,"comment_status":"open","ping_status":"closed","template":"","meta":{"_acf_changed":false,"footnotes":""},"categories":[21],"class_list":["post-684","product","type-product","status-publish","hentry","category-marketing-digital-en"],"acf":{"external_id":"410","precio":"536.757 ","cursos_que_lo_componen":[{"nombre_del_curso":"Las Bases del Storytelling","descripcion_del_curso":"<p>M\u00f3dulo 1: El Storytelling.<br \/>\nM\u00f3dulo 2: G\u00e9neros de Storytelling.<br \/>\nM\u00f3dulo 3: Elementos de la Forma en Storytelling.<br \/>\nM\u00f3dulo 4: Formatos de las Historias.<\/p>\n"},{"nombre_del_curso":"Metodolog\u00edas de Storytelling","descripcion_del_curso":"<p>M\u00f3dulo 1: Storytelling Canvas.<br \/>\nM\u00f3dulo 2: Insights del P\u00fablico.<br \/>\nM\u00f3dulo 3: Metodolog\u00eda de las Cajas.<br \/>\nM\u00f3dulo 4: Customer Journey.<\/p>\n"},{"nombre_del_curso":"Herramientas de Storytelling","descripcion_del_curso":"<p>M\u00f3dulo 1: Viaje del H\u00e9roe<br \/>\nM\u00f3dulo 2: Arquetipos, Desarrollo de Personajes, Conflictos y Resoluciones<br \/>\nM\u00f3dulo 3: Mitos y rituales<br \/>\nM\u00f3dulo 4: Buyer Persona<\/p>\n"},{"nombre_del_curso":"Brand Storytelling","descripcion_del_curso":"<p>M\u00f3dulo 1: Aplicaci\u00f3n de Storytelling a las Marcas.<br \/>\nM\u00f3dulo 2: Storytelling en Redes Sociales.<br \/>\nM\u00f3dulo 3: Storytelling Publicitario.<br \/>\nM\u00f3dulo 4: Plan de Storytelling y Content Marketing.<\/p>\n"}],"avalado_por":"https:\/\/static.capabiliaserver.com\/frontend\/clients\/cloud21\/wp_dev\/wp-content\/uploads\/2019\/05\/c05a73fa-logo_siglo_21.png","precio_de_lista":" 825.780 ","precio_en_cuotas":"Consultar descuento vigente","duracion_del_curso":"4 Meses","nivel_del_curso":"B\u00e1sico","dedicacion":"","modalidad":"100% Virtual","contenido":"<p>El Storytelling es una de las principales herramientas a la hora de vincularse con la audiencia objetivo en un entorno saturado como el actual, donde la atenci\u00f3n de los p\u00fablicos es el principal desaf\u00edo para las marcas a la hora de cautivarlos.<\/p>\n<p>En este Certificado revisaremos las bases del Storytelling como propuesta y disciplina, sus fundamentos y aplicaciones; as\u00ed como las herramientas que debemos trabajar para desarrollar un plan de Storytelling y las maneras de aplicarlo a una marca para el cumplimiento de sus objetivos estrat\u00e9gicos.<\/p>\n","docentes_expertos":false,"preguntas_frecuentes":[{"pregunta":"\u00bfCu\u00e1les son los requerimientos a nivel t\u00e9cnico que necesito para poder realizar un curso online de Cloud 21?","respuesta":"<p>Para cursar cualquiera de los programas educativos, comprendidos dentro de la oferta acad\u00e9mica de Cloud 21, todo alumno deber\u00e1,inexorablemente, cumplir con los siguientes postulados:<\/p>   <h5><strong>1. Notebook\/PC\/Dispositivo m\u00f3vil y acceso a internet<\/strong><\/h5> <p>El alumno deber\u00e1 disponer de cualquier tipo de dispositivo m\u00f3vil que detente conexi\u00f3n a internet con cualquiera de los siguientes ordenadores: Internet Explorer (versi\u00f3n 8 o superior), Mozilla Firefox, Google Chrome, Safari Opera corriendo sobre los sistemas operativos: Windows, Mac, OS, Tablet con iOS 4.2 (o superior), Tablet con Android 2.2 (o superior).<\/p>   <h5><strong>2. Aprobar el Certificado de validaci\u00f3n de identidad:<\/strong><\/h5> <p>Este consiste en una serie de preguntas acerca del contenido estudiado en cada uno de los cursos. El alumno dispondr\u00e1 de 10 minutos para realizarlo y dos intentos. Este examen cuenta con la integraci\u00f3n de RPNow\u00a9, software worldclass de control de identidad y supervisi\u00f3n remota de ex\u00e1menes en l\u00ednea. Una vez que el alumno env\u00ede los resultados de su examen, la grabaci\u00f3n de su sesi\u00f3n ser\u00e1 auditada para validar  la identidad  del titular del certificado y las condiciones bajo las cuales fue realizado, a fin de asegurar la transparencia  del proceso de Certificaci\u00f3n.<\/p>   <h5><strong>3. Personalizaci\u00f3n del curso: <\/strong><\/h5> <p>La adquisici\u00f3n de cualquier programa o servicio educativo que se encuentre comprendido dentro de la oferta acad\u00e9mica de Cloud 21, es \u00fanico e intransferible, debiendo ser efectuado \u00fanicamente por el alumno adquirente. Encontr\u00e1ndose completamente vedado todo tipo de derecho a uso o realizaci\u00f3n por parte de un tercero.<\/p>   <p><small><strong>NOTA:<\/strong> El incumplimiento de cualquiera de estos 3 (Tres) postulados por parte del alumno, adquiriente del servicio, podr\u00e1 traer aparejado la nulidad del proceso de formaci\u00f3n y su certificaci\u00f3n, en caso de que este, hubiese sido aprobado.<\/small><\/p>"}],"pdf_brochure":false,"hubspot_product_id":"","imagen_destacada":2666,"header_image":"https:\/\/static.capabiliaserver.com\/frontend\/clients\/cloud21\/wp_dev\/wp-content\/uploads\/2019\/05\/768b16a1-certificado-en-storytelling-y-brand-storytelling-hero.jpg","mostrar_form":false,"promocion_vigente":"","tipo_de_programa":"Programa de Aprendizaje para la Vida","titulo":"Certificado en Storytelling y Brand Storytelling"},"yoast_head":"<!-- This site is optimized with the Yoast SEO plugin v23.0 - https:\/\/yoast.com\/wordpress\/plugins\/seo\/ -->\n<title>CERTIFICADO EN STORYTELLING Y BRAND STORYTELLING - Siglo 21<\/title>\n<meta name=\"robots\" content=\"index, follow, max-snippet:-1, max-image-preview:large, max-video-preview:-1\" \/>\n<link rel=\"canonical\" href=\"https:\/\/aplv.21.edu.ar\/en\/product\/certificado-en-storytelling-y-brand-storytelling\/\" \/>\n<meta property=\"og:locale\" content=\"en_US\" \/>\n<meta property=\"og:type\" content=\"article\" \/>\n<meta property=\"og:title\" content=\"CERTIFICADO EN STORYTELLING Y BRAND STORYTELLING - Siglo 21\" \/>\n<meta property=\"og:description\" content=\"excerpt\" \/>\n<meta property=\"og:url\" content=\"https:\/\/aplv.21.edu.ar\/en\/product\/certificado-en-storytelling-y-brand-storytelling\/\" \/>\n<meta property=\"og:site_name\" content=\"Siglo 21\" \/>\n<meta property=\"article:modified_time\" content=\"2025-02-03T18:45:02+00:00\" \/>\n<meta name=\"twitter:card\" content=\"summary_large_image\" \/>\n<meta name=\"twitter:label1\" content=\"Est. reading time\" \/>\n\t<meta name=\"twitter:data1\" content=\"1 minute\" \/>\n<script type=\"application\/ld+json\" class=\"yoast-schema-graph\">{\"@context\":\"https:\/\/schema.org\",\"@graph\":[{\"@type\":\"WebPage\",\"@id\":\"https:\/\/aplv.21.edu.ar\/en\/product\/certificado-en-storytelling-y-brand-storytelling\/\",\"url\":\"https:\/\/aplv.21.edu.ar\/en\/product\/certificado-en-storytelling-y-brand-storytelling\/\",\"name\":\"CERTIFICADO EN STORYTELLING Y BRAND STORYTELLING - Siglo 21\",\"isPartOf\":{\"@id\":\"https:\/\/aplv.21.edu.ar\/#website\"},\"datePublished\":\"2019-05-08T14:22:55+00:00\",\"dateModified\":\"2025-02-03T18:45:02+00:00\",\"breadcrumb\":{\"@id\":\"https:\/\/aplv.21.edu.ar\/en\/product\/certificado-en-storytelling-y-brand-storytelling\/#breadcrumb\"},\"inLanguage\":\"en-US\",\"potentialAction\":[{\"@type\":\"ReadAction\",\"target\":[\"https:\/\/aplv.21.edu.ar\/en\/product\/certificado-en-storytelling-y-brand-storytelling\/\"]}]},{\"@type\":\"BreadcrumbList\",\"@id\":\"https:\/\/aplv.21.edu.ar\/en\/product\/certificado-en-storytelling-y-brand-storytelling\/#breadcrumb\",\"itemListElement\":[{\"@type\":\"ListItem\",\"position\":1,\"name\":\"Home\",\"item\":\"https:\/\/aplv.21.edu.ar\/\"},{\"@type\":\"ListItem\",\"position\":2,\"name\":\"Productos\",\"item\":\"https:\/\/aplv.21.edu.ar\/product\/\"},{\"@type\":\"ListItem\",\"position\":3,\"name\":\"CERTIFICADO EN STORYTELLING Y BRAND STORYTELLING\"}]},{\"@type\":\"WebSite\",\"@id\":\"https:\/\/aplv.21.edu.ar\/#website\",\"url\":\"https:\/\/aplv.21.edu.ar\/\",\"name\":\"Siglo 21\",\"description\":\"Siglo 21\",\"potentialAction\":[{\"@type\":\"SearchAction\",\"target\":{\"@type\":\"EntryPoint\",\"urlTemplate\":\"https:\/\/aplv.21.edu.ar\/?s={search_term_string}\"},\"query-input\":\"required name=search_term_string\"}],\"inLanguage\":\"en-US\"}]}<\/script>\n<!-- \/ Yoast SEO plugin. -->","yoast_head_json":{"title":"CERTIFICADO EN STORYTELLING Y BRAND STORYTELLING - Siglo 21","robots":{"index":"index","follow":"follow","max-snippet":"max-snippet:-1","max-image-preview":"max-image-preview:large","max-video-preview":"max-video-preview:-1"},"canonical":"https:\/\/aplv.21.edu.ar\/en\/product\/certificado-en-storytelling-y-brand-storytelling\/","og_locale":"en_US","og_type":"article","og_title":"CERTIFICADO EN STORYTELLING Y BRAND STORYTELLING - Siglo 21","og_description":"excerpt","og_url":"https:\/\/aplv.21.edu.ar\/en\/product\/certificado-en-storytelling-y-brand-storytelling\/","og_site_name":"Siglo 21","article_modified_time":"2025-02-03T18:45:02+00:00","twitter_card":"summary_large_image","twitter_misc":{"Est. reading time":"1 minute"},"schema":{"@context":"https:\/\/schema.org","@graph":[{"@type":"WebPage","@id":"https:\/\/aplv.21.edu.ar\/en\/product\/certificado-en-storytelling-y-brand-storytelling\/","url":"https:\/\/aplv.21.edu.ar\/en\/product\/certificado-en-storytelling-y-brand-storytelling\/","name":"CERTIFICADO EN STORYTELLING Y BRAND STORYTELLING - Siglo 21","isPartOf":{"@id":"https:\/\/aplv.21.edu.ar\/#website"},"datePublished":"2019-05-08T14:22:55+00:00","dateModified":"2025-02-03T18:45:02+00:00","breadcrumb":{"@id":"https:\/\/aplv.21.edu.ar\/en\/product\/certificado-en-storytelling-y-brand-storytelling\/#breadcrumb"},"inLanguage":"en-US","potentialAction":[{"@type":"ReadAction","target":["https:\/\/aplv.21.edu.ar\/en\/product\/certificado-en-storytelling-y-brand-storytelling\/"]}]},{"@type":"BreadcrumbList","@id":"https:\/\/aplv.21.edu.ar\/en\/product\/certificado-en-storytelling-y-brand-storytelling\/#breadcrumb","itemListElement":[{"@type":"ListItem","position":1,"name":"Home","item":"https:\/\/aplv.21.edu.ar\/"},{"@type":"ListItem","position":2,"name":"Productos","item":"https:\/\/aplv.21.edu.ar\/product\/"},{"@type":"ListItem","position":3,"name":"CERTIFICADO EN STORYTELLING Y BRAND STORYTELLING"}]},{"@type":"WebSite","@id":"https:\/\/aplv.21.edu.ar\/#website","url":"https:\/\/aplv.21.edu.ar\/","name":"Siglo 21","description":"Siglo 21","potentialAction":[{"@type":"SearchAction","target":{"@type":"EntryPoint","urlTemplate":"https:\/\/aplv.21.edu.ar\/?s={search_term_string}"},"query-input":"required name=search_term_string"}],"inLanguage":"en-US"}]}},"idiomas":{"en":684,"es":683},"_links":{"self":[{"href":"https:\/\/aplv.21.edu.ar\/en\/wp-json\/wp\/v2\/products\/684"}],"collection":[{"href":"https:\/\/aplv.21.edu.ar\/en\/wp-json\/wp\/v2\/products"}],"about":[{"href":"https:\/\/aplv.21.edu.ar\/en\/wp-json\/wp\/v2\/types\/product"}],"author":[{"embeddable":true,"href":"https:\/\/aplv.21.edu.ar\/en\/wp-json\/wp\/v2\/users\/3"}],"replies":[{"embeddable":true,"href":"https:\/\/aplv.21.edu.ar\/en\/wp-json\/wp\/v2\/comments?post=684"}],"version-history":[{"count":5,"href":"https:\/\/aplv.21.edu.ar\/en\/wp-json\/wp\/v2\/products\/684\/revisions"}],"predecessor-version":[{"id":14011,"href":"https:\/\/aplv.21.edu.ar\/en\/wp-json\/wp\/v2\/products\/684\/revisions\/14011"}],"wp:attachment":[{"href":"https:\/\/aplv.21.edu.ar\/en\/wp-json\/wp\/v2\/media?parent=684"}],"wp:term":[{"taxonomy":"category","embeddable":true,"href":"https:\/\/aplv.21.edu.ar\/en\/wp-json\/wp\/v2\/categories?post=684"}],"curies":[{"name":"wp","href":"https:\/\/api.w.org\/{rel}","templated":true}]}}