{"id":7100,"date":"2023-03-29T17:12:17","date_gmt":"2023-03-29T17:12:17","guid":{"rendered":"https:\/\/aplv.21.edu.ar\/?post_type=product&#038;p=7100"},"modified":"2024-12-09T17:34:57","modified_gmt":"2024-12-09T17:34:57","slug":"diplomatura-en-gestion-de-la-comunicacion-interna-cultura-y-transformacion","status":"publish","type":"product","link":"https:\/\/aplv.21.edu.ar\/en\/product\/diplomatura-en-gestion-de-la-comunicacion-interna-cultura-y-transformacion\/","title":{"rendered":"DIPLOMATURA EN GESTI\u00d3N DE LA COMUNICACI\u00d3N INTERNA. CULTURA Y TRANSFORMACI\u00d3N"},"content":{"rendered":"<p>contenido<\/p>\n","protected":false},"excerpt":{"rendered":"<p>excerpt<\/p>\n","protected":false},"author":3,"featured_media":0,"comment_status":"open","ping_status":"closed","template":"","meta":{"_acf_changed":false,"footnotes":""},"categories":[11],"class_list":["post-7100","product","type-product","status-publish","hentry","category-desarrollo-profesional-en"],"acf":{"external_id":"1902","precio":"753.336 ","impartido_en":["es","en"],"hubspot_product_id":"1850361352","imagen_destacada":7262,"header_image":"https:\/\/static.capabiliaserver.com\/frontend\/clients\/cloud21\/wp_prod\/wp-content\/uploads\/2023\/03\/ad070afa-header-1-1-1.png","precio_en_cuotas":"","precio_de_lista":"1.255.560 ","mostrar_form":true,"promocion_vigente":"","duracion_del_curso":"8 meses","tipo_de_programa":"Diplomado","nivel_del_curso":"B\u00e1sico","modalidad":"Online","dedicacion":"","titulo":"DIPLOMATURA EN GESTI\u00d3N DE LA COMUNICACI\u00d3N INTERNA. CULTURA Y TRANSFORMACI\u00d3N","contenido":"<p><span data-sheets-value=\"{&quot;1&quot;:2,&quot;2&quot;:&quot;En muchas empresas la comunicaci\u00f3n interna se implementa bajo recetas generales que pueden resultar innovadoras en un primer momento, pocas conducen a procesos de transformaci\u00f3n que enriquezcan a la organizaci\u00f3n y sus miembros.\\r\\nEn este sentido, la propuesta de formaci\u00f3n se sostiene sobre la convicci\u00f3n de hacer un abordaje de las organizaciones desde una perspectiva cultural. Esta mirada se nutre originalmente de estudios de comunicaci\u00f3n que destacan la importancia de mirar las tramas sociales para pensar en las dimensiones comunicacionales, el poder, las tensiones, los consensos y sentidos. Pero adem\u00e1s, actualiza esta perspectiva comprendiendo los procesos vertiginosos de socializaci\u00f3n, conexi\u00f3n y mutaci\u00f3n que caracterizan al tiempo actual y c\u00f3mo las organizaciones deben transformarse en la medida en que sus integrantes van modificando sus pr\u00e1cticas cotidianas. \\r\\nHablamos de un proceso de hiperconexi\u00f3n, que puede traducirse en lo que Carlos Scolari ha denominado Hipermediaciones \u201cprocesos de intercambio, producci\u00f3n y consumo simb\u00f3lico que se desarrollan en un entorno caracterizado por una gran cantidad de sujetos, medios y lenguajes tecnol\u00f3gicamente de manera reticular entre s\u00ed\u201d. Estos procesos de intercambio y conexi\u00f3n permanente, lejos de estandarizar pr\u00e1cticas e identidades, fomentan la proliferaci\u00f3n de particularidades, alientan la microsegmentaci\u00f3n y, por lo tanto, proponen un escenario de singularidades en las organizaciones. Pr\u00e1cticas espec\u00edficas, identidades colectivas en mutaci\u00f3n permanente y redes de di\u00e1logo m\u00faltiples y altamente fluctuantes.\\r\\nEste contexto demanda la formaci\u00f3n de profesionales de la comunicaci\u00f3n que puedan estar atentos a las aristas particulares y espec\u00edficas de cada organizaci\u00f3n, a su clima interno, especialmente marcado por la cultura. La cultura organizacional es el marco interpretativo, el eje fundamental para ver cu\u00e1les son las caracter\u00edsticas de la organizaci\u00f3n a la hora de llevar a cabo un diagn\u00f3stico de la misma. El diagn\u00f3stico de comunicaci\u00f3n es la base necesaria para plantear estrategias de comunicaci\u00f3n que no resulten recetas \u00fanicas y estancas sino adaptadas a cada situaci\u00f3n particular, es decir acordes a las necesidades y objetivos de la organizaci\u00f3n.\\r&quot;}\" data-sheets-userformat=\"{&quot;2&quot;:4993,&quot;3&quot;:{&quot;1&quot;:0},&quot;10&quot;:0,&quot;11&quot;:4,&quot;12&quot;:0,&quot;15&quot;:&quot;Arial&quot;}\">En muchas empresas la comunicaci\u00f3n interna se implementa bajo recetas generales que pueden resultar innovadoras en un primer momento, pocas conducen a procesos de transformaci\u00f3n que enriquezcan a la organizaci\u00f3n y sus miembros.<br \/>\nEn este sentido, la propuesta de formaci\u00f3n se sostiene sobre la convicci\u00f3n de hacer un abordaje de las organizaciones desde una perspectiva cultural. Esta mirada se nutre originalmente de estudios de comunicaci\u00f3n que destacan la importancia de mirar las tramas sociales para pensar en las dimensiones comunicacionales, el poder, las tensiones, los consensos y sentidos. Pero adem\u00e1s, actualiza esta perspectiva comprendiendo los procesos vertiginosos de socializaci\u00f3n, conexi\u00f3n y mutaci\u00f3n que caracterizan al tiempo actual y c\u00f3mo las organizaciones deben transformarse en la medida en que sus integrantes van modificando sus pr\u00e1cticas cotidianas.<br \/>\nHablamos de un proceso de hiperconexi\u00f3n, que puede traducirse en lo que Carlos Scolari ha denominado Hipermediaciones \u201cprocesos de intercambio, producci\u00f3n y consumo simb\u00f3lico que se desarrollan en un entorno caracterizado por una gran cantidad de sujetos, medios y lenguajes tecnol\u00f3gicamente de manera reticular entre s\u00ed\u201d. Estos procesos de intercambio y conexi\u00f3n permanente, lejos de estandarizar pr\u00e1cticas e identidades, fomentan la proliferaci\u00f3n de particularidades, alientan la microsegmentaci\u00f3n y, por lo tanto, proponen un escenario de singularidades en las organizaciones. Pr\u00e1cticas espec\u00edficas, identidades colectivas en mutaci\u00f3n permanente y redes de di\u00e1logo m\u00faltiples y altamente fluctuantes.<br \/>\nEste contexto demanda la formaci\u00f3n de profesionales de la comunicaci\u00f3n que puedan estar atentos a las aristas particulares y espec\u00edficas de cada organizaci\u00f3n, a su clima interno, especialmente marcado por la cultura. La cultura organizacional es el marco interpretativo, el eje fundamental para ver cu\u00e1les son las caracter\u00edsticas de la organizaci\u00f3n a la hora de llevar a cabo un diagn\u00f3stico de la misma. El diagn\u00f3stico de comunicaci\u00f3n es la base necesaria para plantear estrategias de comunicaci\u00f3n que no resulten recetas \u00fanicas y estancas sino adaptadas a cada situaci\u00f3n particular, es decir acordes a las necesidades y objetivos de la organizaci\u00f3n. <\/span><\/p>\n","avalado_por":"https:\/\/static.capabiliaserver.com\/frontend\/clients\/cloud21\/wp_prod\/wp-content\/uploads\/2023\/03\/15581fcb-abcom_logo-1.png","pdf_brochure":false,"cursos_que_lo_componen":[{"nombre_del_curso":"Comunicaci\u00f3n interna en organizaciones","descripcion_del_curso":"<p>M\u00f3dulo 1. Distintos tipos de organizaciones: instituciones, empresas y organizaciones<br \/>\nM\u00f3dulo 2. Particularidades y aspectos distintivos<br \/>\nM\u00f3dulo 3. Rol del comunicador<br \/>\nM\u00f3dulo 4.  Por qu\u00e9 gestionar la comunicaci\u00f3n interna<\/p>\n"},{"nombre_del_curso":"Diagn\u00f3stico en comunicaci\u00f3n interna","descripcion_del_curso":"<p>M\u00f3dulo 1. Aspectos b\u00e1sicos de un diagn\u00f3stico comunicacional<br \/>\nM\u00f3dulo 2. Conversaciones como trama de discursiva - canales<br \/>\nM\u00f3dulo 3. Organizaciones y su universo simb\u00f3lico<br \/>\nM\u00f3dulo 4. Relevamientos<\/p>\n"},{"nombre_del_curso":"Comunicaci\u00f3n, cultura, identidad e imagen de las organizaciones","descripcion_del_curso":"<p>M\u00f3dulo 1. Cultura organizacional - Qu\u00e9 es y c\u00f3mo se constituye<br \/>\n M\u00f3dulo 2. Caracter\u00edsticas culturales de las organizaciones postmodernas<br \/>\n M\u00f3dulo 3. Transformaciones culturales en organizaciones<br \/>\n M\u00f3dulo 4. Caracter\u00edsticas y tipos de liderazgos<\/p>\n"},{"nombre_del_curso":"Gesti\u00f3n de la comunicaci\u00f3n interna en organizaciones","descripcion_del_curso":"<p>M\u00f3dulo 1. Conceptos clave de comunicaci\u00f3n interna<br \/>\nM\u00f3dulo 2. Beneficios, alcances y limitaciones<br \/>\nM\u00f3dulo 3. La comunicaci\u00f3n como herramienta de transformaci\u00f3n de la cultura<br \/>\nM\u00f3dulo 4. Nuevas tecnolog\u00edas e hipermediaciones<\/p>\n"},{"nombre_del_curso":"Estrategias de comunicaci\u00f3n","descripcion_del_curso":"<p>M\u00f3dulo 1. Implicancias de la gesti\u00f3n del cambio<br \/>\nM\u00f3dulo 2. Construcci\u00f3n de una estrategia comunicacional<br \/>\nM\u00f3dulo 3. Universos estrat\u00e9gicos de productos comunicacionales<br \/>\nM\u00f3dulo 4. Recepci\u00f3n, sentidos y eficacia<\/p>\n"},{"nombre_del_curso":"Marca empleadora","descripcion_del_curso":"<p>M\u00f3dulo 1. Valores, cultura y oportunidades<br \/>\nM\u00f3dulo 2. Discurso corporativo<br \/>\nM\u00f3dulo 3. Gesti\u00f3n de la marca empleadora<br \/>\nM\u00f3dulo 4. Storytelling y mindset<\/p>\n"},{"nombre_del_curso":"Implementaci\u00f3n de planes de comunicaci\u00f3n interna","descripcion_del_curso":"<p>M\u00f3dulo 1. Claves para el \u00e9xito<br \/>\nM\u00f3dulo 2. Resistencia al cambio<br \/>\nM\u00f3dulo 3. Lo humano en el centro de la escena<br \/>\nM\u00f3dulo 4. Nuevas pr\u00e1cticas tecnol\u00f3gicas<\/p>\n"},{"nombre_del_curso":"Medici\u00f3n de resultados para la evaluaci\u00f3n de un plan de comunicaci\u00f3n interna","descripcion_del_curso":"<p>M\u00f3dulo 1. An\u00e1lisis de metas y objetivos<br \/>\nM\u00f3dulo 2. Aspectos cualitativos y cuantitativos<br \/>\nM\u00f3dulo 3. El proceso dial\u00e9ctico: tesis, ant\u00edtesis y s\u00edntesis<br \/>\nM\u00f3dulo 4. Evaluaci\u00f3n de procesos y elaboraci\u00f3n de conclusiones<\/p>\n"}],"preguntas_frecuentes":false,"docentes_expertos":false},"yoast_head":"<!-- This site is optimized with the Yoast SEO plugin v23.0 - https:\/\/yoast.com\/wordpress\/plugins\/seo\/ -->\n<title>DIPLOMATURA EN GESTI\u00d3N DE LA COMUNICACI\u00d3N INTERNA. CULTURA Y TRANSFORMACI\u00d3N - Siglo 21<\/title>\n<meta name=\"robots\" content=\"index, follow, max-snippet:-1, max-image-preview:large, max-video-preview:-1\" \/>\n<link rel=\"canonical\" href=\"https:\/\/aplv.21.edu.ar\/en\/product\/diplomatura-en-gestion-de-la-comunicacion-interna-cultura-y-transformacion\/\" \/>\n<meta property=\"og:locale\" content=\"en_US\" \/>\n<meta property=\"og:type\" content=\"article\" \/>\n<meta property=\"og:title\" content=\"DIPLOMATURA EN GESTI\u00d3N DE LA COMUNICACI\u00d3N INTERNA. CULTURA Y TRANSFORMACI\u00d3N - Siglo 21\" \/>\n<meta property=\"og:description\" content=\"excerpt\" \/>\n<meta property=\"og:url\" content=\"https:\/\/aplv.21.edu.ar\/en\/product\/diplomatura-en-gestion-de-la-comunicacion-interna-cultura-y-transformacion\/\" \/>\n<meta property=\"og:site_name\" content=\"Siglo 21\" \/>\n<meta property=\"article:modified_time\" content=\"2024-12-09T17:34:57+00:00\" \/>\n<meta name=\"twitter:card\" content=\"summary_large_image\" \/>\n<meta name=\"twitter:label1\" content=\"Est. reading time\" \/>\n\t<meta name=\"twitter:data1\" content=\"1 minute\" \/>\n<script type=\"application\/ld+json\" class=\"yoast-schema-graph\">{\"@context\":\"https:\/\/schema.org\",\"@graph\":[{\"@type\":\"WebPage\",\"@id\":\"https:\/\/aplv.21.edu.ar\/en\/product\/diplomatura-en-gestion-de-la-comunicacion-interna-cultura-y-transformacion\/\",\"url\":\"https:\/\/aplv.21.edu.ar\/en\/product\/diplomatura-en-gestion-de-la-comunicacion-interna-cultura-y-transformacion\/\",\"name\":\"DIPLOMATURA EN GESTI\u00d3N DE LA COMUNICACI\u00d3N INTERNA. CULTURA Y TRANSFORMACI\u00d3N - Siglo 21\",\"isPartOf\":{\"@id\":\"https:\/\/aplv.21.edu.ar\/#website\"},\"datePublished\":\"2023-03-29T17:12:17+00:00\",\"dateModified\":\"2024-12-09T17:34:57+00:00\",\"breadcrumb\":{\"@id\":\"https:\/\/aplv.21.edu.ar\/en\/product\/diplomatura-en-gestion-de-la-comunicacion-interna-cultura-y-transformacion\/#breadcrumb\"},\"inLanguage\":\"en-US\",\"potentialAction\":[{\"@type\":\"ReadAction\",\"target\":[\"https:\/\/aplv.21.edu.ar\/en\/product\/diplomatura-en-gestion-de-la-comunicacion-interna-cultura-y-transformacion\/\"]}]},{\"@type\":\"BreadcrumbList\",\"@id\":\"https:\/\/aplv.21.edu.ar\/en\/product\/diplomatura-en-gestion-de-la-comunicacion-interna-cultura-y-transformacion\/#breadcrumb\",\"itemListElement\":[{\"@type\":\"ListItem\",\"position\":1,\"name\":\"Home\",\"item\":\"https:\/\/aplv.21.edu.ar\/\"},{\"@type\":\"ListItem\",\"position\":2,\"name\":\"Productos\",\"item\":\"https:\/\/aplv.21.edu.ar\/product\/\"},{\"@type\":\"ListItem\",\"position\":3,\"name\":\"DIPLOMATURA EN GESTI\u00d3N DE LA COMUNICACI\u00d3N INTERNA. CULTURA Y TRANSFORMACI\u00d3N\"}]},{\"@type\":\"WebSite\",\"@id\":\"https:\/\/aplv.21.edu.ar\/#website\",\"url\":\"https:\/\/aplv.21.edu.ar\/\",\"name\":\"Siglo 21\",\"description\":\"Siglo 21\",\"potentialAction\":[{\"@type\":\"SearchAction\",\"target\":{\"@type\":\"EntryPoint\",\"urlTemplate\":\"https:\/\/aplv.21.edu.ar\/?s={search_term_string}\"},\"query-input\":\"required name=search_term_string\"}],\"inLanguage\":\"en-US\"}]}<\/script>\n<!-- \/ Yoast SEO plugin. -->","yoast_head_json":{"title":"DIPLOMATURA EN GESTI\u00d3N DE LA COMUNICACI\u00d3N INTERNA. CULTURA Y TRANSFORMACI\u00d3N - Siglo 21","robots":{"index":"index","follow":"follow","max-snippet":"max-snippet:-1","max-image-preview":"max-image-preview:large","max-video-preview":"max-video-preview:-1"},"canonical":"https:\/\/aplv.21.edu.ar\/en\/product\/diplomatura-en-gestion-de-la-comunicacion-interna-cultura-y-transformacion\/","og_locale":"en_US","og_type":"article","og_title":"DIPLOMATURA EN GESTI\u00d3N DE LA COMUNICACI\u00d3N INTERNA. CULTURA Y TRANSFORMACI\u00d3N - Siglo 21","og_description":"excerpt","og_url":"https:\/\/aplv.21.edu.ar\/en\/product\/diplomatura-en-gestion-de-la-comunicacion-interna-cultura-y-transformacion\/","og_site_name":"Siglo 21","article_modified_time":"2024-12-09T17:34:57+00:00","twitter_card":"summary_large_image","twitter_misc":{"Est. reading time":"1 minute"},"schema":{"@context":"https:\/\/schema.org","@graph":[{"@type":"WebPage","@id":"https:\/\/aplv.21.edu.ar\/en\/product\/diplomatura-en-gestion-de-la-comunicacion-interna-cultura-y-transformacion\/","url":"https:\/\/aplv.21.edu.ar\/en\/product\/diplomatura-en-gestion-de-la-comunicacion-interna-cultura-y-transformacion\/","name":"DIPLOMATURA EN GESTI\u00d3N DE LA COMUNICACI\u00d3N INTERNA. CULTURA Y TRANSFORMACI\u00d3N - Siglo 21","isPartOf":{"@id":"https:\/\/aplv.21.edu.ar\/#website"},"datePublished":"2023-03-29T17:12:17+00:00","dateModified":"2024-12-09T17:34:57+00:00","breadcrumb":{"@id":"https:\/\/aplv.21.edu.ar\/en\/product\/diplomatura-en-gestion-de-la-comunicacion-interna-cultura-y-transformacion\/#breadcrumb"},"inLanguage":"en-US","potentialAction":[{"@type":"ReadAction","target":["https:\/\/aplv.21.edu.ar\/en\/product\/diplomatura-en-gestion-de-la-comunicacion-interna-cultura-y-transformacion\/"]}]},{"@type":"BreadcrumbList","@id":"https:\/\/aplv.21.edu.ar\/en\/product\/diplomatura-en-gestion-de-la-comunicacion-interna-cultura-y-transformacion\/#breadcrumb","itemListElement":[{"@type":"ListItem","position":1,"name":"Home","item":"https:\/\/aplv.21.edu.ar\/"},{"@type":"ListItem","position":2,"name":"Productos","item":"https:\/\/aplv.21.edu.ar\/product\/"},{"@type":"ListItem","position":3,"name":"DIPLOMATURA EN GESTI\u00d3N DE LA COMUNICACI\u00d3N INTERNA. CULTURA Y TRANSFORMACI\u00d3N"}]},{"@type":"WebSite","@id":"https:\/\/aplv.21.edu.ar\/#website","url":"https:\/\/aplv.21.edu.ar\/","name":"Siglo 21","description":"Siglo 21","potentialAction":[{"@type":"SearchAction","target":{"@type":"EntryPoint","urlTemplate":"https:\/\/aplv.21.edu.ar\/?s={search_term_string}"},"query-input":"required name=search_term_string"}],"inLanguage":"en-US"}]}},"idiomas":{"en":7100,"es":7099},"_links":{"self":[{"href":"https:\/\/aplv.21.edu.ar\/en\/wp-json\/wp\/v2\/products\/7100"}],"collection":[{"href":"https:\/\/aplv.21.edu.ar\/en\/wp-json\/wp\/v2\/products"}],"about":[{"href":"https:\/\/aplv.21.edu.ar\/en\/wp-json\/wp\/v2\/types\/product"}],"author":[{"embeddable":true,"href":"https:\/\/aplv.21.edu.ar\/en\/wp-json\/wp\/v2\/users\/3"}],"replies":[{"embeddable":true,"href":"https:\/\/aplv.21.edu.ar\/en\/wp-json\/wp\/v2\/comments?post=7100"}],"version-history":[{"count":5,"href":"https:\/\/aplv.21.edu.ar\/en\/wp-json\/wp\/v2\/products\/7100\/revisions"}],"predecessor-version":[{"id":12354,"href":"https:\/\/aplv.21.edu.ar\/en\/wp-json\/wp\/v2\/products\/7100\/revisions\/12354"}],"wp:attachment":[{"href":"https:\/\/aplv.21.edu.ar\/en\/wp-json\/wp\/v2\/media?parent=7100"}],"wp:term":[{"taxonomy":"category","embeddable":true,"href":"https:\/\/aplv.21.edu.ar\/en\/wp-json\/wp\/v2\/categories?post=7100"}],"curies":[{"name":"wp","href":"https:\/\/api.w.org\/{rel}","templated":true}]}}