{"id":8478,"date":"2023-06-05T18:45:22","date_gmt":"2023-06-05T18:45:22","guid":{"rendered":"https:\/\/aplv.21.edu.ar\/?post_type=product&#038;p=8478"},"modified":"2024-12-09T14:24:54","modified_gmt":"2024-12-09T14:24:54","slug":"curso-neurociencia-aplicada-al-bienestar-en-enfermeria","status":"publish","type":"product","link":"https:\/\/aplv.21.edu.ar\/en\/product\/curso-neurociencia-aplicada-al-bienestar-en-enfermeria\/","title":{"rendered":"Curso: Neurociencia Aplicada al Bienestar en Enfermer\u00eda"},"content":{"rendered":"<p>contenido<\/p>\n","protected":false},"excerpt":{"rendered":"<p>excerpt<\/p>\n","protected":false},"author":3,"featured_media":0,"comment_status":"open","ping_status":"closed","template":"","meta":{"_acf_changed":false,"footnotes":""},"categories":[11],"class_list":["post-8478","product","type-product","status-publish","hentry","category-desarrollo-profesional-en"],"acf":{"external_id":"1931","precio":"124.200 ","impartido_en":["es","en"],"hubspot_product_id":"","imagen_destacada":8695,"header_image":"https:\/\/static.capabiliaserver.com\/frontend\/clients\/cloud21\/wp_prod\/wp-content\/uploads\/2023\/05\/c6765162-header-4-5.png","precio_en_cuotas":"","precio_de_lista":" 207.000 ","mostrar_form":false,"promocion_vigente":"","duracion_del_curso":"1 mes","tipo_de_programa":"Curso","nivel_del_curso":"B\u00e1sico","modalidad":"Online","dedicacion":"6\/8 horas","titulo":"Curso: Neurociencia Aplicada al Bienestar en Enfermer\u00eda","contenido":"<p><span data-sheets-value=\"{&quot;1&quot;:2,&quot;2&quot;:&quot;La salud es un estado fundamental para poder tener un buena performance en el trabajo. Es particularmente necesario que los enfermeros\/as se cuiden y se protejan a s\u00ed mismos, para poder asistir apropiadamente a los dem\u00e1s.\\r\\n\\r\\nMediante la introducci\u00f3n a la neurociencia, este curso ofrece a los enfermeros\/as la posibilidad de entrenar su mente para lograr que \u00e9sta, trabaje en favor de su salud. Quienes realicen este curso, como promotores de salud, podr\u00e1n luego transmitir esas habilidades a otras personas bajo su cuidado y siguiendo el modelo y teor\u00eda de la salutog\u00e9nesis.\\r\\n\\r\\nLa neurociencia brinda informaci\u00f3n y herramientas para el desarrollo de habilidades que permiten que la mente se convierta en el mejor aliado para tomar las decisiones adecuadas. \\r\\n\\r\\nLa neurobiolog\u00eda por su parte, permite que la cognici\u00f3n y la conducta humana est\u00e9n al servicio de estos procesos, como estrategia fundamental para la salud, el bienestar y la calidad de vida. \\r&quot;}\" data-sheets-userformat=\"{&quot;2&quot;:961,&quot;3&quot;:{&quot;1&quot;:0},&quot;9&quot;:0,&quot;10&quot;:0,&quot;11&quot;:4,&quot;12&quot;:0}\">La salud es un estado fundamental para poder tener un buena performance en el trabajo. Es particularmente necesario que los enfermeros\/as se cuiden y se protejan a s\u00ed mismos, para poder asistir apropiadamente a los dem\u00e1s.<\/span><\/p>\n<p>Mediante la introducci\u00f3n a la neurociencia, este curso ofrece a los enfermeros\/as la posibilidad de entrenar su mente para lograr que \u00e9sta, trabaje en favor de su salud. Quienes realicen este curso, como promotores de salud, podr\u00e1n luego transmitir esas habilidades a otras personas bajo su cuidado y siguiendo el modelo y teor\u00eda de la salutog\u00e9nesis.<\/p>\n<p>La neurociencia brinda informaci\u00f3n y herramientas para el desarrollo de habilidades que permiten que la mente se convierta en el mejor aliado para tomar las decisiones adecuadas.<\/p>\n<p>La neurobiolog\u00eda por su parte, permite que la cognici\u00f3n y la conducta humana est\u00e9n al servicio de estos procesos, como estrategia fundamental para la salud, el bienestar y la calidad de vida.<\/p>\n","avalado_por":false,"pdf_brochure":false,"cursos_que_lo_componen":[{"nombre_del_curso":"Neurociencia aplicada al bienestar en enfermer\u00eda","descripcion_del_curso":"<p>M\u00f3dulo 1: Introducci\u00f3n a la neurociencia, su historia, sus alcances (y mitos), sus tecnolog\u00edas.<br \/>\nM\u00f3dulo 2: Percepci\u00f3n. Salud percibida. Ausencia de percepci\u00f3n vs percepci\u00f3n de s\u00edntomas y dolor.<br \/>\nM\u00f3dulo 3: Aprendizaje y memoria, sesgos cognitivos\/toma de decisiones.<br \/>\nM\u00f3dulo 4: Emociones. Motivaciones conflictivas (placer-displacer). Percepci\u00f3n de riesgo y conducta saludable.<\/p>\n"}],"preguntas_frecuentes":false,"docentes_expertos":[{"foto":false,"nombre_del_docente":"Dr. Javier Naveros","descripcion_del_docente":"","enlace":""}]},"yoast_head":"<!-- This site is optimized with the Yoast SEO plugin v23.0 - https:\/\/yoast.com\/wordpress\/plugins\/seo\/ -->\n<title>Curso: Neurociencia Aplicada al Bienestar en Enfermer\u00eda - Siglo 21<\/title>\n<meta name=\"robots\" content=\"index, follow, max-snippet:-1, max-image-preview:large, max-video-preview:-1\" \/>\n<link rel=\"canonical\" href=\"https:\/\/aplv.21.edu.ar\/en\/product\/curso-neurociencia-aplicada-al-bienestar-en-enfermeria\/\" \/>\n<meta property=\"og:locale\" content=\"en_US\" \/>\n<meta property=\"og:type\" content=\"article\" \/>\n<meta property=\"og:title\" content=\"Curso: Neurociencia Aplicada al Bienestar en Enfermer\u00eda - Siglo 21\" \/>\n<meta property=\"og:description\" content=\"excerpt\" \/>\n<meta property=\"og:url\" content=\"https:\/\/aplv.21.edu.ar\/en\/product\/curso-neurociencia-aplicada-al-bienestar-en-enfermeria\/\" \/>\n<meta property=\"og:site_name\" content=\"Siglo 21\" \/>\n<meta property=\"article:modified_time\" content=\"2024-12-09T14:24:54+00:00\" \/>\n<meta name=\"twitter:card\" content=\"summary_large_image\" \/>\n<meta name=\"twitter:label1\" content=\"Est. reading time\" \/>\n\t<meta name=\"twitter:data1\" content=\"1 minute\" \/>\n<script type=\"application\/ld+json\" class=\"yoast-schema-graph\">{\"@context\":\"https:\/\/schema.org\",\"@graph\":[{\"@type\":\"WebPage\",\"@id\":\"https:\/\/aplv.21.edu.ar\/en\/product\/curso-neurociencia-aplicada-al-bienestar-en-enfermeria\/\",\"url\":\"https:\/\/aplv.21.edu.ar\/en\/product\/curso-neurociencia-aplicada-al-bienestar-en-enfermeria\/\",\"name\":\"Curso: Neurociencia Aplicada al Bienestar en Enfermer\u00eda - Siglo 21\",\"isPartOf\":{\"@id\":\"https:\/\/aplv.21.edu.ar\/#website\"},\"datePublished\":\"2023-06-05T18:45:22+00:00\",\"dateModified\":\"2024-12-09T14:24:54+00:00\",\"breadcrumb\":{\"@id\":\"https:\/\/aplv.21.edu.ar\/en\/product\/curso-neurociencia-aplicada-al-bienestar-en-enfermeria\/#breadcrumb\"},\"inLanguage\":\"en-US\",\"potentialAction\":[{\"@type\":\"ReadAction\",\"target\":[\"https:\/\/aplv.21.edu.ar\/en\/product\/curso-neurociencia-aplicada-al-bienestar-en-enfermeria\/\"]}]},{\"@type\":\"BreadcrumbList\",\"@id\":\"https:\/\/aplv.21.edu.ar\/en\/product\/curso-neurociencia-aplicada-al-bienestar-en-enfermeria\/#breadcrumb\",\"itemListElement\":[{\"@type\":\"ListItem\",\"position\":1,\"name\":\"Home\",\"item\":\"https:\/\/aplv.21.edu.ar\/\"},{\"@type\":\"ListItem\",\"position\":2,\"name\":\"Productos\",\"item\":\"https:\/\/aplv.21.edu.ar\/product\/\"},{\"@type\":\"ListItem\",\"position\":3,\"name\":\"Curso: Neurociencia Aplicada al Bienestar en Enfermer\u00eda\"}]},{\"@type\":\"WebSite\",\"@id\":\"https:\/\/aplv.21.edu.ar\/#website\",\"url\":\"https:\/\/aplv.21.edu.ar\/\",\"name\":\"Siglo 21\",\"description\":\"Siglo 21\",\"potentialAction\":[{\"@type\":\"SearchAction\",\"target\":{\"@type\":\"EntryPoint\",\"urlTemplate\":\"https:\/\/aplv.21.edu.ar\/?s={search_term_string}\"},\"query-input\":\"required name=search_term_string\"}],\"inLanguage\":\"en-US\"}]}<\/script>\n<!-- \/ Yoast SEO plugin. -->","yoast_head_json":{"title":"Curso: Neurociencia Aplicada al Bienestar en Enfermer\u00eda - Siglo 21","robots":{"index":"index","follow":"follow","max-snippet":"max-snippet:-1","max-image-preview":"max-image-preview:large","max-video-preview":"max-video-preview:-1"},"canonical":"https:\/\/aplv.21.edu.ar\/en\/product\/curso-neurociencia-aplicada-al-bienestar-en-enfermeria\/","og_locale":"en_US","og_type":"article","og_title":"Curso: Neurociencia Aplicada al Bienestar en Enfermer\u00eda - Siglo 21","og_description":"excerpt","og_url":"https:\/\/aplv.21.edu.ar\/en\/product\/curso-neurociencia-aplicada-al-bienestar-en-enfermeria\/","og_site_name":"Siglo 21","article_modified_time":"2024-12-09T14:24:54+00:00","twitter_card":"summary_large_image","twitter_misc":{"Est. reading time":"1 minute"},"schema":{"@context":"https:\/\/schema.org","@graph":[{"@type":"WebPage","@id":"https:\/\/aplv.21.edu.ar\/en\/product\/curso-neurociencia-aplicada-al-bienestar-en-enfermeria\/","url":"https:\/\/aplv.21.edu.ar\/en\/product\/curso-neurociencia-aplicada-al-bienestar-en-enfermeria\/","name":"Curso: Neurociencia Aplicada al Bienestar en Enfermer\u00eda - Siglo 21","isPartOf":{"@id":"https:\/\/aplv.21.edu.ar\/#website"},"datePublished":"2023-06-05T18:45:22+00:00","dateModified":"2024-12-09T14:24:54+00:00","breadcrumb":{"@id":"https:\/\/aplv.21.edu.ar\/en\/product\/curso-neurociencia-aplicada-al-bienestar-en-enfermeria\/#breadcrumb"},"inLanguage":"en-US","potentialAction":[{"@type":"ReadAction","target":["https:\/\/aplv.21.edu.ar\/en\/product\/curso-neurociencia-aplicada-al-bienestar-en-enfermeria\/"]}]},{"@type":"BreadcrumbList","@id":"https:\/\/aplv.21.edu.ar\/en\/product\/curso-neurociencia-aplicada-al-bienestar-en-enfermeria\/#breadcrumb","itemListElement":[{"@type":"ListItem","position":1,"name":"Home","item":"https:\/\/aplv.21.edu.ar\/"},{"@type":"ListItem","position":2,"name":"Productos","item":"https:\/\/aplv.21.edu.ar\/product\/"},{"@type":"ListItem","position":3,"name":"Curso: Neurociencia Aplicada al Bienestar en Enfermer\u00eda"}]},{"@type":"WebSite","@id":"https:\/\/aplv.21.edu.ar\/#website","url":"https:\/\/aplv.21.edu.ar\/","name":"Siglo 21","description":"Siglo 21","potentialAction":[{"@type":"SearchAction","target":{"@type":"EntryPoint","urlTemplate":"https:\/\/aplv.21.edu.ar\/?s={search_term_string}"},"query-input":"required name=search_term_string"}],"inLanguage":"en-US"}]}},"idiomas":{"en":8478,"es":8477},"_links":{"self":[{"href":"https:\/\/aplv.21.edu.ar\/en\/wp-json\/wp\/v2\/products\/8478"}],"collection":[{"href":"https:\/\/aplv.21.edu.ar\/en\/wp-json\/wp\/v2\/products"}],"about":[{"href":"https:\/\/aplv.21.edu.ar\/en\/wp-json\/wp\/v2\/types\/product"}],"author":[{"embeddable":true,"href":"https:\/\/aplv.21.edu.ar\/en\/wp-json\/wp\/v2\/users\/3"}],"replies":[{"embeddable":true,"href":"https:\/\/aplv.21.edu.ar\/en\/wp-json\/wp\/v2\/comments?post=8478"}],"version-history":[{"count":5,"href":"https:\/\/aplv.21.edu.ar\/en\/wp-json\/wp\/v2\/products\/8478\/revisions"}],"predecessor-version":[{"id":12232,"href":"https:\/\/aplv.21.edu.ar\/en\/wp-json\/wp\/v2\/products\/8478\/revisions\/12232"}],"wp:attachment":[{"href":"https:\/\/aplv.21.edu.ar\/en\/wp-json\/wp\/v2\/media?parent=8478"}],"wp:term":[{"taxonomy":"category","embeddable":true,"href":"https:\/\/aplv.21.edu.ar\/en\/wp-json\/wp\/v2\/categories?post=8478"}],"curies":[{"name":"wp","href":"https:\/\/api.w.org\/{rel}","templated":true}]}}